{"id":1320,"date":"2020-02-08T17:30:51","date_gmt":"2020-02-08T17:30:51","guid":{"rendered":"https:\/\/www.skipatrol.ca\/atlanticwest\/?page_id=1320"},"modified":"2022-11-21T21:14:08","modified_gmt":"2022-11-22T01:14:08","slug":"member-content","status":"publish","type":"page","link":"https:\/\/www.skipatrol.ca\/atlanticwest\/member-content\/","title":{"rendered":"Member Content"},"content":{"rendered":"<p><strong>October 2022<\/strong><\/p>\n<p><a href=\"https:\/\/canadianskipatrol-my.sharepoint.com\/personal\/craig_taggart_skipatrol_ca\/_layouts\/15\/stream.aspx?id=%2Fpersonal%2Fcraig%5Ftaggart%5Fskipatrol%5Fca%2FDocuments%2FCSP%2FDivision%2FAwards%2F2022%20Awards%2Fawards%20presentation%202022%20VIRTUAL%20full%20%2D%20Oct%202022%2Emp4&amp;ct=1669079496916&amp;or=OWA-NT&amp;cid=e449cc1a-1bc6-cc1c-97e9-dbeb05836918&amp;ga=1\" target=\"_blank\" rel=\"noopener\">Annual Awards \/ M\u00e9rites annuels 2021-22<\/a><\/p>\n<p><strong>October 2021<\/strong><\/p>\n<p><a href=\"https:\/\/canadianskipatrol-my.sharepoint.com\/:v:\/g\/personal\/craig_taggart_skipatrol_ca\/ETkDu51ntDtJhvQtonzwBlIBhTtm5RG33rnLP8vdwx1AWg?e=4%3a0HUjiA&amp;at=9\" target=\"_blank\" rel=\"noopener\">Annual Awards \/ M\u00e9rites annuels 2020-21<\/a><\/p>\n<p><strong>January 2021<\/strong><\/p>\n<p>January Newsletter\u00a0 <a href=\"http:\/\/www.skipatrol.ca\/sites\/www.skipatrol.ca\/wp-content\/\/uploads\/sites\/18\/2021\/02\/AWD-Newsletter-1-January-2021-EN-as-of-Jan-31-21.pdf\" target=\"_blank\" rel=\"noopener\">English<\/a> \/ <a href=\"http:\/\/www.skipatrol.ca\/sites\/www.skipatrol.ca\/wp-content\/\/uploads\/sites\/18\/2021\/02\/AWD-Newsletter-1-January-2021-FR-as-of-Jan-14-21.pdf\" target=\"_blank\" rel=\"noopener\">Francais<\/a><\/p>\n<p>Division vacant positions\/Division Postes vacants<\/p>\n<ul>\n<li><a href=\"http:\/\/www.skipatrol.ca\/sites\/www.skipatrol.ca\/wp-content\/\/uploads\/sites\/18\/2021\/01\/AWD-Awards-Committee-Job-posting.pdf\" target=\"_blank\" rel=\"noopener\">AWD Awards Committee\/\u00a0Comit\u00e9\u00a0des prix AWD\u00a0<\/a><\/li>\n<li><a href=\"http:\/\/www.skipatrol.ca\/sites\/www.skipatrol.ca\/wp-content\/\/uploads\/sites\/18\/2021\/01\/AWD-Job-Description-Recruiting-and-Retention.pdf\" target=\"_blank\" rel=\"noopener\">AWD Recruitment and Retention\/Recrutement et fid\u00e9lisation des AWD<\/a><\/li>\n<li><a href=\"http:\/\/www.skipatrol.ca\/sites\/www.skipatrol.ca\/wp-content\/\/uploads\/sites\/18\/2021\/01\/AWD-Job-Description-Public-Relations-Safety-Officer.pdf\" target=\"_blank\" rel=\"noopener\">AWD Public Relations and Safety Co-Ordinator\/Coordinateur des relations publiques et de la s\u00e9curit\u00e9<\/a><\/li>\n<\/ul>\n<p><strong>December 2020<\/strong><\/p>\n<p>Virtual AGM minutes (coming soon)<\/p>\n<p><a href=\"https:\/\/forms.office.com\/Pages\/ResponsePage.aspx?id=n3pu1gEFyEmT3KXjGQXdY_hmzPodARFPqeXkyhjescdUMzhEWDRLTTBIVTc5M0Y0UlZLU1gzMjBFRi4u\" target=\"_blank\" rel=\"noopener\">Atlantic West Division Virtual Annual General Meeting Questionnaire \/ Questionnaire pour l&#8217;assembl\u00e9e g\u00e9n\u00e9rale annuelle virtuelle de la Division Atlantique Ouest<\/a><\/p>\n<p><strong>October 2020<\/strong><\/p>\n<p><a href=\"https:\/\/forms.office.com\/Pages\/ResponsePage.aspx?id=n3pu1gEFyEmT3KXjGQXdY6gkf9phgTBIm-lvwHgHCWlUMkZKT0c5OEhPMTBFU05USUEyVkI1N1dSSy4u\" target=\"_blank\" rel=\"noopener noreferrer\">Registration Form 2020-21 \/ Demande d&#8217;inscription 2020-21<\/a><br \/>\n<a href=\"\/atlanticwest?p=1372\">Atlantic West Division &#8211; Virtual AGM \/ Division Atlantic West &#8211; AGA virtuelle<\/a><\/p>\n<p><a href=\"\/atlanticwest?p=1331\">ADC Announcement<\/a><\/p>\n<p><strong>March 2020<\/strong><\/p>\n<p><a href=\"\/atlanticwest?p=1354\">ADC &#8211; Postponed<\/a><\/p>\n<p><strong>February 2020<\/strong><\/p>\n<p><a href=\"\/atlanticwest?p=1331\">ADC Announcement<\/a><\/p>\n<p>&nbsp;<\/p>\n<p>&nbsp;<\/p>\n<p>&nbsp;<\/p>\n<p>&nbsp;<\/p>\n<p>&nbsp;<\/p>\n","protected":false},"excerpt":{"rendered":"<p>October 2022 Annual Awards \/ M\u00e9rites annuels 2021-22 October 2021 Annual Awards \/ M\u00e9rites annuels 2020-21 January 2021 January Newsletter\u00a0<\/p>\n","protected":false},"author":782,"featured_media":0,"parent":0,"menu_order":0,"comment_status":"closed","ping_status":"closed","template":"","meta":{"footnotes":""},"class_list":["post-1320","page","type-page","status-publish","hentry"],"_links":{"self":[{"href":"https:\/\/www.skipatrol.ca\/atlanticwest\/wp-json\/wp\/v2\/pages\/1320","targetHints":{"allow":["GET"]}}],"collection":[{"href":"https:\/\/www.skipatrol.ca\/atlanticwest\/wp-json\/wp\/v2\/pages"}],"about":[{"href":"https:\/\/www.skipatrol.ca\/atlanticwest\/wp-json\/wp\/v2\/types\/page"}],"author":[{"embeddable":true,"href":"https:\/\/www.skipatrol.ca\/atlanticwest\/wp-json\/wp\/v2\/users\/782"}],"replies":[{"embeddable":true,"href":"https:\/\/www.skipatrol.ca\/atlanticwest\/wp-json\/wp\/v2\/comments?post=1320"}],"version-history":[{"count":27,"href":"https:\/\/www.skipatrol.ca\/atlanticwest\/wp-json\/wp\/v2\/pages\/1320\/revisions"}],"predecessor-version":[{"id":1449,"href":"https:\/\/www.skipatrol.ca\/atlanticwest\/wp-json\/wp\/v2\/pages\/1320\/revisions\/1449"}],"wp:attachment":[{"href":"https:\/\/www.skipatrol.ca\/atlanticwest\/wp-json\/wp\/v2\/media?parent=1320"}],"curies":[{"name":"wp","href":"https:\/\/api.w.org\/{rel}","templated":true}]}}