{"id":124,"date":"2024-04-27T10:11:49","date_gmt":"2024-04-27T14:11:49","guid":{"rendered":"https:\/\/www.skipatrol.ca\/chaudiere-appalaches-dev\/?page_id=124"},"modified":"2024-04-27T11:01:03","modified_gmt":"2024-04-27T15:01:03","slug":"conseil-dadministration","status":"publish","type":"page","link":"https:\/\/www.skipatrol.ca\/chaudiere-appalaches-dev\/conseil-dadministration\/","title":{"rendered":"Conseil d&rsquo;administration"},"content":{"rendered":"<p><span style=\"vertical-align: inherit\"><span style=\"vertical-align: inherit\">Pr\u00e9sidente Caroline Drapeau :\u00a0<a href=\"president.zca@skipatrol.ca\">president.zca@skipatrol.ca<\/a><\/span><\/span><\/p>\n<p><span style=\"vertical-align: inherit\"><span style=\"vertical-align: inherit\">Tr\u00e9sorier Michel B\u00e9dard:\u00a0<a href=\"finance.zca@skipatrol.ca\">finance.zca@skipatrol.ca<\/a><\/span><\/span><\/p>\n<p><span style=\"vertical-align: inherit\"><span style=\"vertical-align: inherit\">Directeur de la formation\u00a0 Sabrina Nadeau :\u00a0<a href=\"formation.zca@skipatrol.ca\">formation.zca@skipatrol.ca<\/a><\/span><\/span><\/p>\n<p>Directeur des op\u00e9rations alpine :\u00a0 <a href=\"operation.zca@skipatrol.ca\">operation.zca@skipatrol.ca<\/a><\/p>\n<p>Registraire J\u00e9r\u00e9my Lalibert\u00e9 : <a href=\"recrutement.zca@skipatrol.ca\">recrutement.zca@skipatrol.ca<\/a><\/p>\n<p><span style=\"vertical-align: inherit\"><span style=\"vertical-align: inherit\">Directeur de la pr\u00e9vention\u00a0 :\u00a0<a href=\"prevention.zca@skipatrol.ca\">prevention.zca@skipatrol.ca<\/a><\/span><\/span><\/p>\n<p>Directeur des m\u00e9rites \u00ab\u00a0Chaudi\u00e8re-Appalaches\u00a0\u00bb: <a href=\"merite.zca@skipatrol.ca\">merite.zca@skipatrol.ca<\/a><\/p>\n<p>Directeur des approvisionnements : <a href=\"approvisionnement.zca@skipatrol.ca\">approvisionnement.zca@skipatrol.ca<\/a><\/p>\n<p>Patrouille 365 :\u00a0 <a href=\"365.zca@skipatrol.ca\">365.zca@skipatrol.ca<\/a><\/p>\n<p>Ma\u00eetre-instructeur Baie-Des-Sables :<a href=\"sabrina.nadeau96@gmail.com\">sabrina.nadeau96@gmail.com<\/a><\/p>\n<p>Ma\u00eetre-Instructeur Mont-Orignal :\u00a0<a href=\"pougine45@hotmail.com\">pougine45@hotmail.com<\/a><\/p>\n<p>Ma\u00eetre-Instructeur Mont-Orignal :\u00a0<a href=\"patrouilleur.michelledrolet@gmail.com\">patrouilleur.michelledrolet@gmail.com<\/a><\/p>\n<p>Ma\u00eetre-Instructeur Saint-Georges :\u00a0<a href=\"operation.zca@skipatrol.ca\">operation.zca@skipatrol.ca<\/a><\/p>\n<p>&nbsp;<\/p>\n<p>&nbsp;<\/p>\n<p>&nbsp;<\/p>\n","protected":false},"excerpt":{"rendered":"<p>Pr\u00e9sidente Caroline Drapeau :\u00a0president.zca@skipatrol.ca Tr\u00e9sorier Michel B\u00e9dard:\u00a0finance.zca@skipatrol.ca Directeur de la formation\u00a0 Sabrina Nadeau :\u00a0formation.zca@skipatrol.ca Directeur des op\u00e9rations alpine :\u00a0 operation.zca@skipatrol.ca<\/p>\n","protected":false},"author":2515,"featured_media":127,"parent":0,"menu_order":0,"comment_status":"closed","ping_status":"closed","template":"","meta":{"footnotes":""},"class_list":["post-124","page","type-page","status-publish","has-post-thumbnail","hentry"],"_links":{"self":[{"href":"https:\/\/www.skipatrol.ca\/chaudiere-appalaches-dev\/wp-json\/wp\/v2\/pages\/124","targetHints":{"allow":["GET"]}}],"collection":[{"href":"https:\/\/www.skipatrol.ca\/chaudiere-appalaches-dev\/wp-json\/wp\/v2\/pages"}],"about":[{"href":"https:\/\/www.skipatrol.ca\/chaudiere-appalaches-dev\/wp-json\/wp\/v2\/types\/page"}],"author":[{"embeddable":true,"href":"https:\/\/www.skipatrol.ca\/chaudiere-appalaches-dev\/wp-json\/wp\/v2\/users\/2515"}],"replies":[{"embeddable":true,"href":"https:\/\/www.skipatrol.ca\/chaudiere-appalaches-dev\/wp-json\/wp\/v2\/comments?post=124"}],"version-history":[{"count":3,"href":"https:\/\/www.skipatrol.ca\/chaudiere-appalaches-dev\/wp-json\/wp\/v2\/pages\/124\/revisions"}],"predecessor-version":[{"id":128,"href":"https:\/\/www.skipatrol.ca\/chaudiere-appalaches-dev\/wp-json\/wp\/v2\/pages\/124\/revisions\/128"}],"wp:featuredmedia":[{"embeddable":true,"href":"https:\/\/www.skipatrol.ca\/chaudiere-appalaches-dev\/wp-json\/wp\/v2\/media\/127"}],"wp:attachment":[{"href":"https:\/\/www.skipatrol.ca\/chaudiere-appalaches-dev\/wp-json\/wp\/v2\/media?parent=124"}],"curies":[{"name":"wp","href":"https:\/\/api.w.org\/{rel}","templated":true}]}}