{"id":26,"date":"2021-11-08T09:31:47","date_gmt":"2021-11-08T14:31:47","guid":{"rendered":"https:\/\/www.skipatrol.ca\/chaudiere-appalaches-dev\/?page_id=26"},"modified":"2024-04-27T10:04:44","modified_gmt":"2024-04-27T14:04:44","slug":"nos-stations","status":"publish","type":"page","link":"https:\/\/www.skipatrol.ca\/chaudiere-appalaches-dev\/nos-stations\/","title":{"rendered":"Nos stations"},"content":{"rendered":"<h1><\/h1>\n<h1 style=\"text-align: center\"><span style=\"color: #ff0000\"><span style=\"vertical-align: inherit\"><span style=\"vertical-align: inherit\"><span style=\"vertical-align: inherit\"><span style=\"vertical-align: inherit\"><span style=\"vertical-align: inherit\"><span style=\"vertical-align: inherit\"><span style=\"vertical-align: inherit\"><span style=\"vertical-align: inherit\"><span style=\"vertical-align: inherit\"><span style=\"vertical-align: inherit\"><span style=\"vertical-align: inherit\"><span style=\"vertical-align: inherit\">Centre de ski Saint-Georges<\/span><\/span><\/span><\/span><\/span><\/span><\/span><\/span><\/span><\/span><\/span><\/span><\/span><\/h1>\n<h2 style=\"text-align: center\"><span style=\"color: #003300\"><a style=\"color: #003300\" href=\"https:\/\/ski.saint-georges.ca\/\"><span style=\"vertical-align: inherit\"><span style=\"vertical-align: inherit\"><span style=\"vertical-align: inherit\"><span style=\"vertical-align: inherit\"><span style=\"vertical-align: inherit\"><span style=\"vertical-align: inherit\"><span style=\"vertical-align: inherit\"><span style=\"vertical-align: inherit\"><span style=\"vertical-align: inherit\"><span style=\"vertical-align: inherit\"><span style=\"vertical-align: inherit\"><span style=\"vertical-align: inherit\">https:\/\/ski.saint-georges.ca\/<\/span><\/span><\/span><\/span><\/span><\/span><\/span><\/span><\/span><\/span><\/span><\/span><\/a><\/span><\/h2>\n<div class=\"Z1hOCe\">\n<h2 class=\"zloOqf PZPZlf\" style=\"text-align: center\" data-dtype=\"d3ifr\" data-local-attribute=\"d3adr\" data-ved=\"2ahUKEwjWtKSj7Yj0AhWLZd8KHbCWBjMQghwoAHoECFMQAQ\"><span style=\"color: #003300\"><span class=\"w8qArf\"><a class=\"fl\" style=\"color: #003300\" href=\"https:\/\/www.google.com\/search?sxsrf=AOaemvJyOSyERJWsXfO_GcwFLz-3KKomOQ:1636377513509&amp;q=centre+de+ski+st-georges+adresse&amp;ludocid=12997158115642547251&amp;sa=X&amp;ved=2ahUKEwjWtKSj7Yj0AhWLZd8KHbCWBjMQ6BN6BAhTEAI\" data-ved=\"2ahUKEwjWtKSj7Yj0AhWLZd8KHbCWBjMQ6BN6BAhTEAI\"><span style=\"vertical-align: inherit\"><span style=\"vertical-align: inherit\"><span style=\"vertical-align: inherit\"><span style=\"vertical-align: inherit\"><span style=\"vertical-align: inherit\"><span style=\"vertical-align: inherit\"><span style=\"vertical-align: inherit\"><span style=\"vertical-align: inherit\"><span style=\"vertical-align: inherit\"><span style=\"vertical-align: inherit\"><span style=\"vertical-align: inherit\"><span style=\"vertical-align: inherit\">Adresse<\/span><\/span><\/span><\/span><\/span><\/span><\/span><\/span><\/span><\/span><\/span><\/span><\/a><span style=\"vertical-align: inherit\"><span style=\"vertical-align: inherit\"><span style=\"vertical-align: inherit\"><span style=\"vertical-align: inherit\"><span style=\"vertical-align: inherit\"><span style=\"vertical-align: inherit\"><span style=\"vertical-align: inherit\"><span style=\"vertical-align: inherit\"><span style=\"vertical-align: inherit\"><span style=\"vertical-align: inherit\"><span style=\"vertical-align: inherit\"><span style=\"vertical-align: inherit\"> \u00a0:\u00a0 <\/span><\/span><\/span><\/span><\/span><\/span><\/span><\/span><\/span><\/span><\/span><\/span><\/span><span class=\"LrzXr\"><span style=\"vertical-align: inherit\"><span style=\"vertical-align: inherit\"><span style=\"vertical-align: inherit\"><span style=\"vertical-align: inherit\"><span style=\"vertical-align: inherit\"><span style=\"vertical-align: inherit\"><span style=\"vertical-align: inherit\"><span style=\"vertical-align: inherit\"><span style=\"vertical-align: inherit\"><span style=\"vertical-align: inherit\"><span style=\"vertical-align: inherit\"><span style=\"vertical-align: inherit\">2800 107e Rue, Saint-Georges, QC G5Y 8C3<\/span><\/span><\/span><\/span><\/span><\/span><\/span><\/span><\/span><\/span><\/span><\/span><\/span><\/span><\/h2>\n<\/div>\n<div class=\"QsDR1c\">\n<div class=\"wDYxhc\" lang=\"fr-CA\" data-attrid=\"kc:\/collection\/knowledge_panels\/has_phone:phone\" data-md=\"1006\" data-hveid=\"CE4QAA\" data-ved=\"2ahUKEwjWtKSj7Yj0AhWLZd8KHbCWBjMQkCl6BAhOEAA\">\n<div class=\"Z1hOCe\">\n<h2 class=\"zloOqf PZPZlf\" style=\"text-align: center\" data-dtype=\"d3ifr\" data-local-attribute=\"d3ph\" data-ved=\"2ahUKEwjWtKSj7Yj0AhWLZd8KHbCWBjMQ8I0BKAB6BAhOEAE\"><span style=\"color: #003300\"><span class=\"w8qArf\"><a class=\"fl\" style=\"color: #003300\" href=\"https:\/\/www.google.com\/search?sxsrf=AOaemvJyOSyERJWsXfO_GcwFLz-3KKomOQ:1636377513509&amp;q=centre+de+ski+st-georges+t%C3%A9l%C3%A9phone&amp;ludocid=12997158115642547251&amp;sa=X&amp;ved=2ahUKEwjWtKSj7Yj0AhWLZd8KHbCWBjMQ6BN6BAhOEAI\" data-ved=\"2ahUKEwjWtKSj7Yj0AhWLZd8KHbCWBjMQ6BN6BAhOEAI\"><span style=\"vertical-align: inherit\"><span style=\"vertical-align: inherit\"><span style=\"vertical-align: inherit\"><span style=\"vertical-align: inherit\"><span style=\"vertical-align: inherit\"><span style=\"vertical-align: inherit\"><span style=\"vertical-align: inherit\"><span style=\"vertical-align: inherit\"><span style=\"vertical-align: inherit\"><span style=\"vertical-align: inherit\"><span style=\"vertical-align: inherit\"><span style=\"vertical-align: inherit\">T\u00e9l\u00e9phone<\/span><\/span><\/span><\/span><\/span><\/span><\/span><\/span><\/span><\/span><\/span><\/span><\/a><span style=\"vertical-align: inherit\"><span style=\"vertical-align: inherit\"><span style=\"vertical-align: inherit\"><span style=\"vertical-align: inherit\"><span style=\"vertical-align: inherit\"><span style=\"vertical-align: inherit\"><span style=\"vertical-align: inherit\"><span style=\"vertical-align: inherit\"><span style=\"vertical-align: inherit\"><span style=\"vertical-align: inherit\"><span style=\"vertical-align: inherit\"><span style=\"vertical-align: inherit\"> \u00a0:\u00a0 <\/span><\/span><\/span><\/span><\/span><\/span><\/span><\/span><\/span><\/span><\/span><\/span><\/span><span class=\"LrzXr zdqRlf kno-fv\"><a style=\"color: #003300\" href=\"https:\/\/www.google.com\/search?q=mont+st-georges&amp;oq=mont+St&amp;aqs=chrome.1.69i57j35i39l2j46i433i512j46i131i175i199i433i512j46i175i199i433i512j46i433i512j46i175i199i512j0i10i512j0i512.6713j0j7&amp;sourceid=chrome&amp;ie=UTF-8#\" data-dtype=\"d3ifr\" data-local-attribute=\"d3ph\" data-ved=\"2ahUKEwjWtKSj7Yj0AhWLZd8KHbCWBjMQkAgoAHoECE4QAw\"><span aria-label=\"Appeler le num\u00e9ro (418) 228-8151\"><span style=\"vertical-align: inherit\"><span style=\"vertical-align: inherit\"><span style=\"vertical-align: inherit\"><span style=\"vertical-align: inherit\"><span style=\"vertical-align: inherit\"><span style=\"vertical-align: inherit\"><span style=\"vertical-align: inherit\"><span style=\"vertical-align: inherit\"><span style=\"vertical-align: inherit\"><span style=\"vertical-align: inherit\"><span style=\"vertical-align: inherit\"><span style=\"vertical-align: inherit\">(418) 228-8151<\/span><\/span><\/span><\/span><\/span><\/span><\/span><\/span><\/span><\/span><\/span><\/span><\/span><\/a><\/span><\/span><\/h2>\n<h2 style=\"text-align: center\"><span style=\"color: #003300\"><span style=\"vertical-align: inherit\"><span style=\"vertical-align: inherit\"><span style=\"vertical-align: inherit\"><span style=\"vertical-align: inherit\"><span style=\"vertical-align: inherit\"><span style=\"vertical-align: inherit\"><span style=\"vertical-align: inherit\"><span style=\"vertical-align: inherit\"><span style=\"vertical-align: inherit\"><span style=\"vertical-align: inherit\"><span style=\"vertical-align: inherit\"><span style=\"vertical-align: inherit\">Chef de patrouille S\u00e9bastien Fecteau<\/span><\/span><\/span><\/span><\/span><\/span><\/span><\/span><\/span><\/span><\/span><\/span><\/span><\/h2>\n<h2 style=\"text-align: center\"><span style=\"color: #003300\"><a style=\"color: #003300\" href=\"claude.lacasse@skipatrol.ca\"><span style=\"vertical-align: inherit\"><span style=\"vertical-align: inherit\"><span style=\"vertical-align: inherit\"><span style=\"vertical-align: inherit\"><span style=\"vertical-align: inherit\"><span style=\"vertical-align: inherit\"><span style=\"vertical-align: inherit\"><span style=\"vertical-align: inherit\"><span style=\"vertical-align: inherit\"><span style=\"vertical-align: inherit\"><span style=\"vertical-align: inherit\"><span style=\"vertical-align: inherit\">sebastien.fecteau@skipatrol.ca<\/span><\/span><\/span><\/span><\/span><\/span><\/span><\/span><\/span><\/span><\/span><\/span><\/a><\/span><\/h2>\n<p>&nbsp;<\/p>\n<\/div>\n<h1 style=\"text-align: center\"><span style=\"color: #ff0000\"><span style=\"vertical-align: inherit\"><span style=\"vertical-align: inherit\"><span style=\"vertical-align: inherit\"><span style=\"vertical-align: inherit\"><span style=\"vertical-align: inherit\"><span style=\"vertical-align: inherit\"><span style=\"vertical-align: inherit\"><span style=\"vertical-align: inherit\"><span style=\"vertical-align: inherit\"><span style=\"vertical-align: inherit\"><span style=\"vertical-align: inherit\"><span style=\"vertical-align: inherit\">Mont-Orignal<\/span><\/span><\/span><\/span><\/span><\/span><\/span><\/span><\/span><\/span><\/span><\/span><\/span><\/h1>\n<h2 style=\"text-align: center\"><span style=\"color: #000000\"><a style=\"color: #000000\" href=\"https:\/\/www.montorignal.com\/\"><span style=\"vertical-align: inherit\"><span style=\"vertical-align: inherit\"><span style=\"vertical-align: inherit\"><span style=\"vertical-align: inherit\"><span style=\"vertical-align: inherit\"><span style=\"vertical-align: inherit\"><span style=\"vertical-align: inherit\"><span style=\"vertical-align: inherit\"><span style=\"vertical-align: inherit\"><span style=\"vertical-align: inherit\">https:\/\/www.montorignal.com\/<\/span><\/span><\/span><\/span><\/span><\/span><\/span><\/span><\/span><\/span><\/a><\/span><\/h2>\n<div class=\"QsDR1c\">\n<div class=\"wDYxhc\" lang=\"fr-CA\" data-attrid=\"kc:\/location\/location:address\" data-md=\"1002\" data-hveid=\"CGYQAA\" data-ved=\"2ahUKEwiy27mc8Ij0AhWKUt8KHTyHC0UQkCl6BAhmEAA\">\n<div class=\"Z1hOCe\">\n<div class=\"zloOqf PZPZlf\" data-dtype=\"d3ifr\" data-local-attribute=\"d3adr\" data-ved=\"2ahUKEwiy27mc8Ij0AhWKUt8KHTyHC0UQghwoAHoECGYQAQ\">\n<h2 style=\"text-align: center\"><span style=\"color: #000000\"><span class=\"w8qArf\"><a class=\"fl\" style=\"color: #000000\" href=\"https:\/\/www.google.com\/search?sxsrf=AOaemvId44CBatCfXvQ_Cioy3xMB32a7LQ:1636378304486&amp;q=mont-orignal+adresse&amp;ludocid=7565589654114470546&amp;sa=X&amp;ved=2ahUKEwiy27mc8Ij0AhWKUt8KHTyHC0UQ6BN6BAhmEAI\" data-ved=\"2ahUKEwiy27mc8Ij0AhWKUt8KHTyHC0UQ6BN6BAhmEAI\"><span style=\"vertical-align: inherit\"><span style=\"vertical-align: inherit\"><span style=\"vertical-align: inherit\"><span style=\"vertical-align: inherit\"><span style=\"vertical-align: inherit\"><span style=\"vertical-align: inherit\"><span style=\"vertical-align: inherit\"><span style=\"vertical-align: inherit\"><span style=\"vertical-align: inherit\"><span style=\"vertical-align: inherit\"><span style=\"vertical-align: inherit\"><span style=\"vertical-align: inherit\">Adresse<\/span><\/span><\/span><\/span><\/span><\/span><\/span><\/span><\/span><\/span><\/span><\/span><\/a><span style=\"vertical-align: inherit\"><span style=\"vertical-align: inherit\"><span style=\"vertical-align: inherit\"><span style=\"vertical-align: inherit\"><span style=\"vertical-align: inherit\"><span style=\"vertical-align: inherit\"><span style=\"vertical-align: inherit\"><span style=\"vertical-align: inherit\"><span style=\"vertical-align: inherit\"><span style=\"vertical-align: inherit\"><span style=\"vertical-align: inherit\"><span style=\"vertical-align: inherit\"> \u00a0:\u00a0 <\/span><\/span><\/span><\/span><\/span><\/span><\/span><\/span><\/span><\/span><\/span><\/span><\/span><span class=\"LrzXr\"><span style=\"vertical-align: inherit\"><span style=\"vertical-align: inherit\"><span style=\"vertical-align: inherit\"><span style=\"vertical-align: inherit\"><span style=\"vertical-align: inherit\"><span style=\"vertical-align: inherit\"><span style=\"vertical-align: inherit\"><span style=\"vertical-align: inherit\"><span style=\"vertical-align: inherit\"><span style=\"vertical-align: inherit\"><span style=\"vertical-align: inherit\"><span style=\"vertical-align: inherit\">158 Rang du Mont-Orignal, Lac-Etchemin, QC G0R 1S0<\/span><\/span><\/span><\/span><\/span><\/span><\/span><\/span><\/span><\/span><\/span><\/span><\/span><\/span><\/h2>\n<h2 class=\"GDRHkb\" style=\"text-align: center\" data-at=\"2\" data-uid=\"1\"><span style=\"color: #000000\"><span class=\"w8qArf\"><a class=\"fl\" style=\"color: #000000\" href=\"https:\/\/www.google.com\/search?sxsrf=AOaemvId44CBatCfXvQ_Cioy3xMB32a7LQ:1636378304486&amp;q=mont-orignal+t%C3%A9l%C3%A9phone&amp;ludocid=7565589654114470546&amp;sa=X&amp;ved=2ahUKEwiy27mc8Ij0AhWKUt8KHTyHC0UQ6BN6BAhXEAI\" data-ved=\"2ahUKEwiy27mc8Ij0AhWKUt8KHTyHC0UQ6BN6BAhXEAI\"><span style=\"vertical-align: inherit\"><span style=\"vertical-align: inherit\"><span style=\"vertical-align: inherit\"><span style=\"vertical-align: inherit\"><span style=\"vertical-align: inherit\"><span style=\"vertical-align: inherit\"><span style=\"vertical-align: inherit\"><span style=\"vertical-align: inherit\"><span style=\"vertical-align: inherit\"><span style=\"vertical-align: inherit\"><span style=\"vertical-align: inherit\"><span style=\"vertical-align: inherit\">T\u00e9l\u00e9phone<\/span><\/span><\/span><\/span><\/span><\/span><\/span><\/span><\/span><\/span><\/span><\/span><\/a><span style=\"vertical-align: inherit\"><span style=\"vertical-align: inherit\"><span style=\"vertical-align: inherit\"><span style=\"vertical-align: inherit\"><span style=\"vertical-align: inherit\"><span style=\"vertical-align: inherit\"><span style=\"vertical-align: inherit\"><span style=\"vertical-align: inherit\"><span style=\"vertical-align: inherit\"><span style=\"vertical-align: inherit\"><span style=\"vertical-align: inherit\"><span style=\"vertical-align: inherit\"> \u00a0:\u00a0 <\/span><\/span><\/span><\/span><\/span><\/span><\/span><\/span><\/span><\/span><\/span><\/span><\/span><span class=\"LrzXr zdqRlf kno-fv\"><a style=\"color: #000000\" href=\"https:\/\/www.google.com\/search?q=mont+orignal&amp;sxsrf=AOaemvJyOSyERJWsXfO_GcwFLz-3KKomOQ%3A1636377513509&amp;ei=qSOJYZa8HovL_QawrZqYAw&amp;gs_ssp=eJzj4tLP1TcwqkgqzKkwYLRSNagwSU6yNLBMMzAztzA2NTFOsjKoMLNISzVNSzJJtkxJMUi0NPLiyc3PK1HIL8pMz0vMAQBh-xN8&amp;oq=mont+ori&amp;gs_lcp=Cgdnd3Mtd2l6EAEYATIECCMQJzIQCC4QgAQQhwIQxwEQrwEQFDIKCC4QgAQQhwIQFDIFCAAQgAQyBQgAEIAEMg0ILhCABBDHARCvARAKMggIABCABBDJAzIFCAAQgAQyBQgAEIAEMgUIABCABDoHCCMQsAMQJzoHCAAQRxCwAzoICAAQgAQQsQM6CgguEMcBEK8BEEM6CwguEIAEEMcBEK8BOgUILhCABEoECEEYAFDcCVjRDmCBImgBcAJ4AIABcYgBpQKSAQMyLjGYAQCgAQHIAQnAAQE&amp;sclient=gws-wiz#\" data-dtype=\"d3ifr\" data-local-attribute=\"d3ph\" data-ved=\"2ahUKEwiy27mc8Ij0AhWKUt8KHTyHC0UQkAgoAHoECFcQAw\"><span aria-label=\"Appeler le num\u00e9ro (418) 625-1551\"><span style=\"vertical-align: inherit\"><span style=\"vertical-align: inherit\"><span style=\"vertical-align: inherit\"><span style=\"vertical-align: inherit\"><span style=\"vertical-align: inherit\"><span style=\"vertical-align: inherit\"><span style=\"vertical-align: inherit\"><span style=\"vertical-align: inherit\"><span style=\"vertical-align: inherit\"><span style=\"vertical-align: inherit\"><span style=\"vertical-align: inherit\"><span style=\"vertical-align: inherit\">(418) 625-1551<\/span><\/span><\/span><\/span><\/span><\/span><\/span><\/span><\/span><\/span><\/span><\/span><\/span><\/a><\/span><\/span><\/h2>\n<h2 style=\"text-align: center\" data-at=\"2\" data-uid=\"1\"><span style=\"color: #000000\"><span style=\"vertical-align: inherit\"><span style=\"vertical-align: inherit\"><span style=\"vertical-align: inherit\"><span style=\"vertical-align: inherit\"><span style=\"vertical-align: inherit\"><span style=\"vertical-align: inherit\"><span style=\"vertical-align: inherit\"><span style=\"vertical-align: inherit\"><span style=\"vertical-align: inherit\"><span style=\"vertical-align: inherit\">Chef patrouilleur Luc Laflamme<\/span><\/span><\/span><\/span><\/span><\/span><\/span><\/span><\/span><\/span><\/span><\/h2>\n<h2 style=\"text-align: center\" data-at=\"2\" data-uid=\"1\"><span style=\"color: #000000\"><a style=\"color: #000000\" href=\"delaff11@gmail.com\"><span style=\"vertical-align: inherit\"><span style=\"vertical-align: inherit\"><span style=\"vertical-align: inherit\"><span style=\"vertical-align: inherit\"><span style=\"vertical-align: inherit\"><span style=\"vertical-align: inherit\"><span style=\"vertical-align: inherit\"><span style=\"vertical-align: inherit\">delaff11@gmail.com<\/span><\/span><\/span><\/span><\/span><\/span><\/span><\/span><\/a><\/span><\/h2>\n<\/div>\n<p>&nbsp;<\/p>\n<h1 style=\"text-align: center\"><span style=\"color: #000000\"><span style=\"vertical-align: inherit\"><span style=\"vertical-align: inherit\"><span style=\"vertical-align: inherit\"><span style=\"vertical-align: inherit\"><span style=\"vertical-align: inherit\"><span style=\"vertical-align: inherit\"><span style=\"vertical-align: inherit\"><span style=\"vertical-align: inherit\">Station touristique Baie-des-sables<\/span><\/span><\/span><\/span><\/span><\/span><\/span><\/span><\/span><\/h1>\n<h2 style=\"text-align: center\"><span style=\"color: #000000\"><a style=\"color: #000000\" href=\"https:\/\/baiedessables.com\/\"><span style=\"vertical-align: inherit\"><span style=\"vertical-align: inherit\"><span style=\"vertical-align: inherit\"><span style=\"vertical-align: inherit\">https:\/\/baiedessables.com<\/span><\/span><\/span><\/span><\/a><\/span><\/h2>\n<p>&nbsp;<\/p>\n<div class=\"QsDR1c\">\n<div class=\"wDYxhc\" lang=\"fr-CA\" data-attrid=\"kc:\/location\/location:address\" data-md=\"1002\" data-hveid=\"CFIQAA\" data-ved=\"2ahUKEwjUgZKT84j0AhUsnOAKHfpcCMoQkCl6BAhSEAA\">\n<h2 class=\"zloOqf PZPZlf\" style=\"text-align: center\" data-dtype=\"d3ifr\" data-local-attribute=\"d3adr\" data-ved=\"2ahUKEwjUgZKT84j0AhUsnOAKHfpcCMoQghwoAHoECFIQAQ\"><span style=\"color: #000000\"><span class=\"w8qArf\"><a class=\"fl\" style=\"color: #000000\" href=\"https:\/\/www.google.com\/search?sxsrf=AOaemvKTnRWEJfQN5Xm-Y8uOZ37jkI6dJg:1636379090263&amp;q=station+touristique+baie-des-sables+adresse&amp;ludocid=6538274872972054604&amp;sa=X&amp;ved=2ahUKEwjUgZKT84j0AhUsnOAKHfpcCMoQ6BN6BAhSEAI\" data-ved=\"2ahUKEwjUgZKT84j0AhUsnOAKHfpcCMoQ6BN6BAhSEAI\"><span style=\"vertical-align: inherit\"><span style=\"vertical-align: inherit\"><span style=\"vertical-align: inherit\"><span style=\"vertical-align: inherit\"><span style=\"vertical-align: inherit\"><span style=\"vertical-align: inherit\"><span style=\"vertical-align: inherit\"><span style=\"vertical-align: inherit\">Adresse<\/span><\/span><\/span><\/span><\/span><\/span><\/span><\/span><\/a><span style=\"vertical-align: inherit\"><span style=\"vertical-align: inherit\"><span style=\"vertical-align: inherit\"><span style=\"vertical-align: inherit\"><span style=\"vertical-align: inherit\"><span style=\"vertical-align: inherit\"><span style=\"vertical-align: inherit\"><span style=\"vertical-align: inherit\"> \u00a0:\u00a0 <\/span><\/span><\/span><\/span><\/span><\/span><\/span><\/span><\/span><span class=\"LrzXr\"><span style=\"vertical-align: inherit\"><span style=\"vertical-align: inherit\"><span style=\"vertical-align: inherit\"><span style=\"vertical-align: inherit\"><span style=\"vertical-align: inherit\"><span style=\"vertical-align: inherit\"><span style=\"vertical-align: inherit\"><span style=\"vertical-align: inherit\">2370 Rue de la Baie des Sables, Marston, QC G0Y 1G0<\/span><\/span><\/span><\/span><\/span><\/span><\/span><\/span><\/span><\/span><\/h2>\n<h1 class=\"Z1hOCe\" style=\"text-align: center\"><span class=\"w8qArf\" style=\"color: #000000;font-size: 16px\"><a class=\"fl\" style=\"color: #000000\" href=\"https:\/\/www.google.com\/search?sxsrf=AOaemvKTnRWEJfQN5Xm-Y8uOZ37jkI6dJg:1636379090263&amp;q=station+touristique+baie-des-sables+t%C3%A9l%C3%A9phone&amp;ludocid=6538274872972054604&amp;sa=X&amp;ved=2ahUKEwjUgZKT84j0AhUsnOAKHfpcCMoQ6BN6BAhHEAI\" data-ved=\"2ahUKEwjUgZKT84j0AhUsnOAKHfpcCMoQ6BN6BAhHEAI\"><span style=\"vertical-align: inherit\"><span style=\"vertical-align: inherit\"><span style=\"vertical-align: inherit\"><span style=\"vertical-align: inherit\"><span style=\"vertical-align: inherit\"><span style=\"vertical-align: inherit\"><span style=\"vertical-align: inherit\"><span style=\"vertical-align: inherit\">T\u00e9l\u00e9phone<\/span><\/span><\/span><\/span><\/span><\/span><\/span><\/span><\/a><span style=\"vertical-align: inherit\"><span style=\"vertical-align: inherit\"><span style=\"vertical-align: inherit\"><span style=\"vertical-align: inherit\"><span style=\"vertical-align: inherit\"><span style=\"vertical-align: inherit\"><span style=\"vertical-align: inherit\"><span style=\"vertical-align: inherit\"> \u00a0:\u00a0 <\/span><\/span><\/span><\/span><\/span><\/span><\/span><\/span><\/span><span class=\"LrzXr zdqRlf kno-fv\" style=\"color: #000000;font-size: 16px\"><a style=\"color: #000000\" href=\"https:\/\/www.google.com\/search?q=baie+des+sables+centre+de+ski&amp;oq=baie+des+sables+centre+de+ski&amp;aqs=chrome..69i57j0i22i30.6996j0j4&amp;sourceid=chrome&amp;ie=UTF-8#\" data-dtype=\"d3ifr\" data-local-attribute=\"d3ph\" data-ved=\"2ahUKEwjUgZKT84j0AhUsnOAKHfpcCMoQkAgoAHoECEcQAw\"><span aria-label=\"Appeler le num\u00e9ro (819) 583-3965\"><span style=\"vertical-align: inherit\"><span style=\"vertical-align: inherit\"><span style=\"vertical-align: inherit\"><span style=\"vertical-align: inherit\"><span style=\"vertical-align: inherit\"><span style=\"vertical-align: inherit\"><span style=\"vertical-align: inherit\"><span style=\"vertical-align: inherit\">(819) 583-3965<\/span><\/span><\/span><\/span><\/span><\/span><\/span><\/span><\/span><\/a><\/span><\/h1>\n<h2 style=\"text-align: center\"><span style=\"color: #000000\"><span style=\"vertical-align: inherit\"><span style=\"vertical-align: inherit\"><span style=\"vertical-align: inherit\"><span style=\"vertical-align: inherit\"><span style=\"vertical-align: inherit\"><span style=\"vertical-align: inherit\"><span style=\"vertical-align: inherit\"><span style=\"vertical-align: inherit\">Chef de patrouille J\u00e9r\u00e9my Lalibert\u00e9<\/span><\/span><\/span><\/span><\/span><\/span><\/span><\/span><\/span><\/h2>\n<h2 style=\"text-align: center\"><span style=\"color: #000000\"><a style=\"color: #000000\" href=\"rejean.custeau@ville.lac-megantic.qc.ca\"><span style=\"vertical-align: inherit\"><span style=\"vertical-align: inherit\"><span style=\"vertical-align: inherit\"><span style=\"vertical-align: inherit\"><span style=\"vertical-align: inherit\"><span style=\"vertical-align: inherit\"><span style=\"vertical-align: inherit\"><span style=\"vertical-align: inherit\">speedjeremy@live.ca<\/span><\/span><\/span><\/span><\/span><\/span><\/span><\/span><\/a><\/span><\/h2>\n<p>&nbsp;<\/p>\n<\/div>\n<h2 style=\"text-align: center\"><strong><span style=\"vertical-align: inherit\"><span style=\"vertical-align: inherit\">Club Ski Beauce<\/span><\/span><\/strong><\/h2>\n<\/div>\n<div class=\"zloOqf PZPZlf\" data-dtype=\"d3ifr\" data-local-attribute=\"d3adr\" data-ved=\"2ahUKEwiy27mc8Ij0AhWKUt8KHTyHC0UQghwoAHoECGYQAQ\">\n<h2 style=\"text-align: center\" data-at=\"2\" data-uid=\"1\"><a href=\"https:\/\/www.clubskibeauce.com\/\"><span style=\"vertical-align: inherit\"><span style=\"vertical-align: inherit\">https:\/\/www.clubskibeauce.com\/<\/span><\/span><\/a><\/h2>\n<h2 style=\"text-align: center\" data-at=\"2\" data-uid=\"1\"><span style=\"vertical-align: inherit\"><span style=\"vertical-align: inherit\">T\u00e9l\u00e9phone : <\/span><\/span><span class=\"LrzXr zdqRlf kno-fv\"><a href=\"https:\/\/www.google.com\/search?gs_ssp=eJzj4tZP1zcsS7E0KYjPM2C0UjWoMElOskxMTko0MTYxNEoxMrcyqDAzSDUwNU42TTUzSzMwNUv04k_OKU1SKM7OVEhKTSxNTgUAq-sURw&amp;q=club+ski+beauce&amp;oq=club&amp;gs_lcrp=EgZjaHJvbWUqFQgBEC4YJxivARjHARiABBiKBRiOBTIPCAAQIxgnGOMCGIAEGIoFMhUIARAuGCcYrwEYxwEYgAQYigUYjgUyBggCEEUYOTIMCAMQABhDGIAEGIoFMgYIBBBFGDwyBggFEEUYPDIGCAYQRRhBMgYIBxBFGDzSAQgzMjg5ajBqN6gCALACAA&amp;sourceid=chrome&amp;ie=UTF-8#\" data-dtype=\"d3ph\" data-local-attribute=\"d3ph\" data-ved=\"2ahUKEwjv4fmiv-KFAxVAFFkFHYgPBZoQkAgoAHoECFIQAg\"><span aria-label=\"Composer le num\u00e9ro (418) 253-5050\"><span style=\"vertical-align: inherit\"><span style=\"vertical-align: inherit\">(418) 253-5050<\/span><\/span><\/span><\/a><\/span><\/h2>\n<h2 style=\"text-align: center\"><span style=\"vertical-align: inherit\"><span style=\"vertical-align: inherit\">Chef patrouille \u00c9ric Leclerc<\/span><\/span><\/h2>\n<h2 style=\"text-align: center\"><span style=\"vertical-align: inherit\"><span style=\"vertical-align: inherit\">ericleclerc5118@gmail.com<\/span><\/span><\/h2>\n<\/div>\n<\/div>\n<\/div>\n<\/div>\n<\/div>\n<\/div>\n","protected":false},"excerpt":{"rendered":"<p>Centre de ski Saint-Georges https:\/\/ski.saint-georges.ca\/ Adresse \u00a0:\u00a0 2800 107e Rue, Saint-Georges, QC G5Y 8C3 T\u00e9l\u00e9phone \u00a0:\u00a0 (418) 228-8151 Chef de<\/p>\n","protected":false},"author":2515,"featured_media":27,"parent":0,"menu_order":0,"comment_status":"closed","ping_status":"closed","template":"","meta":{"footnotes":""},"class_list":["post-26","page","type-page","status-publish","has-post-thumbnail","hentry"],"_links":{"self":[{"href":"https:\/\/www.skipatrol.ca\/chaudiere-appalaches-dev\/wp-json\/wp\/v2\/pages\/26","targetHints":{"allow":["GET"]}}],"collection":[{"href":"https:\/\/www.skipatrol.ca\/chaudiere-appalaches-dev\/wp-json\/wp\/v2\/pages"}],"about":[{"href":"https:\/\/www.skipatrol.ca\/chaudiere-appalaches-dev\/wp-json\/wp\/v2\/types\/page"}],"author":[{"embeddable":true,"href":"https:\/\/www.skipatrol.ca\/chaudiere-appalaches-dev\/wp-json\/wp\/v2\/users\/2515"}],"replies":[{"embeddable":true,"href":"https:\/\/www.skipatrol.ca\/chaudiere-appalaches-dev\/wp-json\/wp\/v2\/comments?post=26"}],"version-history":[{"count":8,"href":"https:\/\/www.skipatrol.ca\/chaudiere-appalaches-dev\/wp-json\/wp\/v2\/pages\/26\/revisions"}],"predecessor-version":[{"id":122,"href":"https:\/\/www.skipatrol.ca\/chaudiere-appalaches-dev\/wp-json\/wp\/v2\/pages\/26\/revisions\/122"}],"wp:featuredmedia":[{"embeddable":true,"href":"https:\/\/www.skipatrol.ca\/chaudiere-appalaches-dev\/wp-json\/wp\/v2\/media\/27"}],"wp:attachment":[{"href":"https:\/\/www.skipatrol.ca\/chaudiere-appalaches-dev\/wp-json\/wp\/v2\/media?parent=26"}],"curies":[{"name":"wp","href":"https:\/\/api.w.org\/{rel}","templated":true}]}}