{"id":483,"date":"2020-08-31T20:18:38","date_gmt":"2020-08-31T18:18:38","guid":{"rendered":"https:\/\/www.skipatrol.ca\/estrie\/donate\/"},"modified":"2021-05-09T14:23:14","modified_gmt":"2021-05-09T18:23:14","slug":"donate","status":"publish","type":"page","link":"https:\/\/www.skipatrol.ca\/estrie\/fr\/donate\/","title":{"rendered":"Faire un don"},"content":{"rendered":"[row][column size=\u00a0\u00bb1\/2&Prime; center=\u00a0\u00bbno\u00a0\u00bb class=\u00a0\u00bb\u00a0\u00bb]\n[image_carousel source=\u00a0\u00bbmedia: 380,378,379,377&Prime; limit=\u00a0\u00bb20&Prime; slides_style=\u00a0\u00bbdefault\u00a0\u00bb controls_style=\u00a0\u00bbdark\u00a0\u00bb crop=\u00a0\u00bb4:3&Prime; columns=\u00a0\u00bb1&Prime; adaptive=\u00a0\u00bbyes\u00a0\u00bb spacing=\u00a0\u00bbyes\u00a0\u00bb align=\u00a0\u00bbleft\u00a0\u00bb max_width=\u00a0\u00bb500&Prime; captions=\u00a0\u00bbno\u00a0\u00bb arrows=\u00a0\u00bbyes\u00a0\u00bb dots=\u00a0\u00bbyes\u00a0\u00bb link=\u00a0\u00bbnone\u00a0\u00bb target=\u00a0\u00bbblank\u00a0\u00bb autoplay=\u00a0\u00bb2&Prime; speed=\u00a0\u00bbmedium\u00a0\u00bb image_size=\u00a0\u00bbmedium\u00a0\u00bb outline=\u00a0\u00bbyes\u00a0\u00bb random=\u00a0\u00bbno\u00a0\u00bb][\/column]\n[column size=\u00a0\u00bb1\/2&Prime; center=\u00a0\u00bbno\u00a0\u00bb class=\u00a0\u00bb\u00a0\u00bb]\n<p>Vous avez peut-\u00eatre d\u00e9j\u00e0 re\u00e7u l&rsquo;aide de l&rsquo;un de nos membres, sur les pentes ou ailleurs. Sachez que ceux-ci sont des b\u00e9n\u00e9voles qui paient chaque ann\u00e9e pour recevoir les formations n\u00e9cessaires pour sauver des vies. Aidez-nous \u00e0 leur fournir la meilleure formation qui soit et le mat\u00e9riel n\u00e9cessaire pour vous aider.\u00a0Avec une formation en premiers soins avanc\u00e9s correspondants aux plus hauts standards. Nos besoins en mat\u00e9riel m\u00e9dical ne cessent d&rsquo;\u00e9voluer. C&rsquo;est pourquoi les membres de la Patrouille canadienne demandent votre g\u00e9n\u00e9rosit\u00e9!<\/p>\n<p><a href=\"mailto:finance@pcsestrie.org\">Contactez notre VP finance \u00e0 finance@pcsestrie.org<\/a>[\/column]\n[\/row]\n","protected":false},"excerpt":{"rendered":"<p>[row][column size=\u00a0\u00bb1\/2&Prime; center=\u00a0\u00bbno\u00a0\u00bb class=\u00a0\u00bb\u00a0\u00bb] [image_carousel source=\u00a0\u00bbmedia: 380,378,379,377&Prime; limit=\u00a0\u00bb20&Prime; slides_style=\u00a0\u00bbdefault\u00a0\u00bb controls_style=\u00a0\u00bbdark\u00a0\u00bb crop=\u00a0\u00bb4:3&Prime; columns=\u00a0\u00bb1&Prime; adaptive=\u00a0\u00bbyes\u00a0\u00bb spacing=\u00a0\u00bbyes\u00a0\u00bb align=\u00a0\u00bbleft\u00a0\u00bb max_width=\u00a0\u00bb500&Prime; captions=\u00a0\u00bbno\u00a0\u00bb arrows=\u00a0\u00bbyes\u00a0\u00bb dots=\u00a0\u00bbyes\u00a0\u00bb link=\u00a0\u00bbnone\u00a0\u00bb target=\u00a0\u00bbblank\u00a0\u00bb autoplay=\u00a0\u00bb2&Prime; speed=\u00a0\u00bbmedium\u00a0\u00bb image_size=\u00a0\u00bbmedium\u00a0\u00bb outline=\u00a0\u00bbyes\u00a0\u00bb random=\u00a0\u00bbno\u00a0\u00bb][\/column] [column size=\u00a0\u00bb1\/2&Prime; center=\u00a0\u00bbno\u00a0\u00bb class=\u00a0\u00bb\u00a0\u00bb] Vous avez peut-\u00eatre d\u00e9j\u00e0 re\u00e7u l&rsquo;aide de l&rsquo;un de nos<\/p>\n","protected":false},"author":3206,"featured_media":0,"parent":0,"menu_order":0,"comment_status":"closed","ping_status":"closed","template":"","meta":{"footnotes":""},"class_list":["post-483","page","type-page","status-publish","hentry"],"_links":{"self":[{"href":"https:\/\/www.skipatrol.ca\/estrie\/fr\/wp-json\/wp\/v2\/pages\/483","targetHints":{"allow":["GET"]}}],"collection":[{"href":"https:\/\/www.skipatrol.ca\/estrie\/fr\/wp-json\/wp\/v2\/pages"}],"about":[{"href":"https:\/\/www.skipatrol.ca\/estrie\/fr\/wp-json\/wp\/v2\/types\/page"}],"author":[{"embeddable":true,"href":"https:\/\/www.skipatrol.ca\/estrie\/fr\/wp-json\/wp\/v2\/users\/3206"}],"replies":[{"embeddable":true,"href":"https:\/\/www.skipatrol.ca\/estrie\/fr\/wp-json\/wp\/v2\/comments?post=483"}],"version-history":[{"count":4,"href":"https:\/\/www.skipatrol.ca\/estrie\/fr\/wp-json\/wp\/v2\/pages\/483\/revisions"}],"predecessor-version":[{"id":567,"href":"https:\/\/www.skipatrol.ca\/estrie\/fr\/wp-json\/wp\/v2\/pages\/483\/revisions\/567"}],"wp:attachment":[{"href":"https:\/\/www.skipatrol.ca\/estrie\/fr\/wp-json\/wp\/v2\/media?parent=483"}],"curies":[{"name":"wp","href":"https:\/\/api.w.org\/{rel}","templated":true}]}}