{"id":485,"date":"2020-08-31T20:17:39","date_gmt":"2020-08-31T18:17:39","guid":{"rendered":"https:\/\/www.skipatrol.ca\/estrie\/recruitment\/"},"modified":"2025-02-25T21:16:03","modified_gmt":"2025-02-26T02:16:03","slug":"recruitment","status":"publish","type":"page","link":"https:\/\/www.skipatrol.ca\/estrie\/fr\/recruitment\/","title":{"rendered":"Recrutement"},"content":{"rendered":"<p><img loading=\"lazy\" decoding=\"async\" class=\" wp-image-128 alignleft\" src=\"https:\/\/www.skipatrol.ca\/sites\/www.skipatrol.ca\/wp-content\/uploads\/sites\/49\/2020\/09\/P1160005-225x300.jpg\" alt=\"\" width=\"289\" height=\"385\" srcset=\"https:\/\/www.skipatrol.ca\/sites\/www.skipatrol.ca\/wp-content\/uploads\/sites\/49\/2020\/09\/P1160005-225x300.jpg 225w, https:\/\/www.skipatrol.ca\/sites\/www.skipatrol.ca\/wp-content\/uploads\/sites\/49\/2020\/09\/P1160005-768x1024.jpg 768w, https:\/\/www.skipatrol.ca\/sites\/www.skipatrol.ca\/wp-content\/uploads\/sites\/49\/2020\/09\/P1160005-1152x1536.jpg 1152w, https:\/\/www.skipatrol.ca\/sites\/www.skipatrol.ca\/wp-content\/uploads\/sites\/49\/2020\/09\/P1160005-1536x2048.jpg 1536w, https:\/\/www.skipatrol.ca\/sites\/www.skipatrol.ca\/wp-content\/uploads\/sites\/49\/2020\/09\/P1160005-scaled.jpg 1920w\" sizes=\"auto, (max-width: 289px) 100vw, 289px\" \/><\/p>\n<h6><strong>Pourquoi devenir patrouilleur?<\/strong><\/h6>\n<p>Parce que :<br \/>\n&#8211; c&rsquo;est dans votre nature de vouloir aider les autres;<br \/>\n&#8211; vous \u00eates mordu de glisses beau temps, mauvais temps;<br \/>\n&#8211; vous avez besoin de vivre de nouvelles exp\u00e9riences;<br \/>\n&#8211; vous \u00eates int\u00e9ress\u00e9 \u00e0 recevoir une formation en premiers soins avanc\u00e9s;<\/p>\n<hr \/>\n<h6><strong>Pour qui ?<\/strong><\/h6>\n<p>\u200bLes candidats devront :<br \/>\n&#8211; \u00eatre \u00e2g\u00e9s de 18 ans et plus*;<br \/>\n&#8211; avoir un niveau convenable en ski alpin, nordique, planche \u00e0 neige, t\u00e9l\u00e9mark;<br \/>\n&#8211; \u00eatre pr\u00eat \u00e0 fournir les efforts n\u00e9cessaires pour compl\u00e9ter la formation;<br \/>\n&#8211; \u00eatre disponible pour patrouiller leur centre de 10 \u00e0 16 journ\u00e9es durant la saison.<\/p>\n<p>Contactez <a class=\"ms-outlook-linkify\" href=\"mailto:recrutement.zce@skipatrol.ca\">recrutement.zce@skipatrol.ca<\/a> avant 1 septembre pour l&rsquo;hiver suivant<\/p>\n<p>&nbsp;<\/p>\n<blockquote><p>*Nous pouvons accepter des candidats \u00e0 partir de 16 ans sous certaines conditions.<\/p><\/blockquote>\n","protected":false},"excerpt":{"rendered":"<p>Pourquoi devenir patrouilleur? Parce que : &#8211; c&rsquo;est dans votre nature de vouloir aider les autres; &#8211; vous \u00eates mordu de glisses beau temps, mauvais temps; &#8211; vous avez besoin de vivre de nouvelles exp\u00e9riences; &#8211; vous \u00eates int\u00e9ress\u00e9 \u00e0<\/p>\n","protected":false},"author":3206,"featured_media":0,"parent":0,"menu_order":0,"comment_status":"closed","ping_status":"closed","template":"","meta":{"footnotes":""},"class_list":["post-485","page","type-page","status-publish","hentry"],"_links":{"self":[{"href":"https:\/\/www.skipatrol.ca\/estrie\/fr\/wp-json\/wp\/v2\/pages\/485","targetHints":{"allow":["GET"]}}],"collection":[{"href":"https:\/\/www.skipatrol.ca\/estrie\/fr\/wp-json\/wp\/v2\/pages"}],"about":[{"href":"https:\/\/www.skipatrol.ca\/estrie\/fr\/wp-json\/wp\/v2\/types\/page"}],"author":[{"embeddable":true,"href":"https:\/\/www.skipatrol.ca\/estrie\/fr\/wp-json\/wp\/v2\/users\/3206"}],"replies":[{"embeddable":true,"href":"https:\/\/www.skipatrol.ca\/estrie\/fr\/wp-json\/wp\/v2\/comments?post=485"}],"version-history":[{"count":3,"href":"https:\/\/www.skipatrol.ca\/estrie\/fr\/wp-json\/wp\/v2\/pages\/485\/revisions"}],"predecessor-version":[{"id":736,"href":"https:\/\/www.skipatrol.ca\/estrie\/fr\/wp-json\/wp\/v2\/pages\/485\/revisions\/736"}],"wp:attachment":[{"href":"https:\/\/www.skipatrol.ca\/estrie\/fr\/wp-json\/wp\/v2\/media?parent=485"}],"curies":[{"name":"wp","href":"https:\/\/api.w.org\/{rel}","templated":true}]}}