{"id":487,"date":"2020-08-31T20:14:34","date_gmt":"2020-08-31T18:14:34","guid":{"rendered":"https:\/\/www.skipatrol.ca\/estrie\/about\/"},"modified":"2021-05-09T14:27:39","modified_gmt":"2021-05-09T18:27:39","slug":"about","status":"publish","type":"page","link":"https:\/\/www.skipatrol.ca\/estrie\/fr\/about\/","title":{"rendered":"\u00c0 propos"},"content":{"rendered":"<p>La Patrouille canadienne de ski, Zone des Cantons-de-l&rsquo;Est, est un OBNL compos\u00e9 de plus de 150 patrouilleurs b\u00e9n\u00e9voles hautement qualifi\u00e9s. Nous assurons les services de premiers soins avanc\u00e9s, de pr\u00e9vention et de sauvetage sur neige dans la r\u00e9gion de l&rsquo;Estrie pour les \u00e9tablissements suivants :<\/p>\n<div id=\"PAGES_CONTAINERcenteredContent\" class=\"pc1centeredContent\">\n<div id=\"PAGES_CONTAINERinlineContent\" class=\"pc1inlineContent\">\n<div id=\"c20r9\" class=\"style-jzvzc5ji\" data-ismobile=\"false\" data-is-mesh-layout=\"true\">\n<div id=\"c20r9inlineContent\" class=\"style-jzvzc5jiinlineContent\">\n<div id=\"c20r9inlineContent-gridWrapper\" data-mesh-internal=\"true\">\n<div id=\"c20r9inlineContent-gridContainer\" data-mesh-internal=\"true\">\n<div id=\"Cntnr2\" class=\"style-jswp3xah\" data-is-absolute-layout=\"false\">\n<div id=\"Cntnr2bg\" class=\"style-jswp3xahbg\">\n<hr \/>\n<\/div>\n<div class=\"style-jswp3xah_arrow\"><\/div>\n<div id=\"Cntnr2inlineContent\" class=\"style-jswp3xahinlineContent\">\n<div id=\"Cntnr2inlineContent-gridWrapper\" data-mesh-internal=\"true\">\n<div id=\"Cntnr2inlineContent-gridContainer\" data-mesh-internal=\"true\">\n<div id=\"WPht2\" class=\"ca1\" title=\"\" data-is-responsive=\"false\" data-display-mode=\"fill\" data-content-padding-horizontal=\"0\" data-content-padding-vertical=\"0\" data-exact-height=\"110\"><a id=\"WPht2link\" class=\"ca1link\" href=\"http:\/\/orford.com\/\" target=\"_blank\" rel=\"noopener noreferrer\" data-content=\"http:\/\/orford.com\" data-type=\"external\"><img loading=\"lazy\" decoding=\"async\" id=\"WPht2imgimage\" class=\"\" src=\"https:\/\/static.wixstatic.com\/media\/58ab3c_4a38d7f524d949eba1ccfb00a2b7199c~mv2.png\/v1\/fill\/w_340,h_220,al_c,q_85,usm_0.66_1.00_0.01\/DB-8483_Mont-Orford-LOGO_RVB_sortez-en-g.webp\" alt=\"DB-8483_Mont-Orford-LOGO_RVB_sortez-en-g\" width=\"185\" height=\"120\" data-type=\"image\" \/><\/a><\/div>\n<div id=\"WRchTxt8\" class=\"txtNew\" data-packed=\"true\" data-vertical-text=\"false\">\n<h5 class=\"font_5\"><span class=\"color_2\">Mont Orford<\/span><\/h5>\n<\/div>\n<\/div>\n<\/div>\n<\/div>\n<\/div>\n<div id=\"WRchTxt3\" class=\"txtNew\" data-packed=\"true\" data-vertical-text=\"false\">\n<p class=\"font_8\">\u00c0 1h20 de Montr\u00e9al, par l\u2019autoroute 10. Le mont Orford est le quatri\u00e8me plus haut d\u00e9nivel\u00e9 au Qu\u00e9bec avec ses 580 m\u00e8tres. Il vous offre un domaine skiable compos\u00e9 de trois montagnes et 4 versants.\u200b<\/p>\n<p class=\"font_8\"><a href=\"mailto:cp.orford@pcsestrie.org\" target=\"_self\" rel=\"noopener noreferrer\" data-content=\"cp.orford@pcsestrie.org\" data-type=\"mail\">Contactez le chef de patrouille<\/a><\/p>\n<\/div>\n<div id=\"Cntnr3\" class=\"style-jswp3xah\" data-is-absolute-layout=\"false\">\n<div id=\"Cntnr3bg\" class=\"style-jswp3xahbg\">\n<hr \/>\n<\/div>\n<div class=\"style-jswp3xah_arrow\"><\/div>\n<div id=\"Cntnr3inlineContent\" class=\"style-jswp3xahinlineContent\">\n<div id=\"Cntnr3inlineContent-gridWrapper\" data-mesh-internal=\"true\">\n<div id=\"Cntnr3inlineContent-gridContainer\" data-mesh-internal=\"true\">\n<div id=\"WPht3\" class=\"ca1\" title=\"\" data-is-responsive=\"false\" data-display-mode=\"fill\" data-content-padding-horizontal=\"0\" data-content-padding-vertical=\"0\" data-exact-height=\"120\"><a id=\"WPht3link\" class=\"ca1link\" href=\"http:\/\/www.owlshead.com\/\" target=\"_blank\" rel=\"noopener noreferrer\" data-content=\"http:\/\/www.owlshead.com\" data-type=\"external\"><img loading=\"lazy\" decoding=\"async\" id=\"WPht3imgimage\" class=\"\" src=\"https:\/\/static.wixstatic.com\/media\/58ab3c_553ccbdbdba74618bb8f9a218ff566a4~mv2.png\/v1\/fill\/w_240,h_240,al_c,lg_1,q_85\/Owls_head.webp\" alt=\"Owls_head.png\" width=\"166\" height=\"166\" data-type=\"image\" \/><\/a><\/div>\n<div id=\"WRchTxt9\" class=\"txtNew\" data-packed=\"true\" data-vertical-text=\"false\">\n<h5 class=\"font_5\"><span class=\"color_2\">Owl&rsquo;s Head<\/span><\/h5>\n<\/div>\n<\/div>\n<\/div>\n<\/div>\n<\/div>\n<div id=\"WRchTxt2\" class=\"txtNew\" data-packed=\"true\" data-vertical-text=\"false\">\n<p class=\"font_8\">Imaginez skier sur une neige renouvel\u00e9e jour apr\u00e8s jour. Passez votre matin\u00e9e \u00e0 d\u00e9valer des pistes de tous niveaux. Puis, reprenez des forces dans notre chalet revamp\u00e9 tout en profitant de notre service de restauration du terroir afin de partir de plus belle en apr\u00e8s-midi. D\u00e9crochez et finissez en beaut\u00e9 en prenant le temps de contempler le coucher de soleil color\u00e9. Respirez. Ici et maintenant.<\/p>\n<p class=\"font_8\"><a href=\"mailto:cp.owlshead@pcsestrie.org\" target=\"_self\" rel=\"noopener noreferrer\" data-content=\"cp.owlshead@pcsestrie.org\" data-type=\"mail\"><span class=\"color_2\">Contactez le chef de patrouille<\/span><\/a><\/p>\n<\/div>\n<\/div>\n<\/div>\n<\/div>\n<\/div>\n<div class=\"style-jswp3xahbg\">\n<hr \/>\n<\/div>\n<div><\/div>\n<div id=\"c20r9\" class=\"style-jzvzc5ji\" data-ismobile=\"false\" data-is-mesh-layout=\"true\">\n<div id=\"c20r9inlineContent\" class=\"style-jzvzc5jiinlineContent\">\n<div id=\"c20r9inlineContent-gridWrapper\" data-mesh-internal=\"true\">\n<div id=\"c20r9inlineContent-gridContainer\" data-mesh-internal=\"true\">\n<div id=\"Cntnr0\" class=\"style-jswp3xah\" data-is-absolute-layout=\"false\">\n<div id=\"Cntnr0inlineContent\" class=\"style-jswp3xahinlineContent\">\n<div id=\"Cntnr0inlineContent-gridWrapper\" data-mesh-internal=\"true\">\n<div id=\"Cntnr0inlineContent-gridContainer\" data-mesh-internal=\"true\">\n<div id=\"WRchTxt6\" class=\"txtNew\" data-packed=\"true\" data-vertical-text=\"false\">\n<h5><img loading=\"lazy\" decoding=\"async\" class=\"alignnone wp-image-110\" src=\"http:\/\/www.skipatrol.ca\/sites\/www.skipatrol.ca\/wp-content\/\/uploads\/sites\/49\/2020\/09\/Parc_national_du_Mont-Orford-300x110.png\" alt=\"\" width=\"210\" height=\"77\" srcset=\"https:\/\/www.skipatrol.ca\/sites\/www.skipatrol.ca\/wp-content\/uploads\/sites\/49\/2020\/09\/Parc_national_du_Mont-Orford-300x110.png 300w, https:\/\/www.skipatrol.ca\/sites\/www.skipatrol.ca\/wp-content\/uploads\/sites\/49\/2020\/09\/Parc_national_du_Mont-Orford-1024x376.png 1024w, https:\/\/www.skipatrol.ca\/sites\/www.skipatrol.ca\/wp-content\/uploads\/sites\/49\/2020\/09\/Parc_national_du_Mont-Orford-768x282.png 768w, https:\/\/www.skipatrol.ca\/sites\/www.skipatrol.ca\/wp-content\/uploads\/sites\/49\/2020\/09\/Parc_national_du_Mont-Orford.png 1112w\" sizes=\"auto, (max-width: 210px) 100vw, 210px\" \/><\/h5>\n<h5 class=\"font_5\"><span class=\"color_2\">Parc National du\u00a0<\/span><span class=\"color_2\">Mont-Orford<\/span><\/h5>\n<\/div>\n<\/div>\n<\/div>\n<\/div>\n<\/div>\n<div id=\"WRchTxt0\" class=\"txtNew\" data-packed=\"true\" data-vertical-text=\"false\">\n<p class=\"font_8\"><span class=\"color_2\">Les adeptes de ski de fond profitent de 13 pistes totalisant 50 km de sentiers, incluant 26 km pour le pas de patin.\u00a0<\/span>Elles sont balis\u00e9es, trac\u00e9es et dam\u00e9es de sorte que les skieurs d\u00e9butants ainsi que les plus exp\u00e9riment\u00e9s trouveront la piste qui leur convient.<\/p>\n<p class=\"font_8\"><a href=\"mailto:cp.orford@pcsestrie.org\" target=\"_self\" rel=\"noopener noreferrer\" data-content=\"cp.orford@pcsestrie.org\" data-type=\"mail\"><span class=\"color_2\">Contactez le chef de patrouille<\/span><\/a><\/p>\n<hr \/>\n<\/div>\n<div id=\"Cntnr1\" class=\"style-jswp3xah\" data-is-absolute-layout=\"false\">\n<div id=\"Cntnr1inlineContent\" class=\"style-jswp3xahinlineContent\">\n<div id=\"Cntnr1inlineContent-gridWrapper\" data-mesh-internal=\"true\">\n<div id=\"Cntnr1inlineContent-gridContainer\" data-mesh-internal=\"true\">\n<div id=\"WPht1\" class=\"ca1\" title=\"\" data-is-responsive=\"false\" data-display-mode=\"fill\" data-content-padding-horizontal=\"0\" data-content-padding-vertical=\"0\" data-exact-height=\"120\">\n<div><\/div>\n<div><\/div>\n<div id=\"WPht1link\" class=\"ca1link\"><img loading=\"lazy\" decoding=\"async\" id=\"WPht1imgimage\" class=\"\" src=\"https:\/\/static.wixstatic.com\/media\/58ab3c_df18b18aa4e8dcbe3770ba140db0ea3c.jpg\/v1\/fill\/w_360,h_240,al_c,lg_1,q_80\/58ab3c_df18b18aa4e8dcbe3770ba140db0ea3c.webp\" alt=\"\" width=\"278\" height=\"185\" data-type=\"image\" \/><\/div>\n<\/div>\n<div id=\"WRchTxt7\" class=\"txtNew\" data-packed=\"true\" data-vertical-text=\"false\">\n<h5 class=\"font_5\"><span class=\"color_2\">mont Bellevue<\/span><\/h5>\n<\/div>\n<\/div>\n<\/div>\n<\/div>\n<\/div>\n<div id=\"WRchTxt1\" class=\"txtNew\" data-packed=\"true\" data-vertical-text=\"false\">\n<p class=\"font_8\">Avec ses neuf pistes bien entretenues et \u00e9clair\u00e9es ainsi que son parc de modules (snowpark), le mont Bellevue repr\u00e9sente un lieu de divertissement des plus avantageux.<\/p>\n<p class=\"font_8\"><a href=\"mailto:cp.bellevue@pcsestrie.org\" target=\"_self\" rel=\"noopener noreferrer\" data-content=\"cp.bellevue@pcsestrie.org\" data-type=\"mail\">Contactez le chef de patrouille<\/a><\/p>\n<\/div>\n<div id=\"WRchTxtr\" class=\"txtNew\" data-packed=\"true\" data-vertical-text=\"false\">\n<hr \/>\n<h5><img loading=\"lazy\" decoding=\"async\" class=\"alignnone wp-image-115\" src=\"http:\/\/www.skipatrol.ca\/sites\/www.skipatrol.ca\/wp-content\/\/uploads\/sites\/49\/2020\/09\/Leaf-full-colour-bilingual-300x284.jpg\" alt=\"\" width=\"154\" height=\"146\" srcset=\"https:\/\/www.skipatrol.ca\/sites\/www.skipatrol.ca\/wp-content\/uploads\/sites\/49\/2020\/09\/Leaf-full-colour-bilingual-300x284.jpg 300w, https:\/\/www.skipatrol.ca\/sites\/www.skipatrol.ca\/wp-content\/uploads\/sites\/49\/2020\/09\/Leaf-full-colour-bilingual-1024x970.jpg 1024w, https:\/\/www.skipatrol.ca\/sites\/www.skipatrol.ca\/wp-content\/uploads\/sites\/49\/2020\/09\/Leaf-full-colour-bilingual-768x728.jpg 768w, https:\/\/www.skipatrol.ca\/sites\/www.skipatrol.ca\/wp-content\/uploads\/sites\/49\/2020\/09\/Leaf-full-colour-bilingual.jpg 1295w\" sizes=\"auto, (max-width: 154px) 100vw, 154px\" \/><\/h5>\n<h5><span class=\"font_5\">Patrouilleurs en visites<\/span><\/h5>\n<\/div>\n<div id=\"Cntnr7\" class=\"style-jswp3xaa\" data-is-absolute-layout=\"false\">\n<div id=\"Cntnr7bg\" class=\"style-jswp3xaabg\"><em>La Zone des Cantons-de-l&rsquo;Est est heureuse d&rsquo;accueillir\u00a0les patrouilleurs membres des autres Zones\u00a0de la PCS. Nous vous demandons de faire part de votre visite au moins 48\u00a0heures \u00e0 l&rsquo;avance au chef de\u00a0patrouille.\u00a0<\/em><\/div>\n<\/div>\n<\/div>\n<\/div>\n<\/div>\n<\/div>\n<\/div>\n<\/div>\n","protected":false},"excerpt":{"rendered":"<p>La Patrouille canadienne de ski, Zone des Cantons-de-l&rsquo;Est, est un OBNL compos\u00e9 de plus de 150 patrouilleurs b\u00e9n\u00e9voles hautement qualifi\u00e9s. Nous assurons les services de premiers soins avanc\u00e9s, de pr\u00e9vention et de sauvetage sur neige dans la r\u00e9gion de l&rsquo;Estrie<\/p>\n","protected":false},"author":3206,"featured_media":489,"parent":0,"menu_order":0,"comment_status":"closed","ping_status":"closed","template":"","meta":{"footnotes":""},"class_list":["post-487","page","type-page","status-publish","has-post-thumbnail","hentry"],"_links":{"self":[{"href":"https:\/\/www.skipatrol.ca\/estrie\/fr\/wp-json\/wp\/v2\/pages\/487","targetHints":{"allow":["GET"]}}],"collection":[{"href":"https:\/\/www.skipatrol.ca\/estrie\/fr\/wp-json\/wp\/v2\/pages"}],"about":[{"href":"https:\/\/www.skipatrol.ca\/estrie\/fr\/wp-json\/wp\/v2\/types\/page"}],"author":[{"embeddable":true,"href":"https:\/\/www.skipatrol.ca\/estrie\/fr\/wp-json\/wp\/v2\/users\/3206"}],"replies":[{"embeddable":true,"href":"https:\/\/www.skipatrol.ca\/estrie\/fr\/wp-json\/wp\/v2\/comments?post=487"}],"version-history":[{"count":5,"href":"https:\/\/www.skipatrol.ca\/estrie\/fr\/wp-json\/wp\/v2\/pages\/487\/revisions"}],"predecessor-version":[{"id":723,"href":"https:\/\/www.skipatrol.ca\/estrie\/fr\/wp-json\/wp\/v2\/pages\/487\/revisions\/723"}],"wp:featuredmedia":[{"embeddable":true,"href":"https:\/\/www.skipatrol.ca\/estrie\/fr\/wp-json\/wp\/v2\/media\/489"}],"wp:attachment":[{"href":"https:\/\/www.skipatrol.ca\/estrie\/fr\/wp-json\/wp\/v2\/media?parent=487"}],"curies":[{"name":"wp","href":"https:\/\/api.w.org\/{rel}","templated":true}]}}