{"id":491,"date":"2020-09-11T01:06:47","date_gmt":"2020-09-11T05:06:47","guid":{"rendered":"https:\/\/www.skipatrol.ca\/estrie\/accueil\/"},"modified":"2025-02-25T20:50:58","modified_gmt":"2025-02-26T01:50:58","slug":"accueil-2","status":"publish","type":"page","link":"https:\/\/www.skipatrol.ca\/estrie\/fr\/","title":{"rendered":"Accueil"},"content":{"rendered":"<p>&nbsp;<\/p>\n<h2><img loading=\"lazy\" decoding=\"async\" class=\"alignnone size-medium wp-image-261\" src=\"http:\/\/www.skipatrol.ca\/sites\/www.skipatrol.ca\/wp-content\/\/uploads\/sites\/49\/2020\/09\/psc_v2-300x140.png\" alt=\"\" width=\"300\" height=\"140\" srcset=\"https:\/\/www.skipatrol.ca\/sites\/www.skipatrol.ca\/wp-content\/uploads\/sites\/49\/2020\/09\/psc_v2-300x140.png 300w, https:\/\/www.skipatrol.ca\/sites\/www.skipatrol.ca\/wp-content\/uploads\/sites\/49\/2020\/09\/psc_v2.png 750w, https:\/\/www.skipatrol.ca\/sites\/www.skipatrol.ca\/wp-content\/uploads\/sites\/49\/2020\/09\/psc_v2-642x300.png 642w\" sizes=\"auto, (max-width: 300px) 100vw, 300px\" \/><\/h2>\n<h2><strong>Message g\u00e9n\u00e9ral<\/strong><\/h2>\n<p>La zone des Cantons de l\u2019Est comporte plus de 150 patrouilleurs en ski, planche \u00e0 neige, t\u00e9l\u00e9mark, ski de fond ou ski de remont\u00e9e. Une \u00e9quipe rigoureuse et passionn\u00e9e qui prend tr\u00e8s au s\u00e9rieux la s\u00e9curit\u00e9 sur les territoires qu&rsquo;elle sert et qui se met au d\u00e9fi d\u2019am\u00e9liorer la qualit\u00e9 de ses premiers soins par une formation et une pratique exemplaire. Venez nous visiter et abordez un patrouilleur pour en savoir plus sur nous!<\/p>\n<p style=\"text-align: left\"><a href=\"https:\/\/www.skipatrol.ca\/estrie-dev\/about\/\"><strong>\u00c0 propos<\/strong><\/a><\/p>\n<h2><img loading=\"lazy\" decoding=\"async\" class=\"alignnone size-medium wp-image-260\" src=\"http:\/\/www.skipatrol.ca\/sites\/www.skipatrol.ca\/wp-content\/\/uploads\/sites\/49\/2020\/09\/snow_patrol-300x140.png\" alt=\"\" width=\"300\" height=\"140\" srcset=\"https:\/\/www.skipatrol.ca\/sites\/www.skipatrol.ca\/wp-content\/uploads\/sites\/49\/2020\/09\/snow_patrol-300x140.png 300w, https:\/\/www.skipatrol.ca\/sites\/www.skipatrol.ca\/wp-content\/uploads\/sites\/49\/2020\/09\/snow_patrol.png 750w, https:\/\/www.skipatrol.ca\/sites\/www.skipatrol.ca\/wp-content\/uploads\/sites\/49\/2020\/09\/snow_patrol-642x300.png 642w\" sizes=\"auto, (max-width: 300px) 100vw, 300px\" \/><\/h2>\n<h2><strong>Impliquez-vous<\/strong><\/h2>\n<p>Vous \u00eates passionn\u00e9 de l\u2019hiver, vous aimez aider les autres et vous n\u2019avez pas froid aux yeux? Il y a peut-\u00eatre une place pour vous dans nos \u00e9quipes! Informez-vous. Une implication qui d\u00e9passe les sports de glisse, la pr\u00e9vention et les premiers soins. La Patrouille Canadienne de Ski, c\u2019est une grande famille et un r\u00e9seau uni qui permet \u00e0 tous les patrouilleurs de se surpasser.<\/p>\n<p><a href=\"https:\/\/www.skipatrol.ca\/estrie-dev\/contact\/\"><strong>Nous joindre<\/strong><\/a><\/p>\n<p>&nbsp;<\/p>\n<p><img loading=\"lazy\" decoding=\"async\" class=\"alignnone size-medium wp-image-256\" src=\"https:\/\/www.skipatrol.ca\/sites\/www.skipatrol.ca\/wp-content\/uploads\/sites\/49\/2020\/09\/cspday-pic1-e1493608943334-750x350-1-300x140.jpg\" alt=\"\" width=\"300\" height=\"140\" srcset=\"https:\/\/www.skipatrol.ca\/sites\/www.skipatrol.ca\/wp-content\/uploads\/sites\/49\/2020\/09\/cspday-pic1-e1493608943334-750x350-1-300x140.jpg 300w, https:\/\/www.skipatrol.ca\/sites\/www.skipatrol.ca\/wp-content\/uploads\/sites\/49\/2020\/09\/cspday-pic1-e1493608943334-750x350-1.jpg 750w, https:\/\/www.skipatrol.ca\/sites\/www.skipatrol.ca\/wp-content\/uploads\/sites\/49\/2020\/09\/cspday-pic1-e1493608943334-750x350-1-642x300.jpg 642w\" sizes=\"auto, (max-width: 300px) 100vw, 300px\" \/><\/p>\n<h2><strong>Ex\u00e9cutif de la zone<\/strong><\/h2>\n<p style=\"text-align: left\">Comit\u00e9 ex\u00e9cutif de la zone 2020-2021[list icon=\u00a0\u00bbicon: snowflake-o\u00a0\u00bb icon_color=\u00a0\u00bb#333333&Prime; indent=\u00a0\u00bb0&Prime;]\n<ul>\n<li>Ryan Seniw, Pr\u00e9sident<\/li>\n<li>R\u00e9jean Valli\u00e8res, VP Operations<\/li>\n<li>Liette Mass\u00e9 VP Administration<\/li>\n<li>Ren\u00e9 Arseneau, VP Formation<\/li>\n<li>Guy Deshaies, VP Formation<\/li>\n<li>Sofia Bulota, VP Communication<\/li>\n<li>St\u00e9phanie Brisebois, VP Finance<\/li>\n<li>\n<div class=\"elementToProof\">Carine Fortin, VP Prevention<\/div>\n<\/li>\n<\/ul>\n<p>Personne ressource concernant la Loi sur la protection des renseignements personnels dans le secteur priv\u00e9 (Loi-25) pour la Zone des Cantons-de-l&rsquo;Est :\u00a0<a class=\"ms-outlook-linkify\" href=\"mailto:liette.masse@skipatrol.ca\">liette.masse@skipatrol.ca<\/a><\/p>\n<p>&nbsp;<\/p>\n<p>&nbsp;<\/p>\n","protected":false},"excerpt":{"rendered":"<p>&nbsp; Message g\u00e9n\u00e9ral La zone des Cantons de l\u2019Est comporte plus de 150 patrouilleurs en ski, planche \u00e0 neige, t\u00e9l\u00e9mark, ski de fond ou ski de remont\u00e9e. Une \u00e9quipe rigoureuse et passionn\u00e9e qui prend tr\u00e8s au s\u00e9rieux la s\u00e9curit\u00e9 sur<\/p>\n","protected":false},"author":948,"featured_media":0,"parent":0,"menu_order":0,"comment_status":"closed","ping_status":"closed","template":"","meta":{"footnotes":""},"class_list":["post-491","page","type-page","status-publish","hentry"],"_links":{"self":[{"href":"https:\/\/www.skipatrol.ca\/estrie\/fr\/wp-json\/wp\/v2\/pages\/491","targetHints":{"allow":["GET"]}}],"collection":[{"href":"https:\/\/www.skipatrol.ca\/estrie\/fr\/wp-json\/wp\/v2\/pages"}],"about":[{"href":"https:\/\/www.skipatrol.ca\/estrie\/fr\/wp-json\/wp\/v2\/types\/page"}],"author":[{"embeddable":true,"href":"https:\/\/www.skipatrol.ca\/estrie\/fr\/wp-json\/wp\/v2\/users\/948"}],"replies":[{"embeddable":true,"href":"https:\/\/www.skipatrol.ca\/estrie\/fr\/wp-json\/wp\/v2\/comments?post=491"}],"version-history":[{"count":3,"href":"https:\/\/www.skipatrol.ca\/estrie\/fr\/wp-json\/wp\/v2\/pages\/491\/revisions"}],"predecessor-version":[{"id":720,"href":"https:\/\/www.skipatrol.ca\/estrie\/fr\/wp-json\/wp\/v2\/pages\/491\/revisions\/720"}],"wp:attachment":[{"href":"https:\/\/www.skipatrol.ca\/estrie\/fr\/wp-json\/wp\/v2\/media?parent=491"}],"curies":[{"name":"wp","href":"https:\/\/api.w.org\/{rel}","templated":true}]}}