{"id":493,"date":"2020-08-31T20:16:23","date_gmt":"2020-08-31T18:16:23","guid":{"rendered":"https:\/\/www.skipatrol.ca\/estrie\/training\/"},"modified":"2021-05-09T14:26:14","modified_gmt":"2021-05-09T18:26:14","slug":"training","status":"publish","type":"page","link":"https:\/\/www.skipatrol.ca\/estrie\/fr\/training\/","title":{"rendered":"Formation"},"content":{"rendered":"<h6><img loading=\"lazy\" decoding=\"async\" class=\" wp-image-272 alignleft\" src=\"http:\/\/www.skipatrol.ca\/sites\/www.skipatrol.ca\/wp-content\/\/uploads\/sites\/49\/2020\/09\/54257291_10157031923144431_4597892705186480128_n-200x300.jpg\" alt=\"\" width=\"288\" height=\"433\" srcset=\"https:\/\/www.skipatrol.ca\/sites\/www.skipatrol.ca\/wp-content\/uploads\/sites\/49\/2020\/09\/54257291_10157031923144431_4597892705186480128_n-200x300.jpg 200w, https:\/\/www.skipatrol.ca\/sites\/www.skipatrol.ca\/wp-content\/uploads\/sites\/49\/2020\/09\/54257291_10157031923144431_4597892705186480128_n.jpg 640w\" sizes=\"auto, (max-width: 288px) 100vw, 288px\" \/>Notre programme de patrouilleur comporte une formation rigoureuse qui permet aux patrouilleurs d\u2019intervenir dans toutes les situations qui peuvent surgir sur les sentiers ou les pistes de ski.<\/h6>\n<h6>Pour devenir patrouilleur, il faut suivre un cours portant sur toute une gamme de comp\u00e9tences en secourisme et sur la r\u00e9animation cardio-respiratoire (RCR), d&rsquo;une dur\u00e9e de 65 heures. Le programme traite aussi d\u2019autres sujets comme la gestion du lieu d\u2019un accident, l\u2019\u00e9vacuation d\u2019un t\u00e9l\u00e9si\u00e8ge, les op\u00e9rations de sauvetage, les communications et les op\u00e9rations de recherche et de secourisme. Ce cours repose sur une approche individuelle o\u00f9 chaque candidat est suivi de pr\u00e8s par son entra\u00eeneur. Il comporte aussi des rencontres dans des salles de classe et une part d\u2019autoapprentissage.<\/h6>\n","protected":false},"excerpt":{"rendered":"<p>Notre programme de patrouilleur comporte une formation rigoureuse qui permet aux patrouilleurs d\u2019intervenir dans toutes les situations qui peuvent surgir sur les sentiers ou les pistes de ski. Pour devenir patrouilleur, il faut suivre un cours portant sur toute une<\/p>\n","protected":false},"author":3206,"featured_media":494,"parent":0,"menu_order":0,"comment_status":"closed","ping_status":"closed","template":"","meta":{"footnotes":""},"class_list":["post-493","page","type-page","status-publish","has-post-thumbnail","hentry"],"_links":{"self":[{"href":"https:\/\/www.skipatrol.ca\/estrie\/fr\/wp-json\/wp\/v2\/pages\/493","targetHints":{"allow":["GET"]}}],"collection":[{"href":"https:\/\/www.skipatrol.ca\/estrie\/fr\/wp-json\/wp\/v2\/pages"}],"about":[{"href":"https:\/\/www.skipatrol.ca\/estrie\/fr\/wp-json\/wp\/v2\/types\/page"}],"author":[{"embeddable":true,"href":"https:\/\/www.skipatrol.ca\/estrie\/fr\/wp-json\/wp\/v2\/users\/3206"}],"replies":[{"embeddable":true,"href":"https:\/\/www.skipatrol.ca\/estrie\/fr\/wp-json\/wp\/v2\/comments?post=493"}],"version-history":[{"count":5,"href":"https:\/\/www.skipatrol.ca\/estrie\/fr\/wp-json\/wp\/v2\/pages\/493\/revisions"}],"predecessor-version":[{"id":582,"href":"https:\/\/www.skipatrol.ca\/estrie\/fr\/wp-json\/wp\/v2\/pages\/493\/revisions\/582"}],"wp:featuredmedia":[{"embeddable":true,"href":"https:\/\/www.skipatrol.ca\/estrie\/fr\/wp-json\/wp\/v2\/media\/494"}],"wp:attachment":[{"href":"https:\/\/www.skipatrol.ca\/estrie\/fr\/wp-json\/wp\/v2\/media?parent=493"}],"curies":[{"name":"wp","href":"https:\/\/api.w.org\/{rel}","templated":true}]}}