{"id":14061,"date":"2024-10-14T17:10:12","date_gmt":"2024-10-14T21:10:12","guid":{"rendered":"https:\/\/www.skipatrol.ca\/?page_id=14061"},"modified":"2024-10-14T17:10:12","modified_gmt":"2024-10-14T21:10:12","slug":"amy-scullion","status":"publish","type":"page","link":"https:\/\/www.skipatrol.ca\/fr\/votre-direct\/amy-scullion\/","title":{"rendered":"Amy Scullion"},"content":{"rendered":"<div id=\"pl-14061\"  class=\"panel-layout\" ><div id=\"pg-14061-0\"  class=\"panel-grid panel-no-style\" ><div id=\"pgc-14061-0-0\"  class=\"panel-grid-cell\" ><div id=\"panel-14061-0-0-0\" class=\"so-panel widget widget_sow-editor panel-first-child panel-last-child\" data-index=\"0\" ><div\n\t\t\t\n\t\t\tclass=\"so-widget-sow-editor so-widget-sow-editor-base\"\n\t\t\t\n\t\t>\n<div class=\"siteorigin-widget-tinymce textwidget\">\n\t<p><img loading=\"lazy\" decoding=\"async\" class=\"aligncenter size-medium wp-image-14054\" src=\"https:\/\/cspnational.s3.ca-central-1.amazonaws.com\/wp-content\/uploads\/2016\/12\/14160142\/Amy-Scullion-294x300.png\" alt=\"\" width=\"294\" height=\"300\" srcset=\"https:\/\/cspnational.s3.ca-central-1.amazonaws.com\/wp-content\/uploads\/2016\/12\/14160142\/Amy-Scullion-294x300.png 294w, https:\/\/cspnational.s3.ca-central-1.amazonaws.com\/wp-content\/uploads\/2016\/12\/14160142\/Amy-Scullion-1003x1024.png 1003w, https:\/\/cspnational.s3.ca-central-1.amazonaws.com\/wp-content\/uploads\/2016\/12\/14160142\/Amy-Scullion-768x784.png 768w, https:\/\/cspnational.s3.ca-central-1.amazonaws.com\/wp-content\/uploads\/2016\/12\/14160142\/Amy-Scullion-73x73.png 73w, https:\/\/cspnational.s3.ca-central-1.amazonaws.com\/wp-content\/uploads\/2016\/12\/14160142\/Amy-Scullion.png 1059w\" sizes=\"auto, (max-width: 294px) 100vw, 294px\" \/><\/p>\n<\/div>\n<\/div><\/div><\/div><div id=\"pgc-14061-0-1\"  class=\"panel-grid-cell\" ><div id=\"panel-14061-0-1-0\" class=\"so-panel widget widget_sow-editor panel-first-child panel-last-child\" data-index=\"1\" ><div\n\t\t\t\n\t\t\tclass=\"so-widget-sow-editor so-widget-sow-editor-base\"\n\t\t\t\n\t\t>\n<div class=\"siteorigin-widget-tinymce textwidget\">\n\t<p>Amy s'est jointe \u00e0 la Patrouille canadienne de ski en 2015 et est demeur\u00e9e une patrouilleuse active \u00e0 la station de ski Lake Louise dans la zone de Calgary. En plus de ses t\u00e2ches r\u00e9guli\u00e8res de patrouille, elle s'est impliqu\u00e9e au niveau de la zone en tant que vice-pr\u00e9sidente des communications et a \u00e9t\u00e9 membre de l'\u00e9quipe m\u00e9dicale de la Coupe du monde de Lake Louise \u00e0 partir de 2016.<\/p>\n<p>Professionnellement, Amy a d\u00e9but\u00e9 sa carri\u00e8re dans les march\u00e9s de capitaux priv\u00e9s, occupant des postes li\u00e9s \u00e0 la gestion des investisseurs, au marketing et aux communications, pour \u00e9voluer vers un r\u00f4le de leadership en tant que vice-pr\u00e9sidente des march\u00e9s de capitaux. Apr\u00e8s son passage dans le secteur priv\u00e9, elle s'est jointe \u00e0 une association \u00e0 but non lucratif bas\u00e9e sur l'adh\u00e9sion, o\u00f9 elle a contribu\u00e9 \u00e0 la croissance strat\u00e9gique de l'association en termes d'employ\u00e9s, de programmes offerts et de membres. Son orientation strat\u00e9gique, son esprit op\u00e9rationnel et son leadership inn\u00e9 sont demeur\u00e9s des piliers de force dans sa carri\u00e8re jusqu'\u00e0 pr\u00e9sent. Amy d\u00e9tient un baccalaur\u00e9at en commerce de l'\u00c9cole de commerce Smith de l'Universit\u00e9 Queen's et un certificat en design graphique du SAIT.<\/p>\n<p>Ayant initialement rejoint la patrouille apr\u00e8s avoir entendu les histoires de son p\u00e8re sur son exp\u00e9rience en tant que membre de la PCS, Amy est enthousiaste \u00e0 l'id\u00e9e de participer \u00e0 la croissance et \u00e0 la modernisation de l'organisation afin de voir son propre fils patrouiller un jour. Elle est ravie de servir les membres dans ce nouveau r\u00f4le de directrice nationale<\/p>\n<\/div>\n<\/div><\/div><\/div><\/div><\/div>","protected":false},"excerpt":{"rendered":"<p>Amy s&rsquo;est jointe \u00e0 la Patrouille canadienne de ski en 2015 et est demeur\u00e9e une patrouilleuse active \u00e0 la station de ski Lake Louise dans la zone de Calgary. En plus de ses t\u00e2ches r\u00e9guli\u00e8res de patrouille, elle s&rsquo;est impliqu\u00e9e au niveau de la zone en tant que vice-pr\u00e9sidente des communications et a \u00e9t\u00e9 membre<a class=\"read-more\" href=\"https:\/\/www.skipatrol.ca\/fr\/votre-direct\/amy-scullion\/\"><br \/>-> Lire la suite<span class=\"screen-reader-text\">  Amy Scullion<\/span><\/a><\/p>\n","protected":false},"author":6132,"featured_media":0,"parent":6924,"menu_order":0,"comment_status":"closed","ping_status":"closed","template":"","meta":{"footnotes":""},"class_list":["post-14061","page","type-page","status-publish","hentry"],"_links":{"self":[{"href":"https:\/\/www.skipatrol.ca\/fr\/wp-json\/wp\/v2\/pages\/14061","targetHints":{"allow":["GET"]}}],"collection":[{"href":"https:\/\/www.skipatrol.ca\/fr\/wp-json\/wp\/v2\/pages"}],"about":[{"href":"https:\/\/www.skipatrol.ca\/fr\/wp-json\/wp\/v2\/types\/page"}],"author":[{"embeddable":true,"href":"https:\/\/www.skipatrol.ca\/fr\/wp-json\/wp\/v2\/users\/6132"}],"replies":[{"embeddable":true,"href":"https:\/\/www.skipatrol.ca\/fr\/wp-json\/wp\/v2\/comments?post=14061"}],"version-history":[{"count":1,"href":"https:\/\/www.skipatrol.ca\/fr\/wp-json\/wp\/v2\/pages\/14061\/revisions"}],"predecessor-version":[{"id":14062,"href":"https:\/\/www.skipatrol.ca\/fr\/wp-json\/wp\/v2\/pages\/14061\/revisions\/14062"}],"up":[{"embeddable":true,"href":"https:\/\/www.skipatrol.ca\/fr\/wp-json\/wp\/v2\/pages\/6924"}],"wp:attachment":[{"href":"https:\/\/www.skipatrol.ca\/fr\/wp-json\/wp\/v2\/media?parent=14061"}],"curies":[{"name":"wp","href":"https:\/\/api.w.org\/{rel}","templated":true}]}}