{"id":14066,"date":"2024-10-17T21:01:19","date_gmt":"2024-10-18T01:01:19","guid":{"rendered":"https:\/\/www.skipatrol.ca\/?page_id=14066"},"modified":"2024-12-03T15:54:49","modified_gmt":"2024-12-03T20:54:49","slug":"sam-morcos","status":"publish","type":"page","link":"https:\/\/www.skipatrol.ca\/fr\/sam-morcos\/","title":{"rendered":"Sam Morcos"},"content":{"rendered":"<div id=\"pl-14066\"  class=\"panel-layout\" ><div id=\"pg-14066-0\"  class=\"panel-grid panel-no-style\" ><div id=\"pgc-14066-0-0\"  class=\"panel-grid-cell\" ><div id=\"panel-14066-0-0-0\" class=\"so-panel widget widget_sow-editor panel-first-child panel-last-child\" data-index=\"0\" ><div\n\t\t\t\n\t\t\tclass=\"so-widget-sow-editor so-widget-sow-editor-base\"\n\t\t\t\n\t\t>\n<div class=\"siteorigin-widget-tinymce textwidget\">\n\t<p><img loading=\"lazy\" decoding=\"async\" class=\"aligncenter size-medium wp-image-14067\" src=\"https:\/\/cspnational.s3.ca-central-1.amazonaws.com\/wp-content\/uploads\/2024\/10\/17210103\/Sam-Morcos-300x260.jpg\" alt=\"\" width=\"300\" height=\"260\" srcset=\"https:\/\/cspnational.s3.ca-central-1.amazonaws.com\/wp-content\/uploads\/2024\/10\/17210103\/Sam-Morcos-300x260.jpg 300w, https:\/\/cspnational.s3.ca-central-1.amazonaws.com\/wp-content\/uploads\/2024\/10\/17210103\/Sam-Morcos.jpg 644w\" sizes=\"auto, (max-width: 300px) 100vw, 300px\" \/><\/p>\n<\/div>\n<\/div><\/div><\/div><div id=\"pgc-14066-0-1\"  class=\"panel-grid-cell\" ><div id=\"panel-14066-0-1-0\" class=\"so-panel widget widget_sow-editor panel-first-child panel-last-child\" data-index=\"1\" ><div\n\t\t\t\n\t\t\tclass=\"so-widget-sow-editor so-widget-sow-editor-base\"\n\t\t\t\n\t\t>\n<div class=\"siteorigin-widget-tinymce textwidget\">\n\t<p>Sam s'est joint \u00e0 la Patrouille canadienne de ski en 2003 dans la zone Gatineau o\u00f9 il continue d'\u00eatre un membre actif. Sam a \u00e9t\u00e9 instructeur associ\u00e9 pendant de nombreuses ann\u00e9es et, plus r\u00e9cemment, est instructeur et a particip\u00e9 en tant que secr\u00e9taire de zone ainsi que membre du conseil ex\u00e9cutif.<\/p>\n<p>Sam a plus de 25 ans d'exp\u00e9rience en tant que leader, sp\u00e9cialis\u00e9 dans les logiciels de s\u00e9curit\u00e9 favorisant les relations clients et partenaires dans le monde entier. En 2023, il a pris sa retraite en tant que vice-pr\u00e9sident principal et directeur g\u00e9n\u00e9ral des solutions de certificats chez Entrust. Au cours de son mandat chez Entrust, il a occup\u00e9 des postes de haute direction dans les ventes, les programmes de distribution et les op\u00e9rations, notamment celui de vice-pr\u00e9sident des op\u00e9rations pour l'Asie-Pacifique et l'Am\u00e9rique latine.<\/p>\n<p>Il est titulaire d\u2019un baccalaur\u00e9at \u00e8s sciences en physique de l\u2019Universit\u00e9 de Waterloo, d\u2019une ma\u00eetrise en physique d\u2019instrumentation de l\u2019Universit\u00e9 de l\u2019Utah et d\u2019une ma\u00eetrise en administration des affaires en commerce internationales et finances de l\u2019Universit\u00e9 York (Schulich School of Business).<\/p>\n<p>Sam patrouille \u00e0 Mont-Tremblant et est ravi d'\u00eatre directeur du conseil d'administration de la Patrouille canadienne de ski et voit la PCS profiter de la technologie et jouant un r\u00f4le plus actif en pr\u00e9vention.<\/p>\n<\/div>\n<\/div><\/div><\/div><\/div><\/div>","protected":false},"excerpt":{"rendered":"<p>Sam s&rsquo;est joint \u00e0 la Patrouille canadienne de ski en 2003 dans la zone Gatineau o\u00f9 il continue d&rsquo;\u00eatre un membre actif. Sam a \u00e9t\u00e9 instructeur associ\u00e9 pendant de nombreuses ann\u00e9es et, plus r\u00e9cemment, est instructeur et a particip\u00e9 en tant que secr\u00e9taire de zone ainsi que membre du conseil ex\u00e9cutif. Sam a plus de<a class=\"read-more\" href=\"https:\/\/www.skipatrol.ca\/fr\/sam-morcos\/\"><br \/>-> Lire la suite<span class=\"screen-reader-text\">  Sam Morcos<\/span><\/a><\/p>\n","protected":false},"author":6132,"featured_media":0,"parent":0,"menu_order":0,"comment_status":"closed","ping_status":"closed","template":"","meta":{"footnotes":""},"class_list":["post-14066","page","type-page","status-publish","hentry"],"_links":{"self":[{"href":"https:\/\/www.skipatrol.ca\/fr\/wp-json\/wp\/v2\/pages\/14066","targetHints":{"allow":["GET"]}}],"collection":[{"href":"https:\/\/www.skipatrol.ca\/fr\/wp-json\/wp\/v2\/pages"}],"about":[{"href":"https:\/\/www.skipatrol.ca\/fr\/wp-json\/wp\/v2\/types\/page"}],"author":[{"embeddable":true,"href":"https:\/\/www.skipatrol.ca\/fr\/wp-json\/wp\/v2\/users\/6132"}],"replies":[{"embeddable":true,"href":"https:\/\/www.skipatrol.ca\/fr\/wp-json\/wp\/v2\/comments?post=14066"}],"version-history":[{"count":2,"href":"https:\/\/www.skipatrol.ca\/fr\/wp-json\/wp\/v2\/pages\/14066\/revisions"}],"predecessor-version":[{"id":14093,"href":"https:\/\/www.skipatrol.ca\/fr\/wp-json\/wp\/v2\/pages\/14066\/revisions\/14093"}],"wp:attachment":[{"href":"https:\/\/www.skipatrol.ca\/fr\/wp-json\/wp\/v2\/media?parent=14066"}],"curies":[{"name":"wp","href":"https:\/\/api.w.org\/{rel}","templated":true}]}}