{"id":14076,"date":"2024-10-17T22:12:47","date_gmt":"2024-10-18T02:12:47","guid":{"rendered":"https:\/\/www.skipatrol.ca\/?page_id=14076"},"modified":"2024-10-17T22:12:47","modified_gmt":"2024-10-18T02:12:47","slug":"kerri-loudoun","status":"publish","type":"page","link":"https:\/\/www.skipatrol.ca\/fr\/votre-direct\/kerri-loudoun\/","title":{"rendered":"Kerri \u00ab\u00a0Kez\u00a0\u00bb Loudoun"},"content":{"rendered":"<div id=\"pl-14076\"  class=\"panel-layout\" ><div id=\"pg-14076-0\"  class=\"panel-grid panel-no-style\" ><div id=\"pgc-14076-0-0\"  class=\"panel-grid-cell\" ><div id=\"panel-14076-0-0-0\" class=\"so-panel widget widget_sow-editor panel-first-child panel-last-child\" data-index=\"0\" ><div\n\t\t\t\n\t\t\tclass=\"so-widget-sow-editor so-widget-sow-editor-base\"\n\t\t\t\n\t\t>\n<div class=\"siteorigin-widget-tinymce textwidget\">\n\t<p><img loading=\"lazy\" decoding=\"async\" class=\"aligncenter size-medium wp-image-14074\" src=\"https:\/\/cspnational.s3.ca-central-1.amazonaws.com\/wp-content\/uploads\/2020\/10\/17220405\/Kerri-Loudoun-public-site-291x300.png\" alt=\"\" width=\"291\" height=\"300\" srcset=\"https:\/\/cspnational.s3.ca-central-1.amazonaws.com\/wp-content\/uploads\/2020\/10\/17220405\/Kerri-Loudoun-public-site-291x300.png 291w, https:\/\/cspnational.s3.ca-central-1.amazonaws.com\/wp-content\/uploads\/2020\/10\/17220405\/Kerri-Loudoun-public-site-994x1024.png 994w, https:\/\/cspnational.s3.ca-central-1.amazonaws.com\/wp-content\/uploads\/2020\/10\/17220405\/Kerri-Loudoun-public-site-768x791.png 768w, https:\/\/cspnational.s3.ca-central-1.amazonaws.com\/wp-content\/uploads\/2020\/10\/17220405\/Kerri-Loudoun-public-site.png 1059w\" sizes=\"auto, (max-width: 291px) 100vw, 291px\" \/><\/p>\n<\/div>\n<\/div><\/div><\/div><div id=\"pgc-14076-0-1\"  class=\"panel-grid-cell\" ><div id=\"panel-14076-0-1-0\" class=\"so-panel widget widget_sow-editor panel-first-child panel-last-child\" data-index=\"1\" ><div\n\t\t\t\n\t\t\tclass=\"so-widget-sow-editor so-widget-sow-editor-base\"\n\t\t\t\n\t\t>\n<div class=\"siteorigin-widget-tinymce textwidget\">\n\t<p>Kerri s'est jointe \u00e0 la PCS en 2015 pour partager son amour et son enthousiasme pour l'hiver. Elle patrouille \u00e0 Boler Mountain \u00e0 London, en Ontario - le centre de ski alpin le plus au sud du Canada. Kerri a appris \u00e0 faire du snowboard beaucoup plus tard que plusieurs de ses coll\u00e8gues patrouilleurs - \u00e0 l'\u00e2ge de 26 ans. Apr\u00e8s avoir patrouill\u00e9 en snowboard pendant trois saisons, Kerri a d\u00e9cid\u00e9 qu'elle voulait aussi \u00eatre qualifi\u00e9e pour patrouiller en ski. En d\u00e9cembre 2018, elle a commenc\u00e9 \u00e0 apprendre \u00e0 skier et a \u00e9t\u00e9 qualifi\u00e9e pour patrouiller en janvier 2020.<\/p>\n<p>En tant que membre de la zone de l'Ouest, elle a fourni un soutien en marketing et en communications. Puis en 2021, elle a \u00e9t\u00e9 choisie comme responsable du portefeuille des communications et du marketing au niveau national, qui supervise de nombreux aspects de la PCS, notamment les sites Web publics et des membres, les infolettres, les uniformes, les partenariats de rabais professionnels, les m\u00e9dias sociaux et soutient \u00e9galement de mani\u00e8re importante le portefeuille de la formation et du d\u00e9veloppement. Elle est aussi membre du comit\u00e9 sur l'\u00e9quit\u00e9, la diversit\u00e9 et l'inclusion et elle est directrice du conseil d'administration de Boler Mountain.<\/p>\n<p>En 2024, Kerri est devenue instructrice dans le cadre du Programme de certification des instructeurs de la PCS, et elle a \u00e9t\u00e9 reconnue par des prix nationaux : le prix John D Harper pour sauvetage en 2023 et le prix national de reconnaissance en 2024.<\/p>\n<p>L'exp\u00e9rience professionnelle de Kerri s'\u00e9tend sur 20 ans en marketing et communications dans des agences au Canada et en Australie, avec une attention particuli\u00e8re pour les organismes \u00e0 but non lucratif ainsi que les \u00e9tablissements d'enseignement.<\/p>\n<\/div>\n<\/div><\/div><\/div><\/div><\/div>","protected":false},"excerpt":{"rendered":"<p>Kerri s&rsquo;est jointe \u00e0 la PCS en 2015 pour partager son amour et son enthousiasme pour l&rsquo;hiver. Elle patrouille \u00e0 Boler Mountain \u00e0 London, en Ontario &#8211; le centre de ski alpin le plus au sud du Canada. Kerri a appris \u00e0 faire du snowboard beaucoup plus tard que plusieurs de ses coll\u00e8gues patrouilleurs &#8211;<a class=\"read-more\" href=\"https:\/\/www.skipatrol.ca\/fr\/votre-direct\/kerri-loudoun\/\"><br \/>-> Lire la suite<span class=\"screen-reader-text\">  Kerri \u00ab\u00a0Kez\u00a0\u00bb Loudoun<\/span><\/a><\/p>\n","protected":false},"author":6132,"featured_media":0,"parent":6924,"menu_order":0,"comment_status":"closed","ping_status":"closed","template":"","meta":{"footnotes":""},"class_list":["post-14076","page","type-page","status-publish","hentry"],"_links":{"self":[{"href":"https:\/\/www.skipatrol.ca\/fr\/wp-json\/wp\/v2\/pages\/14076","targetHints":{"allow":["GET"]}}],"collection":[{"href":"https:\/\/www.skipatrol.ca\/fr\/wp-json\/wp\/v2\/pages"}],"about":[{"href":"https:\/\/www.skipatrol.ca\/fr\/wp-json\/wp\/v2\/types\/page"}],"author":[{"embeddable":true,"href":"https:\/\/www.skipatrol.ca\/fr\/wp-json\/wp\/v2\/users\/6132"}],"replies":[{"embeddable":true,"href":"https:\/\/www.skipatrol.ca\/fr\/wp-json\/wp\/v2\/comments?post=14076"}],"version-history":[{"count":1,"href":"https:\/\/www.skipatrol.ca\/fr\/wp-json\/wp\/v2\/pages\/14076\/revisions"}],"predecessor-version":[{"id":14077,"href":"https:\/\/www.skipatrol.ca\/fr\/wp-json\/wp\/v2\/pages\/14076\/revisions\/14077"}],"up":[{"embeddable":true,"href":"https:\/\/www.skipatrol.ca\/fr\/wp-json\/wp\/v2\/pages\/6924"}],"wp:attachment":[{"href":"https:\/\/www.skipatrol.ca\/fr\/wp-json\/wp\/v2\/media?parent=14076"}],"curies":[{"name":"wp","href":"https:\/\/api.w.org\/{rel}","templated":true}]}}