{"id":4895,"date":"2016-12-14T03:55:09","date_gmt":"2016-12-14T03:55:09","guid":{"rendered":"https:\/\/www.skipatrol.ca\/where-we-play\/recruitment-mauricie-zone\/"},"modified":"2020-10-22T19:52:42","modified_gmt":"2020-10-22T23:52:42","slug":"recruitment-mauricie-zone","status":"publish","type":"page","link":"https:\/\/www.skipatrol.ca\/fr\/where-we-play\/recruitment-mauricie-zone\/","title":{"rendered":"Recrutement &#8211; Zone Mauricie"},"content":{"rendered":"<div id=\"pl-4895\"  class=\"panel-layout\" ><div id=\"pg-4895-0\"  class=\"panel-grid panel-has-style\" ><div class=\"siteorigin-panels-stretch panel-row-style panel-row-style-for-4895-0\" data-stretch-type=\"full-stretched\" ><div id=\"pgc-4895-0-0\"  class=\"panel-grid-cell\" ><div id=\"panel-4895-0-0-0\" class=\"so-panel widget widget_sow-hero panel-first-child panel-last-child\" data-index=\"0\" ><div\n\t\t\t\n\t\t\tclass=\"so-widget-sow-hero so-widget-sow-hero-default-726c278694b5-4895 so-widget-fittext-wrapper\"\n\t\t\t data-fit-text-compressor=\"0.85\"\n\t\t>\t\t\t\t<div class=\"sow-slider-base\" style=\"display: none\" tabindex=\"0\">\n\t\t\t\t\t<ul\n\t\t\t\t\tclass=\"sow-slider-images\"\n\t\t\t\t\tdata-settings=\"{&quot;pagination&quot;:true,&quot;speed&quot;:800,&quot;timeout&quot;:8000,&quot;paused&quot;:false,&quot;pause_on_hover&quot;:false,&quot;swipe&quot;:true,&quot;nav_always_show_desktop&quot;:&quot;&quot;,&quot;nav_always_show_mobile&quot;:&quot;&quot;,&quot;breakpoint&quot;:&quot;780px&quot;,&quot;unmute&quot;:false,&quot;anchor&quot;:null}\"\n\t\t\t\t\t\t\t\t\t\tdata-anchor-id=\"\"\n\t\t\t\t>\t\t<li class=\"sow-slider-image  sow-slider-image-cover\" style=\"visibility: visible;;background-color: #353535\" >\n\t\t\t\t\t<div class=\"sow-slider-image-container\">\n\t\t\t<div class=\"sow-slider-image-wrapper\">\n\t\t\t\t<h1 style=\"text-align: left\">Zone Mauricie<\/h1>\n<p>Nous appr\u00e9cions votre int\u00e9r\u00eat dans la Patrouille canadienne de ski. Veuillez remplir ce formulaire et cliquer sur \u00ab Inscrivez-moi \u00bb. Un repr\u00e9sentant local de la Patouille vous contactera sous peu.<\/p>\n<p>Apr\u00e8s avoir cliqu\u00e9 sur \u00ab Inscrivez-moi \u00bb, vous serez redirig\u00e9 vers le site de votre zone locale; sinon, celui de votre division. Si ni l'un ni l'autre n'existe, vous serez renvoy\u00e9 au site national.<\/p>\n<p>&nbsp;<\/p>\n<script>(function() {\n\twindow.mc4wp = window.mc4wp || {\n\t\tlisteners: [],\n\t\tforms: {\n\t\t\ton: function(evt, cb) {\n\t\t\t\twindow.mc4wp.listeners.push(\n\t\t\t\t\t{\n\t\t\t\t\t\tevent   : evt,\n\t\t\t\t\t\tcallback: cb\n\t\t\t\t\t}\n\t\t\t\t);\n\t\t\t}\n\t\t}\n\t}\n})();\n<\/script><!-- Mailchimp for WordPress v4.10.9 - https:\/\/wordpress.org\/plugins\/mailchimp-for-wp\/ --><form id=\"mc4wp-form-1\" class=\"mc4wp-form mc4wp-form-1817 mc4wp-form-theme mc4wp-form-theme-red mc4wp-ajax\" method=\"post\" data-id=\"1817\" data-name=\"Where We Play - Maurice Zone\" ><div class=\"mc4wp-form-fields\"><p>\r\n    <label>First Name<\/label>\r\n    <input type=\"text\" name=\"FNAME\" required>\r\n<\/p>\r\n<p>\r\n    <label>Last Name<\/label>\r\n    <input type=\"text\" name=\"LNAME\" required>\r\n<\/p>\r\n<p>\r\n\t<label>Email<\/label>\r\n\t<input type=\"email\" name=\"EMAIL\" placeholder=\"\" required \/>\r\n<\/p>\r\n<p hidden>\r\n    <label>Zone<\/label>\r\n    <label>\r\n        <input name=\"INTERESTS[87906956c4][]\" type=\"checkbox\" value=\"b09596cfaa\"> <span>Cabot<\/span>\r\n    <\/label>\r\n    <label>\r\n        <input name=\"INTERESTS[87906956c4][]\" type=\"checkbox\" value=\"05a108624f\"> <span>Humber Dorset<\/span>\r\n    <\/label>\r\n    <label>\r\n        <input name=\"INTERESTS[87906956c4][]\" type=\"checkbox\" value=\"3d02e25ba9\"> <span>Scotia<\/span>\r\n    <\/label>\r\n    <label>\r\n        <input name=\"INTERESTS[87906956c4][]\" type=\"checkbox\" value=\"cab6cedd65\"> <span>Terranova<\/span>\r\n    <\/label>\r\n    <label>\r\n        <input name=\"INTERESTS[87906956c4][]\" type=\"checkbox\" value=\"f85a97a80a\"> <span>Labrador<\/span>\r\n    <\/label>\r\n    <label>\r\n        <input name=\"INTERESTS[87906956c4][]\" type=\"checkbox\" value=\"0a1ba63f24\"> <span>Fundy<\/span>\r\n    <\/label>\r\n    <label>\r\n        <input name=\"INTERESTS[87906956c4][]\" type=\"checkbox\" value=\"bdcdb7c526\"> <span>North Border<\/span>\r\n    <\/label>\r\n    <label>\r\n        <input name=\"INTERESTS[87906956c4][]\" type=\"checkbox\" value=\"75c558b2fb\"> <span>Confederation<\/span>\r\n    <\/label>\r\n    <label>\r\n        <input name=\"INTERESTS[87906956c4][]\" type=\"checkbox\" value=\"944b77a018\"> <span>Baie Comeau<\/span>\r\n    <\/label>\r\n    <label>\r\n        <input name=\"INTERESTS[87906956c4][]\" type=\"checkbox\" value=\"1d4b5db077\"> <span>Est du Quebec<\/span>\r\n    <\/label>\r\n    <label>\r\n        <input name=\"INTERESTS[87906956c4][]\" type=\"checkbox\" value=\"45a761e0e4\"> <span>Eastern Township<\/span>\r\n    <\/label>\r\n    <label>\r\n        <input name=\"INTERESTS[87906956c4][]\" type=\"checkbox\" value=\"2c004e5bcb\"> <span>Gaspe<\/span>\r\n    <\/label>\r\n    <label>\r\n        <input name=\"INTERESTS[87906956c4][]\" type=\"checkbox\" value=\"363f984c11\"> <span>Gatineau<\/span>\r\n    <\/label>\r\n    <label>\r\n        <input name=\"INTERESTS[87906956c4][]\" type=\"checkbox\" value=\"0020c63d21\"> <span>Laurentian<\/span>\r\n    <\/label>\r\n    <label>\r\n        <input name=\"INTERESTS[87906956c4][]\" type=\"checkbox\" value=\"a65930e790\" checked> <span>Mauricie<\/span>\r\n    <\/label>\r\n    <label>\r\n        <input name=\"INTERESTS[87906956c4][]\" type=\"checkbox\" value=\"a2b402a262\"> <span>Quebec Zone<\/span>\r\n    <\/label>\r\n    <label>\r\n        <input name=\"INTERESTS[87906956c4][]\" type=\"checkbox\" value=\"2ee4a53220\"> <span>Saguenay Lac St Jean<\/span>\r\n    <\/label>\r\n    <label>\r\n        <input name=\"INTERESTS[87906956c4][]\" type=\"checkbox\" value=\"92560668f1\"> <span>Sept-Iles<\/span>\r\n    <\/label>\r\n    <label>\r\n        <input name=\"INTERESTS[87906956c4][]\" type=\"checkbox\" value=\"939290d299\"> <span>Abitibi<\/span>\r\n    <\/label>\r\n    <label>\r\n        <input name=\"INTERESTS[87906956c4][]\" type=\"checkbox\" value=\"5ae1765be9\"> <span>Bois-Francs<\/span>\r\n    <\/label>\r\n    <label>\r\n        <input name=\"INTERESTS[87906956c4][]\" type=\"checkbox\" value=\"a4e5a8b1c8\"> <span>De Lanaudiere<\/span>\r\n    <\/label>\r\n    <label>\r\n        <input name=\"INTERESTS[87906956c4][]\" type=\"checkbox\" value=\"03a2b65aac\"> <span>Algonquin<\/span>\r\n    <\/label>\r\n    <label>\r\n        <input name=\"INTERESTS[87906956c4][]\" type=\"checkbox\" value=\"938bb04fc9\"> <span>Central<\/span>\r\n    <\/label>\r\n    <label>\r\n        <input name=\"INTERESTS[87906956c4][]\" type=\"checkbox\" value=\"38698a365b\"> <span>Frontenac<\/span>\r\n    <\/label>\r\n    <label>\r\n        <input name=\"INTERESTS[87906956c4][]\" type=\"checkbox\" value=\"01e07a977b\"> <span>Kawartha<\/span>\r\n    <\/label>\r\n    <label>\r\n        <input name=\"INTERESTS[87906956c4][]\" type=\"checkbox\" value=\"f371751a9c\"> <span>Sault Ste. Marie<\/span>\r\n    <\/label>\r\n    <label>\r\n        <input name=\"INTERESTS[87906956c4][]\" type=\"checkbox\" value=\"8ce5b49b6f\"> <span>Superior<\/span>\r\n    <\/label>\r\n    <label>\r\n        <input name=\"INTERESTS[87906956c4][]\" type=\"checkbox\" value=\"cfa4cfcbb2\"> <span>Western<\/span>\r\n    <\/label>\r\n    <label>\r\n        <input name=\"INTERESTS[87906956c4][]\" type=\"checkbox\" value=\"3341969b18\"> <span>Muskoka<\/span>\r\n    <\/label>\r\n    <label>\r\n        <input name=\"INTERESTS[87906956c4][]\" type=\"checkbox\" value=\"a2cf37ab13\"> <span>Lake of the Woods<\/span>\r\n    <\/label>\r\n    <label>\r\n        <input name=\"INTERESTS[87906956c4][]\" type=\"checkbox\" value=\"69eb79b0eb\"> <span>Red River<\/span>\r\n    <\/label>\r\n    <label>\r\n        <input name=\"INTERESTS[87906956c4][]\" type=\"checkbox\" value=\"21dfdc7d23\"> <span>Westman<\/span>\r\n    <\/label>\r\n    <label>\r\n        <input name=\"INTERESTS[87906956c4][]\" type=\"checkbox\" value=\"f25ba7344f\"> <span>Norman<\/span>\r\n    <\/label>\r\n    <label>\r\n        <input name=\"INTERESTS[87906956c4][]\" type=\"checkbox\" value=\"842eca17ef\"> <span>Battle<\/span>\r\n    <\/label>\r\n    <label>\r\n        <input name=\"INTERESTS[87906956c4][]\" type=\"checkbox\" value=\"418ec60fd2\"> <span>Parkland<\/span>\r\n    <\/label>\r\n    <label>\r\n        <input name=\"INTERESTS[87906956c4][]\" type=\"checkbox\" value=\"d90a755a18\"> <span>QuAppelle<\/span>\r\n    <\/label>\r\n    <label>\r\n        <input name=\"INTERESTS[87906956c4][]\" type=\"checkbox\" value=\"3befdc4126\"> <span>Wapiti<\/span>\r\n    <\/label>\r\n    <label>\r\n        <input name=\"INTERESTS[87906956c4][]\" type=\"checkbox\" value=\"e921e51eb5\"> <span>Calgary<\/span>\r\n    <\/label>\r\n    <label>\r\n        <input name=\"INTERESTS[87906956c4][]\" type=\"checkbox\" value=\"f871e5fd5f\"> <span>Drayton Valley<\/span>\r\n    <\/label>\r\n    <label>\r\n        <input name=\"INTERESTS[87906956c4][]\" type=\"checkbox\" value=\"dfcd2e900e\"> <span>Edmonton<\/span>\r\n    <\/label>\r\n    <label>\r\n        <input name=\"INTERESTS[87906956c4][]\" type=\"checkbox\" value=\"42d000fed2\"> <span>Fort McMurray<\/span>\r\n    <\/label>\r\n    <label>\r\n        <input name=\"INTERESTS[87906956c4][]\" type=\"checkbox\" value=\"866d454f80\"> <span>Yukon<\/span>\r\n    <\/label>\r\n    <label>\r\n        <input name=\"INTERESTS[87906956c4][]\" type=\"checkbox\" value=\"6d42f3ad3e\"> <span>Red Deer<\/span>\r\n    <\/label>\r\n    <label>\r\n        <input name=\"INTERESTS[87906956c4][]\" type=\"checkbox\" value=\"f3b954c0a7\"> <span>Southern Alberta<\/span>\r\n    <\/label>\r\n    <label>\r\n        <input name=\"INTERESTS[87906956c4][]\" type=\"checkbox\" value=\"a1438c2da6\"> <span>Pembina<\/span>\r\n    <\/label>\r\n    <label>\r\n        <input name=\"INTERESTS[87906956c4][]\" type=\"checkbox\" value=\"5bb52dd04b\"> <span>Peace<\/span>\r\n    <\/label>\r\n    <label>\r\n        <input name=\"INTERESTS[87906956c4][]\" type=\"checkbox\" value=\"8958800dec\"> <span>Watson Lake<\/span>\r\n    <\/label>\r\n    <label>\r\n        <input name=\"INTERESTS[87906956c4][]\" type=\"checkbox\" value=\"ef0f27b58a\"> <span>Palliser<\/span>\r\n    <\/label>\r\n    <label>\r\n        <input name=\"INTERESTS[87906956c4][]\" type=\"checkbox\" value=\"f5bb1ab4db\"> <span>Apex<\/span>\r\n    <\/label>\r\n    <label>\r\n        <input name=\"INTERESTS[87906956c4][]\" type=\"checkbox\" value=\"931fa52b1a\"> <span>Inter-Mountain<\/span>\r\n    <\/label>\r\n    <label>\r\n        <input name=\"INTERESTS[87906956c4][]\" type=\"checkbox\" value=\"51e75b8494\"> <span>Ogopogo<\/span>\r\n    <\/label>\r\n    <label>\r\n        <input name=\"INTERESTS[87906956c4][]\" type=\"checkbox\" value=\"74eca33f30\"> <span>East Kootenay<\/span>\r\n    <\/label>\r\n    <label>\r\n        <input name=\"INTERESTS[87906956c4][]\" type=\"checkbox\" value=\"37351ee954\"> <span>Greater Vancouver<\/span>\r\n    <\/label>\r\n    <label>\r\n        <input name=\"INTERESTS[87906956c4][]\" type=\"checkbox\" value=\"027e0cca11\"> <span>Kokanee<\/span>\r\n    <\/label>\r\n    <label>\r\n        <input name=\"INTERESTS[87906956c4][]\" type=\"checkbox\" value=\"8911424885\"> <span>Blue River<\/span>\r\n    <\/label>\r\n    <label>\r\n        <input name=\"INTERESTS[87906956c4][]\" type=\"checkbox\" value=\"af2c327a7f\"> <span>Dawson Creek<\/span>\r\n    <\/label>\r\n    <label>\r\n        <input name=\"INTERESTS[87906956c4][]\" type=\"checkbox\" value=\"33dca19277\"> <span>Prince George<\/span>\r\n    <\/label>\r\n    <label>\r\n        <input name=\"INTERESTS[87906956c4][]\" type=\"checkbox\" value=\"0f5cc5351b\"> <span>Smithers<\/span>\r\n    <\/label>\r\n    <label>\r\n        <input name=\"INTERESTS[87906956c4][]\" type=\"checkbox\" value=\"6c43b95bcc\"> <span>Skeena<\/span>\r\n    <\/label>\r\n<\/p>\r\n<p>\r\n\t<input type=\"submit\" value=\"Sign up\" \/>\r\n<\/p><\/div><label style=\"display: none !important;\">Leave this field empty if you're human: <input type=\"text\" name=\"_mc4wp_honeypot\" value=\"\" tabindex=\"-1\" autocomplete=\"off\" \/><\/label><input type=\"hidden\" name=\"_mc4wp_timestamp\" value=\"1775304443\" \/><input type=\"hidden\" name=\"_mc4wp_form_id\" value=\"1817\" \/><input type=\"hidden\" name=\"_mc4wp_form_element_id\" value=\"mc4wp-form-1\" \/><div class=\"mc4wp-response\"><\/div><\/form><!-- \/ Mailchimp for WordPress Plugin -->\n\t\t\t<\/div>\n\t\t<\/div>\n\t\t<div class=\"sow-slider-image-overlay sow-slider-image-cover\" style=\"opacity: 0.65;background-image: url(https:\/\/www.skipatrol.ca\/sites\/www.skipatrol.ca\/wp-content\/uploads\/2016\/12\/mauricie-zone.jpeg)\"  ><\/div>\t\t<\/li>\n\t\t<\/ul>\t\t\t\t<ol class=\"sow-slider-pagination\">\n\t\t\t\t\t\t\t\t\t\t\t<li><a href=\"#\" data-goto=\"0\" aria-label=\"Display slide 1\"><\/a><\/li>\n\t\t\t\t\t\t\t\t\t<\/ol>\n\n\t\t\t\t<div class=\"sow-slide-nav sow-slide-nav-next\">\n\t\t\t\t\t<a href=\"#\" data-goto=\"next\" aria-label=\"Next slide\" data-action=\"next\">\n\t\t\t\t\t\t<em class=\"sow-sld-icon-thin-right\"><\/em>\n\t\t\t\t\t<\/a>\n\t\t\t\t<\/div>\n\n\t\t\t\t<div class=\"sow-slide-nav sow-slide-nav-prev\">\n\t\t\t\t\t<a href=\"#\" data-goto=\"previous\" aria-label=\"Previous slide\" data-action=\"prev\">\n\t\t\t\t\t\t<em class=\"sow-sld-icon-thin-left\"><\/em>\n\t\t\t\t\t<\/a>\n\t\t\t\t<\/div>\n\t\t\t\t<\/div><\/div><\/div><\/div><\/div><\/div><\/div>","protected":false},"excerpt":{"rendered":"<p>Zone Mauricie Nous appr\u00e9cions votre int\u00e9r\u00eat dans la Patrouille canadienne de ski. Veuillez remplir ce formulaire et cliquer sur \u00ab Inscrivez-moi \u00bb. Un repr\u00e9sentant local de la Patouille vous contactera sous peu. Apr\u00e8s avoir cliqu\u00e9 sur \u00ab Inscrivez-moi \u00bb, vous serez redirig\u00e9 vers le site de votre zone locale; sinon, celui de votre division. Si<a class=\"read-more\" href=\"https:\/\/www.skipatrol.ca\/fr\/where-we-play\/recruitment-mauricie-zone\/\"><br \/>-> Lire la suite<span class=\"screen-reader-text\">  Recrutement &#8211; Zone Mauricie<\/span><\/a><\/p>\n","protected":false},"author":1,"featured_media":0,"parent":5092,"menu_order":0,"comment_status":"closed","ping_status":"closed","template":"template-fullwidth-no-title.php","meta":{"footnotes":""},"class_list":["post-4895","page","type-page","status-publish","hentry"],"_links":{"self":[{"href":"https:\/\/www.skipatrol.ca\/fr\/wp-json\/wp\/v2\/pages\/4895","targetHints":{"allow":["GET"]}}],"collection":[{"href":"https:\/\/www.skipatrol.ca\/fr\/wp-json\/wp\/v2\/pages"}],"about":[{"href":"https:\/\/www.skipatrol.ca\/fr\/wp-json\/wp\/v2\/types\/page"}],"author":[{"embeddable":true,"href":"https:\/\/www.skipatrol.ca\/fr\/wp-json\/wp\/v2\/users\/1"}],"replies":[{"embeddable":true,"href":"https:\/\/www.skipatrol.ca\/fr\/wp-json\/wp\/v2\/comments?post=4895"}],"version-history":[{"count":4,"href":"https:\/\/www.skipatrol.ca\/fr\/wp-json\/wp\/v2\/pages\/4895\/revisions"}],"predecessor-version":[{"id":5373,"href":"https:\/\/www.skipatrol.ca\/fr\/wp-json\/wp\/v2\/pages\/4895\/revisions\/5373"}],"up":[{"embeddable":true,"href":"https:\/\/www.skipatrol.ca\/fr\/wp-json\/wp\/v2\/pages\/5092"}],"wp:attachment":[{"href":"https:\/\/www.skipatrol.ca\/fr\/wp-json\/wp\/v2\/media?parent=4895"}],"curies":[{"name":"wp","href":"https:\/\/api.w.org\/{rel}","templated":true}]}}