{"id":4991,"date":"2016-05-22T05:58:52","date_gmt":"2016-05-22T05:58:52","guid":{"rendered":"https:\/\/www.skipatrol.ca\/who-we-are\/"},"modified":"2021-01-22T20:34:51","modified_gmt":"2021-01-23T01:34:51","slug":"who-we-are","status":"publish","type":"page","link":"https:\/\/www.skipatrol.ca\/fr\/who-we-are\/","title":{"rendered":"Qui nous sommes"},"content":{"rendered":"<div id=\"pl-4991\"  class=\"panel-layout\" ><div id=\"pg-4991-0\"  class=\"panel-grid panel-has-style\" ><div class=\"siteorigin-panels-stretch panel-row-style panel-row-style-for-4991-0\" data-stretch-type=\"full-stretched\" ><div id=\"pgc-4991-0-0\"  class=\"panel-grid-cell\" ><div id=\"panel-4991-0-0-0\" class=\"so-panel widget widget_sow-hero panel-first-child panel-last-child\" data-index=\"0\" ><div\n\t\t\t\n\t\t\tclass=\"so-widget-sow-hero so-widget-sow-hero-default-4433170768d5-4991 so-widget-fittext-wrapper\"\n\t\t\t data-fit-text-compressor=\"0.85\"\n\t\t>\t\t\t\t<div class=\"sow-slider-base\" style=\"display: none\" tabindex=\"0\">\n\t\t\t\t\t<ul\n\t\t\t\t\tclass=\"sow-slider-images\"\n\t\t\t\t\tdata-settings=\"{&quot;pagination&quot;:true,&quot;speed&quot;:800,&quot;timeout&quot;:8000,&quot;paused&quot;:false,&quot;pause_on_hover&quot;:false,&quot;swipe&quot;:true,&quot;nav_always_show_desktop&quot;:&quot;&quot;,&quot;nav_always_show_mobile&quot;:&quot;&quot;,&quot;breakpoint&quot;:&quot;780px&quot;,&quot;unmute&quot;:false,&quot;anchor&quot;:null}\"\n\t\t\t\t\t\t\t\t\t\tdata-anchor-id=\"\"\n\t\t\t\t>\t\t<li class=\"sow-slider-image  sow-slider-image-cover\" style=\"visibility: visible;;background-color: #6ca6fc\" >\n\t\t\t\t\t<div class=\"sow-slider-image-container\">\n\t\t\t<div class=\"sow-slider-image-wrapper\">\n\t\t\t\t<h1 style=\"text-align: center\">QUI NOUS SOMMES<\/h1>\n\t\t\t<\/div>\n\t\t<\/div>\n\t\t<div class=\"sow-slider-image-overlay sow-slider-image-cover\" style=\"opacity: 0.85;background-image: url(https:\/\/www.skipatrol.ca\/sites\/www.skipatrol.ca\/wp-content\/uploads\/2016\/05\/By-Christian-Tesse6.jpg)\"  ><\/div>\t\t<\/li>\n\t\t<\/ul>\t\t\t\t<ol class=\"sow-slider-pagination\">\n\t\t\t\t\t\t\t\t\t\t\t<li><a href=\"#\" data-goto=\"0\" aria-label=\"Display slide 1\"><\/a><\/li>\n\t\t\t\t\t\t\t\t\t<\/ol>\n\n\t\t\t\t<div class=\"sow-slide-nav sow-slide-nav-next\">\n\t\t\t\t\t<a href=\"#\" data-goto=\"next\" aria-label=\"Next slide\" data-action=\"next\">\n\t\t\t\t\t\t<em class=\"sow-sld-icon-thin-right\"><\/em>\n\t\t\t\t\t<\/a>\n\t\t\t\t<\/div>\n\n\t\t\t\t<div class=\"sow-slide-nav sow-slide-nav-prev\">\n\t\t\t\t\t<a href=\"#\" data-goto=\"previous\" aria-label=\"Previous slide\" data-action=\"prev\">\n\t\t\t\t\t\t<em class=\"sow-sld-icon-thin-left\"><\/em>\n\t\t\t\t\t<\/a>\n\t\t\t\t<\/div>\n\t\t\t\t<\/div><\/div><\/div><\/div><\/div><\/div><div id=\"pg-4991-1\"  class=\"panel-grid panel-has-style\" ><div class=\"panel-row-style panel-row-style-for-4991-1\" ><div id=\"pgc-4991-1-0\"  class=\"panel-grid-cell\" ><div id=\"panel-4991-1-0-0\" class=\"so-panel widget widget_sow-headline panel-first-child panel-last-child\" data-index=\"1\" ><div\n\t\t\t\n\t\t\tclass=\"so-widget-sow-headline so-widget-sow-headline-default-054d5caad7a4-4991 so-widget-fittext-wrapper\"\n\t\t\t data-fit-text-compressor=\"0.85\"\n\t\t><div class=\"sow-headline-container \">\n\t\t\t\t\t\t\t<h1 class=\"sow-headline\">\n\t\t\t\t\t\tLa Patrouille canadienne de ski (PCS) est compos\u00e9e de 4500 b\u00e9n\u00e9voles r\u00e9partis en 56 zones et neuf divisions couvrant l\u2019ensemble du pays.\t\t\t\t\t\t<\/h1>\n\t\t\t\t\t\t\t\t\t\t\t\t<h3 class=\"sow-sub-headline\">\n\t\t\t\t\t\tLa PCS est reconnue comme un organisme \u00e0 but non lucratif. La plupart des membres de la PCS offrent leur temps gratuitement. Certains deviennent \u00e9galement des patrouilleurs r\u00e9mun\u00e9r\u00e9s dans des stations de ski au pays. Les patrouilleurs doivent avoir au moins 18 ans et proviennent de tous les milieux, depuis les milieux \u00e9tudiants jusqu\u2019aux retrait\u00e9s.\t\t\t\t\t\t<\/h3>\n\t\t\t\t\t\t<\/div>\n<\/div><\/div><\/div><\/div><\/div><div id=\"pg-4991-2\"  class=\"panel-grid panel-no-style\" ><div id=\"pgc-4991-2-0\"  class=\"panel-grid-cell\" ><div id=\"panel-4991-2-0-0\" class=\"so-panel widget widget_sow-editor panel-first-child\" data-index=\"2\" ><div\n\t\t\t\n\t\t\tclass=\"so-widget-sow-editor so-widget-sow-editor-base\"\n\t\t\t\n\t\t><h3 class=\"widget-title\">La formation et et la promotion de la s\u00e9curit\u00e9<\/h3>\n<div class=\"siteorigin-widget-tinymce textwidget\">\n\t<p>Le cours de secourisme avanc\u00e9 de la PCS est d\u2019une dur\u00e9e minimale de 60 heures et comporte une formation portant sur la RCR, le DEA et le SIMDUT. Le cours de secourisme avanc\u00e9 de la Patrouille canadienne de ski est reconnu par la majorit\u00e9 des provinces. La PCS donne \u00e9galement \u00e0 ses membres et, dans certains cas, aux patrouilleurs r\u00e9mun\u00e9r\u00e9s, une formation concernant la gestion sur neige du lieu d\u2019un accident, ainsi qu\u2019une formation en mati\u00e8re de s\u00e9curit\u00e9. Les patrouilleurs doivent renouveler leur certification en mati\u00e8re de secourisme chaque ann\u00e9e en suivant un cours de recyclage d\u2019une dur\u00e9e minimale de 16 heures et en passant un examen \u00e9crit portant sur les comp\u00e9tences, les diagnostics et la RCR\/DEA.<\/p>\n<\/div>\n<\/div><\/div><div id=\"panel-4991-2-0-1\" class=\"so-panel widget widget_sow-editor panel-last-child\" data-index=\"3\" ><div\n\t\t\t\n\t\t\tclass=\"so-widget-sow-editor so-widget-sow-editor-base\"\n\t\t\t\n\t\t><h3 class=\"widget-title\">Participation de l'industrie<\/h3>\n<div class=\"siteorigin-widget-tinymce textwidget\">\n\t<p>La PCS compte des membres dans des organismes nationaux et internationaux de ski, ainsi que dans des organismes de secourisme, comme le Conseil canadien du ski, les associations r\u00e9gionales de stations de ski et le groupe de travail canadien charg\u00e9 d\u2019\u00e9laborer des directives en mati\u00e8re de RCR\/DEA. La PCS est un membre fondateur de la F\u00e9d\u00e9ration internationale des patrouilles de ski (FIPS), une organisation internationale compos\u00e9e d\u2019organismes de patrouilleurs de ski repr\u00e9sentant les patrouilleurs et <span class=\"s1\">les organismes nationaux\u00a0<\/span>de s\u00e9curit\u00e9 en ski.<\/p>\n<hr \/>\n<p><strong>La PCS est constamment <span class=\"s1\">\u00e0 la recherche de nouveaux membres et de moyens\u00a0<\/span>d\u2019obtenir des dons, de recueillir des fonds et de conclure des partenariats et des accords de commandite pour financer la prestation de ses services offerts sans frais.<\/strong><\/p>\n<\/div>\n<\/div><\/div><\/div><div id=\"pgc-4991-2-1\"  class=\"panel-grid-cell\" ><div id=\"panel-4991-2-1-0\" class=\"so-panel widget widget_sow-editor panel-first-child\" data-index=\"4\" ><div\n\t\t\t\n\t\t\tclass=\"so-widget-sow-editor so-widget-sow-editor-base\"\n\t\t\t\n\t\t><h3 class=\"widget-title\">Op\u00e9rations et Lev\u00e9e de fonds<\/h3>\n<div class=\"siteorigin-widget-tinymce textwidget\">\n\t<p>Le comit\u00e9 consultatif m\u00e9dical de la PCS est compos\u00e9 de cinq m\u00e9decins <span class=\"s1\">et le comit\u00e9 consultatif\u00a0<\/span>sur les soins pr\u00e9-hospitaliers est compos\u00e9 de six sp\u00e9cialistes de soins pr\u00e9-hospitaliers ou de soins hospitaliers d\u2019urgence, comme les ambulanciers param\u00e9dicaux et les infirmiers traumatologues. La PCS offre des services de secourisme dans 230 stations de ski alpin et nordique partout au pays. La PCS a effectu\u00e9 260\u00a0000 heures de service dans ces stations de ski l\u2019hiver dernier. Les patrouilleurs de la PCS ont effectu\u00e9 40\u00a0000 heures de service de secourisme\u00a0<span class=\"s1\">lors d'activit\u00e9s hors ski<\/span>, notamment des marathons, des courses de v\u00e9lo tout-terrain, des concerts, etc. Chaque ann\u00e9e, les b\u00e9n\u00e9voles de la PCS consacrent plus d\u2019un million d\u2019heures \u00e0 exercer des activit\u00e9s de patrouille lors\u00a0<span class=\"s1\">d\u2019\u00e9v\u00e8nements\u00a0<\/span>sur neige\u00a0<span class=\"s1\">ou hors ski<\/span>, \u00e0 donner des cours de secourisme, \u00e0 \u00e9laborer des documents de formation, \u00e0 mettre notre manuel \u00e0 jour et \u00e0 g\u00e9rer les activit\u00e9s de la Patrouille d\u2019un bout \u00e0 l\u2019autre du pays. Chaque patrouilleur canadien verse en moyenne 250 $ par ann\u00e9e pour \u00eatre membre de la PCS. Les patrouilleurs acquittent le prix de leur uniforme et de leur trousse de secourisme ou blouson, ce qui entra\u00eene des d\u00e9bours\u00e9s d\u2019environ 500 $. La PCS assure chaque patrouilleur dans la prestation des services de secourisme.<\/p>\n<\/div>\n<\/div><\/div><div id=\"panel-4991-2-1-1\" class=\"so-panel widget widget_sow-editor panel-last-child\" data-index=\"5\" ><div\n\t\t\t\n\t\t\tclass=\"so-widget-sow-editor so-widget-sow-editor-base\"\n\t\t\t\n\t\t><h3 class=\"widget-title\">Autres Initiatives<\/h3>\n<div class=\"siteorigin-widget-tinymce textwidget\">\n\t<p>La PCS a assur\u00e9 la prestation de services de secourisme lors des Jeux olympiques et paralympiques tenus au Canada (en 1988 et en 2010), des Jeux d\u2019hiver provinciaux et de Jeunesse Canada, d\u2019\u00e9preuves de championnat canadien <span class=\"s1\">et provinciaux ainsi que de plusieurs\u00a0<\/span>\u00e9preuves de la Coupe du monde tenues au Canada. Les programmes <i>S\u00e9curit\u00e9 maintena<\/i><em>nt et <\/em><i>Snow Smart<\/i> sont offerts aux enfants d\u2019\u00e2ge scolaire. La PCS appuie les programmes nationaux de sensibilisation aux avalanches et donne aux patrouilleurs une formation en mati\u00e8re d\u2019avalanche. La PCS poss\u00e8de sa propre fr\u00e9quence radio VHF. La PCS fournit des toboggans et du mat\u00e9riel de secourisme \u00e0 plusieurs stations de ski au pays.<\/p>\n<\/div>\n<\/div><\/div><\/div><\/div><\/div>","protected":false},"excerpt":{"rendered":"<p>QUI NOUS SOMMES La Patrouille canadienne de ski (PCS) est compos\u00e9e de 4500 b\u00e9n\u00e9voles r\u00e9partis en 56 zones et neuf divisions couvrant l\u2019ensemble du pays. La PCS est reconnue comme un organisme \u00e0 but non lucratif. La plupart des membres de la PCS offrent leur temps gratuitement. Certains deviennent \u00e9galement des patrouilleurs r\u00e9mun\u00e9r\u00e9s dans des<a class=\"read-more\" href=\"https:\/\/www.skipatrol.ca\/fr\/who-we-are\/\"><br \/>-> Lire la suite<span class=\"screen-reader-text\">  Qui nous sommes<\/span><\/a><\/p>\n","protected":false},"author":1,"featured_media":0,"parent":0,"menu_order":0,"comment_status":"closed","ping_status":"closed","template":"template-fullwidth-no-title.php","meta":{"footnotes":""},"class_list":["post-4991","page","type-page","status-publish","hentry"],"_links":{"self":[{"href":"https:\/\/www.skipatrol.ca\/fr\/wp-json\/wp\/v2\/pages\/4991","targetHints":{"allow":["GET"]}}],"collection":[{"href":"https:\/\/www.skipatrol.ca\/fr\/wp-json\/wp\/v2\/pages"}],"about":[{"href":"https:\/\/www.skipatrol.ca\/fr\/wp-json\/wp\/v2\/types\/page"}],"author":[{"embeddable":true,"href":"https:\/\/www.skipatrol.ca\/fr\/wp-json\/wp\/v2\/users\/1"}],"replies":[{"embeddable":true,"href":"https:\/\/www.skipatrol.ca\/fr\/wp-json\/wp\/v2\/comments?post=4991"}],"version-history":[{"count":11,"href":"https:\/\/www.skipatrol.ca\/fr\/wp-json\/wp\/v2\/pages\/4991\/revisions"}],"predecessor-version":[{"id":5760,"href":"https:\/\/www.skipatrol.ca\/fr\/wp-json\/wp\/v2\/pages\/4991\/revisions\/5760"}],"wp:attachment":[{"href":"https:\/\/www.skipatrol.ca\/fr\/wp-json\/wp\/v2\/media?parent=4991"}],"curies":[{"name":"wp","href":"https:\/\/api.w.org\/{rel}","templated":true}]}}