{"id":4994,"date":"2016-05-23T05:45:02","date_gmt":"2016-05-23T05:45:02","guid":{"rendered":"https:\/\/www.skipatrol.ca\/year-round-events\/"},"modified":"2020-10-22T19:20:19","modified_gmt":"2020-10-22T23:20:19","slug":"year-round-events","status":"publish","type":"page","link":"https:\/\/www.skipatrol.ca\/fr\/year-round-events\/","title":{"rendered":"Activit\u00e9s hors ski"},"content":{"rendered":"<div id=\"pl-4994\"  class=\"panel-layout\" ><div id=\"pg-4994-0\"  class=\"panel-grid panel-has-style\" ><div class=\"siteorigin-panels-stretch panel-row-style panel-row-style-for-4994-0\" data-stretch-type=\"full-stretched\" ><div id=\"pgc-4994-0-0\"  class=\"panel-grid-cell\" ><div id=\"panel-4994-0-0-0\" class=\"so-panel widget widget_sow-hero panel-first-child panel-last-child\" data-index=\"0\" ><div\n\t\t\t\n\t\t\tclass=\"so-widget-sow-hero so-widget-sow-hero-default-5f2c9245934b-4994 so-widget-fittext-wrapper\"\n\t\t\t data-fit-text-compressor=\"0.85\"\n\t\t>\t\t\t\t<div class=\"sow-slider-base\" style=\"display: none\" tabindex=\"0\">\n\t\t\t\t\t<ul\n\t\t\t\t\tclass=\"sow-slider-images\"\n\t\t\t\t\tdata-settings=\"{&quot;pagination&quot;:true,&quot;speed&quot;:800,&quot;timeout&quot;:8000,&quot;paused&quot;:false,&quot;pause_on_hover&quot;:false,&quot;swipe&quot;:true,&quot;nav_always_show_desktop&quot;:&quot;&quot;,&quot;nav_always_show_mobile&quot;:&quot;&quot;,&quot;breakpoint&quot;:&quot;780px&quot;,&quot;unmute&quot;:false,&quot;anchor&quot;:null}\"\n\t\t\t\t\t\t\t\t\t\tdata-anchor-id=\"\"\n\t\t\t\t>\t\t<li class=\"sow-slider-image  sow-slider-image-cover\" style=\"visibility: visible;;background-color: #333333;background-image: url(https:\/\/www.skipatrol.ca\/sites\/www.skipatrol.ca\/wp-content\/uploads\/2016\/05\/FullSizeRender-3.jpg)\" >\n\t\t\t\t\t<div class=\"sow-slider-image-container\">\n\t\t\t<div class=\"sow-slider-image-wrapper\">\n\t\t\t\t<h1 style=\"text-align: center\">ACTIVIT\u00c9S HORS SKI<\/h1>\n\t\t\t<\/div>\n\t\t<\/div>\n\t\t\t\t<\/li>\n\t\t<\/ul>\t\t\t\t<ol class=\"sow-slider-pagination\">\n\t\t\t\t\t\t\t\t\t\t\t<li><a href=\"#\" data-goto=\"0\" aria-label=\"Display slide 1\"><\/a><\/li>\n\t\t\t\t\t\t\t\t\t<\/ol>\n\n\t\t\t\t<div class=\"sow-slide-nav sow-slide-nav-next\">\n\t\t\t\t\t<a href=\"#\" data-goto=\"next\" aria-label=\"Next slide\" data-action=\"next\">\n\t\t\t\t\t\t<em class=\"sow-sld-icon-thin-right\"><\/em>\n\t\t\t\t\t<\/a>\n\t\t\t\t<\/div>\n\n\t\t\t\t<div class=\"sow-slide-nav sow-slide-nav-prev\">\n\t\t\t\t\t<a href=\"#\" data-goto=\"previous\" aria-label=\"Previous slide\" data-action=\"prev\">\n\t\t\t\t\t\t<em class=\"sow-sld-icon-thin-left\"><\/em>\n\t\t\t\t\t<\/a>\n\t\t\t\t<\/div>\n\t\t\t\t<\/div><\/div><\/div><\/div><\/div><\/div><div id=\"pg-4994-1\"  class=\"panel-grid panel-has-style\" ><div class=\"siteorigin-panels-stretch panel-row-style panel-row-style-for-4994-1\" data-stretch-type=\"full\" ><div id=\"pgc-4994-1-0\"  class=\"panel-grid-cell\" ><div id=\"panel-4994-1-0-0\" class=\"so-panel widget widget_sow-headline panel-first-child panel-last-child\" data-index=\"1\" ><div class=\"panel-widget-style panel-widget-style-for-4994-1-0-0\" ><div\n\t\t\t\n\t\t\tclass=\"so-widget-sow-headline so-widget-sow-headline-default-f8cb6758e605-4994 so-widget-fittext-wrapper\"\n\t\t\t data-fit-text-compressor=\"0.85\"\n\t\t><div class=\"sow-headline-container \">\n\t\t\t\t\t\t\t<h1 class=\"sow-headline\">\n\t\t\t\t\t\tSERVICES DE SECOURISME\t\t\t\t\t\t<\/h1>\n\t\t\t\t\t\t\t\t\t\t\t\t<h3 class=\"sow-sub-headline\">\n\t\t\t\t\t\tCes vingt derni\u00e8res ann\u00e9es, les services de la PCS ont d\u00e9bord\u00e9 le cadre des pistes de ski : nous offrons maintenant un soutien m\u00e9dical et des soins, de m\u00eame qu\u2019une coordination des \u00e9quipes m\u00e9dicales, lors de diverses activit\u00e9s sportives, musicales ou r\u00e9cr\u00e9atives.\t\t\t\t\t\t<\/h3>\n\t\t\t\t\t\t<\/div>\n<\/div><\/div><\/div><\/div><\/div><\/div><div id=\"pg-4994-2\"  class=\"panel-grid panel-has-style\" ><div class=\"siteorigin-panels-stretch panel-row-style panel-row-style-for-4994-2\" data-stretch-type=\"full\" ><div id=\"pgc-4994-2-0\"  class=\"panel-grid-cell\" ><div id=\"panel-4994-2-0-0\" class=\"so-panel widget widget_sow-editor panel-first-child panel-last-child\" data-index=\"2\" ><div\n\t\t\t\n\t\t\tclass=\"so-widget-sow-editor so-widget-sow-editor-base\"\n\t\t\t\n\t\t>\n<div class=\"siteorigin-widget-tinymce textwidget\">\n\t<p><img loading=\"lazy\" decoding=\"async\" class=\"aligncenter size-full wp-image-187\" src=\"https:\/\/www.skipatrol.ca\/wp-content\/uploads\/2016\/05\/Calgary-5-Peaks-Sept-20141.jpg\" alt=\"\" width=\"604\" height=\"453\" srcset=\"https:\/\/www.skipatrol.ca\/sites\/www.skipatrol.ca\/wp-content\/uploads\/2016\/05\/Calgary-5-Peaks-Sept-20141.jpg 604w, https:\/\/www.skipatrol.ca\/sites\/www.skipatrol.ca\/wp-content\/uploads\/2016\/05\/Calgary-5-Peaks-Sept-20141-300x225.jpg 300w, https:\/\/www.skipatrol.ca\/sites\/www.skipatrol.ca\/wp-content\/uploads\/2016\/05\/Calgary-5-Peaks-Sept-20141-285x214.jpg 285w\" sizes=\"auto, (max-width: 604px) 100vw, 604px\" \/><\/p>\n<\/div>\n<\/div><\/div><\/div><div id=\"pgc-4994-2-1\"  class=\"panel-grid-cell\" ><div id=\"panel-4994-2-1-0\" class=\"so-panel widget widget_sow-editor panel-first-child panel-last-child\" data-index=\"3\" ><div\n\t\t\t\n\t\t\tclass=\"so-widget-sow-editor so-widget-sow-editor-base\"\n\t\t\t\n\t\t>\n<div class=\"siteorigin-widget-tinymce textwidget\">\n\t<p>Nous avons \u00e9galement fait partie de l\u2019\u00e9quipe m\u00e9dicale lors des Jeux olympiques d\u2019hiver de 1988 et de 2010 et assurons la prestation de nos services lors des \u00e9preuves de descente pour hommes et femmes de la Coupe mondiale, qui ont lieu chaque ann\u00e9e au Canada.<\/p>\n<p>C\u2019est ce qui explique que nos b\u00e9n\u00e9voles ont nou\u00e9 des liens avec d\u2019autres b\u00e9n\u00e9voles, organisateurs d\u2019activit\u00e9s, sauveteurs, agents de police, pompiers et membres de services m\u00e9dicaux d\u2019urgence (SMU). Ces liens leur ont \u00e9galement permis d\u2019acqu\u00e9rir une pr\u00e9cieuse exp\u00e9rience.<\/p>\n<p align=\"left\">\u00c0 tout moment, le succ\u00e8s de nos services tient au fait que les patrouilleurs, bien que pouvant exercer leurs fonctions sans l\u2019aide d\u2019autres intervenants, excellent dans le travail d\u2019\u00e9quipe et les communications. Nos patrouilleurs re\u00e7oivent une formation qui leur permet d\u2019\u00eatre mobiles. Ils savent comment traiter des blessures d\u2019athl\u00e8te et sont en mesure d\u2019intervenir \u00e0 titre de secouriste op\u00e9rationnel pour tout type de maladie ou traumatisme.<\/p>\n<p>Enfin, ils peuvent diagnostiquer un probl\u00e8me et le r\u00e9soudre imm\u00e9diatement avec les outils appropri\u00e9s (et accessibles) avant de transporter le patient vers un centre de soins.<\/p>\n<\/div>\n<\/div><\/div><\/div><\/div><\/div><\/div>","protected":false},"excerpt":{"rendered":"<p>ACTIVIT\u00c9S HORS SKI SERVICES DE SECOURISME Ces vingt derni\u00e8res ann\u00e9es, les services de la PCS ont d\u00e9bord\u00e9 le cadre des pistes de ski : nous offrons maintenant un soutien m\u00e9dical et des soins, de m\u00eame qu\u2019une coordination des \u00e9quipes m\u00e9dicales, lors de diverses activit\u00e9s sportives, musicales ou r\u00e9cr\u00e9atives. Nous avons \u00e9galement fait partie de l\u2019\u00e9quipe<a class=\"read-more\" href=\"https:\/\/www.skipatrol.ca\/fr\/year-round-events\/\"><br \/>-> Lire la suite<span class=\"screen-reader-text\">  Activit\u00e9s hors ski<\/span><\/a><\/p>\n","protected":false},"author":1,"featured_media":0,"parent":0,"menu_order":0,"comment_status":"closed","ping_status":"closed","template":"template-fullwidth-no-title.php","meta":{"footnotes":""},"class_list":["post-4994","page","type-page","status-publish","hentry"],"_links":{"self":[{"href":"https:\/\/www.skipatrol.ca\/fr\/wp-json\/wp\/v2\/pages\/4994","targetHints":{"allow":["GET"]}}],"collection":[{"href":"https:\/\/www.skipatrol.ca\/fr\/wp-json\/wp\/v2\/pages"}],"about":[{"href":"https:\/\/www.skipatrol.ca\/fr\/wp-json\/wp\/v2\/types\/page"}],"author":[{"embeddable":true,"href":"https:\/\/www.skipatrol.ca\/fr\/wp-json\/wp\/v2\/users\/1"}],"replies":[{"embeddable":true,"href":"https:\/\/www.skipatrol.ca\/fr\/wp-json\/wp\/v2\/comments?post=4994"}],"version-history":[{"count":6,"href":"https:\/\/www.skipatrol.ca\/fr\/wp-json\/wp\/v2\/pages\/4994\/revisions"}],"predecessor-version":[{"id":5290,"href":"https:\/\/www.skipatrol.ca\/fr\/wp-json\/wp\/v2\/pages\/4994\/revisions\/5290"}],"wp:attachment":[{"href":"https:\/\/www.skipatrol.ca\/fr\/wp-json\/wp\/v2\/media?parent=4994"}],"curies":[{"name":"wp","href":"https:\/\/api.w.org\/{rel}","templated":true}]}}