{"id":4997,"date":"2016-05-22T04:26:58","date_gmt":"2016-05-22T04:26:58","guid":{"rendered":"https:\/\/www.skipatrol.ca\/associated-organizations\/"},"modified":"2022-01-06T17:53:32","modified_gmt":"2022-01-06T22:53:32","slug":"associated-organizations","status":"publish","type":"page","link":"https:\/\/www.skipatrol.ca\/fr\/associated-organizations\/","title":{"rendered":"Associated Organizations"},"content":{"rendered":"<div id=\"pl-4997\"  class=\"panel-layout\" ><div id=\"pg-4997-0\"  class=\"panel-grid panel-no-style\" ><div id=\"pgc-4997-0-0\"  class=\"panel-grid-cell\" ><div id=\"panel-4997-0-0-0\" class=\"so-panel widget widget_text panel-first-child\" data-index=\"0\" ><h3 class=\"widget-title\">Organisations associ\u00e9es<\/h3>\t\t\t<div class=\"textwidget\"><\/div>\n\t\t<\/div><div id=\"panel-4997-0-0-1\" class=\"so-panel widget widget_sow-editor panel-last-child\" data-index=\"1\" ><div\n\t\t\t\n\t\t\tclass=\"so-widget-sow-editor so-widget-sow-editor-base\"\n\t\t\t\n\t\t>\n<div class=\"siteorigin-widget-tinymce textwidget\">\n\t<p><span class=\"s1\">La PCS est partenaire de l\u2019industrie de la glisse et maintient des liens rapproch\u00e9s avec un bon nombre d\u2019organisations de l\u2019industrie.<\/span><\/p>\n<p class=\"p1\"><span class=\"s1\"><b>RESSOURCES ET LIENS D\u2019INDUSTRIE<\/b><\/span><\/p>\n<ul class=\"ul1\">\n<li class=\"li2\"><span class=\"s2\"><a href=\"http:\/\/www.snowpro.com\/fr\/\"><span class=\"s3\">Alliance des moniteurs de ski du Canada \u00a0(AMCS)<\/span><\/a><\/span><\/li>\n<li class=\"li2\"><span class=\"s2\"><a href=\"http:\/\/www.alpinecanada.org\/fr\"><span class=\"s3\">Alpine Canada Alpin (ACA)<\/span><\/a><\/span><\/li>\n<li class=\"li2\"><span class=\"s2\"><a href=\"http:\/\/www.maneige.com\/\"><span class=\"s3\">Association des stations de ski du Qu\u00e9bec (ASSQ)<\/span><\/a><\/span><\/li>\n<li class=\"li2\"><span class=\"s2\"><a href=\"http:\/\/www.skicanada.org\/index.cfm?DSP=Page&amp;ID=38&amp;language=2\"><span class=\"s3\">Association des stations de neige de l\u2019Atlantique (ASSA)<\/span><\/a><\/span><\/li>\n<li class=\"li2\"><span class=\"s2\"><a href=\"http:\/\/www.disabledskiing.ca\/\"><span class=\"s3\">Association canadienne des sports pours skieurs handicap\u00e9s (CADS)<\/span><\/a><\/span><\/li>\n<li class=\"li2\"><span class=\"s2\"><a href=\"http:\/\/www.canadiansnowsports.com\/f\/index.htm\"><span class=\"s3\">Association canadienne des sports d\u2019hiver (ACSH)<\/span><\/a><\/span><\/li>\n<li class=\"li2\"><span class=\"s2\"><a href=\"http:\/\/www.cansi.ca\/\"><span class=\"s3\">Association canadienne des moniteurs de ski nordique (ACMSN)<\/span><\/a><\/span><\/li>\n<li class=\"li2\"><span class=\"s2\"><a href=\"http:\/\/www.casi-acms.com\/\"><span class=\"s3\">Association canadienne des moniteurs de surf des neiges (ACMS)<\/span><\/a><\/span><\/li>\n<li class=\"li2\"><span class=\"s2\"><a href=\"http:\/\/www.cwsaa.org\/\"><span class=\"s3\">Canada West Ski Areas Association (CWSAA)<\/span><\/a><\/span><\/li>\n<li class=\"li2\"><a href=\"http:\/\/www.avalancheassociation.ca\">Association canadienne des avalanches (ACA)<\/a><\/li>\n<li><a href=\"https:\/\/avalanche.ca\/\" target=\"_blank\" rel=\"noopener\">Avalanche Canada<\/a><\/li>\n<li class=\"li2\"><span class=\"s2\"><a href=\"http:\/\/www.alpine-rescue.org\/eXtraEngine3\/WebObjects\/eXtraEngine3.woa\/wa\/menu?id=243&amp;lang=fr\"><span class=\"s3\">Commission internationale pour sauvetage alpin (CISA)<\/span><\/a><\/span><\/li>\n<li class=\"li2\"><span class=\"s2\"><a href=\"http:\/\/www.croixrouge.ca\/article.asp?id=6&amp;tid=003\"><span class=\"s3\">Croix-rouge canadienne<\/span><\/a><\/span><\/li>\n<li class=\"li2\"><span class=\"s2\"><a href=\"https:\/\/www.skicanada.org\/fr\/\"><span class=\"s3\">Conseil canadien du ski (CCS)<\/span><\/a><\/span><\/li>\n<li class=\"li2\"><span class=\"s2\"><a href=\"http:\/\/www.snowpro.com\/\"><span class=\"s3\">F\u00e9d\u00e9ration des entra\u00eeneurs de ski du Canada (FESC)<\/span><\/a><\/span><\/li>\n<li class=\"li2\"><span class=\"s2\"><a href=\"http:\/\/www.fips-skipatrol.org\/\"><span class=\"s3\">F\u00e9d\u00e9ration Internationale des Patrouilles de Ski (FIPS)<\/span><\/a><\/span><\/li>\n<li class=\"li2\"><span class=\"s2\"><a href=\"http:\/\/www.heartandstroke.com\/\"><span class=\"s3\">Fondation des maladies du coeur<\/span><\/a><\/span><\/li>\n<li class=\"li2\"><span class=\"s2\"><a href=\"https:\/\/issuu.com\/hollandbloorview\/docs\/concussion_handbook_french_jan_2016\"><span class=\"s3\">Holland Bloorview Concussion Centre Concussion and You handbook<\/span><\/a><\/span><\/li>\n<li><a href=\"http:\/\/www.ilcor.org\/home\/\" target=\"_blank\" rel=\"noopener noreferrer\">Consensus canadien sur les lignes directrices en mati\u00e8re de RCR et premiers soins (ILCOR)<\/a>\u00a0(site web en anglais)<\/li>\n<li class=\"li2\"><span class=\"s2\"><a href=\"http:\/\/www.skimuseum.ca\/\"><span class=\"s3\">Mus\u00e9e canadien du ski<\/span><\/a><\/span><\/li>\n<li class=\"li2\"><span class=\"s2\"><a href=\"https:\/\/www.nsaa.org\/\"><span class=\"s3\">National Ski Areas Association<\/span><\/a><\/span><\/li>\n<li class=\"li2\"><span class=\"s2\"><a href=\"http:\/\/www.nsp.org\/\"><span class=\"s3\">National Ski Patrol<\/span><\/a><\/span><\/li>\n<li class=\"li2\"><span class=\"s2\"><a href=\"http:\/\/www.skiontario.ca\/\"><span class=\"s3\">Ontario Snow Resorts Association (OSRA)<\/span><\/a><\/span><\/li>\n<li class=\"li2\"><span class=\"s2\"><a href=\"http:\/\/www.parachutecanada.org\/concussion\/whattodo\"><span class=\"s3\">Parachute\u2019s Concussion Ed mobile application (iOS et\u00a0Andriod<\/span><\/a><\/span><span class=\"s4\">)<\/span><\/li>\n<li class=\"li2\"><span class=\"s2\"><a href=\"http:\/\/www.cccski.com\/main.asp?lan=1\"><span class=\"s3\">Ski de fond Canada<\/span><\/a><\/span><\/li>\n<li class=\"li2\"><span class=\"s2\"><a href=\"http:\/\/www.lifesaving.ca\/\"><span class=\"s3\">Soci\u00e9t\u00e9 de sauvetage<\/span><\/a><\/span><\/li>\n<li class=\"li2\"><span class=\"s2\"><a href=\"http:\/\/www.nss.gc.ca\/\"><span class=\"s3\">Secr\u00e9tariat national recherche et sauvetage<\/span><\/a><\/span><\/li>\n<\/ul>\n<\/div>\n<\/div><\/div><\/div><\/div><\/div>","protected":false},"excerpt":{"rendered":"<p>La PCS est partenaire de l\u2019industrie de la glisse et maintient des liens rapproch\u00e9s avec un bon nombre d\u2019organisations de l\u2019industrie. RESSOURCES ET LIENS D\u2019INDUSTRIE Alliance des moniteurs de ski du Canada \u00a0(AMCS) Alpine Canada Alpin (ACA) Association des stations de ski du Qu\u00e9bec (ASSQ) Association des stations de neige de l\u2019Atlantique (ASSA) Association canadienne<a class=\"read-more\" href=\"https:\/\/www.skipatrol.ca\/fr\/associated-organizations\/\"><br \/>-> Lire la suite<span class=\"screen-reader-text\">  Associated Organizations<\/span><\/a><\/p>\n","protected":false},"author":1,"featured_media":0,"parent":0,"menu_order":0,"comment_status":"closed","ping_status":"closed","template":"template-fullwidth-no-title.php","meta":{"footnotes":""},"class_list":["post-4997","page","type-page","status-publish","hentry"],"_links":{"self":[{"href":"https:\/\/www.skipatrol.ca\/fr\/wp-json\/wp\/v2\/pages\/4997","targetHints":{"allow":["GET"]}}],"collection":[{"href":"https:\/\/www.skipatrol.ca\/fr\/wp-json\/wp\/v2\/pages"}],"about":[{"href":"https:\/\/www.skipatrol.ca\/fr\/wp-json\/wp\/v2\/types\/page"}],"author":[{"embeddable":true,"href":"https:\/\/www.skipatrol.ca\/fr\/wp-json\/wp\/v2\/users\/1"}],"replies":[{"embeddable":true,"href":"https:\/\/www.skipatrol.ca\/fr\/wp-json\/wp\/v2\/comments?post=4997"}],"version-history":[{"count":3,"href":"https:\/\/www.skipatrol.ca\/fr\/wp-json\/wp\/v2\/pages\/4997\/revisions"}],"predecessor-version":[{"id":6416,"href":"https:\/\/www.skipatrol.ca\/fr\/wp-json\/wp\/v2\/pages\/4997\/revisions\/6416"}],"wp:attachment":[{"href":"https:\/\/www.skipatrol.ca\/fr\/wp-json\/wp\/v2\/media?parent=4997"}],"curies":[{"name":"wp","href":"https:\/\/api.w.org\/{rel}","templated":true}]}}