{"id":5028,"date":"2016-11-12T22:01:35","date_gmt":"2016-11-12T22:01:35","guid":{"rendered":"https:\/\/www.skipatrol.ca\/affiliate-programs\/"},"modified":"2020-10-22T18:40:09","modified_gmt":"2020-10-22T22:40:09","slug":"affiliate-programs","status":"publish","type":"page","link":"https:\/\/www.skipatrol.ca\/fr\/affiliate-programs\/","title":{"rendered":"Programmes d&rsquo;affiliation"},"content":{"rendered":"<div id=\"pl-5028\"  class=\"panel-layout\" ><div id=\"pg-5028-0\"  class=\"panel-grid panel-has-style\" ><div class=\"siteorigin-panels-stretch panel-row-style panel-row-style-for-5028-0\" data-stretch-type=\"full-stretched\" ><div id=\"pgc-5028-0-0\"  class=\"panel-grid-cell\" ><div id=\"panel-5028-0-0-0\" class=\"so-panel widget widget_sow-hero panel-first-child panel-last-child\" data-index=\"0\" ><div\n\t\t\t\n\t\t\tclass=\"so-widget-sow-hero so-widget-sow-hero-default-06bc0dc70ec3-5028 so-widget-fittext-wrapper\"\n\t\t\t data-fit-text-compressor=\"0.85\"\n\t\t>\t\t\t\t<div class=\"sow-slider-base\" style=\"display: none\" tabindex=\"0\">\n\t\t\t\t\t<ul\n\t\t\t\t\tclass=\"sow-slider-images\"\n\t\t\t\t\tdata-settings=\"{&quot;pagination&quot;:true,&quot;speed&quot;:800,&quot;timeout&quot;:8000,&quot;paused&quot;:false,&quot;pause_on_hover&quot;:false,&quot;swipe&quot;:true,&quot;nav_always_show_desktop&quot;:&quot;&quot;,&quot;nav_always_show_mobile&quot;:&quot;&quot;,&quot;breakpoint&quot;:&quot;780px&quot;,&quot;unmute&quot;:false,&quot;anchor&quot;:null}\"\n\t\t\t\t\t\t\t\t\t\tdata-anchor-id=\"\"\n\t\t\t\t>\t\t<li class=\"sow-slider-image  sow-slider-image-cover\" style=\"visibility: visible;;background-color: #333333\" >\n\t\t\t\t\t<div class=\"sow-slider-image-container\">\n\t\t\t<div class=\"sow-slider-image-wrapper\">\n\t\t\t\t<h1 style=\"text-align: center\">PROGRAMMES D'AFFILIATION<\/h1>\n\t\t\t<\/div>\n\t\t<\/div>\n\t\t<div class=\"sow-slider-image-overlay sow-slider-image-cover\" style=\"opacity: 0.75;background-image: url(https:\/\/www.skipatrol.ca\/sites\/www.skipatrol.ca\/wp-content\/uploads\/2016\/11\/eb30b70c29f01c3e815d4401ee514792e47eebd61cb11243_1920.jpg)\"  ><\/div>\t\t<\/li>\n\t\t<\/ul>\t\t\t\t<ol class=\"sow-slider-pagination\">\n\t\t\t\t\t\t\t\t\t\t\t<li><a href=\"#\" data-goto=\"0\" aria-label=\"Display slide 1\"><\/a><\/li>\n\t\t\t\t\t\t\t\t\t<\/ol>\n\n\t\t\t\t<div class=\"sow-slide-nav sow-slide-nav-next\">\n\t\t\t\t\t<a href=\"#\" data-goto=\"next\" aria-label=\"Next slide\" data-action=\"next\">\n\t\t\t\t\t\t<em class=\"sow-sld-icon-thin-right\"><\/em>\n\t\t\t\t\t<\/a>\n\t\t\t\t<\/div>\n\n\t\t\t\t<div class=\"sow-slide-nav sow-slide-nav-prev\">\n\t\t\t\t\t<a href=\"#\" data-goto=\"previous\" aria-label=\"Previous slide\" data-action=\"prev\">\n\t\t\t\t\t\t<em class=\"sow-sld-icon-thin-left\"><\/em>\n\t\t\t\t\t<\/a>\n\t\t\t\t<\/div>\n\t\t\t\t<\/div><\/div><\/div><\/div><\/div><\/div><div id=\"pg-5028-1\"  class=\"panel-grid panel-no-style\" ><div id=\"pgc-5028-1-0\"  class=\"panel-grid-cell\" ><div id=\"panel-5028-1-0-0\" class=\"so-panel widget widget_sow-editor panel-first-child panel-last-child\" data-index=\"1\" ><div\n\t\t\t\n\t\t\tclass=\"so-widget-sow-editor so-widget-sow-editor-base\"\n\t\t\t\n\t\t><h3 class=\"widget-title\">[:en]FundScript[:fr]FundScript[:]<\/h3>\n<div class=\"siteorigin-widget-tinymce textwidget\">\n\t<p class=\"p1\">\n<p class=\"p1\"><a href=\"https:\/\/www.fundscrip.com\/soutenir-un-groupe\/9Y2UTS\"><img loading=\"lazy\" decoding=\"async\" class=\" aligncenter\" src=\"http:\/\/static.fundscrip.com\/msm\/BANNER-468X60_FRANCAIS.jpg\" alt=\"\" width=\"507\" height=\"65\" \/><\/a><\/p>\n<p class=\"p1\"><span class=\"s1\">La Patrouille canadienne de ski \u00e0 besoin votre aide. Faites-vous l\u2019\u00e9picerie? Achetez-vous de l'essence? Faites-vous des r\u00e9novations \u00e0 votre maison, magasinez-vous\u00a0pour du linge, mangez-vous au restaurant? Bien s\u00fbr, que vous le faites! Vous pouvez lever des fonds pour la Patrouille canadienne de ski en achetant une carte cadeau par ce lien :<\/span><\/p>\n<p class=\"p1\"><a href=\"https:\/\/www.fundscrip.com\/soutenir-un-groupe\/9Y2UTS\"><span class=\"s1\">https:\/\/www.fundscrip.com\/soutenir-un-groupe\/9Y2UTS<\/span><\/a><\/p>\n<p class=\"p1\"><span class=\"s1\">C'est facile, en changeant un peu ses habitudes de magasinage. Avec l\u2019achat d\u2019une carte cadeau, la compagnie de cette carte fera un don de 2 % \u00e0 13 % \u00e0 la Patrouille canadienne de ski. C\u2019est \u00e9videntment, une tr\u00e8s belle occasion de lever des fonds pour la Patrouille.<\/span><\/p>\n<\/div>\n<\/div><\/div><\/div><\/div><\/div>","protected":false},"excerpt":{"rendered":"<p>La Patrouille canadienne de ski \u00e0 besoin votre aide. Faites-vous l\u2019\u00e9picerie? Achetez-vous de l&rsquo;essence? Faites-vous des r\u00e9novations \u00e0 votre maison, magasinez-vous\u00a0pour du linge, mangez-vous au restaurant? Bien s\u00fbr, que vous le faites! Vous pouvez lever des fonds pour la Patrouille canadienne de ski en achetant une carte cadeau par ce lien : https:\/\/www.fundscrip.com\/soutenir-un-groupe\/9Y2UTS C&rsquo;est facile,<a class=\"read-more\" href=\"https:\/\/www.skipatrol.ca\/fr\/affiliate-programs\/\"><br \/>-> Lire la suite<span class=\"screen-reader-text\">  Programmes d&rsquo;affiliation<\/span><\/a><\/p>\n","protected":false},"author":1,"featured_media":0,"parent":0,"menu_order":0,"comment_status":"closed","ping_status":"closed","template":"template-fullwidth-no-title.php","meta":{"footnotes":""},"class_list":["post-5028","page","type-page","status-publish","hentry"],"_links":{"self":[{"href":"https:\/\/www.skipatrol.ca\/fr\/wp-json\/wp\/v2\/pages\/5028","targetHints":{"allow":["GET"]}}],"collection":[{"href":"https:\/\/www.skipatrol.ca\/fr\/wp-json\/wp\/v2\/pages"}],"about":[{"href":"https:\/\/www.skipatrol.ca\/fr\/wp-json\/wp\/v2\/types\/page"}],"author":[{"embeddable":true,"href":"https:\/\/www.skipatrol.ca\/fr\/wp-json\/wp\/v2\/users\/1"}],"replies":[{"embeddable":true,"href":"https:\/\/www.skipatrol.ca\/fr\/wp-json\/wp\/v2\/comments?post=5028"}],"version-history":[{"count":4,"href":"https:\/\/www.skipatrol.ca\/fr\/wp-json\/wp\/v2\/pages\/5028\/revisions"}],"predecessor-version":[{"id":5214,"href":"https:\/\/www.skipatrol.ca\/fr\/wp-json\/wp\/v2\/pages\/5028\/revisions\/5214"}],"wp:attachment":[{"href":"https:\/\/www.skipatrol.ca\/fr\/wp-json\/wp\/v2\/media?parent=5028"}],"curies":[{"name":"wp","href":"https:\/\/api.w.org\/{rel}","templated":true}]}}