{"id":5039,"date":"2019-08-18T17:20:16","date_gmt":"2019-08-18T23:20:16","guid":{"rendered":"https:\/\/www.skipatrol.ca\/board-of-directors\/don-silverman\/"},"modified":"2020-11-24T21:57:16","modified_gmt":"2020-11-25T02:57:16","slug":"don-silverman","status":"publish","type":"page","link":"https:\/\/www.skipatrol.ca\/fr\/board-of-directors\/don-silverman\/","title":{"rendered":"Don Silverman"},"content":{"rendered":"<div id=\"pl-5039\"  class=\"panel-layout\" ><div id=\"pg-5039-0\"  class=\"panel-grid panel-no-style\" ><div id=\"pgc-5039-0-0\"  class=\"panel-grid-cell\" ><div id=\"panel-5039-0-0-0\" class=\"so-panel widget widget_sow-editor panel-first-child panel-last-child\" data-index=\"0\" ><div\n\t\t\t\n\t\t\tclass=\"so-widget-sow-editor so-widget-sow-editor-base\"\n\t\t\t\n\t\t>\n<div class=\"siteorigin-widget-tinymce textwidget\">\n\t<p><a href=\"https:\/\/www.skipatrol.ca\/wp-content\/uploads\/2019\/08\/Don-SILVERMAN-Photo.jpg\"><img loading=\"lazy\" decoding=\"async\" class=\"size-full wp-image-3496 aligncenter\" src=\"https:\/\/www.skipatrol.ca\/wp-content\/uploads\/2019\/08\/Don-SILVERMAN-Photo.jpg\" alt=\"\" width=\"199\" height=\"225\" \/><\/a><\/p>\n<\/div>\n<\/div><\/div><\/div><div id=\"pgc-5039-0-1\"  class=\"panel-grid-cell\" ><div id=\"panel-5039-0-1-0\" class=\"so-panel widget widget_sow-editor panel-first-child panel-last-child\" data-index=\"1\" ><div\n\t\t\t\n\t\t\tclass=\"so-widget-sow-editor so-widget-sow-editor-base\"\n\t\t\t\n\t\t>\n<div class=\"siteorigin-widget-tinymce textwidget\">\n\t<p>Je suis devenu membre de la Patrouille canadienne de ski en 2012, alors que je vivais \u00e0 Ottawa. Je suis devenu tr\u00e8s actif au sein de la zone Gatineau, d\u2019abord \u00e0 titre de vice-pr\u00e9sident (finances) pendant quatre ans, puis \u00e0 titre de vice-pr\u00e9sident (relations avec les stations) pendant un an.<\/p>\n<p>Alors que je faisais partie du conseil d\u2019administration de la zone Gatineau, j\u2019ai pris charge du programme des laissez-passer de ski. Ce programme a \u00e9t\u00e9 enti\u00e8rement r\u00e9am\u00e9nag\u00e9 et est devenu une importante source de financement pour la zone. Il constitue maintenant une ressource pr\u00e9cieuse au sein de l\u2019industrie du ski.<\/p>\n<p>Au cours de mon mandat au sein du conseil d\u2019administration de la zone Gatineau, j\u2019ai obtenu le prix du dirigeant de l\u2019ann\u00e9e, notamment pour avoir r\u00e9organis\u00e9 la cha\u00eene d\u2019approvisionnements et r\u00e9duit les d\u00e9penses courantes et les d\u00e9penses d\u2019immobilisations.<\/p>\n<p>Je suis ma\u00eetre-instructeur et instructeur sur neige agr\u00e9\u00e9. \u00c9tant r\u00e9cemment entr\u00e9 en retraite, je me suis install\u00e9 \u00e0 Kelowna et j\u2019envisage de jouer un r\u00f4le plus actif au sein de la zone Ogopogo.<\/p>\n<p>Je suis comptable agr\u00e9\u00e9 (CMA 1979) et j\u2019ai \u00e9t\u00e9 chef des services financiers d\u2019une entreprise de technologie. J\u2019ai \u00e9t\u00e9 responsable des op\u00e9rations, ainsi que de la planification strat\u00e9gique et de la gestion des actifs. Les plus grands d\u00e9fis que j\u2019ai \u00e9t\u00e9 appel\u00e9 \u00e0 relever concernaient les fusions et acquisitions : j\u2019ai contribu\u00e9 \u00e0 n\u00e9gocier l\u2019achat l\u2019une entreprise, puis \u00e0 en assurer sa vente quelques ann\u00e9es plus tard, en 2017.<\/p>\n<p>La perspective de travailler au sein du conseil d\u2019administration me r\u00e9jouit et j\u2019ai l\u2019intention de mettre tous mes talents professionnels au service de l\u2019organisation.<\/p>\n<\/div>\n<\/div><\/div><\/div><\/div><\/div>","protected":false},"excerpt":{"rendered":"<p>Je suis devenu membre de la Patrouille canadienne de ski en 2012, alors que je vivais \u00e0 Ottawa. Je suis devenu tr\u00e8s actif au sein de la zone Gatineau, d\u2019abord \u00e0 titre de vice-pr\u00e9sident (finances) pendant quatre ans, puis \u00e0 titre de vice-pr\u00e9sident (relations avec les stations) pendant un an. Alors que je faisais partie<a class=\"read-more\" href=\"https:\/\/www.skipatrol.ca\/fr\/board-of-directors\/don-silverman\/\"><br \/>-> Lire la suite<span class=\"screen-reader-text\">  Don Silverman<\/span><\/a><\/p>\n","protected":false},"author":5993,"featured_media":0,"parent":5033,"menu_order":0,"comment_status":"closed","ping_status":"closed","template":"","meta":{"footnotes":""},"class_list":["post-5039","page","type-page","status-publish","hentry"],"_links":{"self":[{"href":"https:\/\/www.skipatrol.ca\/fr\/wp-json\/wp\/v2\/pages\/5039","targetHints":{"allow":["GET"]}}],"collection":[{"href":"https:\/\/www.skipatrol.ca\/fr\/wp-json\/wp\/v2\/pages"}],"about":[{"href":"https:\/\/www.skipatrol.ca\/fr\/wp-json\/wp\/v2\/types\/page"}],"author":[{"embeddable":true,"href":"https:\/\/www.skipatrol.ca\/fr\/wp-json\/wp\/v2\/users\/5993"}],"replies":[{"embeddable":true,"href":"https:\/\/www.skipatrol.ca\/fr\/wp-json\/wp\/v2\/comments?post=5039"}],"version-history":[{"count":3,"href":"https:\/\/www.skipatrol.ca\/fr\/wp-json\/wp\/v2\/pages\/5039\/revisions"}],"predecessor-version":[{"id":5650,"href":"https:\/\/www.skipatrol.ca\/fr\/wp-json\/wp\/v2\/pages\/5039\/revisions\/5650"}],"up":[{"embeddable":true,"href":"https:\/\/www.skipatrol.ca\/fr\/wp-json\/wp\/v2\/pages\/5033"}],"wp:attachment":[{"href":"https:\/\/www.skipatrol.ca\/fr\/wp-json\/wp\/v2\/media?parent=5039"}],"curies":[{"name":"wp","href":"https:\/\/api.w.org\/{rel}","templated":true}]}}