{"id":5043,"date":"2019-08-18T17:25:49","date_gmt":"2019-08-18T23:25:49","guid":{"rendered":"https:\/\/www.skipatrol.ca\/board-of-directors\/jm-lalonde\/"},"modified":"2020-10-22T19:22:27","modified_gmt":"2020-10-22T23:22:27","slug":"jm-lalonde","status":"publish","type":"page","link":"https:\/\/www.skipatrol.ca\/fr\/board-of-directors\/jm-lalonde\/","title":{"rendered":"Jodie-Marc Lalonde"},"content":{"rendered":"<div id=\"pl-5043\"  class=\"panel-layout\" ><div id=\"pg-5043-0\"  class=\"panel-grid panel-no-style\" ><div id=\"pgc-5043-0-0\"  class=\"panel-grid-cell\" ><div id=\"panel-5043-0-0-0\" class=\"so-panel widget widget_sow-editor panel-first-child panel-last-child\" data-index=\"0\" ><div\n\t\t\t\n\t\t\tclass=\"so-widget-sow-editor so-widget-sow-editor-base\"\n\t\t\t\n\t\t>\n<div class=\"siteorigin-widget-tinymce textwidget\">\n\t<p><a href=\"https:\/\/www.skipatrol.ca\/wp-content\/uploads\/2019\/08\/JM-LaLonde-Photo.jpg\"><img loading=\"lazy\" decoding=\"async\" class=\"size-full wp-image-3502 aligncenter\" src=\"https:\/\/www.skipatrol.ca\/wp-content\/uploads\/2019\/08\/JM-LaLonde-Photo.jpg\" alt=\"\" width=\"200\" height=\"225\" \/><\/a><\/p>\n<\/div>\n<\/div><\/div><\/div><div id=\"pgc-5043-0-1\"  class=\"panel-grid-cell\" ><div id=\"panel-5043-0-1-0\" class=\"so-panel widget widget_sow-editor panel-first-child panel-last-child\" data-index=\"1\" ><div\n\t\t\t\n\t\t\tclass=\"so-widget-sow-editor so-widget-sow-editor-base\"\n\t\t\t\n\t\t>\n<div class=\"siteorigin-widget-tinymce textwidget\">\n\t<p>Jodie est devenu membre de la Patrouille canadienne de ski en 2009 et a exerc\u00e9 plusieurs fonctions \u00a0aux \u00e9chelons des zones, des divisions et de l\u2019ensemble du pays.<\/p>\n<p>Jodie est un entrepreneur anim\u00e9 par une vision strat\u00e9gique et avant-gardiste qui con\u00e7oit le changement et la technologie comme des moyens d\u2019accroitre l\u2019efficacit\u00e9 et les revenus. \u00c9nergique et bilingue, il est un communicateur et un motivateur soucieux d\u2019\u00e9tablir des relations. Au cours de sa carri\u00e8re, il s\u2019est distingu\u00e9 en motivant aussi bien les employ\u00e9s que les clients et en d\u00e9passant les objectifs qu\u2019on lui avait propos\u00e9s.<\/p>\n<p>Jodie compte plus de 25 ans d\u2019exp\u00e9rience en marketing et en communications, en mise en march\u00e9 promotionnelle, en achat au d\u00e9tail et en d\u00e9veloppement commercial. Au cours des dix derni\u00e8res ann\u00e9es, il a aid\u00e9 des entreprises partout au Canada \u00e0 redynamiser leurs boutiques de d\u00e9tail et leurs possibilit\u00e9s de mise en march\u00e9 gr\u00e2ce \u00e0 son travail \u00e0 Portage Promo, \u00e0 Huntsville (Ontario).<\/p>\n<p>Avant de s\u2019associer \u00e0 Portage Promo, Jodie \u00e9tait gestionnaire d\u2019activit\u00e9s \u00e0 l\u2019emploi du gouvernement canadien. Il a exerc\u00e9 cette fonction pendant plus de 17 ans, ce qui lui a permis de r\u00e9aliser d\u2019importants \u00e9v\u00e9nements tr\u00e8s remarqu\u00e9s. Il a g\u00e9r\u00e9 des activit\u00e9s internationales auxquelles ont particip\u00e9 des chefs d\u2019\u00c9tat, des ministres du gouvernement, des hauts fonctionnaires, des diplomates et m\u00eame des astronautes. Jodie a la r\u00e9putation d\u2019avoir de bonnes id\u00e9es et de savoir comment les mettre en \u0153uvre. Il anticipe les difficult\u00e9s et fait preuve d\u2019un grand sens professionnel lorsqu\u2019il s\u2019agit de traiter avec des repr\u00e9sentants officiels et les organismes qu\u2019ils repr\u00e9sentent.<\/p>\n<p>Jodie habite Port Sydney (Ontario) avec sa femme et ses deux enfants. Il est patrouilleur actif \u00e0 la station Hidden Valley Highlands et se porte g\u00e9n\u00e9ralement volontaire lors des \u00e9preuves de la Coupe du monde de Lake Louise.<\/p>\n<\/div>\n<\/div><\/div><\/div><\/div><\/div>","protected":false},"excerpt":{"rendered":"<p>Jodie est devenu membre de la Patrouille canadienne de ski en 2009 et a exerc\u00e9 plusieurs fonctions \u00a0aux \u00e9chelons des zones, des divisions et de l\u2019ensemble du pays. Jodie est un entrepreneur anim\u00e9 par une vision strat\u00e9gique et avant-gardiste qui con\u00e7oit le changement et la technologie comme des moyens d\u2019accroitre l\u2019efficacit\u00e9 et les revenus. \u00c9nergique<a class=\"read-more\" href=\"https:\/\/www.skipatrol.ca\/fr\/board-of-directors\/jm-lalonde\/\"><br \/>-> Lire la suite<span class=\"screen-reader-text\">  Jodie-Marc Lalonde<\/span><\/a><\/p>\n","protected":false},"author":5993,"featured_media":0,"parent":5033,"menu_order":0,"comment_status":"closed","ping_status":"closed","template":"","meta":{"footnotes":""},"class_list":["post-5043","page","type-page","status-publish","hentry"],"_links":{"self":[{"href":"https:\/\/www.skipatrol.ca\/fr\/wp-json\/wp\/v2\/pages\/5043","targetHints":{"allow":["GET"]}}],"collection":[{"href":"https:\/\/www.skipatrol.ca\/fr\/wp-json\/wp\/v2\/pages"}],"about":[{"href":"https:\/\/www.skipatrol.ca\/fr\/wp-json\/wp\/v2\/types\/page"}],"author":[{"embeddable":true,"href":"https:\/\/www.skipatrol.ca\/fr\/wp-json\/wp\/v2\/users\/5993"}],"replies":[{"embeddable":true,"href":"https:\/\/www.skipatrol.ca\/fr\/wp-json\/wp\/v2\/comments?post=5043"}],"version-history":[{"count":2,"href":"https:\/\/www.skipatrol.ca\/fr\/wp-json\/wp\/v2\/pages\/5043\/revisions"}],"predecessor-version":[{"id":5295,"href":"https:\/\/www.skipatrol.ca\/fr\/wp-json\/wp\/v2\/pages\/5043\/revisions\/5295"}],"up":[{"embeddable":true,"href":"https:\/\/www.skipatrol.ca\/fr\/wp-json\/wp\/v2\/pages\/5033"}],"wp:attachment":[{"href":"https:\/\/www.skipatrol.ca\/fr\/wp-json\/wp\/v2\/media?parent=5043"}],"curies":[{"name":"wp","href":"https:\/\/api.w.org\/{rel}","templated":true}]}}