{"id":5051,"date":"2016-05-22T06:56:17","date_gmt":"2016-05-22T06:56:17","guid":{"rendered":"https:\/\/www.skipatrol.ca\/donate\/"},"modified":"2022-02-17T19:44:23","modified_gmt":"2022-02-18T00:44:23","slug":"donate","status":"publish","type":"page","link":"https:\/\/www.skipatrol.ca\/fr\/donate\/","title":{"rendered":"Faire un don"},"content":{"rendered":"<div id=\"pl-5051\"  class=\"panel-layout\" ><div id=\"pg-5051-0\"  class=\"panel-grid panel-has-style\" ><div class=\"siteorigin-panels-stretch panel-row-style panel-row-style-for-5051-0\" data-stretch-type=\"full-stretched\" ><div id=\"pgc-5051-0-0\"  class=\"panel-grid-cell\" ><div id=\"panel-5051-0-0-0\" class=\"so-panel widget widget_sow-hero panel-first-child panel-last-child\" data-index=\"0\" ><div\n\t\t\t\n\t\t\tclass=\"so-widget-sow-hero so-widget-sow-hero-default-f130dea06cfa-5051 so-widget-fittext-wrapper\"\n\t\t\t data-fit-text-compressor=\"0.85\"\n\t\t>\t\t\t\t<div class=\"sow-slider-base\" style=\"display: none\" tabindex=\"0\">\n\t\t\t\t\t<ul\n\t\t\t\t\tclass=\"sow-slider-images\"\n\t\t\t\t\tdata-settings=\"{&quot;pagination&quot;:true,&quot;speed&quot;:800,&quot;timeout&quot;:8000,&quot;paused&quot;:false,&quot;pause_on_hover&quot;:false,&quot;swipe&quot;:true,&quot;nav_always_show_desktop&quot;:&quot;&quot;,&quot;nav_always_show_mobile&quot;:&quot;&quot;,&quot;breakpoint&quot;:&quot;780px&quot;,&quot;unmute&quot;:false,&quot;anchor&quot;:null}\"\n\t\t\t\t\t\t\t\t\t\tdata-anchor-id=\"\"\n\t\t\t\t>\t\t<li class=\"sow-slider-image  sow-slider-image-cover\" style=\"visibility: visible;;background-color: #333333\" >\n\t\t\t\t\t<div class=\"sow-slider-image-container\">\n\t\t\t<div class=\"sow-slider-image-wrapper\">\n\t\t\t\t<h1 style=\"text-align: center\">Faire un don<\/h1>\n\t\t\t<\/div>\n\t\t<\/div>\n\t\t<div class=\"sow-slider-image-overlay sow-slider-image-cover\" style=\"opacity: 0.75;background-image: url(https:\/\/www.skipatrol.ca\/sites\/www.skipatrol.ca\/wp-content\/uploads\/2021\/02\/CSP-Donation-Feature-EHL_2618.png)\"  ><\/div>\t\t<\/li>\n\t\t<\/ul>\t\t\t\t<ol class=\"sow-slider-pagination\">\n\t\t\t\t\t\t\t\t\t\t\t<li><a href=\"#\" data-goto=\"0\" aria-label=\"Display slide 1\"><\/a><\/li>\n\t\t\t\t\t\t\t\t\t<\/ol>\n\n\t\t\t\t<div class=\"sow-slide-nav sow-slide-nav-next\">\n\t\t\t\t\t<a href=\"#\" data-goto=\"next\" aria-label=\"Next slide\" data-action=\"next\">\n\t\t\t\t\t\t<em class=\"sow-sld-icon-thin-right\"><\/em>\n\t\t\t\t\t<\/a>\n\t\t\t\t<\/div>\n\n\t\t\t\t<div class=\"sow-slide-nav sow-slide-nav-prev\">\n\t\t\t\t\t<a href=\"#\" data-goto=\"previous\" aria-label=\"Previous slide\" data-action=\"prev\">\n\t\t\t\t\t\t<em class=\"sow-sld-icon-thin-left\"><\/em>\n\t\t\t\t\t<\/a>\n\t\t\t\t<\/div>\n\t\t\t\t<\/div><\/div><\/div><\/div><\/div><\/div><div id=\"pg-5051-1\"  class=\"panel-grid panel-no-style\" ><div id=\"pgc-5051-1-0\"  class=\"panel-grid-cell\" ><div id=\"panel-5051-1-0-0\" class=\"so-panel widget widget_sow-headline panel-first-child\" data-index=\"1\" ><div\n\t\t\t\n\t\t\tclass=\"so-widget-sow-headline so-widget-sow-headline-default-ea0af4cf39ae-5051\"\n\t\t\t\n\t\t><div class=\"sow-headline-container \">\n\t\t\t\t\t\t<div class=\"decoration\">\n\t\t\t\t\t\t<div class=\"decoration-inside\"><\/div>\n\t\t\t\t\t<\/div>\n\t\t\t\t\t<\/div>\n<\/div><\/div><div id=\"panel-5051-1-0-1\" class=\"so-panel widget widget_sow-editor panel-last-child\" data-index=\"2\" ><div\n\t\t\t\n\t\t\tclass=\"so-widget-sow-editor so-widget-sow-editor-base\"\n\t\t\t\n\t\t>\n<div class=\"siteorigin-widget-tinymce textwidget\">\n\t<p style=\"text-align: center;\"><a href=\"https:\/\/www.canadahelps.org\/fr\/dn\/m\/4928\/donation\" class=\"su-button su-button-style-soft\" style=\"color:#FFFFFF;background-color:#b40104;border-color:#900104;border-radius:9px\" target=\"_blank\" rel=\"noopener noreferrer\"><span style=\"color:#FFFFFF;padding:0px 24px;font-size:18px;line-height:36px;border-color:#cb4e50;border-radius:9px;text-shadow:none\"> Donnez maintenant<\/span><\/a><\/p>\n<p><span data-contrast=\"auto\">La Patrouille canadienne <\/span><span data-contrast=\"auto\">de ski <\/span><span data-contrast=\"auto\">est un organisme \u00e0 but non lucratif<\/span> <span data-contrast=\"auto\">dont la mission consiste \u00e0 assurer <\/span><span data-contrast=\"auto\">toute l\u2019ann\u00e9e durant la s\u00e9curit\u00e9 et le bien-\u00eatre d<\/span><span data-contrast=\"auto\">es personnes<\/span><span data-contrast=\"auto\"> participant aux <\/span><span data-contrast=\"auto\">nombreuses activit\u00e9s de plein air <\/span><span data-contrast=\"auto\">partout<\/span><span data-contrast=\"auto\"> au <\/span><span data-contrast=\"auto\">Canada.\u00a0<\/span><span data-ccp-props=\"{&quot;201341983&quot;:0,&quot;335559739&quot;:160,&quot;335559740&quot;:276}\">\u00a0<\/span><\/p>\n<p><span data-contrast=\"auto\">Bien que <\/span><span data-contrast=\"auto\">s<\/span><span data-contrast=\"auto\">a <\/span><span data-contrast=\"auto\">mission principale<\/span> <span data-contrast=\"auto\">soit centr\u00e9e sur les s<\/span><span data-contrast=\"auto\">t<\/span><span data-contrast=\"auto\">ations de ski, <\/span><span data-contrast=\"auto\">les b\u00e9n\u00e9ficiaires de <\/span><span data-contrast=\"auto\">ses services <\/span><span data-contrast=\"auto\">ne se limitent pas aux seuls skieurs alpins. <\/span><span data-contrast=\"auto\">Aujourd\u2019hui, la PCS offre des services de secourisme <\/span><span data-contrast=\"auto\">destin\u00e9s \u00e0 une vaste gamme d\u2019activit\u00e9s r\u00e9cr\u00e9atives, de festivals musicaux et d<\/span><span data-contrast=\"auto\">\u2019\u00e9v\u00e9nements sportifs.<\/span><span data-ccp-props=\"{&quot;201341983&quot;:0,&quot;335559739&quot;:160,&quot;335559740&quot;:276}\">\u00a0<\/span><\/p>\n<p><b><span data-contrast=\"auto\">La Patrouille canadienne de ski en chiffres\u202f:\u00a0<\/span><\/b><span data-ccp-props=\"{&quot;201341983&quot;:0,&quot;335559739&quot;:160,&quot;335559740&quot;:276}\">\u00a0<\/span><\/p>\n<ul>\n<li data-leveltext=\"\uf0b7\" data-font=\"Symbol\" data-listid=\"2\" aria-setsize=\"-1\" data-aria-posinset=\"1\" data-aria-level=\"1\"><span data-contrast=\"auto\">\u2022 <\/span><span data-contrast=\"auto\">Plus de <\/span><b><span data-contrast=\"auto\">4 000<\/span><\/b><span data-contrast=\"auto\"> membres b\u00e9n\u00e9voles dans l\u2019ensemble du pays\u00a0<\/span><span data-ccp-props=\"{&quot;134233279&quot;:true,&quot;201341983&quot;:0,&quot;335559739&quot;:160,&quot;335559740&quot;:276}\">\u00a0<\/span><\/li>\n<li data-leveltext=\"\uf0b7\" data-font=\"Symbol\" data-listid=\"2\" aria-setsize=\"-1\" data-aria-posinset=\"2\" data-aria-level=\"1\"><span data-contrast=\"auto\">\u2022 <\/span><b><span data-contrast=\"auto\">56<\/span><\/b><span data-contrast=\"auto\"> zones administratives relevant de <\/span><b><span data-contrast=\"auto\">9<\/span><\/b><span data-contrast=\"auto\"> divisions<\/span><span data-ccp-props=\"{&quot;134233279&quot;:true,&quot;201341983&quot;:0,&quot;335559739&quot;:160,&quot;335559740&quot;:276}\">\u00a0<\/span><\/li>\n<li data-leveltext=\"\uf0b7\" data-font=\"Symbol\" data-listid=\"2\" aria-setsize=\"-1\" data-aria-posinset=\"3\" data-aria-level=\"1\"><span data-contrast=\"auto\">\u2022 <\/span><b><span data-contrast=\"auto\">200<\/span><\/b><span data-contrast=\"auto\"> stations de ski alpin ou nordique b\u00e9n\u00e9ficiant des services de secourisme et de sauvetage de la Patrouille canadienne de ski<\/span><span data-ccp-props=\"{&quot;134233279&quot;:true,&quot;201341983&quot;:0,&quot;335559739&quot;:160,&quot;335559740&quot;:276}\">\u00a0<\/span><\/li>\n<li data-leveltext=\"\uf0b7\" data-font=\"Symbol\" data-listid=\"2\" aria-setsize=\"-1\" data-aria-posinset=\"4\" data-aria-level=\"1\"><span data-contrast=\"auto\">\u2022 <\/span><b><span data-contrast=\"auto\">Un million <\/span><\/b><span data-contrast=\"auto\">d\u2019heures consacr\u00e9es chaque ann\u00e9e par les b\u00e9n\u00e9voles de la PCS \u00e0 des activit\u00e9s de patrouille sur piste et hors-piste, \u00e0 l\u2019enseignement des m\u00e9thodes de secourisme et \u00e0 l\u2019\u00e9laboration de moyens de formation.\u00a0\u00a0\u00a0<\/span><span data-ccp-props=\"{&quot;134233279&quot;:true,&quot;201341983&quot;:0,&quot;335559739&quot;:160,&quot;335559740&quot;:276}\">\u00a0<\/span><\/li>\n<\/ul>\n<p><b><span data-contrast=\"auto\">Voici \u00e0 quoi seront affect\u00e9s les dons que vous ferez aujourd\u2019hui<\/span><\/b><b><span data-contrast=\"auto\">:\u00a0<\/span><\/b><span data-ccp-props=\"{&quot;201341983&quot;:0,&quot;335559739&quot;:160,&quot;335559740&quot;:276}\">\u00a0<\/span><\/p>\n<ul>\n<li data-leveltext=\"\uf0b7\" data-font=\"Symbol\" data-listid=\"1\" aria-setsize=\"-1\" data-aria-posinset=\"1\" data-aria-level=\"1\"><span data-contrast=\"auto\">\u2022 <\/span><span data-contrast=\"auto\">Le cours de secourisme avanc\u00e9 de la PCS \u2013 un cours d\u2019une dur\u00e9e de 60 heures consid\u00e9r\u00e9 comme un mod\u00e8le dans l\u2019industrie du secourisme (il comporte une formation en RCP, en DEA et en SIMDUT).\u00a0<\/span><span data-ccp-props=\"{&quot;134233279&quot;:true,&quot;201341983&quot;:0,&quot;335559739&quot;:160,&quot;335559740&quot;:276}\">\u00a0<\/span><\/li>\n<li data-leveltext=\"\uf0b7\" data-font=\"Symbol\" data-listid=\"1\" aria-setsize=\"-1\" data-aria-posinset=\"2\" data-aria-level=\"1\"><span data-contrast=\"auto\">\u2022 <\/span><span data-contrast=\"auto\">Formation en gestion de site d\u2019accident sur neige\u00a0<\/span><span data-ccp-props=\"{&quot;134233279&quot;:true,&quot;201341983&quot;:0,&quot;335559739&quot;:160,&quot;335559740&quot;:276}\">\u00a0<\/span><\/li>\n<li data-leveltext=\"\uf0b7\" data-font=\"Symbol\" data-listid=\"1\" aria-setsize=\"-1\" data-aria-posinset=\"3\" data-aria-level=\"1\"><span data-contrast=\"auto\">\u2022 <\/span><span data-contrast=\"auto\">Formation en s\u00e9curit\u00e9 destin\u00e9e aux membres et aux patrouilleurs r\u00e9mun\u00e9r\u00e9s\u00a0<\/span><span data-ccp-props=\"{&quot;134233279&quot;:true,&quot;201341983&quot;:0,&quot;335559739&quot;:160,&quot;335559740&quot;:276}\">\u00a0<\/span><\/li>\n<li data-leveltext=\"\uf0b7\" data-font=\"Symbol\" data-listid=\"1\" aria-setsize=\"-1\" data-aria-posinset=\"4\" data-aria-level=\"1\"><span data-contrast=\"auto\">\u2022 <\/span><span data-contrast=\"auto\">\u00c9quipement de secourisme, de recherche et de sauvetage\u00a0<\/span><span data-ccp-props=\"{&quot;134233279&quot;:true,&quot;201341983&quot;:0,&quot;335559739&quot;:160,&quot;335559740&quot;:276}\">\u00a0<\/span><\/li>\n<li data-leveltext=\"\uf0b7\" data-font=\"Symbol\" data-listid=\"1\" aria-setsize=\"-1\" data-aria-posinset=\"5\" data-aria-level=\"1\"><span data-contrast=\"auto\">\u2022 <\/span><span data-contrast=\"auto\">Entretien de l\u2019\u00e9quipement et des fournitures\u00a0<\/span><span data-ccp-props=\"{&quot;134233279&quot;:true,&quot;201341983&quot;:0,&quot;335559739&quot;:160,&quot;335559740&quot;:276}\">\u00a0<\/span><\/li>\n<\/ul>\n<p style=\"text-align: center;\"><a href=\"https:\/\/www.canadahelps.org\/fr\/dn\/m\/4928\/donation\" class=\"su-button su-button-style-soft\" style=\"color:#FFFFFF;background-color:#b40104;border-color:#900104;border-radius:9px\" target=\"_blank\" rel=\"noopener noreferrer\"><span style=\"color:#FFFFFF;padding:0px 24px;font-size:18px;line-height:36px;border-color:#cb4e50;border-radius:9px;text-shadow:none\">  Donnez maintenant <\/span><\/a><\/p>\n<p><strong><br \/>\nUtilisez le bouton ci-dessus pour faire un don s\u00e9curis\u00e9 et d\u00e9ductible des imp\u00f4ts en ligne, ou envoyez votre ch\u00e8que par courrier :<br \/>\n<\/strong><\/p>\n<p><span data-contrast=\"auto\">O<\/span><span data-contrast=\"auto\">u faites-nous parve<\/span><span data-contrast=\"auto\">nir votre ch\u00e8que \u00e0 l\u2019adresse suivante\u202f:\u00a0<\/span><br \/>\n<span data-contrast=\"auto\"><br \/>\nPatrouille canadienne de ski<\/span><span data-contrast=\"auto\">,\u00a0<\/span><span data-contrast=\"auto\"><br \/>\n2451 <\/span><span data-contrast=\"auto\">Promenade <\/span><span data-contrast=\"auto\">Riverside,<br \/>\n<\/span><span data-contrast=\"auto\">Ottawa, ON K1H 7X7 <\/span><span data-ccp-props=\"{&quot;201341983&quot;:0,&quot;335559739&quot;:160,&quot;335559740&quot;:276}\">\u00a0<\/span><\/p>\n<p><span data-contrast=\"auto\">La PCS est un organisme de bienfaisance <\/span><span data-contrast=\"auto\">(<\/span><span data-contrast=\"auto\">num\u00e9ro d\u2019enregistrement\u202f: <\/span><span data-contrast=\"auto\">118836162RR0001). <\/span><span data-contrast=\"auto\">Des re\u00e7us pour fins d\u2019imp\u00f4ts seront <\/span><span data-contrast=\"auto\">offerts pour tout don de 20 dollars ou plus.<\/span><span data-contrast=\"auto\">\u00a0<\/span><span data-ccp-props=\"{&quot;201341983&quot;:0,&quot;335559739&quot;:160,&quot;335559740&quot;:276}\">\u00a0<\/span><\/p>\n<h5><strong>Vos dons nous aideront \u00e0 assurer la s\u00e9curit\u00e9 des pistes de ski\u00a0et des activit\u00e9s de plein air!<\/strong><\/h5>\n<h5><em><strong>Merci de votre appui! <\/strong><\/em><\/h5>\n<h5><\/h5>\n<p>&nbsp;<\/p>\n<\/div>\n<\/div><\/div><\/div><\/div><\/div>","protected":false},"excerpt":{"rendered":"<p>La Patrouille canadienne de ski est un organisme \u00e0 but non lucratif dont la mission consiste \u00e0 assurer toute l\u2019ann\u00e9e durant la s\u00e9curit\u00e9 et le bien-\u00eatre des personnes participant aux nombreuses activit\u00e9s de plein air partout au Canada.\u00a0\u00a0 Bien que sa mission principale soit centr\u00e9e sur les stations de ski, les b\u00e9n\u00e9ficiaires de ses services<a class=\"read-more\" href=\"https:\/\/www.skipatrol.ca\/fr\/donate\/\"><br \/>-> Lire la suite<span class=\"screen-reader-text\">  Faire un don<\/span><\/a><\/p>\n","protected":false},"author":1,"featured_media":0,"parent":0,"menu_order":0,"comment_status":"closed","ping_status":"closed","template":"template-fullwidth-no-title.php","meta":{"footnotes":""},"class_list":["post-5051","page","type-page","status-publish","hentry"],"_links":{"self":[{"href":"https:\/\/www.skipatrol.ca\/fr\/wp-json\/wp\/v2\/pages\/5051","targetHints":{"allow":["GET"]}}],"collection":[{"href":"https:\/\/www.skipatrol.ca\/fr\/wp-json\/wp\/v2\/pages"}],"about":[{"href":"https:\/\/www.skipatrol.ca\/fr\/wp-json\/wp\/v2\/types\/page"}],"author":[{"embeddable":true,"href":"https:\/\/www.skipatrol.ca\/fr\/wp-json\/wp\/v2\/users\/1"}],"replies":[{"embeddable":true,"href":"https:\/\/www.skipatrol.ca\/fr\/wp-json\/wp\/v2\/comments?post=5051"}],"version-history":[{"count":31,"href":"https:\/\/www.skipatrol.ca\/fr\/wp-json\/wp\/v2\/pages\/5051\/revisions"}],"predecessor-version":[{"id":6443,"href":"https:\/\/www.skipatrol.ca\/fr\/wp-json\/wp\/v2\/pages\/5051\/revisions\/6443"}],"wp:attachment":[{"href":"https:\/\/www.skipatrol.ca\/fr\/wp-json\/wp\/v2\/media?parent=5051"}],"curies":[{"name":"wp","href":"https:\/\/api.w.org\/{rel}","templated":true}]}}