{"id":5059,"date":"2016-05-22T06:51:55","date_gmt":"2016-05-22T06:51:55","guid":{"rendered":"https:\/\/www.skipatrol.ca\/education-training\/"},"modified":"2025-11-01T16:33:31","modified_gmt":"2025-11-01T20:33:31","slug":"education-training","status":"publish","type":"page","link":"https:\/\/www.skipatrol.ca\/fr\/education-training\/","title":{"rendered":"Formation"},"content":{"rendered":"<div id=\"pl-5059\"  class=\"panel-layout\" ><div id=\"pg-5059-0\"  class=\"panel-grid panel-has-style\" ><div class=\"siteorigin-panels-stretch panel-row-style panel-row-style-for-5059-0\" data-stretch-type=\"full-width-stretch\" ><div id=\"pgc-5059-0-0\"  class=\"panel-grid-cell\" ><div id=\"panel-5059-0-0-0\" class=\"so-panel widget widget_sow-hero panel-first-child panel-last-child\" data-index=\"0\" ><div\n\t\t\t\n\t\t\tclass=\"so-widget-sow-hero so-widget-sow-hero-default-f130dea06cfa-5059 so-widget-fittext-wrapper\"\n\t\t\t data-fit-text-compressor=\"0.85\"\n\t\t>\t\t\t\t<div class=\"sow-slider-base\" style=\"display: none\" tabindex=\"0\">\n\t\t\t\t\t<ul\n\t\t\t\t\tclass=\"sow-slider-images\"\n\t\t\t\t\tdata-settings=\"{&quot;pagination&quot;:true,&quot;speed&quot;:800,&quot;timeout&quot;:8000,&quot;paused&quot;:false,&quot;pause_on_hover&quot;:false,&quot;swipe&quot;:true,&quot;nav_always_show_desktop&quot;:&quot;&quot;,&quot;nav_always_show_mobile&quot;:&quot;&quot;,&quot;breakpoint&quot;:&quot;780px&quot;,&quot;unmute&quot;:false,&quot;anchor&quot;:null}\"\n\t\t\t\t\t\t\t\t\t\tdata-anchor-id=\"\"\n\t\t\t\t>\t\t<li class=\"sow-slider-image  sow-slider-image-cover\" style=\"visibility: visible;;background-color: #333333\" >\n\t\t\t\t\t<div class=\"sow-slider-image-container\">\n\t\t\t<div class=\"sow-slider-image-wrapper\">\n\t\t\t\t<h1 style=\"text-align: center\">FORMATION<\/h1>\n\t\t\t<\/div>\n\t\t<\/div>\n\t\t<div class=\"sow-slider-image-overlay sow-slider-image-cover\" style=\"opacity: 0.75;background-image: url(https:\/\/www.skipatrol.ca\/sites\/www.skipatrol.ca\/wp-content\/uploads\/2016\/05\/12401701_1647059848877358_2204988644251012778_o.jpg)\"  ><\/div>\t\t<\/li>\n\t\t<\/ul>\t\t\t\t<ol class=\"sow-slider-pagination\">\n\t\t\t\t\t\t\t\t\t\t\t<li><a href=\"#\" data-goto=\"0\" aria-label=\"Display slide 1\"><\/a><\/li>\n\t\t\t\t\t\t\t\t\t<\/ol>\n\n\t\t\t\t<div class=\"sow-slide-nav sow-slide-nav-next\">\n\t\t\t\t\t<a href=\"#\" data-goto=\"next\" aria-label=\"Next slide\" data-action=\"next\">\n\t\t\t\t\t\t<em class=\"sow-sld-icon-thin-right\"><\/em>\n\t\t\t\t\t<\/a>\n\t\t\t\t<\/div>\n\n\t\t\t\t<div class=\"sow-slide-nav sow-slide-nav-prev\">\n\t\t\t\t\t<a href=\"#\" data-goto=\"previous\" aria-label=\"Previous slide\" data-action=\"prev\">\n\t\t\t\t\t\t<em class=\"sow-sld-icon-thin-left\"><\/em>\n\t\t\t\t\t<\/a>\n\t\t\t\t<\/div>\n\t\t\t\t<\/div><\/div><\/div><\/div><\/div><\/div><div id=\"pg-5059-1\"  class=\"panel-grid panel-no-style\" ><div id=\"pgc-5059-1-0\"  class=\"panel-grid-cell\" ><div id=\"panel-5059-1-0-0\" class=\"so-panel widget widget_sow-headline panel-first-child panel-last-child\" data-index=\"1\" ><div\n\t\t\t\n\t\t\tclass=\"so-widget-sow-headline so-widget-sow-headline-default-6a079f7c0fbc-5059\"\n\t\t\t\n\t\t><div class=\"sow-headline-container \">\n\t\t\t\t\t\t\t<h3 class=\"sow-sub-headline\">\n\t\t\t\t\t\tTout comme le ski nordique, la planche \u00e0 neige, le t\u00e9l\u00e9mark et tout autre sport de glisse qui ont \u00e9volu\u00e9s au fil des ann\u00e9es, la PCS a d\u00e9velopp\u00e9 de nouveaux programmes de s\u00e9curit\u00e9 et de formation en premiers soins. En tant qu\u2019autorit\u00e9 l\u00e9gale en formation de patrouilleur et de personnel de premiers soins avanc\u00e9 pour nos stations de ski associ\u00e9s, nous sommes vou\u00e9s au plus haut standard de formation, certification et de services de premiers soins.\t\t\t\t\t\t<\/h3>\n\t\t\t\t\t\t<\/div>\n<\/div><\/div><\/div><\/div><div id=\"pg-5059-2\"  class=\"panel-grid panel-no-style\" ><div id=\"pgc-5059-2-0\"  class=\"panel-grid-cell\" ><div id=\"panel-5059-2-0-0\" class=\"so-panel widget widget_sow-editor panel-first-child panel-last-child\" data-index=\"2\" ><div\n\t\t\t\n\t\t\tclass=\"so-widget-sow-editor so-widget-sow-editor-base\"\n\t\t\t\n\t\t><h3 class=\"widget-title\">Manuel de secourisme<\/h3>\n<div class=\"siteorigin-widget-tinymce textwidget\">\n\t<p><span class=\"s1\">La PCS poss\u00e8de son propre manuel de secourisme. Mis \u00e0 jour tous les deux ans, notre manuel de secourisme constitue la base de la formation dispens\u00e9e par la PCS. Le manuel et les proc\u00e9dures dont la PCS est responsable sont r\u00e9vis\u00e9s p\u00e9riodiquement par un comit\u00e9 permanent de professionnels de la sant\u00e9 repr\u00e9sentant les divers secteurs des soins m\u00e9dicaux d\u2019urgence, puis avalis\u00e9s par le Comit\u00e9 national de la formation et l\u2019\u00c9quipe nationale de gestion.\u00a0Ce manuel est disponible sur le Base de Donn\u00e9es Nationale\u00a0(BDN) et sur CD-ROM.<\/span><\/p>\n<p class=\"p1\"><span class=\"s1\">Notre programme de formation de patrouilleur permet aux membres de faire face \u00e0 toutes les situations o\u00f9 nous sommes appel\u00e9s \u00e0 intervenir. Les candidats sont entra\u00een\u00e9s par des patrouilleurs qui ont re\u00e7u une formation d\u2019instructeur conforme au Programme de certification d\u2019instructeur.<\/span><\/p>\n<p class=\"p2\"><a href=\"https:\/\/www.skipatrol.ca\/wp-content\/uploads\/2016\/05\/Certification-dinstructeur-Jan-2013.pdf\"><span class=\"s2\"><b>Certification d'instructeur<\/b><\/span><\/a><\/p>\n<p class=\"p2\">\n<\/div>\n<\/div><\/div><\/div><div id=\"pgc-5059-2-1\"  class=\"panel-grid-cell\" ><div id=\"panel-5059-2-1-0\" class=\"so-panel widget widget_sow-editor panel-first-child panel-last-child\" data-index=\"3\" ><div\n\t\t\t\n\t\t\tclass=\"so-widget-sow-editor so-widget-sow-editor-base\"\n\t\t\t\n\t\t><h3 class=\"widget-title\">Programme de patrouilleur<\/h3>\n<div class=\"siteorigin-widget-tinymce textwidget\">\n\t<p><span class=\"s1\">Notre programme de patrouilleur comporte une formation rigoureuse qui permet aux patrouilleurs d\u2019intervenir dans presque toutes les situations qui peuvent surgir sur les sentiers ou les pistes de ski.<\/span><\/p>\n<p class=\"p1\"><span class=\"s1\">Pour devenir patrouilleur, il faut suivre un cours portant sur toute une gamme de comp\u00e9tences en secourisme et sur la RCR. Le programme traite aussi d\u2019autres sujets comme la gestion du lieu d\u2019un accident, l\u2019\u00e9vacuation d\u2019un t\u00e9l\u00e9si\u00e8ge, les op\u00e9rations de sauvetage, les communications et les op\u00e9rations de recherche et de secourisme en cas d\u2019avalanche. Ce cours repose sur une approche individuelle o\u00f9 chaque candidat est suivi de pr\u00e8s par son entra\u00eeneur. Il comporte aussi des rencontres dans des salles de classe et une part d\u2019auto-apprentissage.<\/span><\/p>\n<\/div>\n<\/div><\/div><\/div><\/div><div id=\"pg-5059-3\"  class=\"panel-grid panel-no-style\" ><div id=\"pgc-5059-3-0\"  class=\"panel-grid-cell panel-grid-cell-mobile-last\" ><div id=\"panel-5059-3-0-0\" class=\"so-panel widget widget_sow-editor panel-first-child panel-last-child\" data-index=\"4\" ><div\n\t\t\t\n\t\t\tclass=\"so-widget-sow-editor so-widget-sow-editor-base\"\n\t\t\t\n\t\t><h3 class=\"widget-title\">Programme de formation<\/h3>\n<div class=\"siteorigin-widget-tinymce textwidget\">\n\t<p><span class=\"s1\">Les patrouilleurs doivent respecter une norme nationale minimale et r\u00e9ussir les examens concernant toutes les composantes du programme. Les patrouilleurs doivent renouveler leur certification chaque ann\u00e9e pour s\u2019assurer qu\u2019ils ma\u00eetrisent les m\u00e9thodes, traitements et modes d\u2019intervention nouveaux et anciens. Partout au pays, les patrouilleurs doivent se conformer \u00e0 une m\u00eame norme, et ce, qu\u2019il s\u2019agisse d\u2019une petite station de ski dans l\u2019Est du pays ou d\u2019une station bien connue dans les Rocheuses.<\/span><\/p>\n<p class=\"p1\"><span class=\"s1\">La PCS s\u2019engage \u00e0 offrir un programme de haute qualit\u00e9. Son objectif est de faire en sorte que skieurs et planchistes soient trait\u00e9s efficacement et correctement. Les composantes de ce programme incluent des comp\u00e9tences avanc\u00e9es en mati\u00e8re de secourisme et des proc\u00e9dures sur neige, ainsi qu\u2019un module r\u00e9serv\u00e9 aux membres de la PCS qui leur permet de mieux conna\u00eetre l\u2019organisation dont ils font partie.<\/span><\/p>\n<p class=\"p2\"><a href=\"https:\/\/www.skipatrol.ca\/wp-content\/uploads\/2016\/05\/Description-du-programme.pdf\"><span class=\"s2\"><b>Description du programme<\/b><\/span><\/a><\/p>\n<\/div>\n<\/div><\/div><\/div><div id=\"pgc-5059-3-1\"  class=\"panel-grid-cell panel-grid-cell-empty\" ><\/div><\/div><\/div>","protected":false},"excerpt":{"rendered":"<p>FORMATION Tout comme le ski nordique, la planche \u00e0 neige, le t\u00e9l\u00e9mark et tout autre sport de glisse qui ont \u00e9volu\u00e9s au fil des ann\u00e9es, la PCS a d\u00e9velopp\u00e9 de nouveaux programmes de s\u00e9curit\u00e9 et de formation en premiers soins. En tant qu\u2019autorit\u00e9 l\u00e9gale en formation de patrouilleur et de personnel de premiers soins avanc\u00e9<a class=\"read-more\" href=\"https:\/\/www.skipatrol.ca\/fr\/education-training\/\"><br \/>-> Lire la suite<span class=\"screen-reader-text\">  Formation<\/span><\/a><\/p>\n","protected":false},"author":1,"featured_media":0,"parent":0,"menu_order":0,"comment_status":"closed","ping_status":"closed","template":"template-fullwidth-no-title.php","meta":{"footnotes":""},"class_list":["post-5059","page","type-page","status-publish","hentry"],"_links":{"self":[{"href":"https:\/\/www.skipatrol.ca\/fr\/wp-json\/wp\/v2\/pages\/5059","targetHints":{"allow":["GET"]}}],"collection":[{"href":"https:\/\/www.skipatrol.ca\/fr\/wp-json\/wp\/v2\/pages"}],"about":[{"href":"https:\/\/www.skipatrol.ca\/fr\/wp-json\/wp\/v2\/types\/page"}],"author":[{"embeddable":true,"href":"https:\/\/www.skipatrol.ca\/fr\/wp-json\/wp\/v2\/users\/1"}],"replies":[{"embeddable":true,"href":"https:\/\/www.skipatrol.ca\/fr\/wp-json\/wp\/v2\/comments?post=5059"}],"version-history":[{"count":4,"href":"https:\/\/www.skipatrol.ca\/fr\/wp-json\/wp\/v2\/pages\/5059\/revisions"}],"predecessor-version":[{"id":14190,"href":"https:\/\/www.skipatrol.ca\/fr\/wp-json\/wp\/v2\/pages\/5059\/revisions\/14190"}],"wp:attachment":[{"href":"https:\/\/www.skipatrol.ca\/fr\/wp-json\/wp\/v2\/media?parent=5059"}],"curies":[{"name":"wp","href":"https:\/\/api.w.org\/{rel}","templated":true}]}}