{"id":5062,"date":"2016-05-22T05:59:22","date_gmt":"2016-05-22T05:59:22","guid":{"rendered":"https:\/\/www.skipatrol.ca\/faqs\/"},"modified":"2020-10-22T18:48:37","modified_gmt":"2020-10-22T22:48:37","slug":"faqs","status":"publish","type":"page","link":"https:\/\/www.skipatrol.ca\/fr\/faqs\/","title":{"rendered":"Questions fr\u00e9quentes"},"content":{"rendered":"<div id=\"pl-5062\"  class=\"panel-layout\" ><div id=\"pg-5062-0\"  class=\"panel-grid panel-has-style\" ><div class=\"siteorigin-panels-stretch panel-row-style panel-row-style-for-5062-0\" data-stretch-type=\"full-stretched\" ><div id=\"pgc-5062-0-0\"  class=\"panel-grid-cell\" ><div id=\"panel-5062-0-0-0\" class=\"so-panel widget widget_sow-hero panel-first-child panel-last-child\" data-index=\"0\" ><div\n\t\t\t\n\t\t\tclass=\"so-widget-sow-hero so-widget-sow-hero-default-f130dea06cfa-5062 so-widget-fittext-wrapper\"\n\t\t\t data-fit-text-compressor=\"0.85\"\n\t\t>\t\t\t\t<div class=\"sow-slider-base\" style=\"display: none\" tabindex=\"0\">\n\t\t\t\t\t<ul\n\t\t\t\t\tclass=\"sow-slider-images\"\n\t\t\t\t\tdata-settings=\"{&quot;pagination&quot;:true,&quot;speed&quot;:800,&quot;timeout&quot;:8000,&quot;paused&quot;:false,&quot;pause_on_hover&quot;:false,&quot;swipe&quot;:true,&quot;nav_always_show_desktop&quot;:&quot;&quot;,&quot;nav_always_show_mobile&quot;:&quot;&quot;,&quot;breakpoint&quot;:&quot;780px&quot;,&quot;unmute&quot;:false,&quot;anchor&quot;:null}\"\n\t\t\t\t\t\t\t\t\t\tdata-anchor-id=\"\"\n\t\t\t\t>\t\t<li class=\"sow-slider-image  sow-slider-image-cover\" style=\"visibility: visible;;background-color: #333333\" >\n\t\t\t\t\t<div class=\"sow-slider-image-container\">\n\t\t\t<div class=\"sow-slider-image-wrapper\">\n\t\t\t\t<h1 style=\"text-align: center\">Questions fr\u00e9quentes<\/h1>\n\t\t\t<\/div>\n\t\t<\/div>\n\t\t<div class=\"sow-slider-image-overlay sow-slider-image-cover\" style=\"opacity: 0.75;background-image: url(https:\/\/www.skipatrol.ca\/sites\/www.skipatrol.ca\/wp-content\/uploads\/2016\/05\/By-Clinton-Reiter.jpg)\"  ><\/div>\t\t<\/li>\n\t\t<\/ul>\t\t\t\t<ol class=\"sow-slider-pagination\">\n\t\t\t\t\t\t\t\t\t\t\t<li><a href=\"#\" data-goto=\"0\" aria-label=\"Display slide 1\"><\/a><\/li>\n\t\t\t\t\t\t\t\t\t<\/ol>\n\n\t\t\t\t<div class=\"sow-slide-nav sow-slide-nav-next\">\n\t\t\t\t\t<a href=\"#\" data-goto=\"next\" aria-label=\"Next slide\" data-action=\"next\">\n\t\t\t\t\t\t<em class=\"sow-sld-icon-thin-right\"><\/em>\n\t\t\t\t\t<\/a>\n\t\t\t\t<\/div>\n\n\t\t\t\t<div class=\"sow-slide-nav sow-slide-nav-prev\">\n\t\t\t\t\t<a href=\"#\" data-goto=\"previous\" aria-label=\"Previous slide\" data-action=\"prev\">\n\t\t\t\t\t\t<em class=\"sow-sld-icon-thin-left\"><\/em>\n\t\t\t\t\t<\/a>\n\t\t\t\t<\/div>\n\t\t\t\t<\/div><\/div><\/div><\/div><\/div><\/div><div id=\"pg-5062-1\"  class=\"panel-grid panel-no-style\" ><div id=\"pgc-5062-1-0\"  class=\"panel-grid-cell\" ><div id=\"panel-5062-1-0-0\" class=\"so-panel widget widget_sow-editor panel-first-child panel-last-child\" data-index=\"1\" ><div\n\t\t\t\n\t\t\tclass=\"so-widget-sow-editor so-widget-sow-editor-base\"\n\t\t\t\n\t\t>\n<div class=\"siteorigin-widget-tinymce textwidget\">\n\t<div class=\"su-spoiler su-spoiler-style-simple su-spoiler-icon-plus su-spoiler-closed\" data-scroll-offset=\"0\" data-anchor-in-url=\"no\"><div class=\"su-spoiler-title\" tabindex=\"0\" role=\"button\"><span class=\"su-spoiler-icon\"><\/span>Q. Je poss\u00e8de d\u00e9j\u00e0 une attestation de comp\u00e9tence en secourisme. Dois-je tout de m\u00eame suivre le cours avanc\u00e9 de secourisme de la PCS pour devenir membre en r\u00e8gle?<\/div><div class=\"su-spoiler-content su-u-clearfix su-u-trim\">R. Oui, notre formation est tr\u00e8s sp\u00e9cialis\u00e9e et englobe la fourniture de services de secourisme aux stations de ski. Notre formation est plus pouss\u00e9e que celle offerte dans le cadre d\u2019un cours de secourisme r\u00e9gulier. Nous enseignons la RCR, l\u2019oxyg\u00e9noth\u00e9rapie, l\u2019utilisation du DEA, l\u2019assistance respiratoire et les techniques relatives \u00e0 la tension art\u00e9rielle. Si vous poss\u00e9dez une attestation de comp\u00e9tence en RCR valide pour l\u2019ann\u00e9e en cours, vous n\u2019aurez pas besoin de suivre ce cours \u00e0 nouveau. Tous les membres doivent chaque ann\u00e9e suivre le cours avanc\u00e9 de secourisme de la PCS. Les membres qui poss\u00e8dent des comp\u00e9tences m\u00e9dicales ou qui d\u00e9tiennent une attestation de comp\u00e9tence en secourisme provenant d\u2019un autre organisme reconnu par la PCS doivent suivre et r\u00e9ussir les examens du cours avanc\u00e9 de secourisme de la PCS (version modifi\u00e9e) pour devenir membre en r\u00e8gle.<\/div><\/div>\n<div class=\"su-spoiler su-spoiler-style-simple su-spoiler-icon-plus su-spoiler-closed\" data-scroll-offset=\"0\" data-anchor-in-url=\"no\"><div class=\"su-spoiler-title\" tabindex=\"0\" role=\"button\"><span class=\"su-spoiler-icon\"><\/span>Q. Y a-t-il des postes de patrouilleurs qui sont r\u00e9mun\u00e9r\u00e9s?<\/div><div class=\"su-spoiler-content su-u-clearfix su-u-trim\">R. Oui, et il y a toujours un besoin pour de tels postes. Premi\u00e8rement, nous vous sugg\u00e9rons de communiquer avec le responsable des services de patrouille de la station de ski o\u00f9 vous souhaiteriez patrouiller. Nous pouvons vous aider \u00e0 obtenir son nom, si vous le d\u00e9sirez.<\/div><\/div>\n<div class=\"su-spoiler su-spoiler-style-simple su-spoiler-icon-plus su-spoiler-closed\" data-scroll-offset=\"0\" data-anchor-in-url=\"no\"><div class=\"su-spoiler-title\" tabindex=\"0\" role=\"button\"><span class=\"su-spoiler-icon\"><\/span>Q. Les patrouilleurs jouissent-ils d\u2019une protection juridique dans l\u2019exercice de leurs fonctions de patrouilleur?<\/div><div class=\"su-spoiler-content su-u-clearfix su-u-trim\">R. Oui, la PCS d\u00e9tient une police d\u2019assurance responsabilit\u00e9 civile g\u00e9n\u00e9rale.<\/div><\/div>\n<div class=\"su-spoiler su-spoiler-style-simple su-spoiler-icon-plus su-spoiler-closed\" data-scroll-offset=\"0\" data-anchor-in-url=\"no\"><div class=\"su-spoiler-title\" tabindex=\"0\" role=\"button\"><span class=\"su-spoiler-icon\"><\/span>Q. Existe-t-il une fa\u00e7on d\u2019avoir un avant-go\u00fbt des activit\u00e9s d\u2019un patrouilleur?<\/div><div class=\"su-spoiler-content su-u-clearfix su-u-trim\">R. Oui. Il y a plusieurs centres de ski au pays qui organisent des journ\u00e9es de ski en compagnie d\u2019un patrouilleur et qui peuvent vous jumeler \u00e0 un patrouilleur. Vous n\u2019avez qu\u2019\u00e0 vous rendre \u00e0 la station de ski pr\u00e8s de chez vous et demander \u00e0 parler au chef de patrouille ou \u00e0 la personne responsable; vous pourrez alors lui expliquer que vous songez \u00e0 devenir patrouilleur et que vous aimeriez suivre un patrouilleur pour la journ\u00e9e.<\/div><\/div>\n<div class=\"su-spoiler su-spoiler-style-simple su-spoiler-icon-plus su-spoiler-closed\" data-scroll-offset=\"0\" data-anchor-in-url=\"no\"><div class=\"su-spoiler-title\" tabindex=\"0\" role=\"button\"><span class=\"su-spoiler-icon\"><\/span>Q. Combien d\u2019heures devrai-je patrouiller durant la saison de ski?<\/div><div class=\"su-spoiler-content su-u-clearfix su-u-trim\">R. L\u2019\u00e9tablissement des horaires varie d\u2019une patrouille \u00e0 une autre. Certaines patrouilles exigent que chaque patrouilleur effectue un certain nombre de jours par saison; d\u2019autres exigent qu\u2019un patrouilleur soit en fonction une journ\u00e9e par semaine, ou une journ\u00e9e toutes les deux semaines, ou un week-end sur deux; tout d\u00e9pend de plusieurs facteurs. Certaines patrouilles peuvent \u00e9tablir un horaire en d\u00e9but de saison en tenant compte de la disponibilit\u00e9 de chacun des membres. Lorsque que vous remplissez le formulaire d\u2019adh\u00e9sion sur notre site Web, l\u2019information est automatiquement achemin\u00e9e \u00e0 l\u2019agent ou responsable du recrutement de la r\u00e9gion o\u00f9 vous aimeriez patrouiller. On communiquera avec vous par t\u00e9l\u00e9phone et on r\u00e9pondra \u00e0 toutes vos questions concernant la fonction de patrouilleur.<\/div><\/div>\n<div class=\"su-spoiler su-spoiler-style-simple su-spoiler-icon-plus su-spoiler-closed\" data-scroll-offset=\"0\" data-anchor-in-url=\"no\"><div class=\"su-spoiler-title\" tabindex=\"0\" role=\"button\"><span class=\"su-spoiler-icon\"><\/span>Q. Comment reconna\u00eet-on le patrouilleur dans une station de ski?<\/div><div class=\"su-spoiler-content su-u-clearfix su-u-trim\">R. Lorsque les patrouilleurs sont en fonction, ils portent l\u2019uniforme et il est facile de d\u00e9terminer qu\u2019ils font partie de la Patrouille canadienne de ski.<\/div><\/div>\n<div class=\"su-spoiler su-spoiler-style-simple su-spoiler-icon-plus su-spoiler-closed\" data-scroll-offset=\"0\" data-anchor-in-url=\"no\"><div class=\"su-spoiler-title\" tabindex=\"0\" role=\"button\"><span class=\"su-spoiler-icon\"><\/span>Q. La formation offerte par la PCS est-elle reconnue par les employeurs et par les gouvernements provinciaux?<\/div><div class=\"su-spoiler-content su-u-clearfix su-u-trim\">R. Certaines provinces ont des attestations de comp\u00e9tence ou des \u00e9quivalences d\u00e9livr\u00e9es par une commission provinciale des accidents du travail ou de s\u00e9curit\u00e9 au travail. Toutefois, la formation de base en secourisme de la PCS est reconnue par Ressources humaines et D\u00e9veloppement de comp\u00e9tences Canada. Cette attestation de comp\u00e9tence est \u00e9galement reconnue dans divers lieux de travail.<\/div><\/div>\n<div class=\"su-spoiler su-spoiler-style-simple su-spoiler-icon-plus su-spoiler-closed\" data-scroll-offset=\"0\" data-anchor-in-url=\"no\"><div class=\"su-spoiler-title\" tabindex=\"0\" role=\"button\"><span class=\"su-spoiler-icon\"><\/span>Q. Est-ce que je peux suivre le cours de secourisme de la PCS m\u00eame si je ne deviens pas patrouilleur?<\/div><div class=\"su-spoiler-content su-u-clearfix su-u-trim\">R. Dans la majorit\u00e9 des r\u00e9gions, vous pouvez le faire. Un membre en r\u00e8gle doit satisfaire \u00e0 toutes les exigences du cours avanc\u00e9 de secourisme de la PCS. Un membre en r\u00e8gle ayant une attestation de comp\u00e9tences sur neige et exer\u00e7ant des fonctions dans le cadre d\u2019une patrouille est appel\u00e9 \u00ab patrouilleur \u00bb. Mais un membre en r\u00e8gle peut \u00e9galement offrir ses services hors pistes et hors sentiers. Dans certaines stations, nous offrons nos services de secourisme lors d\u2019activit\u00e9s qui n\u2019ont rien \u00e0 voir avec la neige ou le ski et l\u2019aide de tous les membres en r\u00e8gles est toujours bienvenue.<\/div><\/div>\n<div class=\"su-spoiler su-spoiler-style-simple su-spoiler-icon-plus su-spoiler-closed\" data-scroll-offset=\"0\" data-anchor-in-url=\"no\"><div class=\"su-spoiler-title\" tabindex=\"0\" role=\"button\"><span class=\"su-spoiler-icon\"><\/span>Q. \u00c0 quel point dois-je \u00eatre bon skieur ou bon planchiste pour devenir patrouilleur?<\/div><div class=\"su-spoiler-content su-u-clearfix su-u-trim\">R. Vous devez \u00eatre au moins un tr\u00e8s bon skieur de niveau interm\u00e9diaire. Il faut bien comprendre qu\u2019un patrouilleur peut \u00eatre appel\u00e9 \u00e0 intervenir sur toutes les pistes dans des conditions et des circonstances tr\u00e8s diverses. Vous n\u2019avez pas besoin d\u2019\u00eatre un expert, mais vous devrez \u00eatre capable de skier tout en man\u0153uvrant un toboggan derri\u00e8re vous et vous devrez satisfaire \u00e0 toutes les exigences minimales \u00e9tablies par votre patrouille locale \u00e0 la station o\u00f9 vous souhaitez patrouiller. La plupart des patrouilles offrent une formation en ski ou en planche \u00e0 neige moyennant des frais modiques, et parfois m\u00eame gratuitement.<\/div><\/div>\n<div class=\"su-spoiler su-spoiler-style-simple su-spoiler-icon-plus su-spoiler-closed\" data-scroll-offset=\"0\" data-anchor-in-url=\"no\"><div class=\"su-spoiler-title\" tabindex=\"0\" role=\"button\"><span class=\"su-spoiler-icon\"><\/span>Q. Je suis un planchiste. Est-ce que je peux exercer les fonctions de patrouilleur m\u00eame si je n\u2019ai jamais ski\u00e9?<\/div><div class=\"su-spoiler-content su-u-clearfix su-u-trim\">R. Oui, nous certifions les personnes en secourisme et sur neige qui font du ski alpin, du ski nordique, de la planche \u00e0 neige, du telemark et des mini skis. Nous comptons plusieurs patrouilles dans les stations de ski nordique. Dans les stations de ski alpin, nous acceptons les patins de neige, mais nous sugg\u00e9rons fortement que vous fassiez \u00e9galement du ski car ce sera plus facile pour manier le toboggan.<\/div><\/div>\n<div class=\"su-spoiler su-spoiler-style-simple su-spoiler-icon-plus su-spoiler-closed\" data-scroll-offset=\"0\" data-anchor-in-url=\"no\"><div class=\"su-spoiler-title\" tabindex=\"0\" role=\"button\"><span class=\"su-spoiler-icon\"><\/span>Q. Qu\u2019est-ce qu\u2019un toboggan?<\/div><div class=\"su-spoiler-content su-u-clearfix su-u-trim\">R. Le toboggan est notre principal moyen de transport d\u2019un bless\u00e9 du lieu de l\u2019accident au bas de la piste.<\/div><\/div>\n<div class=\"su-spoiler su-spoiler-style-simple su-spoiler-icon-plus su-spoiler-closed\" data-scroll-offset=\"0\" data-anchor-in-url=\"no\"><div class=\"su-spoiler-title\" tabindex=\"0\" role=\"button\"><span class=\"su-spoiler-icon\"><\/span>Q. Est-il difficile de transporter un bless\u00e9 au moyen d\u2019un toboggan?<\/div><div class=\"su-spoiler-content su-u-clearfix su-u-trim\">R. Non, cette t\u00e2che n\u2019est pas difficile lorsque l\u2019on a re\u00e7u une formation ad\u00e9quate. Nous avons des patrouilleurs qui ne p\u00e8sent pas plus de 50 kilos\u00a0et qui peuvent manipuler un toboggan de 70 kilos avec un bless\u00e9 dont le poids peut atteindre jusqu\u2019\u00e0 110 kilos. Nous vous enseignons comment manipuler le toboggan. Avec un peu d\u2019entra\u00eenement, cela devient m\u00eame amusant.<\/div><\/div>\n<div class=\"su-spoiler su-spoiler-style-simple su-spoiler-icon-plus su-spoiler-closed\" data-scroll-offset=\"0\" data-anchor-in-url=\"no\"><div class=\"su-spoiler-title\" tabindex=\"0\" role=\"button\"><span class=\"su-spoiler-icon\"><\/span>Q. Quel genre de personne la PCS recherche-t-elle?<\/div><div class=\"su-spoiler-content su-u-clearfix su-u-trim\">R. Nous recherchons des adeptes du ski alpin, du ski nordique, du ski t\u00e9l\u00e9mark ou de la planche \u00e0 neige. Ces adeptes proviennent de tous les milieux. Ils sont anim\u00e9s par un commun d\u00e9sir de donner de leur temps pour aider les autres tout en s\u2019amusant eux-m\u00eames. Il faut avoir au moins 18 ans, un bon esprit d\u2019\u00e9quipe et une disposition \u00e0 affronter toutes sortes de temp\u00e9ratures.<\/div><\/div>\n<div class=\"su-spoiler su-spoiler-style-simple su-spoiler-icon-plus su-spoiler-closed\" data-scroll-offset=\"0\" data-anchor-in-url=\"no\"><div class=\"su-spoiler-title\" tabindex=\"0\" role=\"button\"><span class=\"su-spoiler-icon\"><\/span>Q. Quel \u00e2ge faut-il avoir pour devenir membre de la PCS?<\/div><div class=\"su-spoiler-content su-u-clearfix su-u-trim\">R. Les nouveaux membres doivent avoir 18 ans ou plus au 1er d\u00e9cembre de l\u2019ann\u00e9e o\u00f9 ils se joignent \u00e0 la PCS. Il y a des stations qui, dans certaines circonstances, admettent des patrouilleurs d\u00e8s l\u2019\u00e2ge de 16 ans s\u2019ils satisfont \u00e0 toutes les exigences. Toutefois, il y a des restrictions. Pour en savoir davantage, il faudra s\u2019adresser \u00e0 votre station de ski.<\/div><\/div>\n<div class=\"su-spoiler su-spoiler-style-simple su-spoiler-icon-plus su-spoiler-closed\" data-scroll-offset=\"0\" data-anchor-in-url=\"no\"><div class=\"su-spoiler-title\" tabindex=\"0\" role=\"button\"><span class=\"su-spoiler-icon\"><\/span>Q. Quelles sont les connaissances en mati\u00e8re de secourisme que je dois poss\u00e9der lorsque je deviens membre?<\/div><div class=\"su-spoiler-content su-u-clearfix su-u-trim\">R. Aucune! Nous vous donnerons la formation requise. Nos cours de secourisme avanc\u00e9 d\u00e9butent \u00e0 diff\u00e9rents moments \u00e0 l\u2019automne. Chaque cours comporte des d\u00e9monstrations en classe, des expos\u00e9s, des travaux pratiques et une formation en RCR. Les cours sont offerts en soir\u00e9e les jours de semaine et pendant les week-ends.<\/div><\/div>\n<div class=\"su-spoiler su-spoiler-style-simple su-spoiler-icon-plus su-spoiler-closed\" data-scroll-offset=\"0\" data-anchor-in-url=\"no\"><div class=\"su-spoiler-title\" tabindex=\"0\" role=\"button\"><span class=\"su-spoiler-icon\"><\/span>Q. Quelles sont les couleurs officielles de la Patrouille canadienne de ski?<\/div><div class=\"su-spoiler-content su-u-clearfix su-u-trim\">R. Lors de la cr\u00e9ation de la Patrouille canadienne de ski, l\u2019uniforme \u00e9tait rouge Rainiers. Au cours des ann\u00e9es 1980, on est pass\u00e9 au jaune et au bleu. Puis, en 2012, le conseil d\u2019administration de la Patrouille canadienne de ski a proc\u00e9d\u00e9 \u00e0 un examen de notre marque. En ao\u00fbt 2013, le conseil a d\u00e9cid\u00e9 que l\u2019appellation Organisation de la patrouille canadienne de ski serait remplac\u00e9e par Patrouille canadienne de ski et adopt\u00e9 une nouvelle image comportant un nouveau logo. Le nouveau logo s\u2019apparente \u00e0 la traditionnelle croix jaune sur fond de feuille d\u2019\u00e9rable bleue, mais la configuration de la feuille a \u00e9t\u00e9 renouvel\u00e9e, rehauss\u00e9e et int\u00e9gr\u00e9e \u00e0 un arrangement nouveau \u00e0 base de blanc et de rouge. Ce nouveau logo projette une image d\u2019audace, de professionnalisme et de savoir-faire \u2013 autant d\u2019\u00e9l\u00e9ments qui donnent \u00e0 la Patrouille canadienne de ski sa vitalit\u00e9 actuelle et future. Vous verrez les couleurs bleu et jaune partout o\u00f9 la Patrouille canadienne de ski effectue la transition. Notre nouvel uniforme rouget et blanc est de rigueur depuis 2015.<\/div><\/div>\n<\/div>\n<\/div><\/div><\/div><\/div><\/div>","protected":false},"excerpt":{"rendered":"<p>Questions fr\u00e9quentes Q. Je poss\u00e8de d\u00e9j\u00e0 une attestation de comp\u00e9tence en secourisme. Dois-je tout de m\u00eame suivre le cours avanc\u00e9 de secourisme de la PCS pour devenir membre en r\u00e8gle?R. Oui, notre formation est tr\u00e8s sp\u00e9cialis\u00e9e et englobe la fourniture de services de secourisme aux stations de ski. Notre formation est plus pouss\u00e9e que celle<a class=\"read-more\" href=\"https:\/\/www.skipatrol.ca\/fr\/faqs\/\"><br \/>-> Lire la suite<span class=\"screen-reader-text\">  Questions fr\u00e9quentes<\/span><\/a><\/p>\n","protected":false},"author":1,"featured_media":0,"parent":0,"menu_order":0,"comment_status":"closed","ping_status":"closed","template":"template-fullwidth-no-title.php","meta":{"footnotes":""},"class_list":["post-5062","page","type-page","status-publish","hentry"],"_links":{"self":[{"href":"https:\/\/www.skipatrol.ca\/fr\/wp-json\/wp\/v2\/pages\/5062","targetHints":{"allow":["GET"]}}],"collection":[{"href":"https:\/\/www.skipatrol.ca\/fr\/wp-json\/wp\/v2\/pages"}],"about":[{"href":"https:\/\/www.skipatrol.ca\/fr\/wp-json\/wp\/v2\/types\/page"}],"author":[{"embeddable":true,"href":"https:\/\/www.skipatrol.ca\/fr\/wp-json\/wp\/v2\/users\/1"}],"replies":[{"embeddable":true,"href":"https:\/\/www.skipatrol.ca\/fr\/wp-json\/wp\/v2\/comments?post=5062"}],"version-history":[{"count":4,"href":"https:\/\/www.skipatrol.ca\/fr\/wp-json\/wp\/v2\/pages\/5062\/revisions"}],"predecessor-version":[{"id":5237,"href":"https:\/\/www.skipatrol.ca\/fr\/wp-json\/wp\/v2\/pages\/5062\/revisions\/5237"}],"wp:attachment":[{"href":"https:\/\/www.skipatrol.ca\/fr\/wp-json\/wp\/v2\/media?parent=5062"}],"curies":[{"name":"wp","href":"https:\/\/api.w.org\/{rel}","templated":true}]}}