{"id":5065,"date":"2016-05-22T06:04:56","date_gmt":"2016-05-22T06:04:56","guid":{"rendered":"https:\/\/www.skipatrol.ca\/history\/"},"modified":"2020-10-22T18:50:11","modified_gmt":"2020-10-22T22:50:11","slug":"history","status":"publish","type":"page","link":"https:\/\/www.skipatrol.ca\/fr\/history\/","title":{"rendered":"Historique et association des anciens"},"content":{"rendered":"<div id=\"pl-5065\"  class=\"panel-layout\" ><div id=\"pg-5065-0\"  class=\"panel-grid panel-has-style\" ><div class=\"siteorigin-panels-stretch panel-row-style panel-row-style-for-5065-0\" data-stretch-type=\"full-stretched\" ><div id=\"pgc-5065-0-0\"  class=\"panel-grid-cell\" ><div id=\"panel-5065-0-0-0\" class=\"so-panel widget widget_sow-hero panel-first-child panel-last-child\" data-index=\"0\" ><div\n\t\t\t\n\t\t\tclass=\"so-widget-sow-hero so-widget-sow-hero-default-0937178c35f1-5065 so-widget-fittext-wrapper\"\n\t\t\t data-fit-text-compressor=\"0.85\"\n\t\t>\t\t\t\t<div class=\"sow-slider-base\" style=\"display: none\" tabindex=\"0\">\n\t\t\t\t\t<ul\n\t\t\t\t\tclass=\"sow-slider-images\"\n\t\t\t\t\tdata-settings=\"{&quot;pagination&quot;:true,&quot;speed&quot;:800,&quot;timeout&quot;:8000,&quot;paused&quot;:false,&quot;pause_on_hover&quot;:false,&quot;swipe&quot;:true,&quot;nav_always_show_desktop&quot;:&quot;&quot;,&quot;nav_always_show_mobile&quot;:&quot;&quot;,&quot;breakpoint&quot;:&quot;780px&quot;,&quot;unmute&quot;:false,&quot;anchor&quot;:null}\"\n\t\t\t\t\t\t\t\t\t\tdata-anchor-id=\"\"\n\t\t\t\t>\t\t<li class=\"sow-slider-image  sow-slider-image-cover\" style=\"visibility: visible;;background-color: #333333\" >\n\t\t\t\t\t<div class=\"sow-slider-image-container\">\n\t\t\t<div class=\"sow-slider-image-wrapper\">\n\t\t\t\t<h1 style=\"text-align: center\">HISTORIQUE ET ASSOCIATION DES ANCIENS<\/h1>\n\t\t\t<\/div>\n\t\t<\/div>\n\t\t<div class=\"sow-slider-image-overlay sow-slider-image-cover\" style=\"opacity: 0.75;background-image: url(https:\/\/www.skipatrol.ca\/sites\/www.skipatrol.ca\/wp-content\/uploads\/2016\/05\/SKI_PATROL_HISTORY.jpg)\"  ><\/div>\t\t<\/li>\n\t\t<\/ul>\t\t\t\t<ol class=\"sow-slider-pagination\">\n\t\t\t\t\t\t\t\t\t\t\t<li><a href=\"#\" data-goto=\"0\" aria-label=\"Display slide 1\"><\/a><\/li>\n\t\t\t\t\t\t\t\t\t<\/ol>\n\n\t\t\t\t<div class=\"sow-slide-nav sow-slide-nav-next\">\n\t\t\t\t\t<a href=\"#\" data-goto=\"next\" aria-label=\"Next slide\" data-action=\"next\">\n\t\t\t\t\t\t<em class=\"sow-sld-icon-thin-right\"><\/em>\n\t\t\t\t\t<\/a>\n\t\t\t\t<\/div>\n\n\t\t\t\t<div class=\"sow-slide-nav sow-slide-nav-prev\">\n\t\t\t\t\t<a href=\"#\" data-goto=\"previous\" aria-label=\"Previous slide\" data-action=\"prev\">\n\t\t\t\t\t\t<em class=\"sow-sld-icon-thin-left\"><\/em>\n\t\t\t\t\t<\/a>\n\t\t\t\t<\/div>\n\t\t\t\t<\/div><\/div><\/div><\/div><\/div><\/div><div id=\"pg-5065-1\"  class=\"panel-grid panel-no-style\" ><div id=\"pgc-5065-1-0\"  class=\"panel-grid-cell\" ><div id=\"panel-5065-1-0-0\" class=\"so-panel widget widget_sow-editor panel-first-child panel-last-child\" data-index=\"1\" ><div\n\t\t\t\n\t\t\tclass=\"so-widget-sow-editor so-widget-sow-editor-base\"\n\t\t\t\n\t\t><h3 class=\"widget-title\">Historique<\/h3>\n<div class=\"siteorigin-widget-tinymce textwidget\">\n\t<p><img loading=\"lazy\" decoding=\"async\" class=\"wp-image-319 size-thumbnail alignleft\" src=\"https:\/\/www.skipatrol.ca\/wp-content\/uploads\/2016\/05\/sm_87-68-1-2_Firth_Doug-150x150.jpg\" alt=\"sm_87-68-1-2_Firth_Doug\" width=\"150\" height=\"150\" srcset=\"https:\/\/www.skipatrol.ca\/sites\/www.skipatrol.ca\/wp-content\/uploads\/2016\/05\/sm_87-68-1-2_Firth_Doug-150x150.jpg 150w, https:\/\/www.skipatrol.ca\/sites\/www.skipatrol.ca\/wp-content\/uploads\/2016\/05\/sm_87-68-1-2_Firth_Doug-250x250.jpg 250w, https:\/\/www.skipatrol.ca\/sites\/www.skipatrol.ca\/wp-content\/uploads\/2016\/05\/sm_87-68-1-2_Firth_Doug-174x174.jpg 174w\" sizes=\"auto, (max-width: 150px) 100vw, 150px\" \/>Le Dr Douglas Firth \u00e9tait un jeune ost\u00e9opathe de Toronto. \u00c0 la fin des ann\u00e9es 1930, il a pass\u00e9 quelques saisons \u00e0 d\u00e9gager des skieurs bless\u00e9s des sentiers du Toronto Ski Club.<\/p>\n<p>En 1940, l\u2019Association canadienne de ski amateur lui a demand\u00e9 de cr\u00e9er et d\u2019entra\u00eener un groupe de secourisme et de premiers soins dont la mission serait de patrouiller les pistes de ski. C\u2019est ainsi que, lorsqu\u2019il y avait des activit\u00e9s de ski, il s\u2019employait \u00e0 rassembler des gens en vue d\u2019offrir des services de secourisme aux skieurs bless\u00e9s. Peu de temps apr\u00e8s, la Patrouille canadienne de ski (PCS) voyait le jour.<\/p>\n<p>Le Dr Firth a \u00e9t\u00e9 pr\u00e9sident de la PCS pendant 10 ans et, au cours de sa pr\u00e9sidence, il a aid\u00e9 la PCS \u00e0 surmonter de nombreuses difficult\u00e9s. Il a \u00e9t\u00e9 honor\u00e9 \u00e0 plusieurs reprises par la communaut\u00e9 des skieurs et par d\u2019autres groupes pour son apport \u00e0 la s\u00e9curit\u00e9 en ski \u2013\u00a0ainsi que :<\/p>\n<ul>\n<li>Il a \u00e9t\u00e9 nomm\u00e9 membre \u00e0 vie de la PCS No 1;<\/li>\n<li>Il a \u00e9t\u00e9 admis au Temple de la renomm\u00e9e du Mus\u00e9e canadien du ski en 1983;<\/li>\n<li>La station de ski Blue Mountain Resort, en Ontario, a baptis\u00e9 une de ses pistes\u00a0\u00ab The Dr. Doug \u00bb en 1990;<\/li>\n<li>Il est devenu membre de l\u2019Ordre du Canada en 1997.<\/li>\n<\/ul>\n<p>Source:\u00a0\u201cMay I Help You: The First Fifty Years of the Canadian Ski Patrol System\u201d (1994), un livre sur les cinq premi\u00e8res ann\u00e9es de la PCS, par John et Carole Laffoon. Pour obtenir un exemplaire, pri\u00e8re de faire parvenir un courrier \u00e9lectronique \u00e0 : <a href=\"mailto:info@skipatrol.ca\">info@skipatrol.ca<\/a>[:]\n<\/div>\n<\/div><\/div><\/div><div id=\"pgc-5065-1-1\"  class=\"panel-grid-cell\" ><div id=\"panel-5065-1-1-0\" class=\"so-panel widget widget_sow-editor panel-first-child panel-last-child\" data-index=\"2\" ><div\n\t\t\t\n\t\t\tclass=\"so-widget-sow-editor so-widget-sow-editor-base\"\n\t\t\t\n\t\t><h3 class=\"widget-title\">Association des anciens de la PCS<\/h3>\n<div class=\"siteorigin-widget-tinymce textwidget\">\n\t<p><img loading=\"lazy\" decoding=\"async\" class=\"alignright wp-image-161 size-thumbnail\" src=\"https:\/\/www.skipatrol.ca\/wp-content\/uploads\/2016\/05\/alumni-1a1-150x150.jpg\" width=\"150\" height=\"150\" srcset=\"https:\/\/www.skipatrol.ca\/sites\/www.skipatrol.ca\/wp-content\/uploads\/2016\/05\/alumni-1a1-150x150.jpg 150w, https:\/\/www.skipatrol.ca\/sites\/www.skipatrol.ca\/wp-content\/uploads\/2016\/05\/alumni-1a1-174x174.jpg 174w\" sizes=\"auto, (max-width: 150px) 100vw, 150px\" \/><\/p>\n<p><strong>L\u2019association des anciens de la PCS est ouvert \u00e0 tout ancien patrouilleur qui fut membre actif de l\u2019organisation pour cinq ans et plus.<\/strong><\/p>\n<p>Le but de l\u2019association est de permettre aux anciens patrouilleurs \u00e0 rester en\u00a0contact avec leurs anciens confr\u00e8res ainsi que les activit\u00e9s de l\u2019organisation. Les membres de l\u2019association ont aussi acc\u00e8s aux escomptes qui sont disponibles aux patrouilleurs.<\/p>\n<p>Pour fin d\u2019information sur les activit\u00e9s de la patrouille, les membres en r\u00e8gles de l\u2019association re\u00e7oivent le bulletin \u00e9lectronique mensuel \u00ab 5\/5 \u00bb de la patrouille et pour un co\u00fbt de 5,00 $, vous recevez une carte de membre que vous pouvez utiliser pour prendre avantage d\u2019escompte lors d\u2019achat d\u2019\u00e9quipement ou service offert par nos commanditaires.<\/p>\n<p>Alors, si le d\u00e9sir de faire des virages te pique toujours ou tout simplement pour savoir qui le fait encore, inscris-toi et commence une deuxi\u00e8me vie \u00e0 titre d\u2019ancien de la Patrouille canadienne de ski.<\/p>\n<p style=\"text-align: left;\"><strong>Pour vous inscrire comme un ancien\u00a0et vous inscrire ou d\u00e9sinscrire au bulletin \u00ab 5\/5 \u00bb, contactez:\u00a0<\/strong><strong><a href=\"mailto:alumni@skipatrol.ca\">alumni@skipatrol.ca<\/a>[:]<\/strong><\/p>\n<\/div>\n<\/div><\/div><\/div><\/div><div id=\"pg-5065-2\"  class=\"panel-grid panel-has-style\" ><div class=\"panel-row-style panel-row-style-for-5065-2\" ><div id=\"pgc-5065-2-0\"  class=\"panel-grid-cell\" ><div id=\"panel-5065-2-0-0\" class=\"so-panel widget widget_sow-image panel-first-child panel-last-child\" data-index=\"3\" ><div class=\"panel-widget-style panel-widget-style-for-5065-2-0-0\" ><div\n\t\t\t\n\t\t\tclass=\"so-widget-sow-image so-widget-sow-image-default-8b5b6f678277-5065\"\n\t\t\t\n\t\t>\n<div class=\"sow-image-container\">\n\t\t<img \n\tsrc=\"https:\/\/www.skipatrol.ca\/sites\/www.skipatrol.ca\/wp-content\/uploads\/2016\/05\/Canadian-Ski-Patrol-Timeline.jpg\" width=\"1650\" height=\"2550\" srcset=\"https:\/\/www.skipatrol.ca\/sites\/www.skipatrol.ca\/wp-content\/uploads\/2016\/05\/Canadian-Ski-Patrol-Timeline.jpg 1650w, https:\/\/www.skipatrol.ca\/sites\/www.skipatrol.ca\/wp-content\/uploads\/2016\/05\/Canadian-Ski-Patrol-Timeline-194x300.jpg 194w, https:\/\/www.skipatrol.ca\/sites\/www.skipatrol.ca\/wp-content\/uploads\/2016\/05\/Canadian-Ski-Patrol-Timeline-768x1187.jpg 768w, https:\/\/www.skipatrol.ca\/sites\/www.skipatrol.ca\/wp-content\/uploads\/2016\/05\/Canadian-Ski-Patrol-Timeline-663x1024.jpg 663w\" sizes=\"(max-width: 1650px) 100vw, 1650px\" title=\"Canadian Ski Patrol Timeline\" alt=\"\" \t\tclass=\"so-widget-image\"\/>\n\t<\/div>\n\n<\/div><\/div><\/div><\/div><\/div><\/div><\/div>","protected":false},"excerpt":{"rendered":"<p>Le Dr Douglas Firth \u00e9tait un jeune ost\u00e9opathe de Toronto. \u00c0 la fin des ann\u00e9es 1930, il a pass\u00e9 quelques saisons \u00e0 d\u00e9gager des skieurs bless\u00e9s des sentiers du Toronto Ski Club. En 1940, l\u2019Association canadienne de ski amateur lui a demand\u00e9 de cr\u00e9er et d\u2019entra\u00eener un groupe de secourisme et de premiers soins dont<a class=\"read-more\" href=\"https:\/\/www.skipatrol.ca\/fr\/history\/\"><br \/>-> Lire la suite<span class=\"screen-reader-text\">  Historique et association des anciens<\/span><\/a><\/p>\n","protected":false},"author":1,"featured_media":0,"parent":0,"menu_order":0,"comment_status":"closed","ping_status":"closed","template":"template-fullwidth-no-title.php","meta":{"footnotes":""},"class_list":["post-5065","page","type-page","status-publish","hentry"],"_links":{"self":[{"href":"https:\/\/www.skipatrol.ca\/fr\/wp-json\/wp\/v2\/pages\/5065","targetHints":{"allow":["GET"]}}],"collection":[{"href":"https:\/\/www.skipatrol.ca\/fr\/wp-json\/wp\/v2\/pages"}],"about":[{"href":"https:\/\/www.skipatrol.ca\/fr\/wp-json\/wp\/v2\/types\/page"}],"author":[{"embeddable":true,"href":"https:\/\/www.skipatrol.ca\/fr\/wp-json\/wp\/v2\/users\/1"}],"replies":[{"embeddable":true,"href":"https:\/\/www.skipatrol.ca\/fr\/wp-json\/wp\/v2\/comments?post=5065"}],"version-history":[{"count":5,"href":"https:\/\/www.skipatrol.ca\/fr\/wp-json\/wp\/v2\/pages\/5065\/revisions"}],"predecessor-version":[{"id":5240,"href":"https:\/\/www.skipatrol.ca\/fr\/wp-json\/wp\/v2\/pages\/5065\/revisions\/5240"}],"wp:attachment":[{"href":"https:\/\/www.skipatrol.ca\/fr\/wp-json\/wp\/v2\/media?parent=5065"}],"curies":[{"name":"wp","href":"https:\/\/api.w.org\/{rel}","templated":true}]}}