{"id":5068,"date":"2016-05-22T04:26:40","date_gmt":"2016-05-22T04:26:40","guid":{"rendered":"https:\/\/www.skipatrol.ca\/join\/"},"modified":"2020-11-18T17:59:09","modified_gmt":"2020-11-18T22:59:09","slug":"join","status":"publish","type":"page","link":"https:\/\/www.skipatrol.ca\/fr\/join\/","title":{"rendered":"Se joindre"},"content":{"rendered":"<div id=\"pl-5068\"  class=\"panel-layout\" ><div id=\"pg-5068-0\"  class=\"panel-grid panel-has-style\" ><div class=\"siteorigin-panels-stretch panel-row-style panel-row-style-for-5068-0\" data-stretch-type=\"full-stretched\" ><div id=\"pgc-5068-0-0\"  class=\"panel-grid-cell\" ><div id=\"panel-5068-0-0-0\" class=\"so-panel widget widget_sow-hero panel-first-child panel-last-child\" data-index=\"0\" ><div\n\t\t\t\n\t\t\tclass=\"so-widget-sow-hero so-widget-sow-hero-default-f130dea06cfa-5068 so-widget-fittext-wrapper\"\n\t\t\t data-fit-text-compressor=\"0.85\"\n\t\t>\t\t\t\t<div class=\"sow-slider-base\" style=\"display: none\" tabindex=\"0\">\n\t\t\t\t\t<ul\n\t\t\t\t\tclass=\"sow-slider-images\"\n\t\t\t\t\tdata-settings=\"{&quot;pagination&quot;:true,&quot;speed&quot;:800,&quot;timeout&quot;:8000,&quot;paused&quot;:false,&quot;pause_on_hover&quot;:false,&quot;swipe&quot;:true,&quot;nav_always_show_desktop&quot;:&quot;&quot;,&quot;nav_always_show_mobile&quot;:&quot;&quot;,&quot;breakpoint&quot;:&quot;780px&quot;,&quot;unmute&quot;:false,&quot;anchor&quot;:null}\"\n\t\t\t\t\t\t\t\t\t\tdata-anchor-id=\"\"\n\t\t\t\t>\t\t<li class=\"sow-slider-image  sow-slider-image-cover\" style=\"visibility: visible;;background-color: #333333\" >\n\t\t\t\t\t<div class=\"sow-slider-image-container\">\n\t\t\t<div class=\"sow-slider-image-wrapper\">\n\t\t\t\t<h1 style=\"text-align: center\">SE JOINDRE<\/h1>\n\t\t\t<\/div>\n\t\t<\/div>\n\t\t<div class=\"sow-slider-image-overlay sow-slider-image-cover\" style=\"opacity: 0.75;background-image: url(https:\/\/www.skipatrol.ca\/sites\/www.skipatrol.ca\/wp-content\/uploads\/2017\/01\/20170121_111440.jpg)\"  ><\/div>\t\t<\/li>\n\t\t<\/ul>\t\t\t\t<ol class=\"sow-slider-pagination\">\n\t\t\t\t\t\t\t\t\t\t\t<li><a href=\"#\" data-goto=\"0\" aria-label=\"Display slide 1\"><\/a><\/li>\n\t\t\t\t\t\t\t\t\t<\/ol>\n\n\t\t\t\t<div class=\"sow-slide-nav sow-slide-nav-next\">\n\t\t\t\t\t<a href=\"#\" data-goto=\"next\" aria-label=\"Next slide\" data-action=\"next\">\n\t\t\t\t\t\t<em class=\"sow-sld-icon-thin-right\"><\/em>\n\t\t\t\t\t<\/a>\n\t\t\t\t<\/div>\n\n\t\t\t\t<div class=\"sow-slide-nav sow-slide-nav-prev\">\n\t\t\t\t\t<a href=\"#\" data-goto=\"previous\" aria-label=\"Previous slide\" data-action=\"prev\">\n\t\t\t\t\t\t<em class=\"sow-sld-icon-thin-left\"><\/em>\n\t\t\t\t\t<\/a>\n\t\t\t\t<\/div>\n\t\t\t\t<\/div><\/div><\/div><\/div><\/div><\/div><div id=\"pg-5068-1\"  class=\"panel-grid panel-no-style\" ><div id=\"pgc-5068-1-0\"  class=\"panel-grid-cell\" ><div id=\"panel-5068-1-0-0\" class=\"so-panel widget widget_sow-editor panel-first-child panel-last-child\" data-index=\"1\" ><div\n\t\t\t\n\t\t\tclass=\"so-widget-sow-editor so-widget-sow-editor-base\"\n\t\t\t\n\t\t>\n<div class=\"siteorigin-widget-tinymce textwidget\">\n\t<p>La Patrouille canadienne de ski (PCS) est \u00e0 la fois un organisme de bienfaisance et un bon pr\u00e9texte pour faire du ski, du t\u00e9l\u00e9mark ou de la planche de fa\u00e7on r\u00e9guli\u00e8re. Les patrouilleurs viennent de divers milieux : enseignants, \u00e9tudiants, m\u00e9decins, menuisiers, retrait\u00e9s, etc. Ils ont en commun une passion pour les activit\u00e9s sur neige et le d\u00e9sir de s\u2019impliquer dans leur communaut\u00e9.<\/p>\n<p>Toute personne \u00e2g\u00e9e de dix-huit ans ou plus et poss\u00e9dant de bonnes aptitudes en ski alpin, ski nordique, t\u00e9l\u00e9mark ou planche \u00e0 neige peut se joindre \u00e0 la PCS. Vous devez \u00eatre en mesure de n\u00e9gocier toutes les pistes dans votre station et ce, quelles que soient les conditions d\u2019enneigement.<\/p>\n<p>En devenant membre de la PCS vous ferez partie d\u2019une \u00e9quipe qui se d\u00e9voue, apprend et travaille ensemble. Notre formation reconnue \u00e0 la grandeur du pays vous donnera l\u2019occasion d\u2019am\u00e9liorer vos connaissances en secourisme, en pr\u00e9vention des avalanches, en \u00e9vacuation des remont\u00e9es m\u00e9caniques, ainsi que d\u2019am\u00e9liorer votre technique de ski ou de planche, d\u2019apprendre \u00e0 man\u0153uvrer un toboggan et de vous former sur une foule d\u2019autres sujets int\u00e9ressants. La p\u00e9riode de formation des recrues commence g\u00e9n\u00e9ralement en septembre et l\u2019\u00e9valuation des aptitudes en ski, en t\u00e9l\u00e9mark et en planche se fait en novembre. Dans certaines r\u00e9gions, la formation des recrues se fait \u00e0 longueur d\u2019ann\u00e9e. Les patrouilleurs profitent en plus de nombreux avantages selon l\u2019endroit o\u00f9 ils patrouillent.<\/p>\n<p>Les membres de la PCS ont tous le d\u00e9sir d\u2019aider les autres, d\u2019am\u00e9liorer leur technique sur neige et de rendre les sports d\u2019hiver plus s\u00e9curitaires pour tout le monde.<\/p>\n<h3 style=\"text-align: center;\">Cela vous int\u00e9resse\u2019?<\/h3>\n<p style=\"text-align: center;\"><a href=\"\/where-we-play\/\" class=\"su-button su-button-style-flat\" style=\"color:#FFFFFF;background-color:#a6192e;border-color:#851425;border-radius:9px\" target=\"_self\"><span style=\"color:#FFFFFF;padding:0px 24px;font-size:18px;line-height:36px;border-color:#c15e6d;border-radius:9px;text-shadow:none\"> Trouvez votre zone!<\/span><\/a><\/p>\n<\/div>\n<\/div><\/div><\/div><div id=\"pgc-5068-1-1\"  class=\"panel-grid-cell\" ><div id=\"panel-5068-1-1-0\" class=\"so-panel widget widget_sow-editor panel-first-child panel-last-child\" data-index=\"2\" ><div\n\t\t\t\n\t\t\tclass=\"so-widget-sow-editor so-widget-sow-editor-base\"\n\t\t\t\n\t\t>\n<div class=\"siteorigin-widget-tinymce textwidget\">\n\t<div id=\"attachment_2601\" style=\"width: 275px\" class=\"wp-caption aligncenter\"><a href=\"https:\/\/www.skipatrol.ca\/wp-content\/uploads\/2016\/10\/CSP_Flipbook_French.pdf\"><img aria-describedby=\"caption-attachment-2601\" loading=\"lazy\" decoding=\"async\" class=\"wp-image-2601\" src=\"https:\/\/www.skipatrol.ca\/wp-content\/uploads\/2016\/05\/join-ebook-fr.png\" width=\"265\" height=\"376\" srcset=\"https:\/\/www.skipatrol.ca\/sites\/www.skipatrol.ca\/wp-content\/uploads\/2016\/05\/join-ebook-fr.png 1052w, https:\/\/www.skipatrol.ca\/sites\/www.skipatrol.ca\/wp-content\/uploads\/2016\/05\/join-ebook-fr-212x300.png 212w, https:\/\/www.skipatrol.ca\/sites\/www.skipatrol.ca\/wp-content\/uploads\/2016\/05\/join-ebook-fr-768x1088.png 768w, https:\/\/www.skipatrol.ca\/sites\/www.skipatrol.ca\/wp-content\/uploads\/2016\/05\/join-ebook-fr-723x1024.png 723w\" sizes=\"auto, (max-width: 265px) 100vw, 265px\" \/><\/a><p id=\"caption-attachment-2601\" class=\"wp-caption-text\">Ce livret contient une multitude de renseignements utiles sur notre organisation, sur els activit\u00e9s des patrouilleurs en devoir, les avantages de se joindre \u00e0 l\u2019organisation et plus encore.<\/p><\/div>\n[:]\n<\/div>\n<\/div><\/div><\/div><\/div><\/div>","protected":false},"excerpt":{"rendered":"<p>La Patrouille canadienne de ski (PCS) est \u00e0 la fois un organisme de bienfaisance et un bon pr\u00e9texte pour faire du ski, du t\u00e9l\u00e9mark ou de la planche de fa\u00e7on r\u00e9guli\u00e8re. Les patrouilleurs viennent de divers milieux : enseignants, \u00e9tudiants, m\u00e9decins, menuisiers, retrait\u00e9s, etc. Ils ont en commun une passion pour les activit\u00e9s sur neige<a class=\"read-more\" href=\"https:\/\/www.skipatrol.ca\/fr\/join\/\"><br \/>-> Lire la suite<span class=\"screen-reader-text\">  Se joindre<\/span><\/a><\/p>\n","protected":false},"author":1,"featured_media":0,"parent":0,"menu_order":0,"comment_status":"closed","ping_status":"closed","template":"template-fullwidth-no-title.php","meta":{"footnotes":""},"class_list":["post-5068","page","type-page","status-publish","hentry"],"_links":{"self":[{"href":"https:\/\/www.skipatrol.ca\/fr\/wp-json\/wp\/v2\/pages\/5068","targetHints":{"allow":["GET"]}}],"collection":[{"href":"https:\/\/www.skipatrol.ca\/fr\/wp-json\/wp\/v2\/pages"}],"about":[{"href":"https:\/\/www.skipatrol.ca\/fr\/wp-json\/wp\/v2\/types\/page"}],"author":[{"embeddable":true,"href":"https:\/\/www.skipatrol.ca\/fr\/wp-json\/wp\/v2\/users\/1"}],"replies":[{"embeddable":true,"href":"https:\/\/www.skipatrol.ca\/fr\/wp-json\/wp\/v2\/comments?post=5068"}],"version-history":[{"count":7,"href":"https:\/\/www.skipatrol.ca\/fr\/wp-json\/wp\/v2\/pages\/5068\/revisions"}],"predecessor-version":[{"id":5617,"href":"https:\/\/www.skipatrol.ca\/fr\/wp-json\/wp\/v2\/pages\/5068\/revisions\/5617"}],"wp:attachment":[{"href":"https:\/\/www.skipatrol.ca\/fr\/wp-json\/wp\/v2\/media?parent=5068"}],"curies":[{"name":"wp","href":"https:\/\/api.w.org\/{rel}","templated":true}]}}