{"id":5077,"date":"2016-05-23T19:18:21","date_gmt":"2016-05-23T19:18:21","guid":{"rendered":"https:\/\/www.skipatrol.ca\/partners\/"},"modified":"2022-06-01T21:36:09","modified_gmt":"2022-06-02T01:36:09","slug":"partners","status":"publish","type":"page","link":"https:\/\/www.skipatrol.ca\/fr\/partners\/","title":{"rendered":"Nos supporteurs"},"content":{"rendered":"<div id=\"pl-5077\"  class=\"panel-layout\" ><div id=\"pg-5077-0\"  class=\"panel-grid panel-has-style\" ><div class=\"siteorigin-panels-stretch panel-row-style panel-row-style-for-5077-0\" data-stretch-type=\"full-stretched\" ><div id=\"pgc-5077-0-0\"  class=\"panel-grid-cell\" ><div id=\"panel-5077-0-0-0\" class=\"so-panel widget widget_sow-hero panel-first-child panel-last-child\" data-index=\"0\" ><div\n\t\t\t\n\t\t\tclass=\"so-widget-sow-hero so-widget-sow-hero-default-f130dea06cfa-5077 so-widget-fittext-wrapper\"\n\t\t\t data-fit-text-compressor=\"0.85\"\n\t\t>\t\t\t\t<div class=\"sow-slider-base\" style=\"display: none\" tabindex=\"0\">\n\t\t\t\t\t<ul\n\t\t\t\t\tclass=\"sow-slider-images\"\n\t\t\t\t\tdata-settings=\"{&quot;pagination&quot;:true,&quot;speed&quot;:800,&quot;timeout&quot;:8000,&quot;paused&quot;:false,&quot;pause_on_hover&quot;:false,&quot;swipe&quot;:true,&quot;nav_always_show_desktop&quot;:&quot;&quot;,&quot;nav_always_show_mobile&quot;:&quot;&quot;,&quot;breakpoint&quot;:&quot;780px&quot;,&quot;unmute&quot;:false,&quot;anchor&quot;:null}\"\n\t\t\t\t\t\t\t\t\t\tdata-anchor-id=\"\"\n\t\t\t\t>\t\t<li class=\"sow-slider-image  sow-slider-image-cover\" style=\"visibility: visible;;background-color: #333333\" >\n\t\t\t\t\t<div class=\"sow-slider-image-container\">\n\t\t\t<div class=\"sow-slider-image-wrapper\">\n\t\t\t\t<h1 style=\"text-align: center\">NOS SUPPORTEURS<\/h1>\n\t\t\t<\/div>\n\t\t<\/div>\n\t\t<div class=\"sow-slider-image-overlay sow-slider-image-cover\" style=\"opacity: 0.75;background-image: url(https:\/\/www.skipatrol.ca\/sites\/www.skipatrol.ca\/wp-content\/uploads\/2016\/05\/nov-24-2011b-5.jpg)\"  ><\/div>\t\t<\/li>\n\t\t<\/ul>\t\t\t\t<ol class=\"sow-slider-pagination\">\n\t\t\t\t\t\t\t\t\t\t\t<li><a href=\"#\" data-goto=\"0\" aria-label=\"Display slide 1\"><\/a><\/li>\n\t\t\t\t\t\t\t\t\t<\/ol>\n\n\t\t\t\t<div class=\"sow-slide-nav sow-slide-nav-next\">\n\t\t\t\t\t<a href=\"#\" data-goto=\"next\" aria-label=\"Next slide\" data-action=\"next\">\n\t\t\t\t\t\t<em class=\"sow-sld-icon-thin-right\"><\/em>\n\t\t\t\t\t<\/a>\n\t\t\t\t<\/div>\n\n\t\t\t\t<div class=\"sow-slide-nav sow-slide-nav-prev\">\n\t\t\t\t\t<a href=\"#\" data-goto=\"previous\" aria-label=\"Previous slide\" data-action=\"prev\">\n\t\t\t\t\t\t<em class=\"sow-sld-icon-thin-left\"><\/em>\n\t\t\t\t\t<\/a>\n\t\t\t\t<\/div>\n\t\t\t\t<\/div><\/div><\/div><\/div><\/div><\/div><div id=\"pg-5077-1\"  class=\"panel-grid panel-has-style\" ><div class=\"siteorigin-panels-stretch panel-row-style panel-row-style-for-5077-1\" data-stretch-type=\"full\" ><div id=\"pgc-5077-1-0\"  class=\"panel-grid-cell\" ><div id=\"panel-5077-1-0-0\" class=\"so-panel widget widget_sow-headline panel-first-child panel-last-child\" data-index=\"1\" ><div\n\t\t\t\n\t\t\tclass=\"so-widget-sow-headline so-widget-sow-headline-default-6b52635ceda7-5077\"\n\t\t\t\n\t\t><div class=\"sow-headline-container \">\n\t\t\t\t\t\t\t<h3 class=\"sow-sub-headline\">\n\t\t\t\t\t\tLa Patrouille canadienne de ski remercie ses partenaires actuels de leur apport \u00e0 la s\u00e9curit\u00e9 des stations de ski et des activit\u00e9s de plein air partout au Canada.\t\t\t\t\t\t<\/h3>\n\t\t\t\t\t\t<\/div>\n<\/div><\/div><\/div><\/div><\/div><div id=\"pg-5077-2\"  class=\"panel-grid panel-no-style\" ><div id=\"pgc-5077-2-0\"  class=\"panel-grid-cell\" ><div id=\"panel-5077-2-0-0\" class=\"so-panel widget widget_sow-editor panel-first-child\" data-index=\"2\" ><div\n\t\t\t\n\t\t\tclass=\"so-widget-sow-editor so-widget-sow-editor-base\"\n\t\t\t\n\t\t><h3 class=\"widget-title\">Helly Hansen<\/h3>\n<div class=\"siteorigin-widget-tinymce textwidget\">\n\t<p class=\"stunning-text-title\"><img loading=\"lazy\" decoding=\"async\" class=\"wp-image-1657 size-thumbnail aligncenter\" src=\"http:\/\/www.skipatrol.ca\/sites\/www.skipatrol.ca\/wp-content\/\/uploads\/2016\/12\/HH_block_red_white_HellyHansen-400x400-150x150.jpg\" alt=\"\" width=\"150\" height=\"150\" srcset=\"https:\/\/www.skipatrol.ca\/sites\/www.skipatrol.ca\/wp-content\/uploads\/2016\/12\/HH_block_red_white_HellyHansen-400x400-150x150.jpg 150w, https:\/\/www.skipatrol.ca\/sites\/www.skipatrol.ca\/wp-content\/uploads\/2016\/12\/HH_block_red_white_HellyHansen-400x400-300x300.jpg 300w, https:\/\/www.skipatrol.ca\/sites\/www.skipatrol.ca\/wp-content\/uploads\/2016\/12\/HH_block_red_white_HellyHansen-400x400-250x250.jpg 250w, https:\/\/www.skipatrol.ca\/sites\/www.skipatrol.ca\/wp-content\/uploads\/2016\/12\/HH_block_red_white_HellyHansen-400x400-174x174.jpg 174w, https:\/\/www.skipatrol.ca\/sites\/www.skipatrol.ca\/wp-content\/uploads\/2016\/12\/HH_block_red_white_HellyHansen-400x400.jpg 400w\" sizes=\"auto, (max-width: 150px) 100vw, 150px\" \/>Helly Hansen est un chef de file dans la fabrication de voiles pour la navigation, de v\u00eatements de ski \u00e0 haut rendement et de v\u00eatements de travail de qualit\u00e9. Ses uniformes de ski sont port\u00e9s par plus de 55 000 professionnels. On les trouve dans les \u00e9quipes olympiques, dans les \u00e9quipes nationales et dans plus de 200 stations de ski et de centres d'excursion en montagne partout dans le monde.<\/p>\n<p>En octobre 2020, Helly Hansen, un leader de l'industrie des v\u00eatements de ski, a annonc\u00e9 aqu'il avait conclu un partenariat avec la Patrouille canadienne de ski. Comptant plus de 140 ans d'exp\u00e9rience dans la conception de v\u00eatements techniques et protecteurs, le fabricant norv\u00e9gien Helly Hansen s'emploie \u00e0 produire des v\u00eatements techniques de haute qualit\u00e9 jouissant de la confiance des professionnels de l'industrie. Helly Hansen sera au cours des trois prochaines ann\u00e9es le partenaire privil\u00e9gi\u00e9 de la Patrouille canadienne de ski en mati\u00e8re de v\u00eatements d'hiver.<\/p>\n<p><a href=\"https:\/\/www.hellyhansen.com\/\" target=\"_blank\" rel=\"noopener noreferrer\">Visitez leur site web d\u00e8s aujourd'hui.<\/a><\/p>\n<p>&nbsp;<\/p>\n<\/div>\n<\/div><\/div><div id=\"panel-5077-2-0-1\" class=\"so-panel widget widget_sow-editor\" data-index=\"3\" ><div\n\t\t\t\n\t\t\tclass=\"so-widget-sow-editor so-widget-sow-editor-base\"\n\t\t\t\n\t\t><h3 class=\"widget-title\">Portage Promo<\/h3>\n<div class=\"siteorigin-widget-tinymce textwidget\">\n\t<p class=\"stunning-text-title\">\n<p><img loading=\"lazy\" decoding=\"async\" class=\"aligncenter wp-image-6594 size-thumbnail\" src=\"https:\/\/www.skipatrol.ca\/sites\/www.skipatrol.ca\/wp-content\/\/uploads\/2022\/06\/Portage-button-black-double-circle-150x150.jpg\" alt=\"\" width=\"150\" height=\"150\" srcset=\"https:\/\/cspnational.s3.ca-central-1.amazonaws.com\/wp-content\/uploads\/2022\/06\/01213320\/Portage-button-black-double-circle-150x150.jpg 150w, https:\/\/cspnational.s3.ca-central-1.amazonaws.com\/wp-content\/uploads\/2022\/06\/01213320\/Portage-button-black-double-circle-300x300.jpg 300w, https:\/\/cspnational.s3.ca-central-1.amazonaws.com\/wp-content\/uploads\/2022\/06\/01213320\/Portage-button-black-double-circle-73x73.jpg 73w, https:\/\/cspnational.s3.ca-central-1.amazonaws.com\/wp-content\/uploads\/2022\/06\/01213320\/Portage-button-black-double-circle-174x174.jpg 174w, https:\/\/cspnational.s3.ca-central-1.amazonaws.com\/wp-content\/uploads\/2022\/06\/01213320\/Portage-button-black-double-circle-250x250.jpg 250w, https:\/\/cspnational.s3.ca-central-1.amazonaws.com\/wp-content\/uploads\/2022\/06\/01213320\/Portage-button-black-double-circle.jpg 397w\" sizes=\"auto, (max-width: 150px) 100vw, 150px\" \/><\/p>\n<p>Portage Promo aide \u00e0 renforcer votre marque gr\u00e2ce \u00e0 un design cr\u00e9atif et \u00e0 des programmes de marchandises. Si vous recherchez des r\u00e9sultats, notre \u00e9quipe a l'exp\u00e9rience n\u00e9cessaire.<\/p>\n<p><a href=\"https:\/\/www.portagepromo.ca\" target=\"_blank\" rel=\"noopener noreferrer\">Visitez leur site web d\u00e8s aujourd'hui.<\/a><\/p>\n<p>&nbsp;<\/p>\n<\/div>\n<\/div><\/div><div id=\"panel-5077-2-0-2\" class=\"so-panel widget widget_sow-editor\" data-index=\"4\" ><div\n\t\t\t\n\t\t\tclass=\"so-widget-sow-editor so-widget-sow-editor-base\"\n\t\t\t\n\t\t><h3 class=\"widget-title\">Ferno<\/h3>\n<div class=\"siteorigin-widget-tinymce textwidget\">\n\t<p><img loading=\"lazy\" decoding=\"async\" class=\"size-full wp-image-4694 aligncenter\" src=\"http:\/\/www.skipatrol.ca\/sites\/www.skipatrol.ca\/wp-content\/\/uploads\/2020\/01\/Ferno_3color_2015.jpg\" alt=\"\" width=\"434\" height=\"114\" srcset=\"https:\/\/www.skipatrol.ca\/sites\/www.skipatrol.ca\/wp-content\/uploads\/2020\/01\/Ferno_3color_2015.jpg 434w, https:\/\/www.skipatrol.ca\/sites\/www.skipatrol.ca\/wp-content\/uploads\/2020\/01\/Ferno_3color_2015-300x79.jpg 300w\" sizes=\"auto, (max-width: 434px) 100vw, 434px\" \/>Ferno Canada est le sp\u00e9cialiste mondial de la fabrication et de la distribution de produits professionnels d'urgence, de morgue et de soins de sant\u00e9 sur des march\u00e9s verticaux cibl\u00e9s. La mission de Ferno est de satisfaire ses clients, comme la Patrouille canadienne de ski, gr\u00e2ce \u00e0 des produits innovants et rentables qui am\u00e9liorent la prestation des soins de sant\u00e9 pour les soignants et les personnes qu'ils servent. \u00c0 ce jour, Ferno s'est associ\u00e9 \u00e0 des professionnels et des innovateurs des services m\u00e9dicaux d'urgence du monde entier pour d\u00e9velopper et fournir une famille de solutions qui se concentrent collectivement sur les m\u00e9dicaments, les v\u00e9hicules et l'intelligence afin d'am\u00e9liorer la protection et les performances de toutes les op\u00e9rations des services m\u00e9dicaux d'urgence.<\/p>\n<p><a href=\"https:\/\/www.ferno.ca\/\" target=\"_blank\" rel=\"noopener noreferrer\">Visitez leur site web d\u00e8s aujourd'hui.<\/a><\/p>\n<p>&nbsp;<\/p>\n<\/div>\n<\/div><\/div><div id=\"panel-5077-2-0-3\" class=\"so-panel widget widget_sow-editor\" data-index=\"5\" ><div\n\t\t\t\n\t\t\tclass=\"so-widget-sow-editor so-widget-sow-editor-base\"\n\t\t\t\n\t\t><h3 class=\"widget-title\">Johnson Assurance <\/h3>\n<div class=\"siteorigin-widget-tinymce textwidget\">\n\t<p><img loading=\"lazy\" decoding=\"async\" class=\"aligncenter wp-image-2840 size-medium\" src=\"https:\/\/www.skipatrol.ca\/wp-content\/uploads\/2016\/05\/Johnson_Insurance_fr-300x133.png\" alt=\"\" width=\"300\" height=\"133\" srcset=\"https:\/\/www.skipatrol.ca\/sites\/www.skipatrol.ca\/wp-content\/uploads\/2016\/05\/Johnson_Insurance_fr-300x133.png 300w, https:\/\/www.skipatrol.ca\/sites\/www.skipatrol.ca\/wp-content\/uploads\/2016\/05\/Johnson_Insurance_fr-768x341.png 768w, https:\/\/www.skipatrol.ca\/sites\/www.skipatrol.ca\/wp-content\/uploads\/2016\/05\/Johnson_Insurance_fr-1024x455.png 1024w, https:\/\/www.skipatrol.ca\/sites\/www.skipatrol.ca\/wp-content\/uploads\/2016\/05\/Johnson_Insurance_fr.png 1350w\" sizes=\"auto, (max-width: 300px) 100vw, 300px\" \/><\/p>\n<p>Johnson Assurance (propri\u00e9t\u00e9 de RSA Canada, une des principales compagnies d\u2019assurance au Canada) offre des prestations d\u2019assurance collective \u00e0 nos membres. La soci\u00e9t\u00e9 est heureuse d\u2019offrir des polices d\u2019assurance habitation et d\u2019assurance automobile tenant compte des besoins particuliers de chacun des membres de la PCS.<\/p>\n<p>Depuis 1880, Johnson privil\u00e9gie le service \u00e0 la client\u00e8le et la satisfaction de chaque client. \u00ab Nous veillons \u00e0 ce que vous obteniez la protection qui vous convient \u00e0 un prix avantageux, tout en vous accordant une attention personnelle. Et nous cherchons constamment \u00e0 mieux vous servir. \u00bb<\/p>\n<p>Pour de plus amples renseignements sur leur produits et services,\u00a0<strong><a href=\"http:\/\/www.johnson.ca\/csps\" target=\"_blank\" rel=\"noopener noreferrer\">veuillez communiquer un agent de Johnson<\/a>.<\/strong><\/p>\n<\/div>\n<\/div><\/div><div id=\"panel-5077-2-0-4\" class=\"so-panel widget widget_sow-editor panel-last-child\" data-index=\"6\" ><div\n\t\t\t\n\t\t\tclass=\"so-widget-sow-editor so-widget-sow-editor-base\"\n\t\t\t\n\t\t><h3 class=\"widget-title\">Firedup Heated Apparel<\/h3>\n<div class=\"siteorigin-widget-tinymce textwidget\">\n\t<p><a href=\"https:\/\/www.skipatrol.ca\/partners\/pricing-structure\/\" rel=\"attachment wp-att-3406\"><img loading=\"lazy\" decoding=\"async\" class=\"size-medium wp-image-3406 aligncenter\" src=\"https:\/\/www.skipatrol.ca\/wp-content\/uploads\/2019\/02\/Logo-with-Heated-Apparel-300x126.jpg\" alt=\"\" width=\"300\" height=\"126\" srcset=\"https:\/\/www.skipatrol.ca\/sites\/www.skipatrol.ca\/wp-content\/uploads\/2019\/02\/Logo-with-Heated-Apparel-300x126.jpg 300w, https:\/\/www.skipatrol.ca\/sites\/www.skipatrol.ca\/wp-content\/uploads\/2019\/02\/Logo-with-Heated-Apparel.jpg 681w\" sizes=\"auto, (max-width: 300px) 100vw, 300px\" \/><\/a><\/p>\n<p class=\"stunning-text-title\">Cette ann\u00e9e, la Patrouille Canadienne de ski a conclu un accord de partenariat avec <em>Fired Up X (FIR) Heated Apparel Technology, <\/em>un chef de file dans le secteur de l\u2019habillement chauffant \u00e0 l\u2019infrarouge lointain (<em>Far Infrared Heated apparel<\/em>)<\/p>\n<p>L\u2019infrarouge lointain est une chaleur th\u00e9rapeutique qui r\u00e9chauffe ses utilisateurs de l\u2019int\u00e9rieur vers l\u2019ext\u00e9rieur en p\u00e9n\u00e9trant la peau afin d\u2019\u00e9lever la temp\u00e9rature du corps et d\u2019assurer un confort durable. Con\u00e7ues pour \u00eatre port\u00e9es sous les v\u00eatements d\u2019ext\u00e9rieur, les doublures chauffantes <em>Fired Up X<\/em> assurent un confort durable \u00e0 vos mains et \u00e0 votre corps lorsqu\u2019il fait tr\u00e8s froid. Elles conviennent parfaitement pour les temp\u00e9ratures exceptionnelles qu\u2019affrontent les skieurs canadiens. La thermoth\u00e9rapie FIR est \u00e9galement utilis\u00e9e pour assurer une meilleure circulation sanguine, le soulagement de l\u2019arthrite et d\u2019autres formes de th\u00e9rapie.<\/p>\n<p>Cliquez <a href=\"https:\/\/firedupx.com\/\">ici<\/a> pour obtenir des doublure chauffantes <em>Fired Up X<\/em> et restez bien au chaud par les temps les plus froids.<\/p>\n<\/div>\n<\/div><\/div><\/div><\/div><\/div>","protected":false},"excerpt":{"rendered":"<p>NOS SUPPORTEURS La Patrouille canadienne de ski remercie ses partenaires actuels de leur apport \u00e0 la s\u00e9curit\u00e9 des stations de ski et des activit\u00e9s de plein air partout au Canada. Helly Hansen Helly Hansen est un chef de file dans la fabrication de voiles pour la navigation, de v\u00eatements de ski \u00e0 haut rendement et<a class=\"read-more\" href=\"https:\/\/www.skipatrol.ca\/fr\/partners\/\"><br \/>-> Lire la suite<span class=\"screen-reader-text\">  Nos supporteurs<\/span><\/a><\/p>\n","protected":false},"author":1,"featured_media":0,"parent":0,"menu_order":0,"comment_status":"closed","ping_status":"closed","template":"template-fullwidth-no-title.php","meta":{"footnotes":""},"class_list":["post-5077","page","type-page","status-publish","hentry"],"_links":{"self":[{"href":"https:\/\/www.skipatrol.ca\/fr\/wp-json\/wp\/v2\/pages\/5077","targetHints":{"allow":["GET"]}}],"collection":[{"href":"https:\/\/www.skipatrol.ca\/fr\/wp-json\/wp\/v2\/pages"}],"about":[{"href":"https:\/\/www.skipatrol.ca\/fr\/wp-json\/wp\/v2\/types\/page"}],"author":[{"embeddable":true,"href":"https:\/\/www.skipatrol.ca\/fr\/wp-json\/wp\/v2\/users\/1"}],"replies":[{"embeddable":true,"href":"https:\/\/www.skipatrol.ca\/fr\/wp-json\/wp\/v2\/comments?post=5077"}],"version-history":[{"count":15,"href":"https:\/\/www.skipatrol.ca\/fr\/wp-json\/wp\/v2\/pages\/5077\/revisions"}],"predecessor-version":[{"id":6598,"href":"https:\/\/www.skipatrol.ca\/fr\/wp-json\/wp\/v2\/pages\/5077\/revisions\/6598"}],"wp:attachment":[{"href":"https:\/\/www.skipatrol.ca\/fr\/wp-json\/wp\/v2\/media?parent=5077"}],"curies":[{"name":"wp","href":"https:\/\/api.w.org\/{rel}","templated":true}]}}