{"id":5083,"date":"2016-11-23T17:06:57","date_gmt":"2016-11-23T17:06:57","guid":{"rendered":"https:\/\/www.skipatrol.ca\/safety-injury-prevention\/avalanche-safety\/"},"modified":"2025-01-02T14:09:49","modified_gmt":"2025-01-02T19:09:49","slug":"avalanche-safety","status":"publish","type":"page","link":"https:\/\/www.skipatrol.ca\/fr\/safety-injury-prevention\/avalanche-safety\/","title":{"rendered":"PR\u00c9VENTION AVALANCHE"},"content":{"rendered":"<p><img loading=\"lazy\" decoding=\"async\" class=\"alignleft wp-image-4560 size-medium\" src=\"https:\/\/www.skipatrol.ca\/sites\/www.skipatrol.ca\/wp-content\/uploads\/2016\/05\/20100108_72-300x169.jpg\" alt=\"\" width=\"300\" height=\"169\" srcset=\"https:\/\/www.skipatrol.ca\/sites\/www.skipatrol.ca\/wp-content\/uploads\/2016\/05\/20100108_72-300x169.jpg 300w, https:\/\/www.skipatrol.ca\/sites\/www.skipatrol.ca\/wp-content\/uploads\/2016\/05\/20100108_72-768x432.jpg 768w, https:\/\/www.skipatrol.ca\/sites\/www.skipatrol.ca\/wp-content\/uploads\/2016\/05\/20100108_72-1024x576.jpg 1024w, https:\/\/www.skipatrol.ca\/sites\/www.skipatrol.ca\/wp-content\/uploads\/2016\/05\/20100108_72.jpg 1920w\" sizes=\"auto, (max-width: 300px) 100vw, 300px\" \/><\/p>\n<p><span data-contrast=\"auto\">Les skieurs et les planchistes ne sont souvent pas conscients du danger d&rsquo;avalanche. Le danger d&rsquo;avalanche \u00e0 l&rsquo;int\u00e9rieur des limites du domaine skiable est contr\u00f4l\u00e9, mais le terrain avalancheux au-del\u00e0 de la cl\u00f4ture ou des bornes de d\u00e9limitation n&rsquo;est pas contr\u00f4l\u00e9. La tentation de s&rsquo;amuser l&#8217;emporte trop facilement sur la prudence. Les fausses croyances les plus courantes sont les suivantes : \u00ab J&rsquo;ai d\u00e9j\u00e0 ski\u00e9 sur cette pente \u00bb ou \u00ab Il y a des traces \u00e0 cet endroit, on peut donc les suivre en toute s\u00e9curit\u00e9 \u00bb.<\/span><\/p>\n<p><span data-contrast=\"none\">Aucune de ces affirmations ne tient compte des changements cach\u00e9s qui se produisent chaque jour ou chaque heure dans le manteau neigeux, ni du fait que le premier skieur ou planchiste peut simplement avoir d\u00e9tach\u00e9 la neige suffisamment pour qu&rsquo;elle devienne avalancheuse pour quelqu&rsquo;un qui se trouve derri\u00e8re lui. Si vous \u00eates tent\u00e9 de vous dire \u00ab \u00e7a ne m&rsquo;arrivera pas \u00bb, n&rsquo;oubliez pas de vous demander \u00ab est-ce que \u00e7a va glisser \u00bb et \u00ab qu&rsquo;est-ce qui le retient l\u00e0-haut? \u00bb.\u00a0<\/span><span data-ccp-props=\"{&quot;134233117&quot;:false,&quot;134233118&quot;:false,&quot;335559738&quot;:0,&quot;335559739&quot;:240}\">\u00a0<\/span><\/p>\n<p><span data-contrast=\"none\">Lorsque vous faites du ski ou de la planche dans l&rsquo;arri\u00e8re-pays, vous devez porter votre \u00e9quipement (\u00e9metteur-r\u00e9cepteur, sonde et pelle), conna\u00eetre le danger d&rsquo;avalanche, \u00eatre capable de reconna\u00eetre le terrain avalancheux et \u00eatre comp\u00e9tent en mati\u00e8re de sauvetage en cas d&rsquo;avalanche.<\/span><span data-ccp-props=\"{&quot;134233117&quot;:false,&quot;134233118&quot;:false,&quot;335559738&quot;:0,&quot;335559739&quot;:240}\">\u00a0<\/span><\/p>\n<p><span data-contrast=\"none\">La s\u00e9curit\u00e9 et le sauvetage en avalanche requi\u00e8rent des comp\u00e9tences et de la pratique.<\/span><\/p>\n<p><strong>La formation peut-elle faire la diff\u00e9rence?\u00a0\u00a0<\/strong><\/p>\n<p><span data-contrast=\"none\">En mars 2013, quatre amis de Whitehorse, au Yukon, ont fait le voyage de 1200 km vers le sud jusqu&rsquo;\u00e0 Shames Mountain, en Colombie-Britannique. Avec de la neige fra\u00eeche et un ciel d\u00e9gag\u00e9, ils se sont lanc\u00e9s dans une aventure d&rsquo;une semaine pour explorer l&rsquo;arri\u00e8re-pays de la r\u00e9gion. Quatre jours plus tard, lors d&rsquo;une journ\u00e9e de ciel bleu \u00e0 Cherry Bowl, leur voyage s&rsquo;est brusquement termin\u00e9.\u00a0<\/span><span data-ccp-props=\"{&quot;134233117&quot;:false,&quot;134233118&quot;:false,&quot;335559738&quot;:240,&quot;335559739&quot;:240}\">\u00a0<\/span><\/p>\n<p><span data-contrast=\"none\">Une avalanche massive s&rsquo;est abattue sur le groupe de quatre skieurs. Lorsque l&rsquo;avalanche s&rsquo;est arr\u00eat\u00e9e, trois d&rsquo;entre eux \u00e9taient profond\u00e9ment ensevelis. Le seul \u00e0 \u00eatre rest\u00e9 \u00e0 la surface a vu son sac aval\u00e9 par la neige, ce qui l&rsquo;a priv\u00e9 de tout \u00e9quipement de secours, \u00e0 l&rsquo;exception de son \u00e9metteur-r\u00e9cepteur. Les chances de survie de ses amis \u00e9taient quasiment nulles, mais tous ont surv\u00e9cu.<\/span><span data-ccp-props=\"{&quot;134233117&quot;:false,&quot;134233118&quot;:false,&quot;335559738&quot;:0,&quot;335559739&quot;:240}\">\u00a0<\/span><\/p>\n<p><span data-contrast=\"none\">D\u00e9couvrez ce que l&rsquo;on appelle aujourd&rsquo;hui le \u00ab sauvetage de Cherry Bowl \u00bb &#8211; l&rsquo;histoire vraie de la fa\u00e7on dont un groupe entra\u00een\u00e9 a utilis\u00e9 ses comp\u00e9tences pour sauver avec succ\u00e8s les trois personnes profond\u00e9ment enfouies dans l&rsquo;avalanche.\u00a0<\/span><span data-contrast=\"auto\">\u00a0<\/span><span data-ccp-props=\"{&quot;134233117&quot;:false,&quot;134233118&quot;:false,&quot;335559738&quot;:0,&quot;335559739&quot;:240}\">\u00a0<\/span><\/p>\n<p><b><span data-contrast=\"auto\">La source d&rsquo;informations sur la sensibilisation et la formation aux avalanches est\u00a0<\/span><\/b><span data-contrast=\"auto\">\u00a0 <\/span><a href=\"https:\/\/www.avalanche.ca\/training\"><span data-contrast=\"none\">Avalanche Canada<\/span><\/a><span data-ccp-props=\"{&quot;134233117&quot;:false,&quot;134233118&quot;:false,&quot;335559738&quot;:0,&quot;335559739&quot;:240}\">\u00a0<\/span><\/p>\n<p><b><span data-contrast=\"none\">Pour conna\u00eetre les conditions actuelles d&rsquo;avalanche, visitez le site d&rsquo;<\/span><\/b><a href=\"https:\/\/www.avalanche.ca\/\"><span data-contrast=\"none\">Avalanche Canada<\/span><\/a><b><span data-contrast=\"none\"> et cliquez sur la r\u00e9gion qui vous int\u00e9resse. Vous pouvez \u00e9galement contacter la patrouille de ski du domaine skiable local.<\/span><\/b><span data-ccp-props=\"{&quot;134233117&quot;:false,&quot;134233118&quot;:false,&quot;335559738&quot;:0,&quot;335559739&quot;:240}\">\u00a0<\/span><\/p>\n","protected":false},"excerpt":{"rendered":"<p>Les skieurs et les planchistes ne sont souvent pas conscients du danger d&rsquo;avalanche. Le danger d&rsquo;avalanche \u00e0 l&rsquo;int\u00e9rieur des limites du domaine skiable est contr\u00f4l\u00e9, mais le terrain avalancheux au-del\u00e0 de la cl\u00f4ture ou des bornes de d\u00e9limitation n&rsquo;est pas contr\u00f4l\u00e9. La tentation de s&rsquo;amuser l&#8217;emporte trop facilement sur la prudence. Les fausses croyances les<a class=\"read-more\" href=\"https:\/\/www.skipatrol.ca\/fr\/safety-injury-prevention\/avalanche-safety\/\"><br \/>-> Lire la suite<span class=\"screen-reader-text\">  PR\u00c9VENTION AVALANCHE<\/span><\/a><\/p>\n","protected":false},"author":1,"featured_media":0,"parent":5080,"menu_order":0,"comment_status":"closed","ping_status":"closed","template":"","meta":{"footnotes":""},"class_list":["post-5083","page","type-page","status-publish","hentry"],"_links":{"self":[{"href":"https:\/\/www.skipatrol.ca\/fr\/wp-json\/wp\/v2\/pages\/5083","targetHints":{"allow":["GET"]}}],"collection":[{"href":"https:\/\/www.skipatrol.ca\/fr\/wp-json\/wp\/v2\/pages"}],"about":[{"href":"https:\/\/www.skipatrol.ca\/fr\/wp-json\/wp\/v2\/types\/page"}],"author":[{"embeddable":true,"href":"https:\/\/www.skipatrol.ca\/fr\/wp-json\/wp\/v2\/users\/1"}],"replies":[{"embeddable":true,"href":"https:\/\/www.skipatrol.ca\/fr\/wp-json\/wp\/v2\/comments?post=5083"}],"version-history":[{"count":4,"href":"https:\/\/www.skipatrol.ca\/fr\/wp-json\/wp\/v2\/pages\/5083\/revisions"}],"predecessor-version":[{"id":14098,"href":"https:\/\/www.skipatrol.ca\/fr\/wp-json\/wp\/v2\/pages\/5083\/revisions\/14098"}],"up":[{"embeddable":true,"href":"https:\/\/www.skipatrol.ca\/fr\/wp-json\/wp\/v2\/pages\/5080"}],"wp:attachment":[{"href":"https:\/\/www.skipatrol.ca\/fr\/wp-json\/wp\/v2\/media?parent=5083"}],"curies":[{"name":"wp","href":"https:\/\/api.w.org\/{rel}","templated":true}]}}