{"id":5087,"date":"2016-11-23T17:05:22","date_gmt":"2016-11-23T17:05:22","guid":{"rendered":"https:\/\/www.skipatrol.ca\/safety-injury-prevention\/responsibility-codes\/"},"modified":"2020-10-22T20:12:35","modified_gmt":"2020-10-23T00:12:35","slug":"responsibility-codes","status":"publish","type":"page","link":"https:\/\/www.skipatrol.ca\/fr\/safety-injury-prevention\/responsibility-codes\/","title":{"rendered":"Code de Conduite"},"content":{"rendered":"<div id=\"pl-5087\"  class=\"panel-layout\" ><div id=\"pg-5087-0\"  class=\"panel-grid panel-no-style\" ><div id=\"pgc-5087-0-0\"  class=\"panel-grid-cell\" ><div id=\"panel-5087-0-0-0\" class=\"so-panel widget widget_sow-editor panel-first-child panel-last-child\" data-index=\"0\" ><div\n\t\t\t\n\t\t\tclass=\"so-widget-sow-editor so-widget-sow-editor-base\"\n\t\t\t\n\t\t><h3 class=\"widget-title\">Code Conduite Alpin<\/h3>\n<div class=\"siteorigin-widget-tinymce textwidget\">\n\t<p>Le Code de Condiote en montagne est approuv\u00e9 et utilis\u00e9 au Qu\u00e9bec et fait parti des lois en vigueur.<\/p>\n<p>Il est utilis\u00e9 par l\u2019Association des Stations de ski du Qu\u00e9bec (ASSQ).<\/p>\n<p><img loading=\"lazy\" decoding=\"async\" class=\"aligncenter wp-image-815 size-large\" src=\"https:\/\/www.skipatrol.ca\/wp-content\/uploads\/2016\/08\/Final-French-Alpine-Code-QC-only-ASSQ-resized-636x1024-636x1024.jpg\" width=\"636\" height=\"1024\" srcset=\"https:\/\/www.skipatrol.ca\/sites\/www.skipatrol.ca\/wp-content\/uploads\/2016\/08\/Final-French-Alpine-Code-QC-only-ASSQ-resized-636x1024.jpg 636w, https:\/\/www.skipatrol.ca\/sites\/www.skipatrol.ca\/wp-content\/uploads\/2016\/08\/Final-French-Alpine-Code-QC-only-ASSQ-resized-636x1024-186x300.jpg 186w\" sizes=\"auto, (max-width: 636px) 100vw, 636px\" \/><\/p>\n<\/div>\n<\/div><\/div><\/div><div id=\"pgc-5087-0-1\"  class=\"panel-grid-cell\" ><div id=\"panel-5087-0-1-0\" class=\"so-panel widget widget_sow-editor panel-first-child panel-last-child\" data-index=\"1\" ><div\n\t\t\t\n\t\t\tclass=\"so-widget-sow-editor so-widget-sow-editor-base\"\n\t\t\t\n\t\t><h3 class=\"widget-title\">Code Conduite Nordique<\/h3>\n<div class=\"siteorigin-widget-tinymce textwidget\">\n\t<p>Ce code est approv\u00e9 et utilis\u00e9 dans les stations de ski nordique anglophone dans l\u2019ouest du pays (CWSAA), l\u2019association des stations de ski de fond de l\u2019Ontario (OSRA), l\u2019association des stations de ski de fond de l\u2019Atlantique (ASAA), et le Conseil Canadien du Ski (CSC). Traduction par la PCS.<img loading=\"lazy\" decoding=\"async\" class=\"aligncenter wp-image-1395 size-large\" src=\"https:\/\/www.skipatrol.ca\/wp-content\/uploads\/2016\/11\/CROSS-COUNTRY-FR-791x1024.jpg\" alt=\"Ex Liabilty - AB\" width=\"640\" height=\"829\" srcset=\"https:\/\/www.skipatrol.ca\/sites\/www.skipatrol.ca\/wp-content\/uploads\/2016\/11\/CROSS-COUNTRY-FR-791x1024.jpg 791w, https:\/\/www.skipatrol.ca\/sites\/www.skipatrol.ca\/wp-content\/uploads\/2016\/11\/CROSS-COUNTRY-FR-232x300.jpg 232w, https:\/\/www.skipatrol.ca\/sites\/www.skipatrol.ca\/wp-content\/uploads\/2016\/11\/CROSS-COUNTRY-FR-768x994.jpg 768w, https:\/\/www.skipatrol.ca\/sites\/www.skipatrol.ca\/wp-content\/uploads\/2016\/11\/CROSS-COUNTRY-FR.jpg 1275w\" sizes=\"auto, (max-width: 640px) 100vw, 640px\" \/><\/p>\n<\/div>\n<\/div><\/div><\/div><\/div><\/div>","protected":false},"excerpt":{"rendered":"<p>Le Code de Condiote en montagne est approuv\u00e9 et utilis\u00e9 au Qu\u00e9bec et fait parti des lois en vigueur. Il est utilis\u00e9 par l\u2019Association des Stations de ski du Qu\u00e9bec (ASSQ). Ce code est approv\u00e9 et utilis\u00e9 dans les stations de ski nordique anglophone dans l\u2019ouest du pays (CWSAA), l\u2019association des stations de ski de<a class=\"read-more\" href=\"https:\/\/www.skipatrol.ca\/fr\/safety-injury-prevention\/responsibility-codes\/\"><br \/>-> Lire la suite<span class=\"screen-reader-text\">  Code de Conduite<\/span><\/a><\/p>\n","protected":false},"author":1,"featured_media":0,"parent":5080,"menu_order":0,"comment_status":"closed","ping_status":"closed","template":"template-fullwidth-no-title.php","meta":{"footnotes":""},"class_list":["post-5087","page","type-page","status-publish","hentry"],"_links":{"self":[{"href":"https:\/\/www.skipatrol.ca\/fr\/wp-json\/wp\/v2\/pages\/5087","targetHints":{"allow":["GET"]}}],"collection":[{"href":"https:\/\/www.skipatrol.ca\/fr\/wp-json\/wp\/v2\/pages"}],"about":[{"href":"https:\/\/www.skipatrol.ca\/fr\/wp-json\/wp\/v2\/types\/page"}],"author":[{"embeddable":true,"href":"https:\/\/www.skipatrol.ca\/fr\/wp-json\/wp\/v2\/users\/1"}],"replies":[{"embeddable":true,"href":"https:\/\/www.skipatrol.ca\/fr\/wp-json\/wp\/v2\/comments?post=5087"}],"version-history":[{"count":3,"href":"https:\/\/www.skipatrol.ca\/fr\/wp-json\/wp\/v2\/pages\/5087\/revisions"}],"predecessor-version":[{"id":5454,"href":"https:\/\/www.skipatrol.ca\/fr\/wp-json\/wp\/v2\/pages\/5087\/revisions\/5454"}],"up":[{"embeddable":true,"href":"https:\/\/www.skipatrol.ca\/fr\/wp-json\/wp\/v2\/pages\/5080"}],"wp:attachment":[{"href":"https:\/\/www.skipatrol.ca\/fr\/wp-json\/wp\/v2\/media?parent=5087"}],"curies":[{"name":"wp","href":"https:\/\/api.w.org\/{rel}","templated":true}]}}