{"id":6354,"date":"2021-11-24T12:58:22","date_gmt":"2021-11-24T17:58:22","guid":{"rendered":"https:\/\/www.skipatrol.ca\/?page_id=6354"},"modified":"2024-08-21T22:32:08","modified_gmt":"2024-08-22T02:32:08","slug":"login","status":"publish","type":"page","link":"https:\/\/www.skipatrol.ca\/fr\/login\/","title":{"rendered":"Connexion"},"content":{"rendered":"<div id=\"pl-6354\"  class=\"panel-layout\" ><div id=\"pg-6354-0\"  class=\"panel-grid panel-no-style\" ><div id=\"pgc-6354-0-0\"  class=\"panel-grid-cell panel-grid-cell-empty\" ><\/div><div id=\"pgc-6354-0-1\"  class=\"panel-grid-cell\" ><div id=\"panel-6354-0-1-0\" class=\"so-panel widget widget_sow-editor panel-first-child\" data-index=\"0\" ><div\n\t\t\t\n\t\t\tclass=\"so-widget-sow-editor so-widget-sow-editor-base\"\n\t\t\t\n\t\t>\n<div class=\"siteorigin-widget-tinymce textwidget\">\n\t<h6>Accord de confidentialit\u00e9 et d'utilisation des donn\u00e9es<\/h6>\n<p>En entrant dans ce syst\u00e8me de base de donn\u00e9es, vous convenez de ne pas utiliser les renseignements qu'il contient \u00e0 des fins autres que la conduite des affaires de la Patrouille canadienne de ski, et de ne pas fournir ces renseignements \u00e0 une tierce partie. En vertu de la loi canadienne, cette base de donn\u00e9es est consid\u00e9r\u00e9e comme une compilation et est couverte par le droit d'auteur. Toute violation de cet accord peut entra\u00eener des mesures disciplinaires et\/ou juridiques.<\/p>\n<p class=\"p1\" align=\"left\">\n<\/div>\n<\/div><\/div><div id=\"panel-6354-0-1-1\" class=\"so-panel widget widget_members-widget-login login\" data-index=\"1\" ><h3 class=\"widget-title\">Connexion<\/h3><p>Vous \u00eates actuellement d\u00e9connect\u00e9.<\/p>\n<div class=\"members-login-form\"><form name=\"loginform\" id=\"loginform\" action=\"https:\/\/www.skipatrol.ca\/fr\/pcs-csp\/\" method=\"post\"><p class=\"login-username\">\n\t\t\t\t<label for=\"user_login\">Nom d&#039;utilisateur<\/label>\n\t\t\t\t<input type=\"text\" name=\"log\" id=\"user_login\" autocomplete=\"username\" class=\"input\" value=\"\" size=\"20\" \/>\n\t\t\t<\/p><p class=\"login-password\">\n\t\t\t\t<label for=\"user_pass\">Mot de passe<\/label>\n\t\t\t\t<input type=\"password\" name=\"pwd\" id=\"user_pass\" autocomplete=\"current-password\" spellcheck=\"false\" class=\"input\" value=\"\" size=\"20\" \/>\n\t\t\t<\/p><p class=\"login-remember\"><label><input name=\"rememberme\" type=\"checkbox\" id=\"rememberme\" value=\"forever\" \/> Rappelez-vous de moi<\/label><\/p><p class=\"login-submit\">\n\t\t\t\t<input type=\"submit\" name=\"wp-submit\" id=\"wp-submit\" class=\"button button-primary\" value=\"Connexion\" \/>\n\t\t\t\t<input type=\"hidden\" name=\"redirect_to\" value=\"https:\/\/www.skipatrol.ca\/fr\/wp-json\/wp\/v2\/pages\/6354\" \/>\n\t\t\t<\/p><\/form><\/div><\/div><div id=\"panel-6354-0-1-2\" class=\"so-panel widget widget_sow-editor panel-last-child\" data-index=\"2\" ><div\n\t\t\t\n\t\t\tclass=\"so-widget-sow-editor so-widget-sow-editor-base\"\n\t\t\t\n\t\t>\n<div class=\"siteorigin-widget-tinymce textwidget\">\n\t<p align=\"center\"><a href=\"https:\/\/yeti.skipatrol.ca\/en\/user\/password\" target=\"_blank\" rel=\"noopener\">Vous avez oubli\u00e9 votre mot de passe ?<\/a><\/p>\n<\/div>\n<\/div><\/div><\/div><div id=\"pgc-6354-0-2\"  class=\"panel-grid-cell panel-grid-cell-mobile-last\" ><div id=\"panel-6354-0-2-0\" class=\"so-panel widget widget_sow-editor panel-first-child panel-last-child\" data-index=\"3\" ><div\n\t\t\t\n\t\t\tclass=\"so-widget-sow-editor so-widget-sow-editor-base\"\n\t\t\t\n\t\t>\n<div class=\"siteorigin-widget-tinymce textwidget\">\n\t<h6>La connexion des membres est maintenant g\u00e9r\u00e9e par Yeti, notre nouveau syst\u00e8me de base de donn\u00e9es.<\/h6>\n<p>Veuillez vous adresser \u00e0 votre administrateur de zone pour confirmer votre inscription dans Yeti. Votre nom d'utilisateur est votre courriel associ\u00e9 \u00e0 votre dossier Yeti (le courriel o\u00f9 vous recevez les 5\/5 pour les patrouilleurs, etc.) Si vous n'avez pas de mot de passe attribu\u00e9, <a href=\"https:\/\/yeti.skipatrol.ca\/fr\/user\/password\" target=\"_blank\" rel=\"noopener\">cliquez ici pour cr\u00e9er votre mot de passe initial<\/a>.<\/p>\n<p>&nbsp;<\/p>\n<\/div>\n<\/div><\/div><\/div><div id=\"pgc-6354-0-3\"  class=\"panel-grid-cell panel-grid-cell-empty\" ><\/div><\/div><\/div>","protected":false},"excerpt":{"rendered":"<p>Accord de confidentialit\u00e9 et d&rsquo;utilisation des donn\u00e9es En entrant dans ce syst\u00e8me de base de donn\u00e9es, vous convenez de ne pas utiliser les renseignements qu&rsquo;il contient \u00e0 des fins autres que la conduite des affaires de la Patrouille canadienne de ski, et de ne pas fournir ces renseignements \u00e0 une tierce partie. En vertu de<a class=\"read-more\" href=\"https:\/\/www.skipatrol.ca\/fr\/login\/\"><br \/>-> Lire la suite<span class=\"screen-reader-text\">  Connexion<\/span><\/a><\/p>\n","protected":false},"author":5993,"featured_media":0,"parent":0,"menu_order":0,"comment_status":"closed","ping_status":"closed","template":"","meta":{"footnotes":""},"class_list":["post-6354","page","type-page","status-publish","hentry"],"_links":{"self":[{"href":"https:\/\/www.skipatrol.ca\/fr\/wp-json\/wp\/v2\/pages\/6354","targetHints":{"allow":["GET"]}}],"collection":[{"href":"https:\/\/www.skipatrol.ca\/fr\/wp-json\/wp\/v2\/pages"}],"about":[{"href":"https:\/\/www.skipatrol.ca\/fr\/wp-json\/wp\/v2\/types\/page"}],"author":[{"embeddable":true,"href":"https:\/\/www.skipatrol.ca\/fr\/wp-json\/wp\/v2\/users\/5993"}],"replies":[{"embeddable":true,"href":"https:\/\/www.skipatrol.ca\/fr\/wp-json\/wp\/v2\/comments?post=6354"}],"version-history":[{"count":4,"href":"https:\/\/www.skipatrol.ca\/fr\/wp-json\/wp\/v2\/pages\/6354\/revisions"}],"predecessor-version":[{"id":14034,"href":"https:\/\/www.skipatrol.ca\/fr\/wp-json\/wp\/v2\/pages\/6354\/revisions\/14034"}],"wp:attachment":[{"href":"https:\/\/www.skipatrol.ca\/fr\/wp-json\/wp\/v2\/media?parent=6354"}],"curies":[{"name":"wp","href":"https:\/\/api.w.org\/{rel}","templated":true}]}}