{"id":6399,"date":"2021-10-04T12:26:49","date_gmt":"2021-10-04T16:26:49","guid":{"rendered":"https:\/\/www.skipatrol.ca\/telechargements-resort\/instagram-images\/"},"modified":"2022-02-24T10:40:20","modified_gmt":"2022-02-24T15:40:20","slug":"instagram-images","status":"publish","type":"page","link":"https:\/\/www.skipatrol.ca\/fr\/telechargements-resort\/instagram-images\/","title":{"rendered":"Images Instagram pouvant \u00eatre t\u00e9l\u00e9charg\u00e9es"},"content":{"rendered":"<div class=\"su-heading su-heading-style-default su-heading-align-center\" id=\"\" style=\"font-size:13px;margin-bottom:20px\"><div class=\"su-heading-inner\"><span style=\"color: #a6192e;\"><strong> Images Instagram pouvant \u00eatre t\u00e9l\u00e9charg\u00e9es<\/strong><\/span><\/div><\/div>\n<p>Choisissez certaines des images ci-dessous en vue de les utiliser sur votre compte Instagram. Pour t\u00e9l\u00e9charger des images individuelles, cliquez sur le nom de chaque image. Vous pouvez aussi t\u00e9l\u00e9charger la gamme compl\u00e8te en cliquant sur le bouton ci-dessous.<\/p>\n<div class=\"su-custom-gallery su-custom-gallery-align-left su-custom-gallery-title-always\"><div class=\"su-custom-gallery-slide\" style=\"width:200px;height:200px\"><a href=\"https:\/\/cspnational.s3.ca-central-1.amazonaws.com\/wp-content\/uploads\/2022\/02\/24103759\/CSP_Instagram-Graphics-FR-1.png\" target=\"_blank\" title=\"CSP_Instagram-Graphics-FR-1\"><img loading=\"lazy\" decoding=\"async\" src=\"https:\/\/cspnational.s3.ca-central-1.amazonaws.com\/wp-content\/uploads\/2022\/02\/24103759\/CSP_Instagram-Graphics-FR-1.png\" alt=\"CSP_Instagram-Graphics-FR-1\" width=\"200\" height=\"200\" \/><span class=\"su-custom-gallery-title\">CSP_Instagram-Graphics-FR-1<\/span><\/a><\/div><div class=\"su-custom-gallery-slide\" style=\"width:200px;height:200px\"><a href=\"https:\/\/cspnational.s3.ca-central-1.amazonaws.com\/wp-content\/uploads\/2022\/02\/24103845\/CSP_Instagram-Graphics-FR-2.png\" target=\"_blank\" title=\"CSP_Instagram-Graphics-FR-2\"><img loading=\"lazy\" decoding=\"async\" src=\"https:\/\/cspnational.s3.ca-central-1.amazonaws.com\/wp-content\/uploads\/2022\/02\/24103845\/CSP_Instagram-Graphics-FR-2.png\" alt=\"CSP_Instagram-Graphics-FR-2\" width=\"200\" height=\"200\" \/><span class=\"su-custom-gallery-title\">CSP_Instagram-Graphics-FR-2<\/span><\/a><\/div><div class=\"su-custom-gallery-slide\" style=\"width:200px;height:200px\"><a href=\"https:\/\/cspnational.s3.ca-central-1.amazonaws.com\/wp-content\/uploads\/2022\/02\/24103839\/CSP_Instagram-Graphics-FR-3.png\" target=\"_blank\" title=\"CSP_Instagram-Graphics-FR-3\"><img loading=\"lazy\" decoding=\"async\" src=\"https:\/\/cspnational.s3.ca-central-1.amazonaws.com\/wp-content\/uploads\/2022\/02\/24103839\/CSP_Instagram-Graphics-FR-3.png\" alt=\"CSP_Instagram-Graphics-FR-3\" width=\"200\" height=\"200\" \/><span class=\"su-custom-gallery-title\">CSP_Instagram-Graphics-FR-3<\/span><\/a><\/div><div class=\"su-custom-gallery-slide\" style=\"width:200px;height:200px\"><a href=\"https:\/\/cspnational.s3.ca-central-1.amazonaws.com\/wp-content\/uploads\/2022\/02\/24103833\/CSP_Instagram-Graphics-FR-4.png\" target=\"_blank\" title=\"CSP_Instagram-Graphics-FR-4\"><img loading=\"lazy\" decoding=\"async\" src=\"https:\/\/cspnational.s3.ca-central-1.amazonaws.com\/wp-content\/uploads\/2022\/02\/24103833\/CSP_Instagram-Graphics-FR-4.png\" alt=\"CSP_Instagram-Graphics-FR-4\" width=\"200\" height=\"200\" \/><span class=\"su-custom-gallery-title\">CSP_Instagram-Graphics-FR-4<\/span><\/a><\/div><div class=\"su-custom-gallery-slide\" style=\"width:200px;height:200px\"><a href=\"https:\/\/cspnational.s3.ca-central-1.amazonaws.com\/wp-content\/uploads\/2022\/02\/24103827\/CSP_Instagram-Graphics-FR-5.png\" target=\"_blank\" title=\"CSP_Instagram-Graphics-FR-5\"><img loading=\"lazy\" decoding=\"async\" src=\"https:\/\/cspnational.s3.ca-central-1.amazonaws.com\/wp-content\/uploads\/2022\/02\/24103827\/CSP_Instagram-Graphics-FR-5.png\" alt=\"CSP_Instagram-Graphics-FR-5\" width=\"200\" height=\"200\" \/><span class=\"su-custom-gallery-title\">CSP_Instagram-Graphics-FR-5<\/span><\/a><\/div><div class=\"su-custom-gallery-slide\" style=\"width:200px;height:200px\"><a href=\"https:\/\/cspnational.s3.ca-central-1.amazonaws.com\/wp-content\/uploads\/2022\/02\/24103822\/CSP_Instagram-Graphics-FR-6.png\" target=\"_blank\" title=\"CSP_Instagram-Graphics-FR-6\"><img loading=\"lazy\" decoding=\"async\" src=\"https:\/\/cspnational.s3.ca-central-1.amazonaws.com\/wp-content\/uploads\/2022\/02\/24103822\/CSP_Instagram-Graphics-FR-6.png\" alt=\"CSP_Instagram-Graphics-FR-6\" width=\"200\" height=\"200\" \/><span class=\"su-custom-gallery-title\">CSP_Instagram-Graphics-FR-6<\/span><\/a><\/div><div class=\"su-custom-gallery-slide\" style=\"width:200px;height:200px\"><a href=\"https:\/\/cspnational.s3.ca-central-1.amazonaws.com\/wp-content\/uploads\/2022\/02\/24103815\/CSP_Instagram-Graphics-FR-7.png\" target=\"_blank\" title=\"CSP_Instagram-Graphics-FR-7\"><img loading=\"lazy\" decoding=\"async\" src=\"https:\/\/cspnational.s3.ca-central-1.amazonaws.com\/wp-content\/uploads\/2022\/02\/24103815\/CSP_Instagram-Graphics-FR-7.png\" alt=\"CSP_Instagram-Graphics-FR-7\" width=\"200\" height=\"200\" \/><span class=\"su-custom-gallery-title\">CSP_Instagram-Graphics-FR-7<\/span><\/a><\/div><div class=\"su-custom-gallery-slide\" style=\"width:200px;height:200px\"><a href=\"https:\/\/cspnational.s3.ca-central-1.amazonaws.com\/wp-content\/uploads\/2022\/02\/24103811\/CSP_Instagram-Graphics-FR-8.png\" target=\"_blank\" title=\"CSP_Instagram-Graphics-FR-8\"><img loading=\"lazy\" decoding=\"async\" src=\"https:\/\/cspnational.s3.ca-central-1.amazonaws.com\/wp-content\/uploads\/2022\/02\/24103811\/CSP_Instagram-Graphics-FR-8.png\" alt=\"CSP_Instagram-Graphics-FR-8\" width=\"200\" height=\"200\" \/><span class=\"su-custom-gallery-title\">CSP_Instagram-Graphics-FR-8<\/span><\/a><\/div><div class=\"su-custom-gallery-slide\" style=\"width:200px;height:200px\"><a href=\"https:\/\/cspnational.s3.ca-central-1.amazonaws.com\/wp-content\/uploads\/2022\/02\/24103805\/CSP_Instagram-Graphics-FR-9.png\" target=\"_blank\" title=\"CSP_Instagram-Graphics-FR-9\"><img loading=\"lazy\" decoding=\"async\" src=\"https:\/\/cspnational.s3.ca-central-1.amazonaws.com\/wp-content\/uploads\/2022\/02\/24103805\/CSP_Instagram-Graphics-FR-9.png\" alt=\"CSP_Instagram-Graphics-FR-9\" width=\"200\" height=\"200\" \/><span class=\"su-custom-gallery-title\">CSP_Instagram-Graphics-FR-9<\/span><\/a><\/div><div class=\"su-clear\"><\/div><\/div>\n<div class=\"su-button-center\"><a href=\"https:\/\/cspnational.s3.ca-central-1.amazonaws.com\/wp-content\/uploads\/sites\/Social+Media+Assets+Complete+Set+FR\/Instagram-FR.zip\" class=\"su-button su-button-style-soft su-button-wide\" style=\"color:#FFFFFF;background-color:#a6192e;border-color:#851425;border-radius:7px\" target=\"_blank\" rel=\"noopener noreferrer\"><span style=\"color:#FFFFFF;padding:0px 20px;font-size:16px;line-height:32px;border-color:#c15e6d;border-radius:7px;text-shadow:none\"> T\u00e9l\u00e9chargez la gamme compl\u00e8te des images INSTAGRAM<\/span><\/a><\/div>\n","protected":false},"excerpt":{"rendered":"<p>Choisissez certaines des images ci-dessous en vue de les utiliser sur votre compte Instagram. Pour t\u00e9l\u00e9charger des images individuelles, cliquez sur le nom de chaque image. Vous pouvez aussi t\u00e9l\u00e9charger la gamme compl\u00e8te en cliquant sur le bouton ci-dessous.<\/p>\n","protected":false},"author":6132,"featured_media":0,"parent":6307,"menu_order":0,"comment_status":"closed","ping_status":"closed","template":"","meta":{"footnotes":""},"class_list":["post-6399","page","type-page","status-publish","hentry"],"_links":{"self":[{"href":"https:\/\/www.skipatrol.ca\/fr\/wp-json\/wp\/v2\/pages\/6399","targetHints":{"allow":["GET"]}}],"collection":[{"href":"https:\/\/www.skipatrol.ca\/fr\/wp-json\/wp\/v2\/pages"}],"about":[{"href":"https:\/\/www.skipatrol.ca\/fr\/wp-json\/wp\/v2\/types\/page"}],"author":[{"embeddable":true,"href":"https:\/\/www.skipatrol.ca\/fr\/wp-json\/wp\/v2\/users\/6132"}],"replies":[{"embeddable":true,"href":"https:\/\/www.skipatrol.ca\/fr\/wp-json\/wp\/v2\/comments?post=6399"}],"version-history":[{"count":3,"href":"https:\/\/www.skipatrol.ca\/fr\/wp-json\/wp\/v2\/pages\/6399\/revisions"}],"predecessor-version":[{"id":6486,"href":"https:\/\/www.skipatrol.ca\/fr\/wp-json\/wp\/v2\/pages\/6399\/revisions\/6486"}],"up":[{"embeddable":true,"href":"https:\/\/www.skipatrol.ca\/fr\/wp-json\/wp\/v2\/pages\/6307"}],"wp:attachment":[{"href":"https:\/\/www.skipatrol.ca\/fr\/wp-json\/wp\/v2\/media?parent=6399"}],"curies":[{"name":"wp","href":"https:\/\/api.w.org\/{rel}","templated":true}]}}