{"id":6902,"date":"2023-10-11T21:55:31","date_gmt":"2023-10-12T01:55:31","guid":{"rendered":"https:\/\/www.skipatrol.ca\/?page_id=6902"},"modified":"2023-10-11T22:01:53","modified_gmt":"2023-10-12T02:01:53","slug":"andrew-hill","status":"publish","type":"page","link":"https:\/\/www.skipatrol.ca\/fr\/votre-direct\/andrew-hill\/","title":{"rendered":"Andrew Hill"},"content":{"rendered":"<div id=\"pl-6902\"  class=\"panel-layout\" ><div id=\"pg-6902-0\"  class=\"panel-grid panel-no-style\" ><div id=\"pgc-6902-0-0\"  class=\"panel-grid-cell\" ><div id=\"panel-6902-0-0-0\" class=\"so-panel widget widget_sow-editor panel-first-child panel-last-child\" data-index=\"0\" ><div\n\t\t\t\n\t\t\tclass=\"so-widget-sow-editor so-widget-sow-editor-base\"\n\t\t\t\n\t\t>\n<div class=\"siteorigin-widget-tinymce textwidget\">\n\t<p><img loading=\"lazy\" decoding=\"async\" class=\"size-medium wp-image-6884 alignleft\" src=\"https:\/\/cspnational.s3.ca-central-1.amazonaws.com\/wp-content\/uploads\/2023\/10\/10180043\/Andy-Hill-Head-Shot-300x294.png\" alt=\"\" width=\"300\" height=\"294\" srcset=\"https:\/\/cspnational.s3.ca-central-1.amazonaws.com\/wp-content\/uploads\/2023\/10\/10180043\/Andy-Hill-Head-Shot-300x294.png 300w, https:\/\/cspnational.s3.ca-central-1.amazonaws.com\/wp-content\/uploads\/2023\/10\/10180043\/Andy-Hill-Head-Shot-1024x1003.png 1024w, https:\/\/cspnational.s3.ca-central-1.amazonaws.com\/wp-content\/uploads\/2023\/10\/10180043\/Andy-Hill-Head-Shot-768x752.png 768w, https:\/\/cspnational.s3.ca-central-1.amazonaws.com\/wp-content\/uploads\/2023\/10\/10180043\/Andy-Hill-Head-Shot-73x73.png 73w, https:\/\/cspnational.s3.ca-central-1.amazonaws.com\/wp-content\/uploads\/2023\/10\/10180043\/Andy-Hill-Head-Shot.png 1081w\" sizes=\"auto, (max-width: 300px) 100vw, 300px\" \/><\/p>\n<\/div>\n<\/div><\/div><\/div><div id=\"pgc-6902-0-1\"  class=\"panel-grid-cell\" ><div id=\"panel-6902-0-1-0\" class=\"so-panel widget widget_sow-editor panel-first-child panel-last-child\" data-index=\"1\" ><div\n\t\t\t\n\t\t\tclass=\"so-widget-sow-editor so-widget-sow-editor-base\"\n\t\t\t\n\t\t>\n<div class=\"siteorigin-widget-tinymce textwidget\">\n\t<p><span data-contrast=\"auto\">Andrew (Andy) s'est joint \u00e0 la PCS en 1991, peu de temps apr\u00e8s avoir \u00e9migr\u00e9 d'Angleterre pour occuper un poste d'ing\u00e9nieur syst\u00e8me chez ce qui \u00e9tait alors Computing Devices Canada (maintenant General Dynamics Mission Systems-Canada) \u00e0 Ottawa. Son int\u00e9r\u00eat pour la PCS est n\u00e9 apr\u00e8s avoir discut\u00e9 avec des patrouilleurs sur les remont\u00e9es m\u00e9caniques de diverses stations de ski de la zone de Gatineau et s'\u00eatre dit : \u00ab Je pourrais le faire \u00bb. Il a d'abord patrouill\u00e9 au Mont Ste. Marie et s'est rapidement int\u00e9ress\u00e9 \u00e0 la formation (avant que le programme de certification des instructeurs (\u00ab PCI \u00bb) actuel n\u2019existe). Suite au transfert de son emploi \u00e0 Calgary 1993, o\u00f9 il s'est joint \u00e0 la patrouille Nakiska jusqu\u2019\u00e0 maintenant. Andy a r\u00e9cemment pris sa retraite de son emploi \u00e0 temps plein chez GDMS-Canada apr\u00e8s 36 ans et a h\u00e2te de pouvoir d\u00e9sormais skier pendant la semaine ainsi que de patrouiller durant les week-ends.<\/span><span data-ccp-props=\"{&quot;335559738&quot;:180}\">\u00a0<\/span><\/p>\n<p><span data-contrast=\"auto\">Andy se contentait initialement d'\u00eatre patrouilleur, mais apr\u00e8s son retour d'un cong\u00e9 sabbatique de deux ans en raison d'une offre d'emploi au Pays de Galles en 2004, il a rejoint la PCS et est devenu assistant-instructeur (AI) en 2005, ensuite instructeur (I) en 2006 et ma\u00eetre-instructeurs (MI) en 2012. Il d\u00e9cide \u00e9galement d'assumer davantage de r\u00f4les de leadership au sein de la PCS. Au fil des ann\u00e9es, cela a inclus :<\/span><span data-ccp-props=\"{&quot;335559738&quot;:180}\">\u00a0<\/span><\/p>\n<ul>\n<li data-leveltext=\"\uf0b7\" data-font=\"Symbol\" data-listid=\"25\" data-list-defn-props=\"{&quot;335552541&quot;:1,&quot;335559684&quot;:-2,&quot;335559685&quot;:1440,&quot;335559991&quot;:360,&quot;469769226&quot;:&quot;Symbol&quot;,&quot;469769242&quot;:[8226],&quot;469777803&quot;:&quot;left&quot;,&quot;469777804&quot;:&quot;\uf0b7&quot;,&quot;469777815&quot;:&quot;hybridMultilevel&quot;}\" aria-setsize=\"-1\" data-aria-posinset=\"1\" data-aria-level=\"1\"><span data-contrast=\"auto\">Chef de patrouille adjoint Nakiska pour la formation (2009-2011)<\/span><span data-ccp-props=\"{&quot;134233117&quot;:false,&quot;134233118&quot;:false,&quot;134245529&quot;:true,&quot;201341983&quot;:0,&quot;335551550&quot;:1,&quot;335551620&quot;:1,&quot;335559685&quot;:1134,&quot;335559737&quot;:0,&quot;335559738&quot;:80,&quot;335559739&quot;:0,&quot;335559740&quot;:259,&quot;335559991&quot;:360}\">\u00a0<\/span><\/li>\n<li data-leveltext=\"\uf0b7\" data-font=\"Symbol\" data-listid=\"25\" data-list-defn-props=\"{&quot;335552541&quot;:1,&quot;335559684&quot;:-2,&quot;335559685&quot;:1440,&quot;335559991&quot;:360,&quot;469769226&quot;:&quot;Symbol&quot;,&quot;469769242&quot;:[8226],&quot;469777803&quot;:&quot;left&quot;,&quot;469777804&quot;:&quot;\uf0b7&quot;,&quot;469777815&quot;:&quot;hybridMultilevel&quot;}\" aria-setsize=\"-1\" data-aria-posinset=\"1\" data-aria-level=\"1\"><span data-contrast=\"auto\">R\u00e9daction du manuel du patrouilleur Nakiska pour refl\u00e9ter les proc\u00e9dures de patrouille de zone, les protocoles m\u00e9dicaux de zone, l'\u00e9quipement et le terrain (2010), avec une mise \u00e0 jour majeure en 2017.<\/span><\/li>\n<li data-leveltext=\"\uf0b7\" data-font=\"Symbol\" data-listid=\"25\" data-list-defn-props=\"{&quot;335552541&quot;:1,&quot;335559684&quot;:-2,&quot;335559685&quot;:1440,&quot;335559991&quot;:360,&quot;469769226&quot;:&quot;Symbol&quot;,&quot;469769242&quot;:[8226],&quot;469777803&quot;:&quot;left&quot;,&quot;469777804&quot;:&quot;\uf0b7&quot;,&quot;469777815&quot;:&quot;hybridMultilevel&quot;}\" aria-setsize=\"-1\" data-aria-posinset=\"1\" data-aria-level=\"1\"><span data-contrast=\"auto\">Agent de formation de la zone Calgary (2011-2017).<\/span><\/li>\n<li data-leveltext=\"\uf0b7\" data-font=\"Symbol\" data-listid=\"25\" data-list-defn-props=\"{&quot;335552541&quot;:1,&quot;335559684&quot;:-2,&quot;335559685&quot;:1440,&quot;335559991&quot;:360,&quot;469769226&quot;:&quot;Symbol&quot;,&quot;469769242&quot;:[8226],&quot;469777803&quot;:&quot;left&quot;,&quot;469777804&quot;:&quot;\uf0b7&quot;,&quot;469777815&quot;:&quot;hybridMultilevel&quot;}\" aria-setsize=\"-1\" data-aria-posinset=\"1\" data-aria-level=\"1\"><span data-contrast=\"auto\">A contribu\u00e9 \u00e0 la r\u00e9daction du script et \u00e0 l'enregistrement du la formation en ligne avanc\u00e9 en secourisme avanc\u00e9 (SA) et au pilotage du cours dans la zone Calgary (2014).<\/span><\/li>\n<li data-leveltext=\"\uf0b7\" data-font=\"Symbol\" data-listid=\"25\" data-list-defn-props=\"{&quot;335552541&quot;:1,&quot;335559684&quot;:-2,&quot;335559685&quot;:1440,&quot;335559991&quot;:360,&quot;469769226&quot;:&quot;Symbol&quot;,&quot;469769242&quot;:[8226],&quot;469777803&quot;:&quot;left&quot;,&quot;469777804&quot;:&quot;\uf0b7&quot;,&quot;469777815&quot;:&quot;hybridMultilevel&quot;}\" aria-setsize=\"-1\" data-aria-posinset=\"1\" data-aria-level=\"1\"><span data-contrast=\"auto\">Coordonnateur de secourisme avanc\u00e9 de la Division Montain (2015-16).<\/span><\/li>\n<li data-leveltext=\"\uf0b7\" data-font=\"Symbol\" data-listid=\"25\" data-list-defn-props=\"{&quot;335552541&quot;:1,&quot;335559684&quot;:-2,&quot;335559685&quot;:1440,&quot;335559991&quot;:360,&quot;469769226&quot;:&quot;Symbol&quot;,&quot;469769242&quot;:[8226],&quot;469777803&quot;:&quot;left&quot;,&quot;469777804&quot;:&quot;\uf0b7&quot;,&quot;469777815&quot;:&quot;hybridMultilevel&quot;}\" aria-setsize=\"-1\" data-aria-posinset=\"1\" data-aria-level=\"1\"><span data-contrast=\"auto\">Introduction de cours rotatifs pour instructeurs au niveau de la division dans le but d'augmenter le nombre d'AI, d'I et de MI disponibles dans la division Mountain, en particulier dans les plus petites zones.<\/span><span data-ccp-props=\"{&quot;134233117&quot;:false,&quot;134233118&quot;:false,&quot;201341983&quot;:0,&quot;335551550&quot;:1,&quot;335551620&quot;:1,&quot;335559737&quot;:0,&quot;335559738&quot;:80,&quot;335559739&quot;:0,&quot;335559740&quot;:259,&quot;469777462&quot;:[1080],&quot;469777927&quot;:[0],&quot;469777928&quot;:[8]}\">\u00a0<\/span><\/li>\n<li data-leveltext=\"\uf0b7\" data-font=\"Symbol\" data-listid=\"25\" data-list-defn-props=\"{&quot;335552541&quot;:1,&quot;335559684&quot;:-2,&quot;335559685&quot;:1440,&quot;335559991&quot;:360,&quot;469769226&quot;:&quot;Symbol&quot;,&quot;469769242&quot;:[8226],&quot;469777803&quot;:&quot;left&quot;,&quot;469777804&quot;:&quot;\uf0b7&quot;,&quot;469777815&quot;:&quot;hybridMultilevel&quot;}\" aria-setsize=\"-1\" data-aria-posinset=\"1\" data-aria-level=\"1\"><span data-contrast=\"auto\">Agent de formation pour la division Mountain (2016-2018).<\/span><\/li>\n<li data-leveltext=\"\uf0b7\" data-font=\"Symbol\" data-listid=\"25\" data-list-defn-props=\"{&quot;335552541&quot;:1,&quot;335559684&quot;:-2,&quot;335559685&quot;:1440,&quot;335559991&quot;:360,&quot;469769226&quot;:&quot;Symbol&quot;,&quot;469769242&quot;:[8226],&quot;469777803&quot;:&quot;left&quot;,&quot;469777804&quot;:&quot;\uf0b7&quot;,&quot;469777815&quot;:&quot;hybridMultilevel&quot;}\" aria-setsize=\"-1\" data-aria-posinset=\"1\" data-aria-level=\"1\"><span data-contrast=\"auto\">Introduction des journ\u00e9es de s\u00e9minaires de secourisme et de formation sur pistes (FAST) lors de la fin de semaine de comp\u00e9tition de secourisme de la division Montain de la PCS (2017).<\/span><span data-ccp-props=\"{&quot;335559738&quot;:80,&quot;469777462&quot;:[1080],&quot;469777927&quot;:[0],&quot;469777928&quot;:[8]}\">\u00a0<\/span><\/li>\n<li data-leveltext=\"\uf0b7\" data-font=\"Symbol\" data-listid=\"25\" data-list-defn-props=\"{&quot;335552541&quot;:1,&quot;335559684&quot;:-2,&quot;335559685&quot;:1440,&quot;335559991&quot;:360,&quot;469769226&quot;:&quot;Symbol&quot;,&quot;469769242&quot;:[8226],&quot;469777803&quot;:&quot;left&quot;,&quot;469777804&quot;:&quot;\uf0b7&quot;,&quot;469777815&quot;:&quot;hybridMultilevel&quot;}\" aria-setsize=\"-1\" data-aria-posinset=\"1\" data-aria-level=\"1\"><span data-contrast=\"auto\">Pilotage du cours eInstructor lors des cours du PCI de la division Mountain (2017).<\/span><\/li>\n<li data-leveltext=\"\uf0b7\" data-font=\"Symbol\" data-listid=\"25\" data-list-defn-props=\"{&quot;335552541&quot;:1,&quot;335559684&quot;:-2,&quot;335559685&quot;:1440,&quot;335559991&quot;:360,&quot;469769226&quot;:&quot;Symbol&quot;,&quot;469769242&quot;:[8226],&quot;469777803&quot;:&quot;left&quot;,&quot;469777804&quot;:&quot;\uf0b7&quot;,&quot;469777815&quot;:&quot;hybridMultilevel&quot;}\" aria-setsize=\"-1\" data-aria-posinset=\"1\" data-aria-level=\"1\"><span data-contrast=\"auto\">Pilotage du cours eOn-Patrol dans la zone Calgary (2017).<\/span><span data-ccp-props=\"{&quot;335559738&quot;:80,&quot;469777462&quot;:[1080],&quot;469777927&quot;:[0],&quot;469777928&quot;:[8]}\">\u00a0<\/span><\/li>\n<li data-leveltext=\"\uf0b7\" data-font=\"Symbol\" data-listid=\"25\" data-list-defn-props=\"{&quot;335552541&quot;:1,&quot;335559684&quot;:-2,&quot;335559685&quot;:1440,&quot;335559991&quot;:360,&quot;469769226&quot;:&quot;Symbol&quot;,&quot;469769242&quot;:[8226],&quot;469777803&quot;:&quot;left&quot;,&quot;469777804&quot;:&quot;\uf0b7&quot;,&quot;469777815&quot;:&quot;hybridMultilevel&quot;}\" aria-setsize=\"-1\" data-aria-posinset=\"1\" data-aria-level=\"1\"><span data-contrast=\"auto\">R\u00e9daction du plan de gestion de la qualit\u00e9 (PGQ) pour la formation en SA de la PCS de la division Mountain \u00e0 l'appui du renouvellement de l'approbation de l'Alberta Occupational Health and Safety pour fournir une formation en secourisme en milieu de travail.<\/span><span data-ccp-props=\"{&quot;335559738&quot;:80,&quot;469777462&quot;:[1080],&quot;469777927&quot;:[0],&quot;469777928&quot;:[8]}\">\u00a0<\/span><\/li>\n<li data-leveltext=\"\uf0b7\" data-font=\"Symbol\" data-listid=\"25\" data-list-defn-props=\"{&quot;335552541&quot;:1,&quot;335559684&quot;:-2,&quot;335559685&quot;:1440,&quot;335559991&quot;:360,&quot;469769226&quot;:&quot;Symbol&quot;,&quot;469769242&quot;:[8226],&quot;469777803&quot;:&quot;left&quot;,&quot;469777804&quot;:&quot;\uf0b7&quot;,&quot;469777815&quot;:&quot;hybridMultilevel&quot;}\" aria-setsize=\"-1\" data-aria-posinset=\"1\" data-aria-level=\"1\"><span data-contrast=\"auto\">Directeur national pour la formation (2018-2021).<\/span><\/li>\n<li data-leveltext=\"\uf0b7\" data-font=\"Symbol\" data-listid=\"25\" data-list-defn-props=\"{&quot;335552541&quot;:1,&quot;335559684&quot;:-2,&quot;335559685&quot;:1440,&quot;335559991&quot;:360,&quot;469769226&quot;:&quot;Symbol&quot;,&quot;469769242&quot;:[8226],&quot;469777803&quot;:&quot;left&quot;,&quot;469777804&quot;:&quot;\uf0b7&quot;,&quot;469777815&quot;:&quot;hybridMultilevel&quot;}\" aria-setsize=\"-1\" data-aria-posinset=\"1\" data-aria-level=\"1\"><span data-contrast=\"auto\">R\u00e9daction du PGQ national pour la formation CSP AFA, conform\u00e9ment \u00e0 la norme de formation en secourisme en milieu de travail Z1210-17 de l'Association canadienne de normalisation (CSA).\u00a0<\/span><span data-ccp-props=\"{&quot;134233117&quot;:false,&quot;134233118&quot;:false,&quot;201341983&quot;:0,&quot;335551550&quot;:1,&quot;335551620&quot;:1,&quot;335559737&quot;:0,&quot;335559738&quot;:80,&quot;335559739&quot;:0,&quot;335559740&quot;:259,&quot;469777462&quot;:[1080],&quot;469777927&quot;:[0],&quot;469777928&quot;:[8]}\">\u00a0<\/span><\/li>\n<li data-leveltext=\"\uf0b7\" data-font=\"Symbol\" data-listid=\"25\" data-list-defn-props=\"{&quot;335552541&quot;:1,&quot;335559684&quot;:-2,&quot;335559685&quot;:1440,&quot;335559991&quot;:360,&quot;469769226&quot;:&quot;Symbol&quot;,&quot;469769242&quot;:[8226],&quot;469777803&quot;:&quot;left&quot;,&quot;469777804&quot;:&quot;\uf0b7&quot;,&quot;469777815&quot;:&quot;hybridMultilevel&quot;}\" aria-setsize=\"-1\" data-aria-posinset=\"1\" data-aria-level=\"1\"><span data-contrast=\"auto\">Participation au groupe de travail PCS COVID-19 pour d\u00e9finir les lignes directrices des patrouilles et de la formation en contexte de pand\u00e9mie.\u00a0<\/span><span data-ccp-props=\"{&quot;134233117&quot;:false,&quot;134233118&quot;:false,&quot;201341983&quot;:0,&quot;335551550&quot;:1,&quot;335551620&quot;:1,&quot;335559737&quot;:0,&quot;335559738&quot;:80,&quot;335559739&quot;:0,&quot;335559740&quot;:259,&quot;469777462&quot;:[1080],&quot;469777927&quot;:[0],&quot;469777928&quot;:[8]}\">\u00a0<\/span><\/li>\n<li data-leveltext=\"\uf0b7\" data-font=\"Symbol\" data-listid=\"25\" data-list-defn-props=\"{&quot;335552541&quot;:1,&quot;335559684&quot;:-2,&quot;335559685&quot;:1440,&quot;335559991&quot;:360,&quot;469769226&quot;:&quot;Symbol&quot;,&quot;469769242&quot;:[8226],&quot;469777803&quot;:&quot;left&quot;,&quot;469777804&quot;:&quot;\uf0b7&quot;,&quot;469777815&quot;:&quot;hybridMultilevel&quot;}\" aria-setsize=\"-1\" data-aria-posinset=\"1\" data-aria-level=\"1\"><span data-contrast=\"auto\">Chef du portefeuille Formation et perfectionnement (2021-pr\u00e9sent).<\/span><span data-ccp-props=\"{&quot;134233117&quot;:false,&quot;134233118&quot;:false,&quot;201341983&quot;:0,&quot;335551550&quot;:1,&quot;335551620&quot;:1,&quot;335559737&quot;:0,&quot;335559738&quot;:80,&quot;335559739&quot;:0,&quot;335559740&quot;:259,&quot;469777462&quot;:[1080],&quot;469777927&quot;:[0],&quot;469777928&quot;:[8]}\">\u00a0<\/span><\/li>\n<li data-leveltext=\"\uf0b7\" data-font=\"Symbol\" data-listid=\"25\" data-list-defn-props=\"{&quot;335552541&quot;:1,&quot;335559684&quot;:-2,&quot;335559685&quot;:1440,&quot;335559991&quot;:360,&quot;469769226&quot;:&quot;Symbol&quot;,&quot;469769242&quot;:[8226],&quot;469777803&quot;:&quot;left&quot;,&quot;469777804&quot;:&quot;\uf0b7&quot;,&quot;469777815&quot;:&quot;hybridMultilevel&quot;}\" aria-setsize=\"-1\" data-aria-posinset=\"1\" data-aria-level=\"1\"><span data-contrast=\"auto\">Contribuer \u00e0 la modernisation du syst\u00e8me de formation et de perfectionnement.<\/span><span data-ccp-props=\"{&quot;134233117&quot;:false,&quot;134233118&quot;:false,&quot;201341983&quot;:0,&quot;335551550&quot;:1,&quot;335551620&quot;:1,&quot;335559737&quot;:0,&quot;335559738&quot;:80,&quot;335559739&quot;:0,&quot;335559740&quot;:259,&quot;469777462&quot;:[1080],&quot;469777927&quot;:[0],&quot;469777928&quot;:[8]}\">\u00a0<\/span><\/li>\n<\/ul>\n<p><span data-contrast=\"auto\">Andy a re\u00e7u de nombreux prix aux niveaux de la patrouille, de la zone, de la division et national au cours de ses plus de 30 ann\u00e9es de service, notamment le titre de membre \u00e0 vie de la zone Calgary et de la division Mountain de la PCS, le prix national d'appr\u00e9ciation n\u00b0 1630 et le prix du Patrouilleur canadien de ski n\u00b0 919.<\/span><span data-ccp-props=\"{&quot;134233117&quot;:false,&quot;134233118&quot;:false,&quot;201341983&quot;:0,&quot;335551550&quot;:1,&quot;335551620&quot;:1,&quot;335559737&quot;:0,&quot;335559738&quot;:80,&quot;335559739&quot;:0,&quot;335559740&quot;:259,&quot;469777462&quot;:[1080],&quot;469777927&quot;:[0],&quot;469777928&quot;:[8]}\">\u00a0<\/span><\/p>\n<\/div>\n<\/div><\/div><\/div><\/div><\/div>","protected":false},"excerpt":{"rendered":"<p>Andrew (Andy) s&rsquo;est joint \u00e0 la PCS en 1991, peu de temps apr\u00e8s avoir \u00e9migr\u00e9 d&rsquo;Angleterre pour occuper un poste d&rsquo;ing\u00e9nieur syst\u00e8me chez ce qui \u00e9tait alors Computing Devices Canada (maintenant General Dynamics Mission Systems-Canada) \u00e0 Ottawa. Son int\u00e9r\u00eat pour la PCS est n\u00e9 apr\u00e8s avoir discut\u00e9 avec des patrouilleurs sur les remont\u00e9es m\u00e9caniques de<a class=\"read-more\" href=\"https:\/\/www.skipatrol.ca\/fr\/votre-direct\/andrew-hill\/\"><br \/>-> Lire la suite<span class=\"screen-reader-text\">  Andrew Hill<\/span><\/a><\/p>\n","protected":false},"author":6132,"featured_media":0,"parent":6924,"menu_order":0,"comment_status":"closed","ping_status":"closed","template":"","meta":{"footnotes":""},"class_list":["post-6902","page","type-page","status-publish","hentry"],"_links":{"self":[{"href":"https:\/\/www.skipatrol.ca\/fr\/wp-json\/wp\/v2\/pages\/6902","targetHints":{"allow":["GET"]}}],"collection":[{"href":"https:\/\/www.skipatrol.ca\/fr\/wp-json\/wp\/v2\/pages"}],"about":[{"href":"https:\/\/www.skipatrol.ca\/fr\/wp-json\/wp\/v2\/types\/page"}],"author":[{"embeddable":true,"href":"https:\/\/www.skipatrol.ca\/fr\/wp-json\/wp\/v2\/users\/6132"}],"replies":[{"embeddable":true,"href":"https:\/\/www.skipatrol.ca\/fr\/wp-json\/wp\/v2\/comments?post=6902"}],"version-history":[{"count":7,"href":"https:\/\/www.skipatrol.ca\/fr\/wp-json\/wp\/v2\/pages\/6902\/revisions"}],"predecessor-version":[{"id":6909,"href":"https:\/\/www.skipatrol.ca\/fr\/wp-json\/wp\/v2\/pages\/6902\/revisions\/6909"}],"up":[{"embeddable":true,"href":"https:\/\/www.skipatrol.ca\/fr\/wp-json\/wp\/v2\/pages\/6924"}],"wp:attachment":[{"href":"https:\/\/www.skipatrol.ca\/fr\/wp-json\/wp\/v2\/media?parent=6902"}],"curies":[{"name":"wp","href":"https:\/\/api.w.org\/{rel}","templated":true}]}}