{"id":1495,"date":"2020-08-21T22:36:50","date_gmt":"2020-08-22T02:36:50","guid":{"rendered":"https:\/\/www.skipatrol.ca\/gatineau\/about-the-zone\/"},"modified":"2024-11-05T09:46:24","modified_gmt":"2024-11-05T14:46:24","slug":"a-propos","status":"publish","type":"page","link":"https:\/\/www.skipatrol.ca\/gatineau\/fr\/a-propos\/","title":{"rendered":"\u00c0 propos"},"content":{"rendered":"<h3>Qui sommes-nous ?<\/h3>\n<p>La Patrouille canadienne de ski (PCS) \u2014 Gatineau est compos\u00e9e de plus de 350 b\u00e9n\u00e9voles \u0153uvrant dans neuf stations de la vall\u00e9e d&rsquo;Ottawa en Ontario et de l&rsquo;Outaouais au Qu\u00e9bec.<\/p>\n<h3>Vision<\/h3>\n<p>Une organisation collaboratrice qui est reconnue pour la qualit\u00e9 des services de secourisme offerts aux stations et \u00e0 de grands \u00e9v\u00e8nements dans la vall\u00e9e d&rsquo;Ottawa et dans l&rsquo;Outaouais.<\/p>\n<h3>Mission<\/h3>\n<p>La PCS Gatineau offre des services de pointe en mati\u00e8re de premiers soins, de pr\u00e9vention des blessures et de secourisme gr\u00e2ce \u00e0 un r\u00e9seau de b\u00e9n\u00e9voles form\u00e9s et certifi\u00e9s selon les normes les plus \u00e9lev\u00e9es. Nous visons l&rsquo;excellence dans la prestation de services de secourisme \u00e0 nos collectivit\u00e9s tout au long de l&rsquo;ann\u00e9e. \u00c0 cheval sur l&rsquo;Ontario et le Qu\u00e9bec, nous occupons une position unique en tant qu&rsquo;organisation bilingue et et meneure en mati\u00e8re d&rsquo;\u00e9ducation dans deux cadres provinciaux.<\/p>\n","protected":false},"excerpt":{"rendered":"<p>Qui sommes-nous ? La Patrouille canadienne de ski (PCS) \u2014 Gatineau est compos\u00e9e de plus de 350 b\u00e9n\u00e9voles \u0153uvrant dans neuf stations de la vall\u00e9e d&rsquo;Ottawa en Ontario et de l&rsquo;Outaouais au Qu\u00e9bec. Vision Une organisation collaboratrice qui est reconnue<\/p>\n","protected":false},"author":4811,"featured_media":1496,"parent":0,"menu_order":0,"comment_status":"closed","ping_status":"closed","template":"","meta":{"footnotes":""},"class_list":["post-1495","page","type-page","status-publish","has-post-thumbnail","hentry"],"_links":{"self":[{"href":"https:\/\/www.skipatrol.ca\/gatineau\/fr\/wp-json\/wp\/v2\/pages\/1495","targetHints":{"allow":["GET"]}}],"collection":[{"href":"https:\/\/www.skipatrol.ca\/gatineau\/fr\/wp-json\/wp\/v2\/pages"}],"about":[{"href":"https:\/\/www.skipatrol.ca\/gatineau\/fr\/wp-json\/wp\/v2\/types\/page"}],"author":[{"embeddable":true,"href":"https:\/\/www.skipatrol.ca\/gatineau\/fr\/wp-json\/wp\/v2\/users\/4811"}],"replies":[{"embeddable":true,"href":"https:\/\/www.skipatrol.ca\/gatineau\/fr\/wp-json\/wp\/v2\/comments?post=1495"}],"version-history":[{"count":4,"href":"https:\/\/www.skipatrol.ca\/gatineau\/fr\/wp-json\/wp\/v2\/pages\/1495\/revisions"}],"predecessor-version":[{"id":2015,"href":"https:\/\/www.skipatrol.ca\/gatineau\/fr\/wp-json\/wp\/v2\/pages\/1495\/revisions\/2015"}],"wp:featuredmedia":[{"embeddable":true,"href":"https:\/\/www.skipatrol.ca\/gatineau\/fr\/wp-json\/wp\/v2\/media\/1496"}],"wp:attachment":[{"href":"https:\/\/www.skipatrol.ca\/gatineau\/fr\/wp-json\/wp\/v2\/media?parent=1495"}],"curies":[{"name":"wp","href":"https:\/\/api.w.org\/{rel}","templated":true}]}}