{"id":1513,"date":"2016-10-18T02:38:14","date_gmt":"2016-10-18T02:38:14","guid":{"rendered":"https:\/\/www.skipatrol.ca\/gatineau\/faq-qfp\/"},"modified":"2024-08-12T17:08:47","modified_gmt":"2024-08-12T21:08:47","slug":"questions","status":"publish","type":"page","link":"https:\/\/www.skipatrol.ca\/gatineau\/fr\/joignez-vous\/questions\/","title":{"rendered":"Foire aux questions"},"content":{"rendered":"<p>Voici quelques questions fr\u00e9quemment pos\u00e9es sur notre organisation et des informations sur la mani\u00e8re dont vous pouvez vous impliquer!<\/p>\n<h3>Quelles sont les conditions pour devenir membre de la Patrouille canadienne de ski (PCS)?<\/h3>\n<ul>\n<li>Avoir au moins 18 ans<\/li>\n<li>Faire du ski (alpin, t\u00e9l\u00e9mark ou nordique) ou de la planche \u00e0 un niveau interm\u00e9diaire<\/li>\n<li>\u00catre dispos\u00e9 \u00e0 apprendre et \u00e0 pratiquer de nouvelles comp\u00e9tences<\/li>\n<li>Fournir votre propre mat\u00e9riel de ski ou de planche \u00e0 neige (sauf le manteau d&rsquo;uniforme et la trousse de secourisme qui sont fournis aux recrues dans la PCS Gatineau)<\/li>\n<\/ul>\n<h3>Je n&rsquo;ai aucune exp\u00e9rience en secourisme &#8211; puis-je quand m\u00eame m&rsquo;inscrire?<\/h3>\n<p>Oui! Nous fournissons la formation pour que vous puissiez vous joindre \u00e0 nous. Plusieurs personnes qui rejoignent la PCS ont peu ou pas d&rsquo;exp\u00e9rience en secourisme. Apr\u00e8s avoir suivi le cours &#8211; qui vous donne un niveau avanc\u00e9 de formation en secourisme &#8211; et avec la pratique, la plupart des gens deviennent des secouristes tr\u00e8s comp\u00e9tents.<\/p>\n<h3>J&rsquo;ai d\u00e9j\u00e0 suivi une formation en secourisme ou j&rsquo;ai une formation m\u00e9dicale (secourisme en milieu sauvage, ambulancier, infirmier, m\u00e9decin, etc.) &#8211; cette formation peut-elle remplacer la formation de recrue?<\/h3>\n<p>Tous les nouveaux membres doivent r\u00e9ussir le cours en secourisme avanc\u00e9 de la Patrouille canadienne de ski. Cela garantit que nous suivons tous les m\u00eames proc\u00e9dures et que nous remplissons les exigences requises par nos assureurs. Toutefois, certains professionnels de la sant\u00e9 peuvent \u00eatre autoris\u00e9s \u00e0 suivre un cours condens\u00e9 sp\u00e9cial sous r\u00e9serve d\u2019approbation du vice-pr\u00e9sident \u00e0 la formation de la zone.<\/p>\n<h3>J&rsquo;ai patrouill\u00e9 il y a quelque ann\u00e9es avec la PCS &#8211; dois-je toujours suivre le cours de recrues?<\/h3>\n<p>Si vous avez suivi le cours il y a plus de deux ans sans compl\u00e9ter la recertification annuelle de la Patrouille canadienne de ski, vous devez suivre le cours de recrues \u00e0 nouveau.<\/p>\n<h3>Que se passe-t-il si j&rsquo;\u00e9choue mes examens en secourisme?<\/h3>\n<p>Vous \u00eates autoris\u00e9 \u00e0 retenter les examens. Cependant, la note de passage requise est augment\u00e9e. La formation peut \u00eatre difficile, mais si vous faites l&rsquo;effort d&rsquo;apprendre le mat\u00e9riel et d&rsquo;\u00e9tudier, les instructeurs vous assisteront. Tous les nouveaux patrouilleurs doivent r\u00e9ussir leurs examens de secourisme (RCR\/DEA, comp\u00e9tences, examen \u00e9crit et examen diagnostique) avant d&rsquo;entreprendre la formation sur pistes. Nous n&rsquo;offrons malheureusement pas de remboursement pour les participants qui \u00e9chouent.<\/p>\n<h3>\u00c0 quoi ressemblent les examens en secourisme?<\/h3>\n<p>Les examens en secourisme comportent cinq volets. Tous ces examens doivent \u00eatre compl\u00e9t\u00e9s avec succ\u00e8s avant de proc\u00e9der \u00e0 la formation sur pistes.<\/p>\n<ul>\n<li><strong>Examen \u00e9crit :<\/strong> Un examen de 80 questions \u00e0 choix multiple, portant sur le contenu du manuel de la Patrouille canadienne de ski.<\/li>\n<li><strong>Examen RCR\/DEA :<\/strong> Un examen \u00e0 choix multiple de 20 questions.<\/li>\n<li><strong>Examen diagnostique :<\/strong> Une \u00e9valuation en temps r\u00e9el de vos comp\u00e9tences d&rsquo;\u00e9valuation d&rsquo;un patient, du diagnostic du trouble m\u00e9dical ou situation de traumatisme et de la mani\u00e8re dont vous traiteriez ce patient.<\/li>\n<li><strong>Comp\u00e9tences :<\/strong> Une s\u00e9rie d\u2019\u00e9valuations pratiques de vos comp\u00e9tences en premiers soins (attelles, bandages, etc.).<\/li>\n<\/ul>\n<h3>Je ne peux pas participer \u00e0 certaines s\u00e9ances en classe. Quelles sont mes options?<\/h3>\n<p>Nous comprenons que nous sommes tous des b\u00e9n\u00e9voles, que nous avons des horaires charg\u00e9s et que les circonstances peuvent changer. Les absences des s\u00e9ances en classe sont \u00e9valu\u00e9es au cas par cas et doivent \u00eatre approuv\u00e9es par le vice-pr\u00e9sident \u00e0 la formation de la zone (voir <a href=\"\/gatineau?page_id=1538\">Contacts<\/a>). Veuillez envoyer un courrier \u00e9lectronique indiquant les dates auxquelles vous ne pourrez pas assister.<\/p>\n<h3>Je ne peux pas faire le jour de la RCR &#8211; quelles sont mes options?<\/h3>\n<p>Vous pouvez vous inscrire aupr\u00e8s d&rsquo;un autre fournisseur certifi\u00e9 pour suivre un cours de RCR mieux adapt\u00e9 \u00e0 votre emploi du temps. Cependant, vous serez responsable de couvrir ce co\u00fbt. Vous devez prendre le niveau de fournisseur de soins de sant\u00e9 (HCP\/BLS) et le certificat doit \u00eatre valide jusqu&rsquo;au mois de mai de la saison de glisse \u00e0 venir. Vous devez \u00e9galement fournir une copie de votre certificat au vice-pr\u00e9sident \u00e0 la formation (voir <a href=\"\/gatineau?page_id=1538\">Contacts<\/a>).<\/p>\n<h3>J&rsquo;ai d\u00e9j\u00e0 une certification en RCR, dois-je assister \u00e0 cette session?<\/h3>\n<p>Si vous poss\u00e9dez d\u00e9j\u00e0 un certificat de RCR de niveau professionnels de la sant\u00e9 valide jusqu\u2019\u00e0 la fin de la saison \u00e0 venir, vous pouvez en fournir une copie au vice-pr\u00e9sident \u00e0 la formation (voir <a href=\"\/gatineau?page_id=1538\">Contacts<\/a>) et sauter cette portion du cours. Notez que les membres doivent recertifier leur RCR chaque ann\u00e9e (m\u00eame si votre certification externe de RCR est valide pour plus d&rsquo;un an).<\/p>\n<h3>Qu&rsquo;est-ce que la formation sur pistes?<\/h3>\n<p>Des instructeurs qualifi\u00e9s \u00e9valueront votre niveau de t\u00e9l\u00e9mark, ski alpin, de planche \u00e0 neige ou de ski nordique et vous montreront comment manier le toboggan et comment faire du secourisme dans les conditions hivernales. Cette formation prend g\u00e9n\u00e9ralement quelques jours et est organis\u00e9e sur chaque domaine de glisse en d\u00e9cembre et en janvier.<\/p>\n<h3>Puis-je choisir \u00e0 quel station je veux patrouiller?<\/h3>\n<p>Nous faisons de notre mieux pour r\u00e9pondre aux demandes de recrues qui souhaitent skier \u00e0 une station sp\u00e9cifique tout en consid\u00e9rant les situations sp\u00e9cifiques. Cependant, il est parfois n\u00e9cessaire d&rsquo;affecter les recrues \u00e0 leur deuxi\u00e8me choix de station afin de conserver une bonne distribution de membres dans tous les stations de la PCS Gatineau. Chaque station est unique et pr\u00e9sente des avantages propres. Il est donc important de choisir celle qui vous convient le mieux. Pendant le cours de recrues, il sera possible de parler avec les chefs de patrouille pour avoir une meilleure id\u00e9e des conditions de patrouille \u00e0 chaque station. Les stations de la PCS Gatineau comprennent Camp Fortune, le Sommet Edelweiss, Mont-Cascades, Mount Chilly, Mont\u2013Ste-Marie, Mount Martin, Mount Pakenham, Nakkertok Nordic et Centre Vorlage.<\/p>\n<h3>Quel est l&rsquo;horaire typique d&rsquo;une journ\u00e9e de patrouille?<\/h3>\n<p>Un syst\u00e8me en ligne de gestion des quarts de garde est utilis\u00e9. \u00c9tant donn\u00e9 que les horaires varient en fonction de la station, nous vous encourageons \u00e0 consulter les chefs de patrouille avant de choisir \u00e0 laquelle vous voulez patrouiller. Dans certaines stations, vous patrouillez les samedis et dimanches toutes les deux fins de semaine; dans d&rsquo;autres cas, vous patrouillez tous les samedis ou tous les dimanches; \u00e0 d&rsquo;autres encore, l&rsquo;horaire peut \u00eatre plus flexible.<\/p>\n<h3>Puis-je patrouiller en semaine ou la nuit?<\/h3>\n<p>Les quarts de garde en semaine (du lundi au vendredi) ou en soir\u00e9e (o\u00f9 il y a du ski de soir) sont occup\u00e9s par des patrouilleur\u00b7e\u00b7s r\u00e9mun\u00e9r\u00e9s. Ces patrouilleur\u00b7e\u00b7s sont g\u00e9n\u00e9ralement des membres de la PCS qui sont embauch\u00e9\u00b7e\u00b7s par la station. La plupart des stations recrutent des membres qui ont au moins une ann\u00e9e d&rsquo;exp\u00e9rience.<\/p>\n<h3>Est-ce que je peux skier gratuitement?<\/h3>\n<p>Chaque domaine skiable offre des avantages diff\u00e9rents et peut offrir des billets de remont\u00e9e ou un abonnement de saison. Pendant les jours de patrouille, vous n&rsquo;avez pas \u00e0 acheter de billet \u00e0 la station. Il y a \u00e9galement des avantages suppl\u00e9mentaires tels que des rabais sur l&rsquo;\u00e9quipement ou des services de pr\u00e9paration des skis, par exemple.<\/p>\n<h3>Dois-je acheter mon propre mat\u00e9riel?<\/h3>\n<p>Une veste de patrouille, une trousse de secourisme et des fournitures de premiers soins de base sont fournies aux recrues qui choisissent de patrouiller dans une station de la PCS Gatineau. Les recrues doivent fournir leur propre pantalon noir et leur \u00e9quipement de ski, t\u00e9l\u00e9mark ou planche. Certaines des stations alpines obligeront les membres \u00e0 porter un casque (de pr\u00e9f\u00e9rence noir).<\/p>\n<h3>La patrouille accueille-t-elle les familles?<\/h3>\n<p>Les membres et leurs familles sont les bienvenus dans nos locaux de patrouille. Nous offrons de nombreuses occasions de socialiser au sein de la patrouille, notamment des repas-partage, des concours de chili et des soir\u00e9es de jeux. Jeunes et moins jeunes, on s&rsquo;amuse toujours ensemble!<\/p>\n","protected":false},"excerpt":{"rendered":"<p>Voici quelques questions fr\u00e9quemment pos\u00e9es sur notre organisation et des informations sur la mani\u00e8re dont vous pouvez vous impliquer! Quelles sont les conditions pour devenir membre de la Patrouille canadienne de ski (PCS)? Avoir au moins 18 ans Faire du<\/p>\n","protected":false},"author":1,"featured_media":1515,"parent":1525,"menu_order":26,"comment_status":"closed","ping_status":"closed","template":"page-templates\/contact.php","meta":{"footnotes":""},"class_list":["post-1513","page","type-page","status-publish","has-post-thumbnail","hentry"],"_links":{"self":[{"href":"https:\/\/www.skipatrol.ca\/gatineau\/fr\/wp-json\/wp\/v2\/pages\/1513","targetHints":{"allow":["GET"]}}],"collection":[{"href":"https:\/\/www.skipatrol.ca\/gatineau\/fr\/wp-json\/wp\/v2\/pages"}],"about":[{"href":"https:\/\/www.skipatrol.ca\/gatineau\/fr\/wp-json\/wp\/v2\/types\/page"}],"author":[{"embeddable":true,"href":"https:\/\/www.skipatrol.ca\/gatineau\/fr\/wp-json\/wp\/v2\/users\/1"}],"replies":[{"embeddable":true,"href":"https:\/\/www.skipatrol.ca\/gatineau\/fr\/wp-json\/wp\/v2\/comments?post=1513"}],"version-history":[{"count":4,"href":"https:\/\/www.skipatrol.ca\/gatineau\/fr\/wp-json\/wp\/v2\/pages\/1513\/revisions"}],"predecessor-version":[{"id":1966,"href":"https:\/\/www.skipatrol.ca\/gatineau\/fr\/wp-json\/wp\/v2\/pages\/1513\/revisions\/1966"}],"up":[{"embeddable":true,"href":"https:\/\/www.skipatrol.ca\/gatineau\/fr\/wp-json\/wp\/v2\/pages\/1525"}],"wp:featuredmedia":[{"embeddable":true,"href":"https:\/\/www.skipatrol.ca\/gatineau\/fr\/wp-json\/wp\/v2\/media\/1515"}],"wp:attachment":[{"href":"https:\/\/www.skipatrol.ca\/gatineau\/fr\/wp-json\/wp\/v2\/media?parent=1513"}],"curies":[{"name":"wp","href":"https:\/\/api.w.org\/{rel}","templated":true}]}}