{"id":1521,"date":"2020-08-21T21:22:40","date_gmt":"2020-08-22T01:22:40","guid":{"rendered":"https:\/\/www.skipatrol.ca\/gatineau\/history\/"},"modified":"2024-08-13T10:14:35","modified_gmt":"2024-08-13T14:14:35","slug":"historique","status":"publish","type":"page","link":"https:\/\/www.skipatrol.ca\/gatineau\/fr\/a-propos\/historique\/","title":{"rendered":"Historique"},"content":{"rendered":"<p>Saviez-vous que la Patrouille canadienne de ski (PCS) Gatineau a \u00e9t\u00e9 fond\u00e9e lors de l&rsquo;hiver <span class=\"TextRun SCXP68485070 BCX0\" lang=\"FR-CA\" xml:lang=\"FR-CA\" data-usefontface=\"false\" data-contrast=\"none\"><span class=\"NormalTextRun SCXP68485070 BCX0\">1949-50?\u00a0<\/span><\/span><span class=\"EOP SCXP68485070 BCX0\">\u200b<\/span>Au cours des derni\u00e8res 75 ann\u00e9es, la PCS a patrouill\u00e9 dans un grand nombre de stations et lors d&rsquo;\u00e9v\u00e9nements dans la vall\u00e9e d&rsquo;Ottawa (ON) et dans l&rsquo;Outaouais (QC). Si les techniques et les \u00e9quipements de secourisme ont consid\u00e9rablement \u00e9volu\u00e9, une chose ne change jamais : le d\u00e9vouement et la camaraderie que l&rsquo;on retrouve chez nos membres.<\/p>\n<h3>Les stations actuelles et du pass\u00e9 de la PCS Gatineau<\/h3>\n<p>*<strong>Les caract\u00e8res gras<\/strong> indiquent les stations o\u00f9 la PCS Gatineau offre pr\u00e9sentement ses services.<\/p>\n<ul style=\"font-weight: 400\">\n<li data-aria-posinset=\"1\" data-aria-level=\"1\"><span data-usefontface=\"false\" data-contrast=\"none\">Centre de ski YMCA, Rivi\u00e8re des outaouais, ON (Dates inconnues)<\/span>\u200b<\/li>\n<li data-aria-posinset=\"2\" data-aria-level=\"1\"><span data-usefontface=\"false\" data-contrast=\"none\">Centre de ski Rockliffe<\/span><span data-usefontface=\"false\" data-contrast=\"none\">\u00a0Park, Ottawa, ON (Dates inconnues)<\/span>\u200b<\/li>\n<li data-aria-posinset=\"3\" data-aria-level=\"1\"><span data-usefontface=\"false\" data-contrast=\"none\">Lac de\u00a0<\/span><span data-usefontface=\"false\" data-contrast=\"none\">l\u2019Argile<\/span><span data-usefontface=\"false\" data-contrast=\"none\">, Notre-Dame de la\u00a0<\/span><span data-usefontface=\"false\" data-contrast=\"none\">Salette<\/span><span data-usefontface=\"false\" data-contrast=\"none\">, QC (Dates inconnues)<\/span>\u200b<\/li>\n<li data-aria-posinset=\"4\" data-aria-level=\"1\"><span data-usefontface=\"false\" data-contrast=\"none\">Lac des\u00a0<\/span><span data-usefontface=\"false\" data-contrast=\"none\">f\u00e9es<\/span><span data-usefontface=\"false\" data-contrast=\"none\">, Hull, QC (Dates inconnues)<\/span>\u200b<\/li>\n<li data-aria-posinset=\"5\" data-aria-level=\"1\"><strong>Mount Martin, Deep River, ON (Inconnu-)\u200b<\/strong><\/li>\n<li data-aria-posinset=\"6\" data-aria-level=\"1\"><strong>Camp Fortune, Chelsea, QC (1920-)\u200b<\/strong><\/li>\n<li data-aria-posinset=\"7\" data-aria-level=\"1\"><strong>Centre Vorlage, Wakefield, QC (1941-)\u200b<\/strong><\/li>\n<li data-aria-posinset=\"7\" data-aria-level=\"1\"><span data-usefontface=\"false\" data-contrast=\"none\">Alice Hill Park, Pembroke, ON (1960)<\/span>\u200b<\/li>\n<li data-aria-posinset=\"7\" data-aria-level=\"1\"><strong>Sommet Edelweiss, Wakefield, QC (1960-)\u200b<\/strong><\/li>\n<li data-aria-posinset=\"7\" data-aria-level=\"1\"><span data-usefontface=\"false\" data-contrast=\"none\">Candiac<\/span><span data-usefontface=\"false\" data-contrast=\"none\">\u00a0<\/span><span data-usefontface=\"false\" data-contrast=\"none\">Skiways<\/span><span data-usefontface=\"false\" data-contrast=\"none\">, plus tard nomm\u00e9 <\/span><span data-usefontface=\"false\" data-contrast=\"none\">Dacre<\/span><span data-usefontface=\"false\" data-contrast=\"none\">\u00a0<\/span><span data-usefontface=\"false\" data-contrast=\"none\">Heights,\u00a0<\/span><span data-usefontface=\"false\" data-contrast=\"none\">Dacre<\/span><span data-usefontface=\"false\" data-contrast=\"none\">, ON (1963)<\/span>\u200b<\/li>\n<li data-aria-posinset=\"7\" data-aria-level=\"1\"><span data-usefontface=\"false\" data-contrast=\"none\">Carlington<\/span><span data-usefontface=\"false\" data-contrast=\"none\">\u00a0Park, aussi connu sous le nom d&rsquo;Anne Heggtveit Hill, Ottawa, ON (1965-c.1975)<\/span><\/li>\n<li data-aria-posinset=\"7\" data-aria-level=\"1\">\u200b<span data-usefontface=\"false\" data-contrast=\"none\">Chamonix, Wilson\u2019s Corner, QC (1965)<\/span>\u200b<\/li>\n<li data-aria-posinset=\"7\" data-aria-level=\"1\"><strong>Mont Chilly, Mansfield-et-Pontefract, QC (1966-)\u200b<\/strong><\/li>\n<li data-aria-posinset=\"7\" data-aria-level=\"1\"><span data-usefontface=\"false\" data-contrast=\"none\">Mont St Andre, St Andre\u00a0<\/span><span data-usefontface=\"false\" data-contrast=\"none\">Avellin<\/span><span data-usefontface=\"false\" data-contrast=\"none\">, QC (1966)<\/span>\u200b<\/li>\n<li data-aria-posinset=\"7\" data-aria-level=\"1\"><strong>Mount Pakenham, Pakenham, ON (1968-)\u200b<\/strong><\/li>\n<li data-aria-posinset=\"7\" data-aria-level=\"1\"><strong>Mont Ste-Marie, Lac-Ste-Marie, QC (1968-)\u200b<\/strong><\/li>\n<li data-aria-posinset=\"7\" data-aria-level=\"1\"><span data-usefontface=\"false\" data-contrast=\"none\">Mont Caron, Wakefield, QC (1968-Unknown)<\/span>\u200b<\/li>\n<li data-aria-posinset=\"7\" data-aria-level=\"1\"><span data-usefontface=\"false\" data-contrast=\"none\">Calabogie Peaks, Calabogie, ON (1969-)<\/span>\u200b<\/li>\n<li data-aria-posinset=\"7\" data-aria-level=\"1\"><span data-usefontface=\"false\" data-contrast=\"none\">Mount Madawaska, Barry\u2019s Bay, ON (1970-2013)<\/span>\u200b<\/li>\n<li data-aria-posinset=\"7\" data-aria-level=\"1\"><strong>Nakkertok Nordique, Gatineau, QC (1975-)<\/strong><\/li>\n<li data-aria-posinset=\"7\" data-aria-level=\"1\"><strong>\u200bMont-Cascades, Cantley, QC (1976-)\u200b<\/strong><\/li>\n<\/ul>\n<h3>Grands \u00e9v\u00e8nements<\/h3>\n<ul style=\"font-weight: 400\">\n<li data-aria-posinset=\"1\" data-aria-level=\"1\">\u200bParade du carnaval d&rsquo;hiver d&rsquo;Ottawa\u00a0<span data-usefontface=\"false\" data-contrast=\"none\">(1964 &amp; 1965)<\/span>\u200b<\/li>\n<li data-aria-posinset=\"1\" data-aria-level=\"1\">Char de parade pour la coupe Grey (1967)\u200b<\/li>\n<li data-aria-posinset=\"1\" data-aria-level=\"1\">Jeux olympiques d&rsquo;hiver (1988)\u200b<\/li>\n<li data-aria-posinset=\"1\" data-aria-level=\"1\">Relais du sentier transcanadien (2000)\u200b<\/li>\n<li data-aria-posinset=\"1\" data-aria-level=\"1\">Olympiques d&rsquo;hiver (2010)\u200b<\/li>\n<li data-aria-posinset=\"1\" data-aria-level=\"1\">Red Bull Crashed Ice (2017)\u200b<\/li>\n<li data-aria-posinset=\"1\" data-aria-level=\"1\">Tourn\u00e9e de La machine (2017)\u200b<\/li>\n<li data-aria-posinset=\"1\" data-aria-level=\"1\">Coupe Grey (2017)\u200b<\/li>\n<li data-aria-posinset=\"1\" data-aria-level=\"1\"><span data-usefontface=\"false\" data-contrast=\"none\">Classique hivernale de la LNH (2018)<\/span><\/li>\n<\/ul>\n","protected":false},"excerpt":{"rendered":"<p>Saviez-vous que la Patrouille canadienne de ski (PCS) Gatineau a \u00e9t\u00e9 fond\u00e9e lors de l&rsquo;hiver 1949-50?\u00a0\u200bAu cours des derni\u00e8res 75 ann\u00e9es, la PCS a patrouill\u00e9 dans un grand nombre de stations et lors d&rsquo;\u00e9v\u00e9nements dans la vall\u00e9e d&rsquo;Ottawa (ON) et<\/p>\n","protected":false},"author":4811,"featured_media":1616,"parent":1495,"menu_order":2,"comment_status":"closed","ping_status":"closed","template":"","meta":{"footnotes":""},"class_list":["post-1521","page","type-page","status-publish","has-post-thumbnail","hentry"],"_links":{"self":[{"href":"https:\/\/www.skipatrol.ca\/gatineau\/fr\/wp-json\/wp\/v2\/pages\/1521","targetHints":{"allow":["GET"]}}],"collection":[{"href":"https:\/\/www.skipatrol.ca\/gatineau\/fr\/wp-json\/wp\/v2\/pages"}],"about":[{"href":"https:\/\/www.skipatrol.ca\/gatineau\/fr\/wp-json\/wp\/v2\/types\/page"}],"author":[{"embeddable":true,"href":"https:\/\/www.skipatrol.ca\/gatineau\/fr\/wp-json\/wp\/v2\/users\/4811"}],"replies":[{"embeddable":true,"href":"https:\/\/www.skipatrol.ca\/gatineau\/fr\/wp-json\/wp\/v2\/comments?post=1521"}],"version-history":[{"count":4,"href":"https:\/\/www.skipatrol.ca\/gatineau\/fr\/wp-json\/wp\/v2\/pages\/1521\/revisions"}],"predecessor-version":[{"id":1972,"href":"https:\/\/www.skipatrol.ca\/gatineau\/fr\/wp-json\/wp\/v2\/pages\/1521\/revisions\/1972"}],"up":[{"embeddable":true,"href":"https:\/\/www.skipatrol.ca\/gatineau\/fr\/wp-json\/wp\/v2\/pages\/1495"}],"wp:featuredmedia":[{"embeddable":true,"href":"https:\/\/www.skipatrol.ca\/gatineau\/fr\/wp-json\/wp\/v2\/media\/1616"}],"wp:attachment":[{"href":"https:\/\/www.skipatrol.ca\/gatineau\/fr\/wp-json\/wp\/v2\/media?parent=1521"}],"curies":[{"name":"wp","href":"https:\/\/api.w.org\/{rel}","templated":true}]}}