{"id":1525,"date":"2020-01-20T11:30:31","date_gmt":"2020-01-20T11:30:31","guid":{"rendered":"https:\/\/www.skipatrol.ca\/gatineau\/join-us\/"},"modified":"2026-01-21T19:01:45","modified_gmt":"2026-01-22T00:01:45","slug":"joignez-vous","status":"publish","type":"page","link":"https:\/\/www.skipatrol.ca\/gatineau\/fr\/joignez-vous\/","title":{"rendered":"Joignez-vous \u00e0 nous!"},"content":{"rendered":"<h1><strong>Vous \u00eates int\u00e9ress\u00e9 \u00e0 vous joindre \u00e0 la Patrouille canadienne de ski?<\/strong><\/h1>\n<table style=\"border: 0px solid white\">\n<tbody>\n<tr>\n<td style=\"text-align: center;border: 0px solid white\"><img loading=\"lazy\" decoding=\"async\" class=\"alignnone size-medium wp-image-1801\" src=\"https:\/\/www.skipatrol.ca\/gatineau\/sites\/www.skipatrol.ca\/wp-content\/\/uploads\/sites\/32\/2022\/09\/Recruiting-Poster-GZ-FRENCH-FINAL-214x300.jpg\" alt=\"\" width=\"1825\" height=\"2560\" srcset=\"https:\/\/cspnational.s3.ca-central-1.amazonaws.com\/wp-content\/uploads\/sites\/32\/2022\/09\/09175215\/Recruiting-Poster-GZ-FRENCH-FINAL-214x300.jpg 214w, https:\/\/cspnational.s3.ca-central-1.amazonaws.com\/wp-content\/uploads\/sites\/32\/2022\/09\/09175215\/Recruiting-Poster-GZ-FRENCH-FINAL-730x1024.jpg 730w, https:\/\/cspnational.s3.ca-central-1.amazonaws.com\/wp-content\/uploads\/sites\/32\/2022\/09\/09175215\/Recruiting-Poster-GZ-FRENCH-FINAL-768x1078.jpg 768w, https:\/\/cspnational.s3.ca-central-1.amazonaws.com\/wp-content\/uploads\/sites\/32\/2022\/09\/09175215\/Recruiting-Poster-GZ-FRENCH-FINAL-1095x1536.jpg 1095w, https:\/\/cspnational.s3.ca-central-1.amazonaws.com\/wp-content\/uploads\/sites\/32\/2022\/09\/09175215\/Recruiting-Poster-GZ-FRENCH-FINAL-1460x2048.jpg 1460w, https:\/\/cspnational.s3.ca-central-1.amazonaws.com\/wp-content\/uploads\/sites\/32\/2022\/09\/09175215\/Recruiting-Poster-GZ-FRENCH-FINAL-560x786.jpg 560w, https:\/\/cspnational.s3.ca-central-1.amazonaws.com\/wp-content\/uploads\/sites\/32\/2022\/09\/09175215\/Recruiting-Poster-GZ-FRENCH-FINAL-scaled.jpg 1825w\" sizes=\"auto, (max-width: 1825px) 100vw, 1825px\" \/><\/td>\n<\/tr>\n<\/tbody>\n<\/table>\n<h2><strong>Qui sommes-nous?<\/strong><\/h2>\n<p>La Patrouille canadienne de ski (PCS) est une organisation de premier choix qui offre ses services de secourisme dans des stations \u00e0 travers le pays et lors d\u2019\u00e9v\u00e8nements sportifs et culturels. Nous sommes une organisation sans but lucratif compos\u00e9e de b\u00e9n\u00e9voles qui a comme objectif la s\u00e9curit\u00e9 et la pr\u00e9vention. Nous offrons aussi une formation et certification en secourisme de m\u00eame que des services de premiers soins de tr\u00e8s haut-niveau.<\/p>\n<p>La PCS Gatineau est la troisi\u00e8me plus importante zone au pays avec plus de 350 membres qui \u0153uvrent dans les stations de la r\u00e9gion de la capital nationale, dans l\u2019Outaouais et dans la vall\u00e9e de l\u2019Outaouais. Nos b\u00e9n\u00e9voles ont tous une formation avanc\u00e9e en secourisme ce qui permet \u00e0 la PCS Gatineau d\u2019offrir aux amateurs de sports de glisse de s\u2019adonner \u00e0 leur sport en toute s\u00e9curit\u00e9 sachant que nos membres veillent \u00e0 leurs besoins.\u00a0 Bien que les sports de glisses soient des activit\u00e9s hivernales, les membres sont affair\u00e9s tout au long de l\u2019ann\u00e9e.\u00a0 Nous offrons nos services de secourisme lors de nombreux \u00e9v\u00e8nements hors-station comme des concerts, des festivals, des \u00e9v\u00e8nements de charit\u00e9, des marathons et autre activit\u00e9s sportives hors-saison.<\/p>\n<h2><strong>Ce que vous obtiendrez en retour<\/strong><\/h2>\n<p>Chaque station est diff\u00e9rente, mais toutes offrent un \u00e9change \u00e9quitable de vos services sous forme de billet de remont\u00e9e gratuit ou de forfait de saison. L&rsquo;engagement annuel est g\u00e9n\u00e9ralement de 12 \u00e0 15 quarts de garde dans votre station. La plupart des membres sont affect\u00e9s \u00e0 la station de leur choix. Cependant, en raison de probl\u00e8mes de capacit\u00e9, nous pouvons affecter des membres \u00e0 une station voisine. Nous faisons de notre mieux pour tenir compte de consid\u00e9rations sp\u00e9ciales, telles que l\u2019int\u00e9r\u00eat des membres de la famille pour les cours de glisse.<\/p>\n<p>Tous les membres de la PCS Gatineau, quel que soit l&rsquo;endroit o\u00f9 ils patrouillent en hiver, sont invit\u00e9s \u00e0 faire partie de la patrouille des \u00e9v\u00e8nements hors-station qui se d\u00e9roulent \u00e0 l&rsquo;ann\u00e9e longue. C&rsquo;est un avantage pour la PCS Gatineau et nos stations tout en fournissant des services importants \u00e0 notre communaut\u00e9. Fournir des services de secourisme lors d&rsquo;\u00e9v\u00e8nements hors-station est un moyen pour la PCS Gatineau de g\u00e9n\u00e9rer des recettes permettant d&rsquo;acheter du mat\u00e9riel et des fournitures essentielles. Les \u00e9v\u00e8nements hors-station sont \u00e9galement un avantage pour nos membres car ils fournissent l\u2019occasion de pratiquer leurs comp\u00e9tences m\u00eame pendant les mois d\u2019\u00e9t\u00e9.<\/p>\n<p>Faire partie de la PCS pr\u00e9sente plusieurs autres avantages, notamment des rabais sur certaines marques d&rsquo;articles de plein air et des magasins de ski locaux. Les comp\u00e9tences en leadership et le sens de la communaut\u00e9 que vous allez acqu\u00e9rir en tant que membre de la Patrouille canadienne de ski seront inestimables, que vous soyez en service ou non.<\/p>\n<h2><strong>Fa\u00e7ons de vous joindre \u00e0 nous<\/strong><\/h2>\n<p>Pour pouvoir devenir un membre qui peut patrouiller pour nous, il faut avoir compl\u00e9t\u00e9 notre cours en soins avanc\u00e9s (SA) et notre formation sur pistes. Le cours en SA est offert deux fois par ann\u00e9e (mai \u00e0 juin et ao\u00fbt \u00e0 octobre) et dure environ huit semaines. Avoir compl\u00e9t\u00e9 avec succ\u00e8s soit le cours des recrues du printemps ou celui de l&rsquo;automne vous garantit un poste \u00e0 une de nos stations. La formation sur pistes vous montrer comment mettre en pratique ce que vous avez appris en classe. Il y a aussi une formation sur les comp\u00e9tences sur pistes qui est suivie d&rsquo;une formation sur comment man\u0153uvrer des toboggans. Une fois que les formations en classe et sur pistes sont compl\u00e9t\u00e9es avec succ\u00e8s, vous \u00eates qualifi\u00e9 comme membre qui peut patrouiller.<\/p>\n<p>Vous pouvez aussi vous joindre \u00e0 nous en passant pas la formation au pr\u00e9alable en secourisme sur pistes, un programme o\u00f9 les candidats se joignent \u00e0 nous au milieu de l&rsquo;hiver avant de prendre le cours en SA. Vos habilet\u00e9s sur pistes sont \u00e9valu\u00e9es et vous recevez une formation sur pistes. Par la suite, les candidats sont form\u00e9s sur comment man\u0153uvrer un toboggan vide. Il y a aussi une formation pour vous familiariser avec la station. Une fois le tout compl\u00e9t\u00e9 avec succ\u00e8s, vous \u00eates invit\u00e9 \u00e0 passer le reste de l&rsquo;hiver avec nous pour ouvrir les pistes, le balayage du soir et peut-\u00eatre m\u00eame voir le traitement d&rsquo;un incident, le tout sans traiter directement un patient.<\/p>\n<p>Si vous avez encore des questions, la plupart des stations offrent la possibilit\u00e9 de suivre un patrouilleur ou une patrouilleuse pour une journ\u00e9e. Vous vous joindrez \u00e0 nous lors de l&rsquo;ouverture, apr\u00e8s le balayage du matin, et passerez la journ\u00e9e avec nous. Cela vous permettra de rencontrer notre \u00e9quipe, voir notre local de patrouille, visiter l&rsquo;infirmerie et peut-\u00eatre m\u00eame voir le traitement d&rsquo;un incident. Si vous aimez ce que vous avez vu, vous pourrez revenir pour le programme de formation au pr\u00e9alable en secourisme sur pistes et vous joindre \u00e0 nous pour le reste de la saison.<\/p>\n<h2><strong>Co\u00fbt d\u2019inscription<\/strong><\/h2>\n<p>Les frais d&rsquo;inscription pour la premi\u00e8re ann\u00e9e sont de 250 $. Cela comprend le cours de secourisme avanc\u00e9, le manuel du cours, une trousse de secourisme (fournie le premier jour du cours) et les fournitures. Apr\u00e8s votre premi\u00e8re ann\u00e9e, les frais annuels sont de 200 $ et vous recevez un rabais sur vos frais d&rsquo;inscription pour chaque \u00e9v\u00e8nement hors-station que vous compl\u00e9terez. Certains membres chevronn\u00e9s paient 0 $ en frais annuels!<\/p>\n<h3><strong>Contactez-nous pour<\/strong><strong>\u00a0obtenir des informations suppl\u00e9mentaires concernant la patrouille.<\/strong><\/h3>\n","protected":false},"excerpt":{"rendered":"<p>Vous \u00eates int\u00e9ress\u00e9 \u00e0 vous joindre \u00e0 la Patrouille canadienne de ski? Qui sommes-nous? La Patrouille canadienne de ski (PCS) est une organisation de premier choix qui offre ses services de secourisme dans des stations \u00e0 travers le pays et<\/p>\n","protected":false},"author":4811,"featured_media":0,"parent":0,"menu_order":10,"comment_status":"closed","ping_status":"closed","template":"","meta":{"footnotes":""},"class_list":["post-1525","page","type-page","status-publish","hentry"],"_links":{"self":[{"href":"https:\/\/www.skipatrol.ca\/gatineau\/fr\/wp-json\/wp\/v2\/pages\/1525","targetHints":{"allow":["GET"]}}],"collection":[{"href":"https:\/\/www.skipatrol.ca\/gatineau\/fr\/wp-json\/wp\/v2\/pages"}],"about":[{"href":"https:\/\/www.skipatrol.ca\/gatineau\/fr\/wp-json\/wp\/v2\/types\/page"}],"author":[{"embeddable":true,"href":"https:\/\/www.skipatrol.ca\/gatineau\/fr\/wp-json\/wp\/v2\/users\/4811"}],"replies":[{"embeddable":true,"href":"https:\/\/www.skipatrol.ca\/gatineau\/fr\/wp-json\/wp\/v2\/comments?post=1525"}],"version-history":[{"count":21,"href":"https:\/\/www.skipatrol.ca\/gatineau\/fr\/wp-json\/wp\/v2\/pages\/1525\/revisions"}],"predecessor-version":[{"id":2138,"href":"https:\/\/www.skipatrol.ca\/gatineau\/fr\/wp-json\/wp\/v2\/pages\/1525\/revisions\/2138"}],"wp:attachment":[{"href":"https:\/\/www.skipatrol.ca\/gatineau\/fr\/wp-json\/wp\/v2\/media?parent=1525"}],"curies":[{"name":"wp","href":"https:\/\/api.w.org\/{rel}","templated":true}]}}