{"id":1528,"date":"2019-10-13T23:37:59","date_gmt":"2019-10-13T23:37:59","guid":{"rendered":"https:\/\/www.skipatrol.ca\/gatineau\/welcome-bienvenue\/"},"modified":"2024-08-12T16:47:41","modified_gmt":"2024-08-12T20:47:41","slug":"bienvenue","status":"publish","type":"page","link":"https:\/\/www.skipatrol.ca\/gatineau\/fr\/a-propos\/bienvenue\/","title":{"rendered":"Message de bienvenue du pr\u00e9sident"},"content":{"rendered":"<p>Depuis plus de 80 ans, la Patrouille canadienne de ski (PCS) est un partenaire actif de l\u2019industrie de glisse sur neige. La PCS Gatineau favorise la s\u00e9curit\u00e9 et la pr\u00e9vention des accidents dans neuf domaines skiables dans la r\u00e9gion: Camp Fortune, Mont-Cascades, Mont Chilly, Mont Martin, Mont\u2013Ste-Marie, Nakkertok, Pakenham, Centre Vorlage, et <span style=\"float: none;background-color: transparent;color: #333333;cursor: text;font-family: Georgia,'Times New Roman','Bitstream Charter',Times,serif;font-size: 16px;font-style: normal;font-variant: normal;font-weight: 400;letter-spacing: normal;text-align: left;text-decoration: none;text-indent: 0px;text-transform: none\">Sommet Edelweis.<\/span><\/p>\n<p>En tant que principaux fournisseurs de services de secourisme, nos plus de 350 membres b\u00e9n\u00e9voles re\u00e7oivent une formation et une certification importantes en tant que premiers intervenants en soins avanc\u00e9s (RCR\/DEA\/PS).<\/p>\n<p>Nous sommes \u00e9galement actifs au-del\u00e0 de l&rsquo;hiver en fournissant des services de secourisme avanc\u00e9 \u00e0 pr\u00e8s de 100 grands \u00e9v\u00e8nements hors-station chaque ann\u00e9e, tels que la Fin de semaine des courses d&rsquo;Ottawa, le Festival des bateaux-dragons, Escapade, le Bluesfest, le CityFolk Fest, la Course de l&rsquo;Arm\u00e9e et d&rsquo;autres \u00e9v\u00e8nements \u00e0 la Place TD, tels que des matchs Redblacks, des matchs de l&rsquo;Atl\u00e9tico FC et des concerts. Le 150e anniversaire du Canada nous a donn\u00e9 l\u2019occasion d&rsquo;offrir nos services de secourisme lors de grands \u00e9v\u00e8nements hors-station tels que le Championnat du monde Red Bull Crashed Ice, La Machine, le 105e match de la Coupe Grey de la LCF et le match NHL100 Classic.<\/p>\n<p>Devenir un membre form\u00e9 aux techniques de secourisme avanc\u00e9 est une occasion d\u2019acqu\u00e9rir une habilet\u00e9 de vie tr\u00e8s unique qui peut \u00eatre utilis\u00e9e \u00e0 tout moment &#8211; pour la famille, les amis ou m\u00eame les \u00e9trangers. Savoir quoi faire quand quelqu&rsquo;un est bless\u00e9 peut litt\u00e9ralement sauver une vie!<\/p>\n<p>Joignez-vous \u00e0 nous lors d&rsquo;une de nos s\u00e9ances d&rsquo;information et d\u00e9couvrez comment devenir membre de la Patrouille canadienne de ski!<\/p>\n<h3>PROFESSIONNEL. PASSIONN\u00c9. FIER.<\/h3>\n","protected":false},"excerpt":{"rendered":"<p>Depuis plus de 80 ans, la Patrouille canadienne de ski (PCS) est un partenaire actif de l\u2019industrie de glisse sur neige. La PCS Gatineau favorise la s\u00e9curit\u00e9 et la pr\u00e9vention des accidents dans neuf domaines skiables dans la r\u00e9gion: Camp<\/p>\n","protected":false},"author":4811,"featured_media":1539,"parent":1495,"menu_order":24,"comment_status":"closed","ping_status":"closed","template":"","meta":{"footnotes":""},"class_list":["post-1528","page","type-page","status-publish","has-post-thumbnail","hentry"],"_links":{"self":[{"href":"https:\/\/www.skipatrol.ca\/gatineau\/fr\/wp-json\/wp\/v2\/pages\/1528","targetHints":{"allow":["GET"]}}],"collection":[{"href":"https:\/\/www.skipatrol.ca\/gatineau\/fr\/wp-json\/wp\/v2\/pages"}],"about":[{"href":"https:\/\/www.skipatrol.ca\/gatineau\/fr\/wp-json\/wp\/v2\/types\/page"}],"author":[{"embeddable":true,"href":"https:\/\/www.skipatrol.ca\/gatineau\/fr\/wp-json\/wp\/v2\/users\/4811"}],"replies":[{"embeddable":true,"href":"https:\/\/www.skipatrol.ca\/gatineau\/fr\/wp-json\/wp\/v2\/comments?post=1528"}],"version-history":[{"count":3,"href":"https:\/\/www.skipatrol.ca\/gatineau\/fr\/wp-json\/wp\/v2\/pages\/1528\/revisions"}],"predecessor-version":[{"id":1960,"href":"https:\/\/www.skipatrol.ca\/gatineau\/fr\/wp-json\/wp\/v2\/pages\/1528\/revisions\/1960"}],"up":[{"embeddable":true,"href":"https:\/\/www.skipatrol.ca\/gatineau\/fr\/wp-json\/wp\/v2\/pages\/1495"}],"wp:featuredmedia":[{"embeddable":true,"href":"https:\/\/www.skipatrol.ca\/gatineau\/fr\/wp-json\/wp\/v2\/media\/1539"}],"wp:attachment":[{"href":"https:\/\/www.skipatrol.ca\/gatineau\/fr\/wp-json\/wp\/v2\/media?parent=1528"}],"curies":[{"name":"wp","href":"https:\/\/api.w.org\/{rel}","templated":true}]}}