{"id":1532,"date":"2020-01-10T00:22:15","date_gmt":"2020-01-10T00:22:15","guid":{"rendered":"https:\/\/www.skipatrol.ca\/gatineau\/ski-areas-stations\/"},"modified":"2024-08-12T16:44:33","modified_gmt":"2024-08-12T20:44:33","slug":"stations-ski","status":"publish","type":"page","link":"https:\/\/www.skipatrol.ca\/gatineau\/fr\/a-propos\/stations-ski\/","title":{"rendered":"Stations"},"content":{"rendered":"<div>La Patrouille canadienne de ski (PCS) \u2014 Gatineau compte des membres dans huit stations alpines et une station de ski de fond dans la vall\u00e9e de l&rsquo;Outaouais (Ontario) et dans l&rsquo;Outaouais (Qu\u00e9bec). Les membres peuvent \u00eatre des skieurs alpins, de t\u00e9l\u00e9mark ou des planchistes, sauf \u00e0 Nakkertok Nordique o\u00f9 ils doivent \u00eatre des skieurs de fond.<\/div>\n<div><\/div>\n<div><div class=\"tmm tmm_ski-areas\"><div class=\"tmm_3_columns tmm_wrap tmm_theme_f\"><span class=\"tmm_two_containers_tablet\"><\/span><div class=\"tmm_container\"><div class=\"tmm_member\" style=\"border-top:#333333 solid 5px;\"><div class=\"tmm_photo tmm_pic_ski-areas_0\" style=\"background: url(http:\/\/www.skipatrol.ca\/sites\/www.skipatrol.ca\/wp-content\/\/uploads\/sites\/32\/2020\/01\/Camp-Fortune-1.png); margin-left: auto; margin-right:auto; background-size:cover !important;\"><\/div><div class=\"tmm_textblock\"><div class=\"tmm_names\"><span class=\"tmm_fname\">Camp<\/span> <span class=\"tmm_lname\">Fortune<\/span><\/div><div class=\"tmm_job\">Chelsea, Qu\u00e9bec<\/div><div class=\"tmm_scblock\"><a target=\"_blank\" class=\"tmm_sociallink\" href=\"https:\/\/campfortune.com\/en\/\" title=\"\"><img decoding=\"async\" alt=\"\" src=\"https:\/\/www.skipatrol.ca\/sites\/www.skipatrol.ca\/wp-content\/plugins\/team-members\/inc\/img\/links\/website.png\"\/><\/a><\/div><\/div><\/div><div class=\"tmm_member\" style=\"border-top:#333333 solid 5px;\"><div class=\"tmm_photo tmm_pic_ski-areas_1\" style=\"background: url(http:\/\/www.skipatrol.ca\/sites\/www.skipatrol.ca\/wp-content\/\/uploads\/sites\/32\/2020\/01\/Mont-Cascades-1.png); margin-left: auto; margin-right:auto; background-size:cover !important;\"><\/div><div class=\"tmm_textblock\"><div class=\"tmm_names\"><span class=\"tmm_fname\">Mont<\/span> <span class=\"tmm_lname\">Cascades<\/span><\/div><div class=\"tmm_job\">Cantley, Qu\u00e9bec<\/div><div class=\"tmm_scblock\"><a target=\"_blank\" class=\"tmm_sociallink\" href=\"https:\/\/montcascades.ca\/ski\/\" title=\"\"><img decoding=\"async\" alt=\"\" src=\"https:\/\/www.skipatrol.ca\/sites\/www.skipatrol.ca\/wp-content\/plugins\/team-members\/inc\/img\/links\/website.png\"\/><\/a><\/div><\/div><\/div><span class=\"tmm_two_containers_tablet\"><\/span><div class=\"tmm_member\" style=\"border-top:#333333 solid 5px;\"><div class=\"tmm_photo tmm_pic_ski-areas_2\" style=\"background: url(http:\/\/www.skipatrol.ca\/sites\/www.skipatrol.ca\/wp-content\/\/uploads\/sites\/32\/2020\/01\/Mont-Chilly-1.png); margin-left: auto; margin-right:auto; background-size:cover !important;\"><\/div><div class=\"tmm_textblock\"><div class=\"tmm_names\"><span class=\"tmm_fname\">Mont<\/span> <span class=\"tmm_lname\">Chilly<\/span><\/div><div class=\"tmm_job\">Mansfield-et-Pontefract, Qu\u00e9bec<\/div><div class=\"tmm_scblock\"><a target=\"_blank\" class=\"tmm_sociallink\" href=\"http:\/\/www.montchilly.ca\/\" title=\"\"><img decoding=\"async\" alt=\"\" src=\"https:\/\/www.skipatrol.ca\/sites\/www.skipatrol.ca\/wp-content\/plugins\/team-members\/inc\/img\/links\/website.png\"\/><\/a><\/div><\/div><\/div><\/div><span class=\"tmm_columns_containers_desktop\"><\/span><div class=\"tmm_container\"><div class=\"tmm_member\" style=\"border-top:#333333 solid 5px;\"><div class=\"tmm_photo tmm_pic_ski-areas_3\" style=\"background: url(http:\/\/www.skipatrol.ca\/sites\/www.skipatrol.ca\/wp-content\/\/uploads\/sites\/32\/2020\/01\/Mont-Ste-Marie-1.png); margin-left: auto; margin-right:auto; background-size:cover !important;\"><\/div><div class=\"tmm_textblock\"><div class=\"tmm_names\"><span class=\"tmm_fname\">Mont<\/span> <span class=\"tmm_lname\">Ste Marie<\/span><\/div><div class=\"tmm_job\">Lac-Sainte-Marie, Qu\u00e9bec<\/div><div class=\"tmm_scblock\"><a target=\"_blank\" class=\"tmm_sociallink\" href=\"https:\/\/montstemarie.com\/en\/\" title=\"\"><img decoding=\"async\" alt=\"\" src=\"https:\/\/www.skipatrol.ca\/sites\/www.skipatrol.ca\/wp-content\/plugins\/team-members\/inc\/img\/links\/website.png\"\/><\/a><\/div><\/div><\/div><span class=\"tmm_two_containers_tablet\"><\/span><div class=\"tmm_member\" style=\"border-top:#333333 solid 5px;\"><div class=\"tmm_photo tmm_pic_ski-areas_4\" style=\"background: url(http:\/\/www.skipatrol.ca\/sites\/www.skipatrol.ca\/wp-content\/\/uploads\/sites\/32\/2020\/01\/Mount-Martin-1.png); margin-left: auto; margin-right:auto; background-size:cover !important;\"><\/div><div class=\"tmm_textblock\"><div class=\"tmm_names\"><span class=\"tmm_fname\">Mount<\/span> <span class=\"tmm_lname\">Martin<\/span><\/div><div class=\"tmm_job\">Deep River, Ontario<\/div><div class=\"tmm_scblock\"><a target=\"_blank\" class=\"tmm_sociallink\" href=\"http:\/\/www.mountmartin.ca\/\" title=\"\"><img decoding=\"async\" alt=\"\" src=\"https:\/\/www.skipatrol.ca\/sites\/www.skipatrol.ca\/wp-content\/plugins\/team-members\/inc\/img\/links\/website.png\"\/><\/a><\/div><\/div><\/div><div class=\"tmm_member\" style=\"border-top:#333333 solid 5px;\"><div class=\"tmm_photo tmm_pic_ski-areas_5\" style=\"background: url(http:\/\/www.skipatrol.ca\/sites\/www.skipatrol.ca\/wp-content\/\/uploads\/sites\/32\/2020\/01\/Mount-Pakenham-1.png); margin-left: auto; margin-right:auto; background-size:cover !important;\"><\/div><div class=\"tmm_textblock\"><div class=\"tmm_names\"><span class=\"tmm_fname\">Mount<\/span> <span class=\"tmm_lname\">Pakenham<\/span><\/div><div class=\"tmm_job\">Pakenham, Ontario<\/div><div class=\"tmm_scblock\"><a target=\"_blank\" class=\"tmm_sociallink\" href=\"https:\/\/www.mountpakenham.com\/\" title=\"\"><img decoding=\"async\" alt=\"\" src=\"https:\/\/www.skipatrol.ca\/sites\/www.skipatrol.ca\/wp-content\/plugins\/team-members\/inc\/img\/links\/website.png\"\/><\/a><\/div><\/div><\/div><span class=\"tmm_two_containers_tablet\"><\/span><\/div><span class=\"tmm_columns_containers_desktop\"><\/span><div class=\"tmm_container\"><div class=\"tmm_member\" style=\"border-top:#333333 solid 5px;\"><div class=\"tmm_photo tmm_pic_ski-areas_6\" style=\"background: url(http:\/\/www.skipatrol.ca\/sites\/www.skipatrol.ca\/wp-content\/\/uploads\/sites\/32\/2020\/01\/Nakkertok-Nordic.png); margin-left: auto; margin-right:auto; background-size:cover !important;\"><\/div><div class=\"tmm_textblock\"><div class=\"tmm_names\"><span class=\"tmm_fname\">Nakkertok<\/span> <span class=\"tmm_lname\">Nordic<\/span><\/div><div class=\"tmm_job\">Gatineau &amp; Val-des-Monts, Qu\u00e9bec<\/div><div class=\"tmm_scblock\"><a target=\"_blank\" class=\"tmm_sociallink\" href=\"http:\/\/nakkertok.ca\/\" title=\"\"><img decoding=\"async\" alt=\"\" src=\"https:\/\/www.skipatrol.ca\/sites\/www.skipatrol.ca\/wp-content\/plugins\/team-members\/inc\/img\/links\/website.png\"\/><\/a><\/div><\/div><\/div><div class=\"tmm_member\" style=\"border-top:#333333 solid 5px;\"><div class=\"tmm_photo tmm_pic_ski-areas_7\" style=\"background: url(https:\/\/cspnational.s3.ca-central-1.amazonaws.com\/wp-content\/uploads\/sites\/32\/2023\/08\/21192638\/centre-vorlage.jpg); margin-left: auto; margin-right:auto; background-size:cover !important;\"><\/div><div class=\"tmm_textblock\"><div class=\"tmm_names\"><span class=\"tmm_fname\">Centre<\/span> <span class=\"tmm_lname\">Vorlage<\/span><\/div><div class=\"tmm_job\">Wakefield, Qu\u00e9bec<\/div><div class=\"tmm_scblock\"><a target=\"_blank\" class=\"tmm_sociallink\" href=\"https:\/\/www.skivorlage.com\/\" title=\"\"><img decoding=\"async\" alt=\"\" src=\"https:\/\/www.skipatrol.ca\/sites\/www.skipatrol.ca\/wp-content\/plugins\/team-members\/inc\/img\/links\/website.png\"\/><\/a><\/div><\/div><\/div><span class=\"tmm_two_containers_tablet\"><\/span><div class=\"tmm_member\" style=\"border-top:#333333 solid 5px;\"><div class=\"tmm_photo tmm_pic_ski-areas_8\" style=\"background: url(http:\/\/www.skipatrol.ca\/sites\/www.skipatrol.ca\/wp-content\/\/uploads\/sites\/32\/2020\/01\/Sommet-Edelweiss-1.png); margin-left: auto; margin-right:auto; background-size:cover !important;\"><\/div><div class=\"tmm_textblock\"><div class=\"tmm_names\"><span class=\"tmm_fname\">Sommet<\/span> <span class=\"tmm_lname\">Edelweiss<\/span><\/div><div class=\"tmm_job\">Wakefield, Qu\u00e9bec<\/div><div class=\"tmm_scblock\"><a target=\"_blank\" class=\"tmm_sociallink\" href=\"https:\/\/www.sommets.com\/en\/ski-mountains\/sommet-edelweiss\/\" title=\"\"><img decoding=\"async\" alt=\"\" src=\"https:\/\/www.skipatrol.ca\/sites\/www.skipatrol.ca\/wp-content\/plugins\/team-members\/inc\/img\/links\/website.png\"\/><\/a><\/div><\/div><\/div><div style=\"clear:both;\"><\/div><\/div><\/div><\/div><\/div>\n<p>&nbsp;<\/p>\n","protected":false},"excerpt":{"rendered":"<p>La Patrouille canadienne de ski (PCS) \u2014 Gatineau compte des membres dans huit stations alpines et une station de ski de fond dans la vall\u00e9e de l&rsquo;Outaouais (Ontario) et dans l&rsquo;Outaouais (Qu\u00e9bec). Les membres peuvent \u00eatre des skieurs alpins, de<\/p>\n","protected":false},"author":4811,"featured_media":1533,"parent":1495,"menu_order":20,"comment_status":"closed","ping_status":"closed","template":"","meta":{"footnotes":""},"class_list":["post-1532","page","type-page","status-publish","has-post-thumbnail","hentry"],"_links":{"self":[{"href":"https:\/\/www.skipatrol.ca\/gatineau\/fr\/wp-json\/wp\/v2\/pages\/1532","targetHints":{"allow":["GET"]}}],"collection":[{"href":"https:\/\/www.skipatrol.ca\/gatineau\/fr\/wp-json\/wp\/v2\/pages"}],"about":[{"href":"https:\/\/www.skipatrol.ca\/gatineau\/fr\/wp-json\/wp\/v2\/types\/page"}],"author":[{"embeddable":true,"href":"https:\/\/www.skipatrol.ca\/gatineau\/fr\/wp-json\/wp\/v2\/users\/4811"}],"replies":[{"embeddable":true,"href":"https:\/\/www.skipatrol.ca\/gatineau\/fr\/wp-json\/wp\/v2\/comments?post=1532"}],"version-history":[{"count":3,"href":"https:\/\/www.skipatrol.ca\/gatineau\/fr\/wp-json\/wp\/v2\/pages\/1532\/revisions"}],"predecessor-version":[{"id":1957,"href":"https:\/\/www.skipatrol.ca\/gatineau\/fr\/wp-json\/wp\/v2\/pages\/1532\/revisions\/1957"}],"up":[{"embeddable":true,"href":"https:\/\/www.skipatrol.ca\/gatineau\/fr\/wp-json\/wp\/v2\/pages\/1495"}],"wp:featuredmedia":[{"embeddable":true,"href":"https:\/\/www.skipatrol.ca\/gatineau\/fr\/wp-json\/wp\/v2\/media\/1533"}],"wp:attachment":[{"href":"https:\/\/www.skipatrol.ca\/gatineau\/fr\/wp-json\/wp\/v2\/media?parent=1532"}],"curies":[{"name":"wp","href":"https:\/\/api.w.org\/{rel}","templated":true}]}}