{"id":1538,"date":"2019-11-12T02:33:06","date_gmt":"2019-11-12T02:33:06","guid":{"rendered":"https:\/\/www.skipatrol.ca\/gatineau\/zone-contacts\/"},"modified":"2022-08-01T20:20:19","modified_gmt":"2022-08-02T00:20:19","slug":"contacts","status":"publish","type":"page","link":"https:\/\/www.skipatrol.ca\/gatineau\/fr\/a-propos\/contacts\/","title":{"rendered":"Contacts"},"content":{"rendered":"<h1>Executive Committee &mdash; Comit\u00e9 ex\u00e9cutif<\/h1>\n<div><div class=\"tmm tmm_francais-comite-executif\"><div class=\"tmm_3_columns tmm_wrap tmm_theme_f\"><span class=\"tmm_two_containers_tablet\"><\/span><div class=\"tmm_container\"><div class=\"tmm_member\" style=\"border-top:#333333 solid 5px;\"><div class=\"tmm_photo tmm_pic_francais-comite-executif_0\" style=\"background: url(https:\/\/cspnational.s3.ca-central-1.amazonaws.com\/wp-content\/uploads\/sites\/32\/2020\/01\/17125422\/Jacques-Desjardins-1.png); margin-left: auto; margin-right:auto; background-size:cover !important;\"><\/div><div class=\"tmm_textblock\"><div class=\"tmm_names\"><span class=\"tmm_fname\">Jacques<\/span> <span class=\"tmm_lname\">Desjardins<\/span><\/div><div class=\"tmm_job\">President<br \/>\u2014<br \/>Pr\u00e9sident<\/div><div class=\"tmm_scblock\"><a class=\"tmm_sociallink\" href=\"mailto:Ja&#099;que&#115;.D&#101;&#115;&#106;a&#114;&#100;ins&#064;&#115;&#107;ip&#097;t&#114;o&#108;.ca\" title=\"\"><img decoding=\"async\" alt=\"\" src=\"https:\/\/www.skipatrol.ca\/sites\/www.skipatrol.ca\/wp-content\/plugins\/team-members\/inc\/img\/links\/email.png\"\/><\/a><\/div><\/div><\/div><div class=\"tmm_member\" style=\"border-top:#333333 solid 5px;\"><div class=\"tmm_photo tmm_pic_francais-comite-executif_1\" style=\"background: url(https:\/\/cspnational.s3.ca-central-1.amazonaws.com\/wp-content\/uploads\/sites\/32\/2020\/01\/15124933\/nds_030503385.jpg); margin-left: auto; margin-right:auto; background-size:cover !important;\"><\/div><div class=\"tmm_textblock\"><div class=\"tmm_names\"><span class=\"tmm_fname\">Daniel<\/span> <span class=\"tmm_lname\">Desjardins<\/span><\/div><div class=\"tmm_job\">VP Administration<br \/>\u2014<br \/>V.-p. \u00e0 l'administration<\/div><div class=\"tmm_scblock\"><a class=\"tmm_sociallink\" href=\"mailto:Da&#110;iel&#046;&#068;e&#115;jard&#105;&#110;s&#064;skipa&#116;r&#111;l.ca\" title=\"\"><img decoding=\"async\" alt=\"\" src=\"https:\/\/www.skipatrol.ca\/sites\/www.skipatrol.ca\/wp-content\/plugins\/team-members\/inc\/img\/links\/email.png\"\/><\/a><\/div><\/div><\/div><span class=\"tmm_two_containers_tablet\"><\/span><div class=\"tmm_member\" style=\"border-top:#333333 solid 5px;\"><div class=\"tmm_photo tmm_pic_francais-comite-executif_2\" style=\"background: url(https:\/\/cspnational.s3.ca-central-1.amazonaws.com\/wp-content\/uploads\/sites\/32\/2020\/01\/01192807\/Pierre-Pierre-Blais-scaled.jpg); margin-left: auto; margin-right:auto; background-size:cover !important;\"><\/div><div class=\"tmm_textblock\"><div class=\"tmm_names\"><span class=\"tmm_fname\">Pierre Pierre<\/span> <span class=\"tmm_lname\">Blais<\/span><\/div><div class=\"tmm_job\">VP Communications<br \/>\u2014<br \/>V.-p. aux communications<\/div><div class=\"tmm_scblock\"><a class=\"tmm_sociallink\" href=\"mailto:&#080;ierr&#101;Pi&#101;&#114;&#114;&#101;.B&#108;ai&#115;&#064;&#115;&#107;&#105;p&#097;t&#114;ol&#046;ca\" title=\"\"><img decoding=\"async\" alt=\"\" src=\"https:\/\/www.skipatrol.ca\/sites\/www.skipatrol.ca\/wp-content\/plugins\/team-members\/inc\/img\/links\/email.png\"\/><\/a><\/div><\/div><\/div><\/div><span class=\"tmm_columns_containers_desktop\"><\/span><div class=\"tmm_container\"><div class=\"tmm_member\" style=\"border-top:#333333 solid 5px;\"><div class=\"tmm_photo tmm_pic_francais-comite-executif_3\" style=\"background: url(https:\/\/www.skipatrol.ca\/sites\/www.skipatrol.ca\/wp-content\/\/uploads\/sites\/32\/2020\/02\/Michelle-Matte-Stotyn-scaled.jpg); margin-left: auto; margin-right:auto; background-size:cover !important;\"><\/div><div class=\"tmm_textblock\"><div class=\"tmm_names\"><span class=\"tmm_fname\">Michelle<\/span> <span class=\"tmm_lname\">Matte-Stotyn<\/span><\/div><div class=\"tmm_job\">VP Education and Training<br \/>\u2014<br \/>V.-p.\u00e0 l'\u00e9ducation et \u00e0 la formation<\/div><div class=\"tmm_scblock\"><a class=\"tmm_sociallink\" href=\"mailto:Mic&#104;&#101;&#108;&#108;e&#046;Matte&#045;&#083;t&#111;&#116;y&#110;&#064;sk&#105;&#112;&#097;t&#114;&#111;&#108;.&#099;&#097;\" title=\"\"><img decoding=\"async\" alt=\"\" src=\"https:\/\/www.skipatrol.ca\/sites\/www.skipatrol.ca\/wp-content\/plugins\/team-members\/inc\/img\/links\/email.png\"\/><\/a><\/div><\/div><\/div><span class=\"tmm_two_containers_tablet\"><\/span><div class=\"tmm_member\" style=\"border-top:#333333 solid 5px;\"><div class=\"tmm_photo tmm_pic_francais-comite-executif_4\" style=\"background: url(http:\/\/www.skipatrol.ca\/sites\/www.skipatrol.ca\/wp-content\/\/uploads\/sites\/32\/2020\/02\/Robert-Holmes-scaled.jpg); margin-left: auto; margin-right:auto; background-size:cover !important;\"><\/div><div class=\"tmm_textblock\"><div class=\"tmm_names\"><span class=\"tmm_fname\">Robert<\/span> <span class=\"tmm_lname\">Holmes<\/span><\/div><div class=\"tmm_job\">VP Finance<br \/>\u2014<br \/>V.-p. aux finances<\/div><div class=\"tmm_scblock\"><a class=\"tmm_sociallink\" href=\"mailto:&#082;&#111;b&#101;rt.&#072;&#111;lme&#115;&#064;&#115;ki&#112;atr&#111;l&#046;&#099;a\" title=\"\"><img decoding=\"async\" alt=\"\" src=\"https:\/\/www.skipatrol.ca\/sites\/www.skipatrol.ca\/wp-content\/plugins\/team-members\/inc\/img\/links\/email.png\"\/><\/a><\/div><\/div><\/div><div class=\"tmm_member\" style=\"border-top:#333333 solid 5px;\"><div class=\"tmm_photo tmm_pic_francais-comite-executif_5\" style=\"background: url(https:\/\/cspnational.s3.ca-central-1.amazonaws.com\/wp-content\/uploads\/sites\/32\/2020\/01\/17183616\/DeanBuzza.png); margin-left: auto; margin-right:auto; background-size:cover !important;\"><\/div><div class=\"tmm_textblock\"><div class=\"tmm_names\"><span class=\"tmm_fname\">Dean<\/span> <span class=\"tmm_lname\">Buzza<\/span><\/div><div class=\"tmm_job\">VP Operations<br \/>\u2014<br \/>V.-p. aux op\u00e9rations<\/div><div class=\"tmm_scblock\"><a class=\"tmm_sociallink\" href=\"mailto:&#068;&#101;a&#110;&#046;Bu&#122;&#122;a&#064;&#115;kip&#097;t&#114;o&#108;&#046;&#099;&#097;\" title=\"\"><img decoding=\"async\" alt=\"\" src=\"https:\/\/www.skipatrol.ca\/sites\/www.skipatrol.ca\/wp-content\/plugins\/team-members\/inc\/img\/links\/email.png\"\/><\/a><\/div><\/div><\/div><span class=\"tmm_two_containers_tablet\"><\/span><\/div><span class=\"tmm_columns_containers_desktop\"><\/span><div class=\"tmm_container\"><div class=\"tmm_member\" style=\"border-top:#333333 solid 5px;\"><div class=\"tmm_photo tmm_pic_francais-comite-executif_6\" style=\"background: url(https:\/\/cspnational.s3.ca-central-1.amazonaws.com\/wp-content\/uploads\/sites\/32\/2024\/05\/21175202\/Ian.png); margin-left: auto; margin-right:auto; background-size:cover !important;\"><\/div><div class=\"tmm_textblock\"><div class=\"tmm_names\"><span class=\"tmm_fname\">Ian<\/span> <span class=\"tmm_lname\">Izzard<\/span><\/div><div class=\"tmm_job\">VP Recruitment and Marketing<br \/>\u2014<br \/>V.-p. au recrutement et \u00e0 la mercatique<\/div><div class=\"tmm_scblock\"><a class=\"tmm_sociallink\" href=\"mailto:&#073;&#097;&#110;.I&#122;za&#114;d&#064;Sk&#105;P&#097;&#116;r&#111;l.&#099;a\" title=\"\"><img decoding=\"async\" alt=\"\" src=\"https:\/\/www.skipatrol.ca\/sites\/www.skipatrol.ca\/wp-content\/plugins\/team-members\/inc\/img\/links\/email.png\"\/><\/a><\/div><\/div><\/div><div class=\"tmm_member\" style=\"border-top:#333333 solid 5px;\"><div class=\"tmm_photo tmm_pic_francais-comite-executif_7\" style=\"background: url(https:\/\/www.skipatrol.ca\/sites\/www.skipatrol.ca\/wp-content\/uploads\/sites\/32\/2020\/02\/Nick-Cartwright-scaled.jpg); margin-left: auto; margin-right:auto; background-size:cover !important;\"><\/div><div class=\"tmm_textblock\"><div class=\"tmm_names\"><span class=\"tmm_fname\">Nick<\/span> <span class=\"tmm_lname\">Cartwright<\/span><\/div><div class=\"tmm_job\">VP Special Events<br \/>\u2014<br \/>V.-p. aux \u00e9v\u00e8nements hors-ski<\/div><div class=\"tmm_scblock\"><a class=\"tmm_sociallink\" href=\"mailto:N&#105;&#099;&#107;&#046;Ca&#114;&#116;&#119;r&#105;gh&#116;&#064;&#083;&#107;&#105;&#080;atr&#111;l.c&#097;\" title=\"\"><img decoding=\"async\" alt=\"\" src=\"https:\/\/www.skipatrol.ca\/sites\/www.skipatrol.ca\/wp-content\/plugins\/team-members\/inc\/img\/links\/email.png\"\/><\/a><\/div><\/div><\/div><span class=\"tmm_two_containers_tablet\"><\/span><div class=\"tmm_member\" style=\"border-top:#333333 solid 5px;\"><div class=\"tmm_photo tmm_pic_francais-comite-executif_8\" style=\"background: url(https:\/\/cspnational.s3.ca-central-1.amazonaws.com\/wp-content\/uploads\/sites\/32\/2020\/01\/17140152\/Guy-Warwick.jpg); margin-left: auto; margin-right:auto; background-size:cover !important;\"><\/div><div class=\"tmm_textblock\"><div class=\"tmm_names\"><span class=\"tmm_fname\">Guy<\/span> <span class=\"tmm_lname\">Warwick<\/span><\/div><div class=\"tmm_job\">VP Safety and Prevention and HUman Resouces<br \/>\u2014<br \/>V.-p. \u00e0 la pr\u00e9vention et aux ressources humaines<\/div><div class=\"tmm_scblock\"><a class=\"tmm_sociallink\" href=\"mailto:&#071;uy.Wa&#114;&#119;i&#099;k&#064;S&#107;iP&#097;tr&#111;l.ca\" title=\"\"><img decoding=\"async\" alt=\"\" src=\"https:\/\/www.skipatrol.ca\/sites\/www.skipatrol.ca\/wp-content\/plugins\/team-members\/inc\/img\/links\/email.png\"\/><\/a><\/div><\/div><\/div><div style=\"clear:both;\"><\/div><\/div><\/div><\/div><\/div>\n<div><\/div>\n<h1>Patrol Leaders &mdash; Chefs de patrouille<\/h1>\n<div><div class=\"tmm tmm_patrol-leaders\"><div class=\"tmm_3_columns tmm_wrap tmm_theme_f\"><span class=\"tmm_two_containers_tablet\"><\/span><div class=\"tmm_container\"><div class=\"tmm_member\" style=\"border-top:#333333 solid 5px;\"><div class=\"tmm_photo tmm_pic_patrol-leaders_0\" style=\"background: url(http:\/\/www.skipatrol.ca\/sites\/www.skipatrol.ca\/wp-content\/\/uploads\/sites\/32\/2020\/02\/Geoff-Skeggs-scaled.jpg); margin-left: auto; margin-right:auto; background-size:cover !important;\"><\/div><div class=\"tmm_textblock\"><div class=\"tmm_names\"><span class=\"tmm_fname\">Geoff<\/span> <span class=\"tmm_lname\">Skeggs<\/span><\/div><div class=\"tmm_job\">Chef de patrouille<br \/>\u00e0 Camp Fortune<br \/>\u2014<br \/>Camp Fortune Patrol Leader<\/div><div class=\"tmm_scblock\"><a class=\"tmm_sociallink\" href=\"mailto:geo&#102;&#102;&#046;&#115;&#107;e&#103;gs&#064;&#115;&#107;&#105;&#112;a&#116;ro&#108;.ca\" title=\"\"><img decoding=\"async\" alt=\"\" src=\"https:\/\/www.skipatrol.ca\/sites\/www.skipatrol.ca\/wp-content\/plugins\/team-members\/inc\/img\/links\/email.png\"\/><\/a><\/div><\/div><\/div><div class=\"tmm_member\" style=\"border-top:#333333 solid 5px;\"><div class=\"tmm_photo tmm_pic_patrol-leaders_1\" style=\"background: url(http:\/\/www.skipatrol.ca\/sites\/www.skipatrol.ca\/wp-content\/\/uploads\/sites\/32\/2020\/02\/Nigel-Perry-scaled.jpg); margin-left: auto; margin-right:auto; background-size:cover !important;\"><\/div><div class=\"tmm_textblock\"><div class=\"tmm_names\"><span class=\"tmm_fname\">Nigel<\/span> <span class=\"tmm_lname\">Perry<\/span><\/div><div class=\"tmm_job\">Chef de patrouille<br \/>au Mont-Cascades<br \/>\u2014<br \/>Mont-Cascades  Patrol Leader<\/div><div class=\"tmm_scblock\"><a class=\"tmm_sociallink\" href=\"mailto:&#110;ige&#108;&#046;p&#101;rry&#064;sk&#105;pa&#116;r&#111;l.c&#097;\" title=\"\"><img decoding=\"async\" alt=\"\" src=\"https:\/\/www.skipatrol.ca\/sites\/www.skipatrol.ca\/wp-content\/plugins\/team-members\/inc\/img\/links\/email.png\"\/><\/a><\/div><\/div><\/div><span class=\"tmm_two_containers_tablet\"><\/span><div class=\"tmm_member\" style=\"border-top:#333333 solid 5px;\"><div class=\"tmm_photo tmm_pic_patrol-leaders_2\" style=\"background: url(http:\/\/www.skipatrol.ca\/sites\/www.skipatrol.ca\/wp-content\/\/uploads\/sites\/32\/2020\/01\/Joel-Hernberger.jpg); margin-left: auto; margin-right:auto; background-size:cover !important;\"><\/div><div class=\"tmm_textblock\"><div class=\"tmm_names\"><span class=\"tmm_fname\">Joel<\/span> <span class=\"tmm_lname\">Hernberger<\/span><\/div><div class=\"tmm_job\">Chef de patrouille<br \/> au Mont Chilly<br \/>\u2014<br \/>Mount Chilly Patrol Leader<\/div><div class=\"tmm_scblock\"><a class=\"tmm_sociallink\" href=\"mailto:j&#111;&#101;l&#046;h&#101;r&#110;&#098;&#101;rger&#064;ski&#112;&#097;t&#114;&#111;l&#046;&#099;a\" title=\"\"><img decoding=\"async\" alt=\"\" src=\"https:\/\/www.skipatrol.ca\/sites\/www.skipatrol.ca\/wp-content\/plugins\/team-members\/inc\/img\/links\/email.png\"\/><\/a><\/div><\/div><\/div><\/div><span class=\"tmm_columns_containers_desktop\"><\/span><div class=\"tmm_container\"><div class=\"tmm_member\" style=\"border-top:#333333 solid 5px;\"><div class=\"tmm_photo tmm_pic_patrol-leaders_3\" style=\"background: url(https:\/\/cspnational.s3.ca-central-1.amazonaws.com\/wp-content\/uploads\/sites\/32\/2025\/08\/21175134\/Eric-Hanna-Quinn.jpg); margin-left: auto; margin-right:auto; background-size:cover !important;\"><\/div><div class=\"tmm_textblock\"><div class=\"tmm_names\"><span class=\"tmm_fname\">Eric<\/span> <span class=\"tmm_lname\">Hanna-Quinn<\/span><\/div><div class=\"tmm_job\">Chef de patrouille<br \/>au Mont Ste-Marie<br \/>\u2014<br \/>Mont Ste-Marie Patrol Leader<\/div><div class=\"tmm_scblock\"><a class=\"tmm_sociallink\" href=\"mailto:&#112;&#097;&#116;&#114;&#111;l&#109;s&#109;&#064;&#103;mail.&#099;&#111;m\" title=\"\"><img decoding=\"async\" alt=\"\" src=\"https:\/\/www.skipatrol.ca\/sites\/www.skipatrol.ca\/wp-content\/plugins\/team-members\/inc\/img\/links\/email.png\"\/><\/a><\/div><\/div><\/div><span class=\"tmm_two_containers_tablet\"><\/span><div class=\"tmm_member\" style=\"border-top:#333333 solid 5px;\"><div class=\"tmm_photo tmm_pic_patrol-leaders_4\" style=\"background: url(http:\/\/www.skipatrol.ca\/sites\/www.skipatrol.ca\/wp-content\/\/uploads\/sites\/32\/2020\/01\/Myrna-Mcauley.jpg); margin-left: auto; margin-right:auto; background-size:cover !important;\"><\/div><div class=\"tmm_textblock\"><div class=\"tmm_names\"><span class=\"tmm_fname\">Myrna<\/span> <span class=\"tmm_lname\">McAuley<\/span><\/div><div class=\"tmm_job\">Cheffe de patrouille<br \/>\u00e0 Mount Martin<br \/>\u2014<br \/>Mount Martin Patrol Leader<\/div><div class=\"tmm_scblock\"><a class=\"tmm_sociallink\" href=\"mailto:&#109;&#121;rn&#097;.&#109;&#099;&#097;u&#108;e&#121;&#064;&#115;k&#105;p&#097;&#116;&#114;o&#108;.&#099;a\" title=\"\"><img decoding=\"async\" alt=\"\" src=\"https:\/\/www.skipatrol.ca\/sites\/www.skipatrol.ca\/wp-content\/plugins\/team-members\/inc\/img\/links\/email.png\"\/><\/a><\/div><\/div><\/div><div class=\"tmm_member\" style=\"border-top:#333333 solid 5px;\"><div class=\"tmm_photo tmm_pic_patrol-leaders_5\" style=\"background: url(https:\/\/cspnational.s3.ca-central-1.amazonaws.com\/wp-content\/uploads\/sites\/32\/2020\/01\/17183718\/RichardWebb.png); margin-left: auto; margin-right:auto; background-size:cover !important;\"><\/div><div class=\"tmm_textblock\"><div class=\"tmm_names\"><span class=\"tmm_fname\">Richard<\/span> <span class=\"tmm_lname\">Webb<\/span><\/div><div class=\"tmm_job\">Chef de patrouille<br \/>\u00e0 Mount Pakenham<br \/>\u2014<br \/>Mount Pakenham Patrol Leader<\/div><div class=\"tmm_scblock\"><a class=\"tmm_sociallink\" href=\"mailto:&#082;ic&#104;&#097;&#114;&#100;&#046;We&#098;b&#064;Ski&#080;a&#116;&#114;o&#108;.&#099;&#097;\" title=\"\"><img decoding=\"async\" alt=\"\" src=\"https:\/\/www.skipatrol.ca\/sites\/www.skipatrol.ca\/wp-content\/plugins\/team-members\/inc\/img\/links\/email.png\"\/><\/a><\/div><\/div><\/div><span class=\"tmm_two_containers_tablet\"><\/span><\/div><span class=\"tmm_columns_containers_desktop\"><\/span><div class=\"tmm_container\"><div class=\"tmm_member\" style=\"border-top:#333333 solid 5px;\"><div class=\"tmm_textblock\"><div class=\"tmm_names\"><span class=\"tmm_fname\">Comit\u00e9 - Committee<\/span> <span class=\"tmm_lname\">(Jean Frenette, Rob Cepella, Jenifer Cepella)<\/span><\/div><div class=\"tmm_job\">Chef de patrouille nordique<br \/>\u00e0 Nakkertok<br \/>\u2014<br \/>Nakkertok Nordic Patrol Leader<\/div><div class=\"tmm_scblock\"><a class=\"tmm_sociallink\" href=\"mailto:&#078;a&#107;&#107;erto&#107;&#064;S&#107;&#105;&#080;atrol&#046;ca\" title=\"\"><img decoding=\"async\" alt=\"\" src=\"https:\/\/www.skipatrol.ca\/sites\/www.skipatrol.ca\/wp-content\/plugins\/team-members\/inc\/img\/links\/email.png\"\/><\/a><\/div><\/div><\/div><div class=\"tmm_member\" style=\"border-top:#333333 solid 5px;\"><div class=\"tmm_photo tmm_pic_patrol-leaders_7\" style=\"background: url(https:\/\/cspnational.s3.ca-central-1.amazonaws.com\/wp-content\/uploads\/sites\/32\/2020\/01\/29085248\/Rancourt-Jason.jpg); margin-left: auto; margin-right:auto; background-size:cover !important;\"><\/div><div class=\"tmm_textblock\"><div class=\"tmm_names\"><span class=\"tmm_fname\">Jason<\/span> <span class=\"tmm_lname\">Rancourt<\/span><\/div><div class=\"tmm_job\">Chef de patrouille<br \/>\u00e0 Centre Vorlage<br \/>\u2014<br \/>Centre Vorlage Patrol Leader<\/div><div class=\"tmm_scblock\"><a class=\"tmm_sociallink\" href=\"mailto:&#074;&#097;&#115;&#111;n&#046;R&#097;&#110;&#099;o&#117;&#114;&#116;&#064;Sk&#105;&#080;a&#116;rol&#046;c&#097;\" title=\"\"><img decoding=\"async\" alt=\"\" src=\"https:\/\/www.skipatrol.ca\/sites\/www.skipatrol.ca\/wp-content\/plugins\/team-members\/inc\/img\/links\/email.png\"\/><\/a><\/div><\/div><\/div><span class=\"tmm_two_containers_tablet\"><\/span><div class=\"tmm_member\" style=\"border-top:#333333 solid 5px;\"><div class=\"tmm_photo tmm_pic_patrol-leaders_8\" style=\"background: url(http:\/\/www.skipatrol.ca\/sites\/www.skipatrol.ca\/wp-content\/\/uploads\/sites\/32\/2020\/01\/Eric-Torunski.jpg); margin-left: auto; margin-right:auto; background-size:cover !important;\"><\/div><div class=\"tmm_textblock\"><div class=\"tmm_names\"><span class=\"tmm_fname\">Eric<\/span> <span class=\"tmm_lname\">Torunski<\/span><\/div><div class=\"tmm_job\">Chef de patrouille<br \/>au Sommet Edelweiss<br \/>\u2014<br \/>Sommet Edelweiss Patrol Leader<\/div><div class=\"tmm_scblock\"><a class=\"tmm_sociallink\" href=\"mailto:eric.&#116;o&#114;&#117;n&#115;ki&#064;&#115;&#107;&#105;pa&#116;&#114;o&#108;.&#099;a\" title=\"\"><img decoding=\"async\" alt=\"\" src=\"https:\/\/www.skipatrol.ca\/sites\/www.skipatrol.ca\/wp-content\/plugins\/team-members\/inc\/img\/links\/email.png\"\/><\/a><\/div><\/div><\/div><\/div><span class=\"tmm_columns_containers_desktop\"><\/span><div class=\"tmm_container\"><div class=\"tmm_member\" style=\"border-top:#333333 solid 5px;\"><div class=\"tmm_photo tmm_pic_patrol-leaders_9\" style=\"background: url(http:\/\/www.skipatrol.ca\/sites\/www.skipatrol.ca\/wp-content\/\/uploads\/sites\/32\/2020\/02\/Nick-Cartwright-scaled.jpg); margin-left: auto; margin-right:auto; background-size:cover !important;\"><\/div><div class=\"tmm_textblock\"><div class=\"tmm_names\"><span class=\"tmm_fname\">Nick<\/span> <span class=\"tmm_lname\">Cartwright<\/span><\/div><div class=\"tmm_job\">Chef de patrouille<br \/>\u00e0 la Place TD<br \/>\u2014<br \/>TD Place Patrol Leader<\/div><div class=\"tmm_scblock\"><a class=\"tmm_sociallink\" href=\"mailto:&#110;i&#099;k.&#099;a&#114;&#116;&#119;r&#105;&#103;ht&#064;s&#107;&#105;&#112;&#097;t&#114;o&#108;&#046;&#099;&#097;\" title=\"\"><img decoding=\"async\" alt=\"\" src=\"https:\/\/www.skipatrol.ca\/sites\/www.skipatrol.ca\/wp-content\/plugins\/team-members\/inc\/img\/links\/email.png\"\/><\/a><\/div><\/div><\/div><div style=\"clear:both;\"><\/div><\/div><\/div><\/div><\/div>\n","protected":false},"excerpt":{"rendered":"<p>Executive Committee &mdash; Comit\u00e9 ex\u00e9cutif Patrol Leaders &mdash; Chefs de patrouille<\/p>\n","protected":false},"author":4811,"featured_media":1539,"parent":1495,"menu_order":22,"comment_status":"closed","ping_status":"closed","template":"","meta":{"footnotes":""},"class_list":["post-1538","page","type-page","status-publish","has-post-thumbnail","hentry"],"_links":{"self":[{"href":"https:\/\/www.skipatrol.ca\/gatineau\/fr\/wp-json\/wp\/v2\/pages\/1538","targetHints":{"allow":["GET"]}}],"collection":[{"href":"https:\/\/www.skipatrol.ca\/gatineau\/fr\/wp-json\/wp\/v2\/pages"}],"about":[{"href":"https:\/\/www.skipatrol.ca\/gatineau\/fr\/wp-json\/wp\/v2\/types\/page"}],"author":[{"embeddable":true,"href":"https:\/\/www.skipatrol.ca\/gatineau\/fr\/wp-json\/wp\/v2\/users\/4811"}],"replies":[{"embeddable":true,"href":"https:\/\/www.skipatrol.ca\/gatineau\/fr\/wp-json\/wp\/v2\/comments?post=1538"}],"version-history":[{"count":7,"href":"https:\/\/www.skipatrol.ca\/gatineau\/fr\/wp-json\/wp\/v2\/pages\/1538\/revisions"}],"predecessor-version":[{"id":1958,"href":"https:\/\/www.skipatrol.ca\/gatineau\/fr\/wp-json\/wp\/v2\/pages\/1538\/revisions\/1958"}],"up":[{"embeddable":true,"href":"https:\/\/www.skipatrol.ca\/gatineau\/fr\/wp-json\/wp\/v2\/pages\/1495"}],"wp:featuredmedia":[{"embeddable":true,"href":"https:\/\/www.skipatrol.ca\/gatineau\/fr\/wp-json\/wp\/v2\/media\/1539"}],"wp:attachment":[{"href":"https:\/\/www.skipatrol.ca\/gatineau\/fr\/wp-json\/wp\/v2\/media?parent=1538"}],"curies":[{"name":"wp","href":"https:\/\/api.w.org\/{rel}","templated":true}]}}