{"id":1758,"date":"2022-04-18T23:12:53","date_gmt":"2022-04-19T03:12:53","guid":{"rendered":"https:\/\/www.skipatrol.ca\/gatineau\/?page_id=1758"},"modified":"2026-02-19T16:54:44","modified_gmt":"2026-02-19T21:54:44","slug":"prix","status":"publish","type":"page","link":"https:\/\/www.skipatrol.ca\/gatineau\/fr\/resources\/prix\/","title":{"rendered":"Prix"},"content":{"rendered":"<p>Le <a href=\"https:\/\/cspnational.s3.ca-central-1.amazonaws.com\/wp-content\/uploads\/sites\/32\/2026\/02\/19165345\/CSP-Gatineau-Awards-Guide-%E2%80%94-Guide-des-prix-de-la-PCS-Gatineau_v03.pdf\">Guide des prix de la PCS Gatineau<\/a> d\u00e9crit les prix qui peuvent \u00eatre d\u00e9cern\u00e9s par la PCS Gatineau et le processus de mise en candidature.<\/p>\n<p>Voici les <a href=\"https:\/\/cspnational.s3.ca-central-1.amazonaws.com\/wp-content\/uploads\/sites\/32\/2025\/07\/30181831\/CSP-Gatineau-Awards-Over-The-Years_v02.pdf\">prix qui ont \u00e9t\u00e9 accord\u00e9s par la PCS Gatineau<\/a> jusqu&rsquo;\u00e0 maintenant.<\/p>\n","protected":false},"excerpt":{"rendered":"<p>Le Guide des prix de la PCS Gatineau d\u00e9crit les prix qui peuvent \u00eatre d\u00e9cern\u00e9s par la PCS Gatineau et le processus de mise en candidature. Voici les prix qui ont \u00e9t\u00e9 accord\u00e9s par la PCS Gatineau jusqu&rsquo;\u00e0 maintenant.<\/p>\n","protected":false},"author":4811,"featured_media":0,"parent":1708,"menu_order":0,"comment_status":"closed","ping_status":"closed","template":"","meta":{"footnotes":""},"class_list":["post-1758","page","type-page","status-publish","hentry"],"_links":{"self":[{"href":"https:\/\/www.skipatrol.ca\/gatineau\/fr\/wp-json\/wp\/v2\/pages\/1758","targetHints":{"allow":["GET"]}}],"collection":[{"href":"https:\/\/www.skipatrol.ca\/gatineau\/fr\/wp-json\/wp\/v2\/pages"}],"about":[{"href":"https:\/\/www.skipatrol.ca\/gatineau\/fr\/wp-json\/wp\/v2\/types\/page"}],"author":[{"embeddable":true,"href":"https:\/\/www.skipatrol.ca\/gatineau\/fr\/wp-json\/wp\/v2\/users\/4811"}],"replies":[{"embeddable":true,"href":"https:\/\/www.skipatrol.ca\/gatineau\/fr\/wp-json\/wp\/v2\/comments?post=1758"}],"version-history":[{"count":6,"href":"https:\/\/www.skipatrol.ca\/gatineau\/fr\/wp-json\/wp\/v2\/pages\/1758\/revisions"}],"predecessor-version":[{"id":2143,"href":"https:\/\/www.skipatrol.ca\/gatineau\/fr\/wp-json\/wp\/v2\/pages\/1758\/revisions\/2143"}],"up":[{"embeddable":true,"href":"https:\/\/www.skipatrol.ca\/gatineau\/fr\/wp-json\/wp\/v2\/pages\/1708"}],"wp:attachment":[{"href":"https:\/\/www.skipatrol.ca\/gatineau\/fr\/wp-json\/wp\/v2\/media?parent=1758"}],"curies":[{"name":"wp","href":"https:\/\/api.w.org\/{rel}","templated":true}]}}