{"id":1084,"date":"2019-11-12T02:33:06","date_gmt":"2019-11-12T02:33:06","guid":{"rendered":"https:\/\/www.skipatrol.ca\/gatineau-dev\/?page_id=1084"},"modified":"2025-01-15T18:44:24","modified_gmt":"2025-01-15T23:44:24","slug":"contacts","status":"publish","type":"page","link":"https:\/\/www.skipatrol.ca\/gatineau\/about\/contacts\/","title":{"rendered":"Contacts"},"content":{"rendered":"<h1 style=\"text-align: center\">Executive Committee \u2014 Comit\u00e9 ex\u00e9cutif<\/h1>\n<div style=\"text-align: center\"><div class=\"tmm tmm_francais-comite-executif\"><div class=\"tmm_3_columns tmm_wrap tmm_theme_f\"><span class=\"tmm_two_containers_tablet\"><\/span><div class=\"tmm_container\"><div class=\"tmm_member\" style=\"border-top:#333333 solid 5px;\"><div class=\"tmm_photo tmm_pic_francais-comite-executif_0\" style=\"background: url(https:\/\/cspnational.s3.ca-central-1.amazonaws.com\/wp-content\/uploads\/sites\/32\/2020\/01\/17125422\/Jacques-Desjardins-1.png); margin-left: auto; margin-right:auto; background-size:cover !important;\"><\/div><div class=\"tmm_textblock\"><div class=\"tmm_names\"><span class=\"tmm_fname\">Jacques<\/span> <span class=\"tmm_lname\">Desjardins<\/span><\/div><div class=\"tmm_job\">President<br \/>\u2014<br \/>Pr\u00e9sident<\/div><div class=\"tmm_scblock\"><a class=\"tmm_sociallink\" href=\"mailto:&#074;&#097;c&#113;ue&#115;&#046;Desj&#097;r&#100;in&#115;&#064;&#115;k&#105;&#112;&#097;&#116;&#114;ol.c&#097;\" title=\"\"><img decoding=\"async\" alt=\"\" src=\"https:\/\/www.skipatrol.ca\/sites\/www.skipatrol.ca\/wp-content\/plugins\/team-members\/inc\/img\/links\/email.png\"\/><\/a><\/div><\/div><\/div><div class=\"tmm_member\" style=\"border-top:#333333 solid 5px;\"><div class=\"tmm_photo tmm_pic_francais-comite-executif_1\" style=\"background: url(https:\/\/cspnational.s3.ca-central-1.amazonaws.com\/wp-content\/uploads\/sites\/32\/2020\/01\/15124933\/nds_030503385.jpg); margin-left: auto; margin-right:auto; background-size:cover !important;\"><\/div><div class=\"tmm_textblock\"><div class=\"tmm_names\"><span class=\"tmm_fname\">Daniel<\/span> <span class=\"tmm_lname\">Desjardins<\/span><\/div><div class=\"tmm_job\">VP Administration<br \/>\u2014<br \/>V.-p. \u00e0 l'administration<\/div><div class=\"tmm_scblock\"><a class=\"tmm_sociallink\" href=\"mailto:D&#097;&#110;&#105;el&#046;&#068;esj&#097;rdins&#064;&#115;k&#105;p&#097;t&#114;&#111;&#108;&#046;ca\" title=\"\"><img decoding=\"async\" alt=\"\" src=\"https:\/\/www.skipatrol.ca\/sites\/www.skipatrol.ca\/wp-content\/plugins\/team-members\/inc\/img\/links\/email.png\"\/><\/a><\/div><\/div><\/div><span class=\"tmm_two_containers_tablet\"><\/span><div class=\"tmm_member\" style=\"border-top:#333333 solid 5px;\"><div class=\"tmm_photo tmm_pic_francais-comite-executif_2\" style=\"background: url(https:\/\/cspnational.s3.ca-central-1.amazonaws.com\/wp-content\/uploads\/sites\/32\/2020\/01\/01192807\/Pierre-Pierre-Blais-scaled.jpg); margin-left: auto; margin-right:auto; background-size:cover !important;\"><\/div><div class=\"tmm_textblock\"><div class=\"tmm_names\"><span class=\"tmm_fname\">Pierre Pierre<\/span> <span class=\"tmm_lname\">Blais<\/span><\/div><div class=\"tmm_job\">VP Communications<br \/>\u2014<br \/>V.-p. aux communications<\/div><div class=\"tmm_scblock\"><a class=\"tmm_sociallink\" href=\"mailto:&#080;&#105;e&#114;&#114;&#101;P&#105;&#101;&#114;re.&#066;&#108;ais&#064;s&#107;&#105;p&#097;&#116;&#114;ol.&#099;&#097;\" title=\"\"><img decoding=\"async\" alt=\"\" src=\"https:\/\/www.skipatrol.ca\/sites\/www.skipatrol.ca\/wp-content\/plugins\/team-members\/inc\/img\/links\/email.png\"\/><\/a><\/div><\/div><\/div><\/div><span class=\"tmm_columns_containers_desktop\"><\/span><div class=\"tmm_container\"><div class=\"tmm_member\" style=\"border-top:#333333 solid 5px;\"><div class=\"tmm_photo tmm_pic_francais-comite-executif_3\" style=\"background: url(https:\/\/www.skipatrol.ca\/sites\/www.skipatrol.ca\/wp-content\/\/uploads\/sites\/32\/2020\/02\/Michelle-Matte-Stotyn-scaled.jpg); margin-left: auto; margin-right:auto; background-size:cover !important;\"><\/div><div class=\"tmm_textblock\"><div class=\"tmm_names\"><span class=\"tmm_fname\">Michelle<\/span> <span class=\"tmm_lname\">Matte-Stotyn<\/span><\/div><div class=\"tmm_job\">VP Education and Training<br \/>\u2014<br \/>V.-p.\u00e0 l'\u00e9ducation et \u00e0 la formation<\/div><div class=\"tmm_scblock\"><a class=\"tmm_sociallink\" href=\"mailto:&#077;&#105;&#099;h&#101;&#108;&#108;&#101;&#046;M&#097;t&#116;&#101;-&#083;totyn&#064;s&#107;&#105;pat&#114;o&#108;.&#099;a\" title=\"\"><img decoding=\"async\" alt=\"\" src=\"https:\/\/www.skipatrol.ca\/sites\/www.skipatrol.ca\/wp-content\/plugins\/team-members\/inc\/img\/links\/email.png\"\/><\/a><\/div><\/div><\/div><span class=\"tmm_two_containers_tablet\"><\/span><div class=\"tmm_member\" style=\"border-top:#333333 solid 5px;\"><div class=\"tmm_photo tmm_pic_francais-comite-executif_4\" style=\"background: url(http:\/\/www.skipatrol.ca\/sites\/www.skipatrol.ca\/wp-content\/\/uploads\/sites\/32\/2020\/02\/Robert-Holmes-scaled.jpg); margin-left: auto; margin-right:auto; background-size:cover !important;\"><\/div><div class=\"tmm_textblock\"><div class=\"tmm_names\"><span class=\"tmm_fname\">Robert<\/span> <span class=\"tmm_lname\">Holmes<\/span><\/div><div class=\"tmm_job\">VP Finance<br \/>\u2014<br \/>V.-p. aux finances<\/div><div class=\"tmm_scblock\"><a class=\"tmm_sociallink\" href=\"mailto:Ro&#098;e&#114;t.&#072;&#111;&#108;mes&#064;&#115;k&#105;&#112;&#097;&#116;rol&#046;&#099;a\" title=\"\"><img decoding=\"async\" alt=\"\" src=\"https:\/\/www.skipatrol.ca\/sites\/www.skipatrol.ca\/wp-content\/plugins\/team-members\/inc\/img\/links\/email.png\"\/><\/a><\/div><\/div><\/div><div class=\"tmm_member\" style=\"border-top:#333333 solid 5px;\"><div class=\"tmm_photo tmm_pic_francais-comite-executif_5\" style=\"background: url(https:\/\/cspnational.s3.ca-central-1.amazonaws.com\/wp-content\/uploads\/sites\/32\/2020\/01\/17183616\/DeanBuzza.png); margin-left: auto; margin-right:auto; background-size:cover !important;\"><\/div><div class=\"tmm_textblock\"><div class=\"tmm_names\"><span class=\"tmm_fname\">Dean<\/span> <span class=\"tmm_lname\">Buzza<\/span><\/div><div class=\"tmm_job\">VP Operations<br \/>\u2014<br \/>V.-p. aux op\u00e9rations<\/div><div class=\"tmm_scblock\"><a class=\"tmm_sociallink\" href=\"mailto:&#068;&#101;an&#046;Bu&#122;&#122;a&#064;s&#107;&#105;p&#097;t&#114;&#111;l&#046;ca\" title=\"\"><img decoding=\"async\" alt=\"\" src=\"https:\/\/www.skipatrol.ca\/sites\/www.skipatrol.ca\/wp-content\/plugins\/team-members\/inc\/img\/links\/email.png\"\/><\/a><\/div><\/div><\/div><span class=\"tmm_two_containers_tablet\"><\/span><\/div><span class=\"tmm_columns_containers_desktop\"><\/span><div class=\"tmm_container\"><div class=\"tmm_member\" style=\"border-top:#333333 solid 5px;\"><div class=\"tmm_photo tmm_pic_francais-comite-executif_6\" style=\"background: url(https:\/\/cspnational.s3.ca-central-1.amazonaws.com\/wp-content\/uploads\/sites\/32\/2024\/05\/21175202\/Ian.png); margin-left: auto; margin-right:auto; background-size:cover !important;\"><\/div><div class=\"tmm_textblock\"><div class=\"tmm_names\"><span class=\"tmm_fname\">Ian<\/span> <span class=\"tmm_lname\">Izzard<\/span><\/div><div class=\"tmm_job\">VP Recruitment and Marketing<br \/>\u2014<br \/>V.-p. au recrutement et \u00e0 la mercatique<\/div><div class=\"tmm_scblock\"><a class=\"tmm_sociallink\" href=\"mailto:I&#097;&#110;.&#073;z&#122;&#097;r&#100;&#064;&#083;&#107;&#105;&#080;&#097;&#116;rol.ca\" title=\"\"><img decoding=\"async\" alt=\"\" src=\"https:\/\/www.skipatrol.ca\/sites\/www.skipatrol.ca\/wp-content\/plugins\/team-members\/inc\/img\/links\/email.png\"\/><\/a><\/div><\/div><\/div><div class=\"tmm_member\" style=\"border-top:#333333 solid 5px;\"><div class=\"tmm_photo tmm_pic_francais-comite-executif_7\" style=\"background: url(https:\/\/www.skipatrol.ca\/sites\/www.skipatrol.ca\/wp-content\/uploads\/sites\/32\/2020\/02\/Nick-Cartwright-scaled.jpg); margin-left: auto; margin-right:auto; background-size:cover !important;\"><\/div><div class=\"tmm_textblock\"><div class=\"tmm_names\"><span class=\"tmm_fname\">Nick<\/span> <span class=\"tmm_lname\">Cartwright<\/span><\/div><div class=\"tmm_job\">VP Special Events<br \/>\u2014<br \/>V.-p. aux \u00e9v\u00e8nements hors-ski<\/div><div class=\"tmm_scblock\"><a class=\"tmm_sociallink\" href=\"mailto:N&#105;ck.Car&#116;&#119;r&#105;&#103;&#104;t&#064;&#083;&#107;iPat&#114;&#111;l&#046;c&#097;\" title=\"\"><img decoding=\"async\" alt=\"\" src=\"https:\/\/www.skipatrol.ca\/sites\/www.skipatrol.ca\/wp-content\/plugins\/team-members\/inc\/img\/links\/email.png\"\/><\/a><\/div><\/div><\/div><span class=\"tmm_two_containers_tablet\"><\/span><div class=\"tmm_member\" style=\"border-top:#333333 solid 5px;\"><div class=\"tmm_photo tmm_pic_francais-comite-executif_8\" style=\"background: url(https:\/\/cspnational.s3.ca-central-1.amazonaws.com\/wp-content\/uploads\/sites\/32\/2020\/01\/17140152\/Guy-Warwick.jpg); margin-left: auto; margin-right:auto; background-size:cover !important;\"><\/div><div class=\"tmm_textblock\"><div class=\"tmm_names\"><span class=\"tmm_fname\">Guy<\/span> <span class=\"tmm_lname\">Warwick<\/span><\/div><div class=\"tmm_job\">VP Safety and Prevention and HUman Resouces<br \/>\u2014<br \/>V.-p. \u00e0 la pr\u00e9vention et aux ressources humaines<\/div><div class=\"tmm_scblock\"><a class=\"tmm_sociallink\" href=\"mailto:Guy.Warw&#105;&#099;k&#064;Sk&#105;P&#097;&#116;ro&#108;.&#099;&#097;\" title=\"\"><img decoding=\"async\" alt=\"\" src=\"https:\/\/www.skipatrol.ca\/sites\/www.skipatrol.ca\/wp-content\/plugins\/team-members\/inc\/img\/links\/email.png\"\/><\/a><\/div><\/div><\/div><div style=\"clear:both;\"><\/div><\/div><\/div><\/div><\/div>\n<h1 style=\"text-align: center\">Patrol Leaders \u2014 Chefs de patrouille<\/h1>\n<div style=\"text-align: center\"><div class=\"tmm tmm_patrol-leaders\"><div class=\"tmm_3_columns tmm_wrap tmm_theme_f\"><span class=\"tmm_two_containers_tablet\"><\/span><div class=\"tmm_container\"><div class=\"tmm_member\" style=\"border-top:#333333 solid 5px;\"><div class=\"tmm_photo tmm_pic_patrol-leaders_0\" style=\"background: url(http:\/\/www.skipatrol.ca\/sites\/www.skipatrol.ca\/wp-content\/\/uploads\/sites\/32\/2020\/02\/Geoff-Skeggs-scaled.jpg); margin-left: auto; margin-right:auto; background-size:cover !important;\"><\/div><div class=\"tmm_textblock\"><div class=\"tmm_names\"><span class=\"tmm_fname\">Geoff<\/span> <span class=\"tmm_lname\">Skeggs<\/span><\/div><div class=\"tmm_job\">Chef de patrouille<br \/>\u00e0 Camp Fortune<br \/>\u2014<br \/>Camp Fortune Patrol Leader<\/div><div class=\"tmm_scblock\"><a class=\"tmm_sociallink\" href=\"mailto:g&#101;of&#102;&#046;sk&#101;gg&#115;&#064;skip&#097;&#116;&#114;&#111;l.ca\" title=\"\"><img decoding=\"async\" alt=\"\" src=\"https:\/\/www.skipatrol.ca\/sites\/www.skipatrol.ca\/wp-content\/plugins\/team-members\/inc\/img\/links\/email.png\"\/><\/a><\/div><\/div><\/div><div class=\"tmm_member\" style=\"border-top:#333333 solid 5px;\"><div class=\"tmm_photo tmm_pic_patrol-leaders_1\" style=\"background: url(http:\/\/www.skipatrol.ca\/sites\/www.skipatrol.ca\/wp-content\/\/uploads\/sites\/32\/2020\/02\/Nigel-Perry-scaled.jpg); margin-left: auto; margin-right:auto; background-size:cover !important;\"><\/div><div class=\"tmm_textblock\"><div class=\"tmm_names\"><span class=\"tmm_fname\">Nigel<\/span> <span class=\"tmm_lname\">Perry<\/span><\/div><div class=\"tmm_job\">Chef de patrouille<br \/>au Mont-Cascades<br \/>\u2014<br \/>Mont-Cascades  Patrol Leader<\/div><div class=\"tmm_scblock\"><a class=\"tmm_sociallink\" href=\"mailto:&#110;i&#103;&#101;&#108;&#046;&#112;er&#114;y&#064;sk&#105;&#112;atr&#111;&#108;&#046;&#099;a\" title=\"\"><img decoding=\"async\" alt=\"\" src=\"https:\/\/www.skipatrol.ca\/sites\/www.skipatrol.ca\/wp-content\/plugins\/team-members\/inc\/img\/links\/email.png\"\/><\/a><\/div><\/div><\/div><span class=\"tmm_two_containers_tablet\"><\/span><div class=\"tmm_member\" style=\"border-top:#333333 solid 5px;\"><div class=\"tmm_photo tmm_pic_patrol-leaders_2\" style=\"background: url(http:\/\/www.skipatrol.ca\/sites\/www.skipatrol.ca\/wp-content\/\/uploads\/sites\/32\/2020\/01\/Joel-Hernberger.jpg); margin-left: auto; margin-right:auto; background-size:cover !important;\"><\/div><div class=\"tmm_textblock\"><div class=\"tmm_names\"><span class=\"tmm_fname\">Joel<\/span> <span class=\"tmm_lname\">Hernberger<\/span><\/div><div class=\"tmm_job\">Chef de patrouille<br \/> au Mont Chilly<br \/>\u2014<br \/>Mount Chilly Patrol Leader<\/div><div class=\"tmm_scblock\"><a class=\"tmm_sociallink\" href=\"mailto:joe&#108;&#046;&#104;er&#110;b&#101;&#114;ger&#064;&#115;k&#105;&#112;a&#116;ro&#108;.&#099;a\" title=\"\"><img decoding=\"async\" alt=\"\" src=\"https:\/\/www.skipatrol.ca\/sites\/www.skipatrol.ca\/wp-content\/plugins\/team-members\/inc\/img\/links\/email.png\"\/><\/a><\/div><\/div><\/div><\/div><span class=\"tmm_columns_containers_desktop\"><\/span><div class=\"tmm_container\"><div class=\"tmm_member\" style=\"border-top:#333333 solid 5px;\"><div class=\"tmm_photo tmm_pic_patrol-leaders_3\" style=\"background: url(https:\/\/cspnational.s3.ca-central-1.amazonaws.com\/wp-content\/uploads\/sites\/32\/2025\/08\/21175134\/Eric-Hanna-Quinn.jpg); margin-left: auto; margin-right:auto; background-size:cover !important;\"><\/div><div class=\"tmm_textblock\"><div class=\"tmm_names\"><span class=\"tmm_fname\">Eric<\/span> <span class=\"tmm_lname\">Hanna-Quinn<\/span><\/div><div class=\"tmm_job\">Chef de patrouille<br \/>au Mont Ste-Marie<br \/>\u2014<br \/>Mont Ste-Marie Patrol Leader<\/div><div class=\"tmm_scblock\"><a class=\"tmm_sociallink\" href=\"mailto:&#112;&#097;trolmsm&#064;&#103;&#109;&#097;i&#108;.&#099;om\" title=\"\"><img decoding=\"async\" alt=\"\" src=\"https:\/\/www.skipatrol.ca\/sites\/www.skipatrol.ca\/wp-content\/plugins\/team-members\/inc\/img\/links\/email.png\"\/><\/a><\/div><\/div><\/div><span class=\"tmm_two_containers_tablet\"><\/span><div class=\"tmm_member\" style=\"border-top:#333333 solid 5px;\"><div class=\"tmm_photo tmm_pic_patrol-leaders_4\" style=\"background: url(http:\/\/www.skipatrol.ca\/sites\/www.skipatrol.ca\/wp-content\/\/uploads\/sites\/32\/2020\/01\/Myrna-Mcauley.jpg); margin-left: auto; margin-right:auto; background-size:cover !important;\"><\/div><div class=\"tmm_textblock\"><div class=\"tmm_names\"><span class=\"tmm_fname\">Myrna<\/span> <span class=\"tmm_lname\">McAuley<\/span><\/div><div class=\"tmm_job\">Cheffe de patrouille<br \/>\u00e0 Mount Martin<br \/>\u2014<br \/>Mount Martin Patrol Leader<\/div><div class=\"tmm_scblock\"><a class=\"tmm_sociallink\" href=\"mailto:myrna&#046;&#109;c&#097;u&#108;ey&#064;ski&#112;a&#116;rol.&#099;&#097;\" title=\"\"><img decoding=\"async\" alt=\"\" src=\"https:\/\/www.skipatrol.ca\/sites\/www.skipatrol.ca\/wp-content\/plugins\/team-members\/inc\/img\/links\/email.png\"\/><\/a><\/div><\/div><\/div><div class=\"tmm_member\" style=\"border-top:#333333 solid 5px;\"><div class=\"tmm_photo tmm_pic_patrol-leaders_5\" style=\"background: url(https:\/\/cspnational.s3.ca-central-1.amazonaws.com\/wp-content\/uploads\/sites\/32\/2020\/01\/17183718\/RichardWebb.png); margin-left: auto; margin-right:auto; background-size:cover !important;\"><\/div><div class=\"tmm_textblock\"><div class=\"tmm_names\"><span class=\"tmm_fname\">Richard<\/span> <span class=\"tmm_lname\">Webb<\/span><\/div><div class=\"tmm_job\">Chef de patrouille<br \/>\u00e0 Mount Pakenham<br \/>\u2014<br \/>Mount Pakenham Patrol Leader<\/div><div class=\"tmm_scblock\"><a class=\"tmm_sociallink\" href=\"mailto:&#082;&#105;&#099;&#104;&#097;rd&#046;&#087;&#101;bb&#064;Sk&#105;P&#097;&#116;&#114;&#111;l&#046;&#099;&#097;\" title=\"\"><img decoding=\"async\" alt=\"\" src=\"https:\/\/www.skipatrol.ca\/sites\/www.skipatrol.ca\/wp-content\/plugins\/team-members\/inc\/img\/links\/email.png\"\/><\/a><\/div><\/div><\/div><span class=\"tmm_two_containers_tablet\"><\/span><\/div><span class=\"tmm_columns_containers_desktop\"><\/span><div class=\"tmm_container\"><div class=\"tmm_member\" style=\"border-top:#333333 solid 5px;\"><div class=\"tmm_textblock\"><div class=\"tmm_names\"><span class=\"tmm_fname\">Comit\u00e9 - Committee<\/span> <span class=\"tmm_lname\">(Jean Frenette, Rob Cepella, Jenifer Cepella)<\/span><\/div><div class=\"tmm_job\">Chef de patrouille nordique<br \/>\u00e0 Nakkertok<br \/>\u2014<br \/>Nakkertok Nordic Patrol Leader<\/div><div class=\"tmm_scblock\"><a class=\"tmm_sociallink\" href=\"mailto:&#078;&#097;kk&#101;&#114;tok&#064;&#083;k&#105;&#080;a&#116;ro&#108;.ca\" title=\"\"><img decoding=\"async\" alt=\"\" src=\"https:\/\/www.skipatrol.ca\/sites\/www.skipatrol.ca\/wp-content\/plugins\/team-members\/inc\/img\/links\/email.png\"\/><\/a><\/div><\/div><\/div><div class=\"tmm_member\" style=\"border-top:#333333 solid 5px;\"><div class=\"tmm_photo tmm_pic_patrol-leaders_7\" style=\"background: url(https:\/\/cspnational.s3.ca-central-1.amazonaws.com\/wp-content\/uploads\/sites\/32\/2020\/01\/29085248\/Rancourt-Jason.jpg); margin-left: auto; margin-right:auto; background-size:cover !important;\"><\/div><div class=\"tmm_textblock\"><div class=\"tmm_names\"><span class=\"tmm_fname\">Jason<\/span> <span class=\"tmm_lname\">Rancourt<\/span><\/div><div class=\"tmm_job\">Chef de patrouille<br \/>\u00e0 Centre Vorlage<br \/>\u2014<br \/>Centre Vorlage Patrol Leader<\/div><div class=\"tmm_scblock\"><a class=\"tmm_sociallink\" href=\"mailto:Jaso&#110;&#046;&#082;a&#110;court&#064;S&#107;&#105;&#080;&#097;&#116;rol.ca\" title=\"\"><img decoding=\"async\" alt=\"\" src=\"https:\/\/www.skipatrol.ca\/sites\/www.skipatrol.ca\/wp-content\/plugins\/team-members\/inc\/img\/links\/email.png\"\/><\/a><\/div><\/div><\/div><span class=\"tmm_two_containers_tablet\"><\/span><div class=\"tmm_member\" style=\"border-top:#333333 solid 5px;\"><div class=\"tmm_photo tmm_pic_patrol-leaders_8\" style=\"background: url(http:\/\/www.skipatrol.ca\/sites\/www.skipatrol.ca\/wp-content\/\/uploads\/sites\/32\/2020\/01\/Eric-Torunski.jpg); margin-left: auto; margin-right:auto; background-size:cover !important;\"><\/div><div class=\"tmm_textblock\"><div class=\"tmm_names\"><span class=\"tmm_fname\">Eric<\/span> <span class=\"tmm_lname\">Torunski<\/span><\/div><div class=\"tmm_job\">Chef de patrouille<br \/>au Sommet Edelweiss<br \/>\u2014<br \/>Sommet Edelweiss Patrol Leader<\/div><div class=\"tmm_scblock\"><a class=\"tmm_sociallink\" href=\"mailto:&#101;r&#105;&#099;.&#116;&#111;&#114;un&#115;k&#105;&#064;skipa&#116;&#114;&#111;&#108;&#046;&#099;a\" title=\"\"><img decoding=\"async\" alt=\"\" src=\"https:\/\/www.skipatrol.ca\/sites\/www.skipatrol.ca\/wp-content\/plugins\/team-members\/inc\/img\/links\/email.png\"\/><\/a><\/div><\/div><\/div><\/div><span class=\"tmm_columns_containers_desktop\"><\/span><div class=\"tmm_container\"><div class=\"tmm_member\" style=\"border-top:#333333 solid 5px;\"><div class=\"tmm_photo tmm_pic_patrol-leaders_9\" style=\"background: url(http:\/\/www.skipatrol.ca\/sites\/www.skipatrol.ca\/wp-content\/\/uploads\/sites\/32\/2020\/02\/Nick-Cartwright-scaled.jpg); margin-left: auto; margin-right:auto; background-size:cover !important;\"><\/div><div class=\"tmm_textblock\"><div class=\"tmm_names\"><span class=\"tmm_fname\">Nick<\/span> <span class=\"tmm_lname\">Cartwright<\/span><\/div><div class=\"tmm_job\">Chef de patrouille<br \/>\u00e0 la Place TD<br \/>\u2014<br \/>TD Place Patrol Leader<\/div><div class=\"tmm_scblock\"><a class=\"tmm_sociallink\" href=\"mailto:ni&#099;k.c&#097;&#114;&#116;wrig&#104;t&#064;&#115;k&#105;patro&#108;&#046;&#099;a\" title=\"\"><img decoding=\"async\" alt=\"\" src=\"https:\/\/www.skipatrol.ca\/sites\/www.skipatrol.ca\/wp-content\/plugins\/team-members\/inc\/img\/links\/email.png\"\/><\/a><\/div><\/div><\/div><div style=\"clear:both;\"><\/div><\/div><\/div><\/div><\/div>\n<div>\n<h1 style=\"text-align: center\">Other positions \u2014 Autres r\u00f4les<\/h1>\n<div style=\"text-align: center\"><div class=\"tmm tmm_enother-positionsfrautres-roles\"><div class=\"tmm_3_columns tmm_wrap tmm_plugin_f\"><span class=\"tmm_two_containers_tablet\"><\/span><div class=\"tmm_container\"><div class=\"tmm_member\" style=\"border-top:#333333 solid 5px;\"><div class=\"tmm_photo tmm_pic_enother-positionsfrautres-roles_0\" style=\"background: url(https:\/\/cspnational.s3.ca-central-1.amazonaws.com\/wp-content\/uploads\/sites\/32\/2020\/01\/01192807\/Pierre-Pierre-Blais-scaled.jpg); margin-left: auto; margin-right:auto; background-size:cover !important;\"><\/div><div class=\"tmm_textblock\"><div class=\"tmm_names\"><span class=\"tmm_fname\">Pierre Pierre<\/span> <span class=\"tmm_lname\">Blais<\/span><\/div><div class=\"tmm_job\">Awards Committee Chair<br \/>\u2014<br \/>Pr\u00e9sident du comit\u00e9 des prix<\/div><div class=\"tmm_scblock\"><a class=\"tmm_sociallink\" href=\"mailto:P&#105;&#101;&#114;rePie&#114;&#114;e&#046;&#066;&#108;a&#105;&#115;&#064;S&#107;&#105;&#080;at&#114;&#111;&#108;&#046;&#099;&#097;\" title=\"\"><img decoding=\"async\" alt=\"\" src=\"https:\/\/www.skipatrol.ca\/sites\/www.skipatrol.ca\/wp-content\/plugins\/team-members\/inc\/img\/links\/email.png\"\/><\/a><\/div><\/div><\/div><div class=\"tmm_member\" style=\"border-top:#333333 solid 5px;\"><div class=\"tmm_photo tmm_pic_enother-positionsfrautres-roles_1\" style=\"background: url(https:\/\/cspnational.s3.ca-central-1.amazonaws.com\/wp-content\/uploads\/sites\/32\/2025\/01\/24174841\/De_Rienzo_Allie.jpeg); margin-left: auto; margin-right:auto; background-size:cover !important;\"><\/div><div class=\"tmm_textblock\"><div class=\"tmm_names\"><span class=\"tmm_fname\">Allie<\/span> <span class=\"tmm_lname\">Di Rienzo<\/span><\/div><div class=\"tmm_job\">Secretary<br \/>\u2014<br \/>Secr\u00e9taire<\/div><div class=\"tmm_scblock\"><a class=\"tmm_sociallink\" href=\"mailto:&#065;l&#108;ie&#046;&#068;&#105;-&#082;i&#101;&#110;&#122;o&#064;&#083;&#107;&#105;&#080;atr&#111;&#108;&#046;c&#097;&#038;g&#116;;\" title=\"\"><img decoding=\"async\" alt=\"\" src=\"https:\/\/www.skipatrol.ca\/sites\/www.skipatrol.ca\/wp-content\/plugins\/team-members\/inc\/img\/links\/email.png\"\/><\/a><\/div><\/div><\/div><div style=\"clear:both;\"><\/div><\/div><\/div><\/div><\/div>\n<\/div>\n","protected":false},"excerpt":{"rendered":"<p>Executive Committee \u2014 Comit\u00e9 ex\u00e9cutif Patrol Leaders \u2014 Chefs de patrouille Other positions \u2014 Autres r\u00f4les<\/p>\n","protected":false},"author":4811,"featured_media":785,"parent":1468,"menu_order":22,"comment_status":"closed","ping_status":"closed","template":"","meta":{"footnotes":""},"class_list":["post-1084","page","type-page","status-publish","has-post-thumbnail","hentry"],"_links":{"self":[{"href":"https:\/\/www.skipatrol.ca\/gatineau\/wp-json\/wp\/v2\/pages\/1084","targetHints":{"allow":["GET"]}}],"collection":[{"href":"https:\/\/www.skipatrol.ca\/gatineau\/wp-json\/wp\/v2\/pages"}],"about":[{"href":"https:\/\/www.skipatrol.ca\/gatineau\/wp-json\/wp\/v2\/types\/page"}],"author":[{"embeddable":true,"href":"https:\/\/www.skipatrol.ca\/gatineau\/wp-json\/wp\/v2\/users\/4811"}],"replies":[{"embeddable":true,"href":"https:\/\/www.skipatrol.ca\/gatineau\/wp-json\/wp\/v2\/comments?post=1084"}],"version-history":[{"count":3,"href":"https:\/\/www.skipatrol.ca\/gatineau\/wp-json\/wp\/v2\/pages\/1084\/revisions"}],"predecessor-version":[{"id":2031,"href":"https:\/\/www.skipatrol.ca\/gatineau\/wp-json\/wp\/v2\/pages\/1084\/revisions\/2031"}],"up":[{"embeddable":true,"href":"https:\/\/www.skipatrol.ca\/gatineau\/wp-json\/wp\/v2\/pages\/1468"}],"wp:featuredmedia":[{"embeddable":true,"href":"https:\/\/www.skipatrol.ca\/gatineau\/wp-json\/wp\/v2\/media\/785"}],"wp:attachment":[{"href":"https:\/\/www.skipatrol.ca\/gatineau\/wp-json\/wp\/v2\/media?parent=1084"}],"curies":[{"name":"wp","href":"https:\/\/api.w.org\/{rel}","templated":true}]}}