{"id":13,"date":"2014-03-05T17:35:23","date_gmt":"2014-03-05T17:35:23","guid":{"rendered":"http:\/\/www.csp-pcs.com\/lanaudiere\/?page_id=13"},"modified":"2024-11-05T16:13:37","modified_gmt":"2024-11-05T16:13:37","slug":"qui-sommes-nous","status":"publish","type":"page","link":"https:\/\/www.skipatrol.ca\/lanaudiere\/qui-sommes-nous\/","title":{"rendered":"Qui sommes nous"},"content":{"rendered":"<p>La Patrouille canadienne de ski (la PCS) est une corporation sans but lucratif form\u00e9e de membres b\u00e9n\u00e9voles et professionnels ayant re\u00e7u une excellente formation. L&#8217;Organisation, qui \u0153uvre \u00e0 l&#8217;\u00e9chelle nationale, a \u00e9t\u00e9 cr\u00e9e afin de promouvoir la s\u00e9curit\u00e9 en ski et d&#8217;offrir un service de premiers soins \u00e0 la client\u00e8le dans le besoin. La PCS offre, sans frais, un service uniforme, hautement comp\u00e9tent et responsable aux amateurs de sports de glisse.<\/p>\n<p>La Patrouille canadienne de ski a \u00e9t\u00e9 fond\u00e9e en 1941 et compte maintenant plus de 4000 membres b\u00e9n\u00e9voles \u00e0 travers le Canada et patrouille activement dans 230 stations de ski d&#8217;un oc\u00e9an \u00e0 l&#8217;autre. La PCS\u00a0est reconnue pour la qualit\u00e9 et le professionnalisme de ses membres.<\/p>\n<p>La PCS forme des patrouilleurs alpins, nordiques, sur planche \u00e0 neige et en t\u00e9l\u00e9mark. Les services offerts aux membres incluent, entre autres, une formation de haut calibre en premiers soins, une assurance pour les patrouilleurs b\u00e9n\u00e9voles, des uniformes et les manuels de formation.<\/p>\n<p>La Patrouille canadienne de Ski (PCS) offre ses services aux zones comme la zone Lanaudi\u00e8re, celles-ci offrent leurs services aux centres de ski (alpins et nordiques).<\/p>\n<p><a href=\"http:\/\/zone.skipatrol.ca\/lanaudiere\/wp-content\/uploads\/2018\/05\/Web-3.jpg\"><img loading=\"lazy\" decoding=\"async\" class=\"alignnone size-medium wp-image-202\" src=\"http:\/\/zone.skipatrol.ca\/lanaudiere\/wp-content\/uploads\/2018\/05\/Web-3-300x169.jpg\" alt=\"\" width=\"300\" height=\"169\" \/><\/a><a href=\"http:\/\/zone.skipatrol.ca\/lanaudiere\/wp-content\/uploads\/2018\/05\/Web-4.jpg\"><img loading=\"lazy\" decoding=\"async\" class=\"alignnone size-medium wp-image-203\" src=\"http:\/\/zone.skipatrol.ca\/lanaudiere\/wp-content\/uploads\/2018\/05\/Web-4-300x200.jpg\" alt=\"\" width=\"300\" height=\"200\" \/><\/a><\/p>\n","protected":false},"excerpt":{"rendered":"<p>La Patrouille canadienne de ski (la PCS) est une corporation sans but lucratif form\u00e9e de membres b\u00e9n\u00e9voles et professionnels ayant re\u00e7u une excellente formation. L&#8217;Organisation, qui \u0153uvre \u00e0 l&#8217;\u00e9chelle nationale, a \u00e9t\u00e9 cr\u00e9e afin de promouvoir la s\u00e9curit\u00e9 en ski<\/p>\n","protected":false},"author":4504,"featured_media":0,"parent":0,"menu_order":2,"comment_status":"closed","ping_status":"closed","template":"","meta":{"footnotes":""},"class_list":["post-13","page","type-page","status-publish","hentry"],"_links":{"self":[{"href":"https:\/\/www.skipatrol.ca\/lanaudiere\/wp-json\/wp\/v2\/pages\/13","targetHints":{"allow":["GET"]}}],"collection":[{"href":"https:\/\/www.skipatrol.ca\/lanaudiere\/wp-json\/wp\/v2\/pages"}],"about":[{"href":"https:\/\/www.skipatrol.ca\/lanaudiere\/wp-json\/wp\/v2\/types\/page"}],"author":[{"embeddable":true,"href":"https:\/\/www.skipatrol.ca\/lanaudiere\/wp-json\/wp\/v2\/users\/4504"}],"replies":[{"embeddable":true,"href":"https:\/\/www.skipatrol.ca\/lanaudiere\/wp-json\/wp\/v2\/comments?post=13"}],"version-history":[{"count":2,"href":"https:\/\/www.skipatrol.ca\/lanaudiere\/wp-json\/wp\/v2\/pages\/13\/revisions"}],"predecessor-version":[{"id":209,"href":"https:\/\/www.skipatrol.ca\/lanaudiere\/wp-json\/wp\/v2\/pages\/13\/revisions\/209"}],"wp:attachment":[{"href":"https:\/\/www.skipatrol.ca\/lanaudiere\/wp-json\/wp\/v2\/media?parent=13"}],"curies":[{"name":"wp","href":"https:\/\/api.w.org\/{rel}","templated":true}]}}