{"id":236,"date":"2020-06-10T14:43:19","date_gmt":"2020-06-10T14:43:19","guid":{"rendered":"https:\/\/www.skipatrol.ca\/lanaudiere\/recrutement\/"},"modified":"2022-06-21T01:47:37","modified_gmt":"2022-06-21T01:47:37","slug":"recrutement","status":"publish","type":"page","link":"https:\/\/www.skipatrol.ca\/lanaudiere\/recrutement\/?lang=fr","title":{"rendered":"Recrutement &#8211; TEST"},"content":{"rendered":"<p>Bienvenue sur la page de recrutement de la PCS zone Lanaudi\u00e8re<\/p>\n<p>Vous d\u00e9sirez pratiquer un sport de glisse tout en faisant partie de la meilleure gang de la montagne, alors joignez-vous \u00e0 la patrouille<\/p>\n<p>Inscrivez vous en ligne en cliquant ici: <a href=\"https:\/\/www.skipatrol.ca\/portal\/fra\/prereg_form.php3?div=03&amp;zone=17\"><img loading=\"lazy\" decoding=\"async\" class=\"alignnone size-medium wp-image-221\" src=\"http:\/\/www.skipatrol.ca\/sites\/www.skipatrol.ca\/wp-content\/\/uploads\/sites\/35\/2020\/06\/inscription-4_orig-300x150.gif\" alt=\"\" width=\"300\" height=\"150\" \/><\/a><\/p>\n<p><img loading=\"lazy\" decoding=\"async\" class=\"alignnone size-medium wp-image-237\" src=\"https:\/\/www.skipatrol.ca\/sites\/www.skipatrol.ca\/wp-content\/\/uploads\/sites\/35\/2020\/06\/Recrutement-PCS-Lanaudi\u00e8re-200x300.jpg\" alt=\"\" width=\"1000\" height=\"1500\" srcset=\"https:\/\/www.skipatrol.ca\/sites\/www.skipatrol.ca\/wp-content\/uploads\/sites\/35\/2020\/06\/Recrutement-PCS-Lanaudi\u00e8re-200x300.jpg 200w, https:\/\/www.skipatrol.ca\/sites\/www.skipatrol.ca\/wp-content\/uploads\/sites\/35\/2020\/06\/Recrutement-PCS-Lanaudi\u00e8re-682x1024.jpg 682w, https:\/\/www.skipatrol.ca\/sites\/www.skipatrol.ca\/wp-content\/uploads\/sites\/35\/2020\/06\/Recrutement-PCS-Lanaudi\u00e8re-768x1153.jpg 768w, https:\/\/www.skipatrol.ca\/sites\/www.skipatrol.ca\/wp-content\/uploads\/sites\/35\/2020\/06\/Recrutement-PCS-Lanaudi\u00e8re.jpg 799w\" sizes=\"auto, (max-width: 1000px) 100vw, 1000px\" \/><\/p>\n<p>Inscrivez vous en ligne en cliquant ici: <a href=\"https:\/\/www.skipatrol.ca\/portal\/fra\/prereg_form.php3?div=03&amp;zone=17\"><img loading=\"lazy\" decoding=\"async\" class=\"alignnone size-medium wp-image-221\" src=\"http:\/\/www.skipatrol.ca\/sites\/www.skipatrol.ca\/wp-content\/\/uploads\/sites\/35\/2020\/06\/inscription-4_orig-300x150.gif\" alt=\"\" width=\"300\" height=\"150\" \/><\/a><\/p>\n[:en]Bienvenue sur la page de recrutement de la PCS zone Lanaudi\u00e8re<\/p>\n<p>Vous d\u00e9sirez pratiquer un sport de glisse tout en faisant partie de la meilleure gang de la montagne, alors joignez-vous \u00e0 la patrouille<\/p>\n<p>Inscrivez vous en ligne en cliquant ici: <a href=\"https:\/\/www.skipatrol.ca\/portal\/fra\/prereg_form.php3?div=03&amp;zone=17\"><img loading=\"lazy\" decoding=\"async\" class=\"alignnone size-medium wp-image-221\" src=\"http:\/\/www.skipatrol.ca\/sites\/www.skipatrol.ca\/wp-content\/\/uploads\/sites\/35\/2020\/06\/inscription-4_orig-300x150.gif\" alt=\"\" width=\"300\" height=\"150\" \/><\/a><\/p>\n<p><a href=\"https:\/\/www.skipatrol.ca\/portal\/fra\/prereg_form.php3?div=03&amp;zone=17\"><img loading=\"lazy\" decoding=\"async\" class=\"alignnone size-medium wp-image-237\" src=\"https:\/\/www.skipatrol.ca\/sites\/www.skipatrol.ca\/wp-content\/\/uploads\/sites\/35\/2020\/06\/Recrutement-PCS-Lanaudi\u00e8re-200x300.jpg\" alt=\"\" width=\"1000\" height=\"1500\" srcset=\"https:\/\/www.skipatrol.ca\/sites\/www.skipatrol.ca\/wp-content\/uploads\/sites\/35\/2020\/06\/Recrutement-PCS-Lanaudi\u00e8re-200x300.jpg 200w, https:\/\/www.skipatrol.ca\/sites\/www.skipatrol.ca\/wp-content\/uploads\/sites\/35\/2020\/06\/Recrutement-PCS-Lanaudi\u00e8re-682x1024.jpg 682w, https:\/\/www.skipatrol.ca\/sites\/www.skipatrol.ca\/wp-content\/uploads\/sites\/35\/2020\/06\/Recrutement-PCS-Lanaudi\u00e8re-768x1153.jpg 768w, https:\/\/www.skipatrol.ca\/sites\/www.skipatrol.ca\/wp-content\/uploads\/sites\/35\/2020\/06\/Recrutement-PCS-Lanaudi\u00e8re.jpg 799w\" sizes=\"auto, (max-width: 1000px) 100vw, 1000px\" \/><\/a><\/p>\n[:]\n","protected":false},"excerpt":{"rendered":"<p>Bienvenue sur la page de recrutement de la PCS zone Lanaudi\u00e8re Vous d\u00e9sirez pratiquer un sport de glisse tout en faisant partie de la meilleure gang de la montagne, alors joignez-vous \u00e0 la patrouille Inscrivez vous en ligne en cliquant<\/p>\n","protected":false},"author":4506,"featured_media":0,"parent":0,"menu_order":4,"comment_status":"closed","ping_status":"closed","template":"","meta":{"footnotes":""},"class_list":["post-236","page","type-page","status-publish","hentry"],"_links":{"self":[{"href":"https:\/\/www.skipatrol.ca\/lanaudiere\/wp-json\/wp\/v2\/pages\/236","targetHints":{"allow":["GET"]}}],"collection":[{"href":"https:\/\/www.skipatrol.ca\/lanaudiere\/wp-json\/wp\/v2\/pages"}],"about":[{"href":"https:\/\/www.skipatrol.ca\/lanaudiere\/wp-json\/wp\/v2\/types\/page"}],"author":[{"embeddable":true,"href":"https:\/\/www.skipatrol.ca\/lanaudiere\/wp-json\/wp\/v2\/users\/4506"}],"replies":[{"embeddable":true,"href":"https:\/\/www.skipatrol.ca\/lanaudiere\/wp-json\/wp\/v2\/comments?post=236"}],"version-history":[{"count":3,"href":"https:\/\/www.skipatrol.ca\/lanaudiere\/wp-json\/wp\/v2\/pages\/236\/revisions"}],"predecessor-version":[{"id":257,"href":"https:\/\/www.skipatrol.ca\/lanaudiere\/wp-json\/wp\/v2\/pages\/236\/revisions\/257"}],"wp:attachment":[{"href":"https:\/\/www.skipatrol.ca\/lanaudiere\/wp-json\/wp\/v2\/media?parent=236"}],"curies":[{"name":"wp","href":"https:\/\/api.w.org\/{rel}","templated":true}]}}