{"id":33,"date":"2014-03-05T14:13:46","date_gmt":"2014-03-05T19:13:46","guid":{"rendered":"http:\/\/www.csp-pcs.com\/lanaudiere\/?page_id=33"},"modified":"2024-11-05T16:13:37","modified_gmt":"2024-11-05T16:13:37","slug":"comment-devenir-patrouilleur","status":"publish","type":"page","link":"https:\/\/www.skipatrol.ca\/lanaudiere\/comment-devenir-patrouilleur\/","title":{"rendered":"Comment devenir patrouilleur"},"content":{"rendered":"<p>L&#8217;inscription et les cours d\u00e9butent g\u00e9n\u00e9ralement \u00e0 l&#8217;automne tout d\u00e9pendant de la zone. Chaque nouveau membre re\u00e7oit une formation d&#8217;au moins 60 heures en premiers soins, incluant\u00a0 la r\u00e9animation cardio-respiratoire (RCR). Ce cours est obligatoire pour tous les nouveaux membres. La formation sur pentes incluant le maniement du tra\u00eeneau est par la suite enseign\u00e9e dans chaque centre. Apr\u00e8s avoir compl\u00e9t\u00e9 avec succ\u00e8s les tests th\u00e9oriques et pratiques, vous deviendrez un membre qualifi\u00e9 de de la Patrouille canadienne de ski.<\/p>\n<p>Pour devenir membre de la PCS, vous devez \u00eatre \u00e2g\u00e9 d&#8217;au moins 16 ans et skier avec aisance.<\/span><\/p>\n<p>N&#8217;h\u00e9sitez pas \u00e0 communiquer avec nous pour toute autre information.<\/p>\n<p>&nbsp;<\/p>\n<p>Voici le lien vers le formulaire de pr\u00e9-inscription: <a href=\"https:\/\/www.skipatrol.ca\/portal\/fra\/prereg_form.php3?div=03&amp;zone=17\">Pr\u00e9-inscription PCS Lanaudi\u00e8re<\/a><\/p>\n<p>&nbsp;<\/p>\n<p><a href=\"http:\/\/zone.skipatrol.ca\/lanaudiere\/wp-content\/uploads\/2018\/05\/Web-7.jpg\"><img loading=\"lazy\" decoding=\"async\" class=\"alignnone size-medium wp-image-206\" src=\"http:\/\/zone.skipatrol.ca\/lanaudiere\/wp-content\/uploads\/2018\/05\/Web-7-225x300.jpg\" alt=\"\" width=\"225\" height=\"300\" \/><\/a><\/p>\n<p>&nbsp;<\/p>\n","protected":false},"excerpt":{"rendered":"<p>L&#8217;inscription et les cours d\u00e9butent g\u00e9n\u00e9ralement \u00e0 l&#8217;automne tout d\u00e9pendant de la zone. Chaque nouveau membre re\u00e7oit une formation d&#8217;au moins 60 heures en premiers soins, incluant\u00a0 la r\u00e9animation cardio-respiratoire (RCR). Ce cours est obligatoire pour tous les nouveaux membres.<\/p>\n","protected":false},"author":4504,"featured_media":0,"parent":0,"menu_order":3,"comment_status":"closed","ping_status":"closed","template":"","meta":{"footnotes":""},"class_list":["post-33","page","type-page","status-publish","hentry"],"_links":{"self":[{"href":"https:\/\/www.skipatrol.ca\/lanaudiere\/wp-json\/wp\/v2\/pages\/33","targetHints":{"allow":["GET"]}}],"collection":[{"href":"https:\/\/www.skipatrol.ca\/lanaudiere\/wp-json\/wp\/v2\/pages"}],"about":[{"href":"https:\/\/www.skipatrol.ca\/lanaudiere\/wp-json\/wp\/v2\/types\/page"}],"author":[{"embeddable":true,"href":"https:\/\/www.skipatrol.ca\/lanaudiere\/wp-json\/wp\/v2\/users\/4504"}],"replies":[{"embeddable":true,"href":"https:\/\/www.skipatrol.ca\/lanaudiere\/wp-json\/wp\/v2\/comments?post=33"}],"version-history":[{"count":3,"href":"https:\/\/www.skipatrol.ca\/lanaudiere\/wp-json\/wp\/v2\/pages\/33\/revisions"}],"predecessor-version":[{"id":202,"href":"https:\/\/www.skipatrol.ca\/lanaudiere\/wp-json\/wp\/v2\/pages\/33\/revisions\/202"}],"wp:attachment":[{"href":"https:\/\/www.skipatrol.ca\/lanaudiere\/wp-json\/wp\/v2\/media?parent=33"}],"curies":[{"name":"wp","href":"https:\/\/api.w.org\/{rel}","templated":true}]}}