{"id":449,"date":"2023-03-20T20:16:46","date_gmt":"2023-03-21T01:16:46","guid":{"rendered":"https:\/\/www.skipatrol.ca\/laurentienne\/?page_id=449"},"modified":"2025-08-28T20:43:31","modified_gmt":"2025-08-29T01:43:31","slug":"devenir-patrouilleur","status":"publish","type":"page","link":"https:\/\/www.skipatrol.ca\/laurentienne\/devenir-patrouilleur\/","title":{"rendered":"Devenir Patrouilleur"},"content":{"rendered":"<h4><a href=\"\/laurentienne?page_id=666\">Click Here for English<\/a><\/h4>\n<p>&nbsp;<\/p>\n<h2><a href=\"https:\/\/forms.cloud.microsoft\/r\/0g11khV6c7\">Cliquez ici pour notre formulaire d&rsquo;inscription des Recrues<\/a><\/h2>\n<p>&nbsp;<\/p>\n<h1>Devenir Patrouilleur!<\/h1>\n<p>Tu aimes aider les autres?<\/p>\n<p>Tu es un fan de sports de glisse beau temps, mauvais temps?<\/p>\n<p>Tu aimes les premiers soins ou souhaiterais savoir comment intervenir en situation d&rsquo;urgences?<\/p>\n<p>Et bien rejoint nos rangs! <div class=\"frm_forms  with_frm_style frm_style_formidable-style\" id=\"frm_form_2_container\" >\n<form enctype=\"multipart\/form-data\" method=\"post\" class=\"frm-show-form  frm_pro_form \" id=\"form_nous-joindre\" >\n<div class=\"frm_form_fields \">\n<fieldset>\n<legend class=\"frm_screen_reader\">Nous joindre<\/legend>\r\n\r\n<div class=\"frm_fields_container\">\n<input type=\"hidden\" name=\"frm_action\" value=\"create\" \/>\n<input type=\"hidden\" name=\"form_id\" value=\"2\" \/>\n<input type=\"hidden\" name=\"frm_hide_fields_2\" id=\"frm_hide_fields_2\" value=\"\" \/>\n<input type=\"hidden\" name=\"form_key\" value=\"nous-joindre\" \/>\n<input type=\"hidden\" name=\"item_meta[0]\" value=\"\" \/>\n<input type=\"hidden\" id=\"frm_submit_entry_2\" name=\"frm_submit_entry_2\" value=\"2e47a50e78\" \/><input type=\"hidden\" name=\"_wp_http_referer\" value=\"\/laurentienne\/wp-json\/wp\/v2\/pages\/449\" \/><div id=\"frm_field_8_container\" class=\"frm_form_field form-field  frm_required_field frm_top_container frm_first frm_half\">\r\n    <label for=\"field_qh4icy2\" id=\"field_qh4icy2_label\" class=\"frm_primary_label\">Pr\u00e9nom\r\n        <span class=\"frm_required\">*<\/span>\r\n    <\/label>\r\n    <input  type=\"text\" id=\"field_qh4icy2\" name=\"item_meta[8]\" value=\"\"  data-reqmsg=\"Pr\u00e9nom cannot be blank.\" aria-required=\"true\" data-invmsg=\"Name is invalid\" aria-invalid=\"false\"   \/>\r\n    \r\n    \r\n<\/div>\n<div id=\"frm_field_9_container\" class=\"frm_form_field form-field  frm_required_field frm_hidden_container frm_half\">\r\n    <label for=\"field_ocfup12\" id=\"field_ocfup12_label\" class=\"frm_primary_label\">Nom\r\n        <span class=\"frm_required\">*<\/span>\r\n    <\/label>\r\n    <input  type=\"text\" id=\"field_ocfup12\" name=\"item_meta[9]\" value=\"\"  data-reqmsg=\"Nom cannot be blank.\" aria-required=\"true\" data-invmsg=\"Last is invalid\" aria-invalid=\"false\"   \/>\r\n    \r\n    \r\n<\/div>\n<div id=\"frm_field_10_container\" class=\"frm_form_field form-field  frm_required_field frm_top_container frm_full\">\r\n    <label for=\"field_29yf4d2\" id=\"field_29yf4d2_label\" class=\"frm_primary_label\">Courriel\r\n        <span class=\"frm_required\">*<\/span>\r\n    <\/label>\r\n    <input type=\"email\" id=\"field_29yf4d2\" name=\"item_meta[10]\" value=\"\"  data-reqmsg=\"Courriel cannot be blank.\" aria-required=\"true\" data-invmsg=\"Please enter a valid email address\" aria-invalid=\"false\"  \/>\r\n    \r\n    \r\n<\/div>\n<div id=\"frm_field_11_container\" class=\"frm_form_field form-field  frm_required_field frm_top_container frm_full\">\r\n    <label for=\"field_e6lis62\" id=\"field_e6lis62_label\" class=\"frm_primary_label\">Sujet\r\n        <span class=\"frm_required\">*<\/span>\r\n    <\/label>\r\n    <input  type=\"text\" id=\"field_e6lis62\" name=\"item_meta[11]\" value=\"\"  data-reqmsg=\"Sujet cannot be blank.\" aria-required=\"true\" data-invmsg=\"Subject is invalid\" aria-invalid=\"false\"   \/>\r\n    \r\n    \r\n<\/div>\n<div id=\"frm_field_12_container\" class=\"frm_form_field form-field  frm_required_field frm_top_container frm_full\">\r\n    <label for=\"field_9jv0r12\" id=\"field_9jv0r12_label\" class=\"frm_primary_label\">Message\r\n        <span class=\"frm_required\">*<\/span>\r\n    <\/label>\r\n    <textarea name=\"item_meta[12]\" id=\"field_9jv0r12\" rows=\"5\"  data-reqmsg=\"Message cannot be blank.\" aria-required=\"true\" data-invmsg=\"Message is invalid\" aria-invalid=\"false\"  ><\/textarea>\r\n    \r\n    \r\n<\/div>\n\t<input type=\"hidden\" name=\"item_key\" value=\"\" \/>\n\t\t\t<div id=\"frm_field_23_container\">\n\t\t\t<label for=\"field_6h17k\" >\n\t\t\t\tIf you are human, leave this field blank.\t\t\t<\/label>\n\t\t\t<input  id=\"field_6h17k\" type=\"text\" class=\"frm_form_field form-field frm_verify\" name=\"item_meta[23]\" value=\"\"  \/>\n\t\t<\/div>\n\t\t<input name=\"frm_state\" type=\"hidden\" value=\"rzgDCN2+C4qG2jkaWvzD\/2wpMNljxzZL5bXBGPua3LxrOjw4N13VCRVy7k9VPvV8\" \/><div class=\"frm_submit\">\r\n\r\n<button class=\"frm_button_submit frm_final_submit\" type=\"submit\"   formnovalidate=\"formnovalidate\">Submit<\/button>\r\n\r\n<\/div><\/div>\n<\/fieldset>\n<\/div>\n\n<\/form>\n<\/div>\n\n<p><img loading=\"lazy\" decoding=\"async\" class=\"alignnone wp-image-219\" src=\"https:\/\/www.skipatrol.ca\/sites\/www.skipatrol.ca\/wp-content\/\/uploads\/sites\/47\/2020\/01\/IMG_0705-225x300.jpg\" alt=\"\" width=\"179\" height=\"239\" srcset=\"https:\/\/www.skipatrol.ca\/sites\/www.skipatrol.ca\/wp-content\/uploads\/sites\/47\/2020\/01\/IMG_0705-225x300.jpg 225w, https:\/\/www.skipatrol.ca\/sites\/www.skipatrol.ca\/wp-content\/uploads\/sites\/47\/2020\/01\/IMG_0705-768x1024.jpg 768w, https:\/\/www.skipatrol.ca\/sites\/www.skipatrol.ca\/wp-content\/uploads\/sites\/47\/2020\/01\/IMG_0705-1152x1536.jpg 1152w, https:\/\/www.skipatrol.ca\/sites\/www.skipatrol.ca\/wp-content\/uploads\/sites\/47\/2020\/01\/IMG_0705-1536x2048.jpg 1536w, https:\/\/www.skipatrol.ca\/sites\/www.skipatrol.ca\/wp-content\/uploads\/sites\/47\/2020\/01\/IMG_0705-scaled.jpg 1920w\" sizes=\"auto, (max-width: 179px) 100vw, 179px\" \/>\u00a0<img loading=\"lazy\" decoding=\"async\" class=\"alignnone wp-image-222\" src=\"https:\/\/www.skipatrol.ca\/laurentienne-dev\/sites\/www.skipatrol.ca\/wp-content\/uploads\/sites\/47\/2020\/01\/IMG_0832-scaled-e1659123852927-262x300.jpg\" alt=\"\" width=\"208\" height=\"238\" srcset=\"https:\/\/cspnational.s3.ca-central-1.amazonaws.com\/wp-content\/uploads\/sites\/47\/2020\/01\/29194412\/IMG_0832-scaled-e1659123852927-262x300.jpg 262w, https:\/\/cspnational.s3.ca-central-1.amazonaws.com\/wp-content\/uploads\/sites\/47\/2020\/01\/29194412\/IMG_0832-scaled-e1659123852927-894x1024.jpg 894w, https:\/\/cspnational.s3.ca-central-1.amazonaws.com\/wp-content\/uploads\/sites\/47\/2020\/01\/29194412\/IMG_0832-scaled-e1659123852927-768x880.jpg 768w, https:\/\/cspnational.s3.ca-central-1.amazonaws.com\/wp-content\/uploads\/sites\/47\/2020\/01\/29194412\/IMG_0832-scaled-e1659123852927-1341x1536.jpg 1341w, https:\/\/cspnational.s3.ca-central-1.amazonaws.com\/wp-content\/uploads\/sites\/47\/2020\/01\/29194412\/IMG_0832-scaled-e1659123852927.jpg 1491w\" sizes=\"auto, (max-width: 208px) 100vw, 208px\" \/> <img loading=\"lazy\" decoding=\"async\" class=\"alignnone wp-image-239\" src=\"https:\/\/www.skipatrol.ca\/laurentienne-dev\/sites\/www.skipatrol.ca\/wp-content\/uploads\/sites\/47\/2020\/06\/00_Chantecler6-e1659123939595-212x300.jpg\" alt=\"\" width=\"166\" height=\"235\" srcset=\"https:\/\/cspnational.s3.ca-central-1.amazonaws.com\/wp-content\/uploads\/sites\/47\/2020\/06\/29194539\/00_Chantecler6-e1659123939595-212x300.jpg 212w, https:\/\/cspnational.s3.ca-central-1.amazonaws.com\/wp-content\/uploads\/sites\/47\/2020\/06\/29194539\/00_Chantecler6-e1659123939595.jpg 546w\" sizes=\"auto, (max-width: 166px) 100vw, 166px\" \/><\/p>\n<p class=\"font_6\">\u200bLes candidats devront :<\/p>\n<p class=\"font_6\">&#8211; \u00eatre \u00e2g\u00e9s de 18 ans\u00a0et plus* au 1 janvier suivant la formation;<\/p>\n<p class=\"font_6\">&#8211; avoir un niveau convenable en ski alpin, nordique, planche \u00e0 neige, t\u00e9l\u00e9mark;<\/p>\n<p class=\"font_6\">&#8211; \u00eatre pr\u00eat\u00a0\u00e0 fournir les efforts n\u00e9cessaires pour compl\u00e9ter la formation;<\/p>\n<p><img loading=\"lazy\" decoding=\"async\" class=\"alignnone wp-image-243\" src=\"https:\/\/www.skipatrol.ca\/sites\/www.skipatrol.ca\/wp-content\/\/uploads\/sites\/47\/2020\/06\/00_Chantecler2-300x199.jpg\" alt=\"\" width=\"335\" height=\"222\" srcset=\"https:\/\/www.skipatrol.ca\/sites\/www.skipatrol.ca\/wp-content\/uploads\/sites\/47\/2020\/06\/00_Chantecler2-300x199.jpg 300w, https:\/\/www.skipatrol.ca\/sites\/www.skipatrol.ca\/wp-content\/uploads\/sites\/47\/2020\/06\/00_Chantecler2-1024x681.jpg 1024w, https:\/\/www.skipatrol.ca\/sites\/www.skipatrol.ca\/wp-content\/uploads\/sites\/47\/2020\/06\/00_Chantecler2-768x511.jpg 768w, https:\/\/www.skipatrol.ca\/sites\/www.skipatrol.ca\/wp-content\/uploads\/sites\/47\/2020\/06\/00_Chantecler2.jpg 1268w\" sizes=\"auto, (max-width: 335px) 100vw, 335px\" \/>\u00a0<img loading=\"lazy\" decoding=\"async\" class=\"alignnone wp-image-376\" src=\"https:\/\/www.skipatrol.ca\/laurentienne-dev\/sites\/www.skipatrol.ca\/wp-content\/uploads\/sites\/47\/2022\/07\/Habitant_team_samedi_21-22_zoom-e1659124821809-300x206.jpg\" alt=\"\" width=\"326\" height=\"224\" srcset=\"https:\/\/cspnational.s3.ca-central-1.amazonaws.com\/wp-content\/uploads\/sites\/47\/2022\/07\/29193232\/Habitant_team_samedi_21-22_zoom-e1659124821809-300x206.jpg 300w, https:\/\/cspnational.s3.ca-central-1.amazonaws.com\/wp-content\/uploads\/sites\/47\/2022\/07\/29193232\/Habitant_team_samedi_21-22_zoom-e1659124821809.jpg 558w\" sizes=\"auto, (max-width: 326px) 100vw, 326px\" \/>\u00a0<img loading=\"lazy\" decoding=\"async\" class=\"alignnone wp-image-226 size-medium\" src=\"https:\/\/www.skipatrol.ca\/sites\/www.skipatrol.ca\/wp-content\/\/uploads\/sites\/47\/2020\/01\/IMG_1147-300x225.jpg\" alt=\"\" width=\"300\" height=\"225\" srcset=\"https:\/\/www.skipatrol.ca\/sites\/www.skipatrol.ca\/wp-content\/uploads\/sites\/47\/2020\/01\/IMG_1147-300x225.jpg 300w, https:\/\/www.skipatrol.ca\/sites\/www.skipatrol.ca\/wp-content\/uploads\/sites\/47\/2020\/01\/IMG_1147-1024x768.jpg 1024w, https:\/\/www.skipatrol.ca\/sites\/www.skipatrol.ca\/wp-content\/uploads\/sites\/47\/2020\/01\/IMG_1147-768x576.jpg 768w, https:\/\/www.skipatrol.ca\/sites\/www.skipatrol.ca\/wp-content\/uploads\/sites\/47\/2020\/01\/IMG_1147-1536x1152.jpg 1536w, https:\/\/www.skipatrol.ca\/sites\/www.skipatrol.ca\/wp-content\/uploads\/sites\/47\/2020\/01\/IMG_1147-2048x1536.jpg 2048w\" sizes=\"auto, (max-width: 300px) 100vw, 300px\" \/><\/p>\n","protected":false},"excerpt":{"rendered":"<p>Click Here for English &nbsp; Cliquez ici pour notre formulaire d&rsquo;inscription des Recrues &nbsp; Devenir Patrouilleur! Tu aimes aider les autres? Tu es un fan de sports de glisse beau temps, mauvais temps? Tu aimes les premiers soins ou souhaiterais<\/p>\n","protected":false},"author":2391,"featured_media":209,"parent":0,"menu_order":1,"comment_status":"closed","ping_status":"open","template":"","meta":{"footnotes":""},"class_list":["post-449","page","type-page","status-publish","has-post-thumbnail","hentry"],"_links":{"self":[{"href":"https:\/\/www.skipatrol.ca\/laurentienne\/wp-json\/wp\/v2\/pages\/449","targetHints":{"allow":["GET"]}}],"collection":[{"href":"https:\/\/www.skipatrol.ca\/laurentienne\/wp-json\/wp\/v2\/pages"}],"about":[{"href":"https:\/\/www.skipatrol.ca\/laurentienne\/wp-json\/wp\/v2\/types\/page"}],"author":[{"embeddable":true,"href":"https:\/\/www.skipatrol.ca\/laurentienne\/wp-json\/wp\/v2\/users\/2391"}],"replies":[{"embeddable":true,"href":"https:\/\/www.skipatrol.ca\/laurentienne\/wp-json\/wp\/v2\/comments?post=449"}],"version-history":[{"count":3,"href":"https:\/\/www.skipatrol.ca\/laurentienne\/wp-json\/wp\/v2\/pages\/449\/revisions"}],"predecessor-version":[{"id":708,"href":"https:\/\/www.skipatrol.ca\/laurentienne\/wp-json\/wp\/v2\/pages\/449\/revisions\/708"}],"wp:featuredmedia":[{"embeddable":true,"href":"https:\/\/www.skipatrol.ca\/laurentienne\/wp-json\/wp\/v2\/media\/209"}],"wp:attachment":[{"href":"https:\/\/www.skipatrol.ca\/laurentienne\/wp-json\/wp\/v2\/media?parent=449"}],"curies":[{"name":"wp","href":"https:\/\/api.w.org\/{rel}","templated":true}]}}