{"id":22,"date":"2024-02-22T17:07:05","date_gmt":"2024-02-22T22:07:05","guid":{"rendered":"https:\/\/www.skipatrol.ca\/quebec-zone\/?page_id=22"},"modified":"2024-02-22T17:08:06","modified_gmt":"2024-02-22T22:08:06","slug":"la-pcs","status":"publish","type":"page","link":"https:\/\/www.skipatrol.ca\/que-zone-dev\/la-pcs\/","title":{"rendered":"La PCS"},"content":{"rendered":"<div id=\"15034859-fd1b-477e-934f-d54b366b7807\" class=\"widget widget-content widget-content-content-6\">\n<div class=\"x-el x-el-div x-el c1-1 c1-2 c1-3 c1-b c1-c c1-d c1-e c1-f c1-g c1-1 c1-2 c1-b c1-c c1-d c1-e c1-f c1-g\" role=\"region\" data-ux=\"Widget\">\n<div>\n<section class=\"x-el x-el-section c1-1 c1-2 c1-3 c1-i c1-j c1-b c1-c c1-m c1-n c1-d c1-e c1-f c1-g\" data-ux=\"Section\">\n<div class=\"x-el x-el-div c1-1 c1-2 c1-s c1-t c1-u c1-v c1-w c1-b c1-c c1-5h c1-d c1-5i c1-e c1-5j c1-f c1-5k c1-g\" data-ux=\"Container\">\n<div class=\"x-el x-el-div c1-1 c1-2 c1-15 c1-69 c1-6a c1-6b c1-2h c1-6c c1-2i c1-6d c1-17 c1-20 c1-b c1-c c1-6e c1-6f c1-6g c1-6h c1-d c1-e c1-f c1-g\" data-ux=\"Grid\">\n<div class=\"x-el x-el-div c1-1 c1-2 c1-69 c1-6i c1-6j c1-6k c1-w c1-2c c1-6l c1-2e c1-6m c1-6n c1-b c1-c c1-6o c1-6p c1-6q c1-6r c1-6s c1-6t c1-d c1-6u c1-6v c1-6w c1-e c1-f c1-g\" data-ux=\"GridCell\">\n<div class=\"x-el x-el-div x-el c1-1 c1-2 c1-15 c1-56 c1-4 c1-6x c1-6y c1-17 c1-6z c1-70 c1-b c1-c c1-71 c1-72 c1-d c1-e c1-f c1-g c1-1 c1-2 c1-b c1-c c1-d c1-e c1-f c1-g\" data-ux=\"ContentBasic\">\n<h4 class=\"x-el x-el-h4 c1-3s c1-3t c1-1e c1-1f c1-73 c1-1n c1-3g c1-2h c1-2i c1-b c1-1m c1-c c1-40 c1-d c1-e c1-f c1-g\" role=\"heading\" data-ux=\"ContentHeading\" data-aid=\"CONTENT_MEDIA_HEADLINE1_RENDERED\" data-typography=\"HeadingDelta\">La PCS en bref<\/h4>\n<div class=\"x-el x-el-p c1-1 c1-2 c1-1e c1-1f c1-4q c1-2h c1-2i c1-74 c1-75 c1-76 c1-77 c1-78 c1-79 c1-7a c1-7b c1-7c c1-7d c1-7e c1-7f c1-7g c1-7h c1-7i c1-7j c1-7k c1-7l c1-7m c1-7n c1-7o c1-7p c1-7q c1-7r c1-7s c1-7t c1-7u c1-7v c1-6i c1-b c1-3l c1-c c1-40 c1-d c1-e c1-f c1-g x-rt\" data-ux=\"ContentText\" data-aid=\"CONTENT_MEDIA_DESCRIPTION1_RENDERED\" data-typography=\"BodyAlpha\">\n<p>La Patrouille Canadienne de Ski (PCS) est un organisme de charit\u00e9 \u00e0 but non-lucratif. Compos\u00e9e de b\u00e9n\u00e9voles hautement entra\u00een\u00e9s et de quelques membres professionnels, cette organisation d&rsquo;ordre national est reconnue pour la promotion de la s\u00e9curit\u00e9 dans les centres de ski ainsi que pour ses services de secourisme et de premiers soins.<\/p>\n<p>Pr\u00e8s de 5000 membres responsables de la PCS fournissent un service uniforme et hautement qualifi\u00e9 \u00e0 l&rsquo;industrie du ski \u00e0 travers tout le Canada. La PCS offre \u00e0 ses membres une solide formation en premiers soins, en r\u00e9animation cardio-respiratoire ainsi que de la formation sur pente ou sur piste. Aussi, plusieurs autres avantages sont directement reli\u00e9s au centre de ski o\u00f9 les patrouilleurs sont attitr\u00e9s.<\/p>\n<\/div>\n<\/div>\n<\/div>\n<\/div>\n<\/div>\n<\/section>\n<\/div>\n<\/div>\n<\/div>\n<div id=\"53333933-8cf3-4f2e-b1e3-3df9e37ab1b4\" class=\"widget widget-content widget-content-content-6\">\n<div class=\"x-el x-el-div x-el c1-1 c1-2 c1-3 c1-b c1-c c1-d c1-e c1-f c1-g c1-1 c1-2 c1-b c1-c c1-d c1-e c1-f c1-g\" role=\"region\" data-ux=\"Widget\">\n<div>\n<section class=\"x-el x-el-section c1-1 c1-2 c1-3 c1-i c1-j c1-b c1-c c1-m c1-n c1-d c1-e c1-f c1-g\" data-ux=\"Section\">\n<div class=\"x-el x-el-div c1-1 c1-2 c1-s c1-t c1-u c1-v c1-w c1-b c1-c c1-5h c1-d c1-5i c1-e c1-5j c1-f c1-5k c1-g\" data-ux=\"Container\">\n<div class=\"x-el x-el-div c1-1 c1-2 c1-15 c1-69 c1-6a c1-6b c1-2h c1-6c c1-2i c1-6d c1-17 c1-20 c1-b c1-c c1-6e c1-6f c1-6g c1-6h c1-d c1-e c1-f c1-g\" data-ux=\"Grid\">\n<div class=\"x-el x-el-div c1-1 c1-2 c1-69 c1-6i c1-6j c1-6k c1-w c1-2c c1-6l c1-2e c1-6m c1-6n c1-b c1-c c1-6o c1-6p c1-6q c1-6r c1-6s c1-6t c1-d c1-6u c1-6v c1-6w c1-e c1-f c1-g\" data-ux=\"GridCell\">\n<div class=\"x-el x-el-div x-el c1-1 c1-2 c1-15 c1-56 c1-4 c1-6x c1-6y c1-17 c1-6z c1-70 c1-b c1-c c1-71 c1-72 c1-d c1-e c1-f c1-g c1-1 c1-2 c1-b c1-c c1-d c1-e c1-f c1-g\" data-ux=\"ContentBasic\">\n<h4 class=\"x-el x-el-h4 c1-3s c1-3t c1-1e c1-1f c1-73 c1-1n c1-3g c1-2h c1-2i c1-b c1-1m c1-c c1-40 c1-d c1-e c1-f c1-g\" role=\"heading\" data-ux=\"ContentHeading\" data-aid=\"CONTENT_MEDIA_HEADLINE1_RENDERED\" data-typography=\"HeadingDelta\">INFORMATIONS COMPL\u00c9MENTAIRES<\/h4>\n<div class=\"x-el x-el-p c1-1 c1-2 c1-1e c1-1f c1-4q c1-2h c1-2i c1-74 c1-75 c1-76 c1-77 c1-78 c1-79 c1-7a c1-7b c1-7c c1-7d c1-7e c1-7f c1-7g c1-7h c1-7i c1-7j c1-7k c1-7l c1-7m c1-7n c1-7o c1-7p c1-7q c1-7r c1-7s c1-7t c1-7u c1-7v c1-6i c1-b c1-3l c1-c c1-40 c1-d c1-e c1-f c1-g x-rt\" data-ux=\"ContentText\" data-aid=\"CONTENT_MEDIA_DESCRIPTION1_RENDERED\" data-typography=\"BodyAlpha\">\n<p>La Zone de Qu\u00e9bec est l&rsquo;une des 14 zones de la division du Qu\u00e9bec. Pour plus d&rsquo;informations, <a class=\"x-el x-el-a c1-1b c1-1c c1-80 c1-1e c1-1f c1-28 c1-1g c1-65 c1-b c1-2a c1-1o c1-2b c1-1q\" href=\"https:\/\/www.skipatrol.ca\/fr\/\" target=\"_blank\" rel=\"noopener\"><u class=\"x-el x-el-span c1-1b c1-1c c1-7w c1-1r c1-1o c1-7x c1-80 c1-b\">consultez notre site National.<\/u><\/a><\/p>\n<p>La Zone de Qu\u00e9bec compte 76 membres (2023-11-30) r\u00e9partis dans diff\u00e9rents centres nordiques et alpins. Nos membres patrouillent en ski alpin, en ski de fond, en planche \u00e0 neige et\/ou en t\u00e9l\u00e9mark. Certains patrouilleurs peuvent m\u00eame patrouiller les sentiers de raquettes de leur centre.<\/p>\n<p>La grande majorit\u00e9 de nos membres font partie de patrouilles fonctionnant sous la gestion de la PCS (Patrouille Canadienne de Ski), tandis que d&rsquo;autres choisissent d&rsquo;exercer leurs habilet\u00e9s et comp\u00e9tences aupr\u00e8s de centres dont la patrouille est priv\u00e9e.<\/p>\n<p>La zone poss\u00e8de sa propre \u00e9quipe de formateurs en premiers soins qui s&rsquo;occupe chaque ann\u00e9e de la requalification des anciens patrouilleurs aussi bien que de la formation des recrues. La formation quant \u00e0 elle s&rsquo;effectue toujours durant l&rsquo;automne et, pour \u00eatre valide, doit \u00eatre renouvel\u00e9e chaque ann\u00e9e.<\/p>\n<\/div>\n<\/div>\n<\/div>\n<\/div>\n<\/div>\n<\/section>\n<\/div>\n<\/div>\n<\/div>\n","protected":false},"excerpt":{"rendered":"<p>La PCS en bref La Patrouille Canadienne de Ski (PCS) est un organisme de charit\u00e9 \u00e0 but non-lucratif. Compos\u00e9e de b\u00e9n\u00e9voles hautement entra\u00een\u00e9s et de quelques membres professionnels, cette organisation d&rsquo;ordre national est reconnue pour la promotion de la s\u00e9curit\u00e9<\/p>\n","protected":false},"author":9444,"featured_media":0,"parent":0,"menu_order":0,"comment_status":"closed","ping_status":"closed","template":"","meta":{"footnotes":""},"class_list":["post-22","page","type-page","status-publish","hentry"],"_links":{"self":[{"href":"https:\/\/www.skipatrol.ca\/que-zone-dev\/wp-json\/wp\/v2\/pages\/22","targetHints":{"allow":["GET"]}}],"collection":[{"href":"https:\/\/www.skipatrol.ca\/que-zone-dev\/wp-json\/wp\/v2\/pages"}],"about":[{"href":"https:\/\/www.skipatrol.ca\/que-zone-dev\/wp-json\/wp\/v2\/types\/page"}],"author":[{"embeddable":true,"href":"https:\/\/www.skipatrol.ca\/que-zone-dev\/wp-json\/wp\/v2\/users\/9444"}],"replies":[{"embeddable":true,"href":"https:\/\/www.skipatrol.ca\/que-zone-dev\/wp-json\/wp\/v2\/comments?post=22"}],"version-history":[{"count":5,"href":"https:\/\/www.skipatrol.ca\/que-zone-dev\/wp-json\/wp\/v2\/pages\/22\/revisions"}],"predecessor-version":[{"id":454,"href":"https:\/\/www.skipatrol.ca\/que-zone-dev\/wp-json\/wp\/v2\/pages\/22\/revisions\/454"}],"wp:attachment":[{"href":"https:\/\/www.skipatrol.ca\/que-zone-dev\/wp-json\/wp\/v2\/media?parent=22"}],"curies":[{"name":"wp","href":"https:\/\/api.w.org\/{rel}","templated":true}]}}