{"id":243,"date":"2022-11-18T14:25:47","date_gmt":"2022-11-18T19:25:47","guid":{"rendered":"https:\/\/www.skipatrol.ca\/que-zone-dev\/?page_id=243"},"modified":"2023-10-12T10:24:41","modified_gmt":"2023-10-12T14:24:41","slug":"don-dun-matelas-immobilisateur-a-la-zone-quebec","status":"publish","type":"page","link":"https:\/\/www.skipatrol.ca\/que-zone-dev\/don-dun-matelas-immobilisateur-a-la-zone-quebec\/","title":{"rendered":"Actualit\u00e9s"},"content":{"rendered":"<h2 dir=\"auto\">L&rsquo;entretien des manteaux de patrouille Apog\u00e9e<\/h2>\n<ul>\n<li>\u00c9vitez tout contact avec le Velcro. Assurez-vous qu&rsquo;ils soient bien ferm\u00e9s sur eux-m\u00eames afin de prot\u00e9ger la doublure de mesh int\u00e9rieure.<\/li>\n<li>Lavez vos v\u00eatements avec la fermeture \u00e9clair ferm\u00e9e, \u00e0 l\u2019endroit. Savon doux, aucun assouplisseur ni javellisant.<\/li>\n<li>20 min \u00e0 la s\u00e9cheuse \u00e0 basse temp\u00e9rature et suspendre pour finir le s\u00e9chage complet. Peut aussi \u00eatre s\u00e9ch\u00e9 \u00e0 l&rsquo;air ambiant au complet sur un support ou \u00e0 plat.<\/li>\n<\/ul>\n<p>Ces petites attentions vous permettront d\u2019\u00e9viter le vieillissement pr\u00e9matur\u00e9 de vos v\u00eatements.\u00a0 En cas d\u2019incertitude, vous pouvez contacter APOGEE, ils se feront plaisir de vous aider.<\/p>\n<p>Sportivement,<\/p>\n<p>L\u2019\u00e9quipe Apog\u00e9e:\u00a0 \u00a0 418 878-6808,\u00a0 \u00a0 <a href=\"https:\/\/apogee-sports.com\/\">apogee-sports.com<\/a><\/p>\n<p dir=\"auto\" style=\"text-align: left\">113 Rue de New York, Saint-Augustin-de-Desmaures, QC, Canada, G3A 0A8<\/p>\n<h2 dir=\"auto\" style=\"text-align: left\"><\/h2>\n<h2 dir=\"auto\"><\/h2>\n<h2 dir=\"auto\" style=\"text-align: left\">Journ\u00e9e internationale des b\u00e9n\u00e9voles (5 d\u00e9cembre)<\/h2>\n<div dir=\"auto\">\n<blockquote>\n<div dir=\"ltr\">\n<p><span class=\"x_x_ContentPasted0\">Bonsoir \u00e0 toutes et tous<\/span><\/p>\n<div><\/div>\n<div><span class=\"x_x_ContentPasted0\">\u00ab C\u2019est en 1985 que l\u2019Assembl\u00e9e g\u00e9n\u00e9rale de l&rsquo;Organisation des Nations Unies (ONU) a institu\u00e9 la\u00a0<\/span><a class=\"x_x_ContentPasted0\" href=\"http:\/\/www.un.org\/fr\/events\/volunteerday\/index.shtml\" target=\"_blank\" rel=\"noopener noreferrer\" data-auth=\"NotApplicable\" data-safelink=\"true\" data-linkindex=\"0\">Journ\u00e9e internationale des b\u00e9n\u00e9voles<\/a><span class=\"x_x_ContentPasted0\">\u00a0afin de souligner toute l&rsquo;importance de la contribution des b\u00e9n\u00e9voles au d\u00e9veloppement \u00e9conomique et social des communaut\u00e9s. La r\u00e9solution adopt\u00e9e \u00e0 cet effet par l&rsquo;ONU prie les gouvernements et les organisations de prendre les mesures n\u00e9cessaires pour mieux faire conna\u00eetre l&rsquo;importante contribution qu&rsquo;apporte le b\u00e9n\u00e9volat, inciter les individus de tous m\u00e9tiers ou professions \u00e0 devenir b\u00e9n\u00e9vole et promouvoir des activit\u00e9s qui feront mieux conna\u00eetre la contribution que les b\u00e9n\u00e9voles apportent par leurs actions. \u00bb<\/span><\/div>\n<div><\/div>\n<div><span class=\"x_x_ContentPasted0\">Pour dire que votre engagement volontaire est pr\u00e9cieux autant pour notre organisation que pour le centre de ski auquel vous \u00eates rattach\u00e9s. Bien souvent notre travail n&rsquo;est pas n\u00e9cessairement reconnu \u00e0 sa juste valeur. S&rsquo;il fallait compter le nombre d&rsquo;heures effectu\u00e9es et le multiplier par le salaire minimum nous serions surpris de notre valeur mon\u00e9taire! Mais vous autant que moi nous sommes engag\u00e9s bien modestement pour porter assistance \u00e0 celles et ceux qui sont en difficult\u00e9s, entre autres sur nos pistes.<\/span><\/div>\n<div><\/div>\n<div><span class=\"x_x_ContentPasted0\">Tout simplement MERCI pour votre engagement et bon ski, si la neige peut se montrer elle aussi un peu plus volontaire pour couvrir nos pistes!<\/span><\/div>\n<div><\/div>\n<div><span class=\"x_x_ContentPasted0\">Luc Lafontaine<\/span><\/div>\n<div><span class=\"x_x_ContentPasted0\">Pr\u00e9sident<\/span><\/div>\n<p><span class=\"x_x_ContentPasted0\">PCS &#8211; Zone de Qu\u00e9bec<\/span><\/p>\n<\/div>\n<\/blockquote>\n<\/div>\n","protected":false},"excerpt":{"rendered":"<p>L&rsquo;entretien des manteaux de patrouille Apog\u00e9e \u00c9vitez tout contact avec le Velcro. Assurez-vous qu&rsquo;ils soient bien ferm\u00e9s sur eux-m\u00eames afin de prot\u00e9ger la doublure de mesh int\u00e9rieure. Lavez vos v\u00eatements avec la fermeture \u00e9clair ferm\u00e9e, \u00e0 l\u2019endroit. Savon doux, aucun<\/p>\n","protected":false},"author":5465,"featured_media":0,"parent":0,"menu_order":0,"comment_status":"closed","ping_status":"closed","template":"","meta":{"footnotes":""},"class_list":["post-243","page","type-page","status-publish","hentry"],"_links":{"self":[{"href":"https:\/\/www.skipatrol.ca\/que-zone-dev\/wp-json\/wp\/v2\/pages\/243","targetHints":{"allow":["GET"]}}],"collection":[{"href":"https:\/\/www.skipatrol.ca\/que-zone-dev\/wp-json\/wp\/v2\/pages"}],"about":[{"href":"https:\/\/www.skipatrol.ca\/que-zone-dev\/wp-json\/wp\/v2\/types\/page"}],"author":[{"embeddable":true,"href":"https:\/\/www.skipatrol.ca\/que-zone-dev\/wp-json\/wp\/v2\/users\/5465"}],"replies":[{"embeddable":true,"href":"https:\/\/www.skipatrol.ca\/que-zone-dev\/wp-json\/wp\/v2\/comments?post=243"}],"version-history":[{"count":19,"href":"https:\/\/www.skipatrol.ca\/que-zone-dev\/wp-json\/wp\/v2\/pages\/243\/revisions"}],"predecessor-version":[{"id":392,"href":"https:\/\/www.skipatrol.ca\/que-zone-dev\/wp-json\/wp\/v2\/pages\/243\/revisions\/392"}],"wp:attachment":[{"href":"https:\/\/www.skipatrol.ca\/que-zone-dev\/wp-json\/wp\/v2\/media?parent=243"}],"curies":[{"name":"wp","href":"https:\/\/api.w.org\/{rel}","templated":true}]}}