{"id":386,"date":"2023-10-12T10:00:00","date_gmt":"2023-10-12T14:00:00","guid":{"rendered":"https:\/\/www.skipatrol.ca\/que-zone-dev\/?page_id=386"},"modified":"2024-02-22T17:02:27","modified_gmt":"2024-02-22T22:02:27","slug":"merci-a-nos-donateurs","status":"publish","type":"page","link":"https:\/\/www.skipatrol.ca\/que-zone-dev\/merci-a-nos-donateurs\/","title":{"rendered":"Merci aux Donateurs"},"content":{"rendered":"<h2><span style=\"color: #0000ff\"><strong>Don d&rsquo;un matelas immobilisateur\u00a0 (3 novembre 2022)<\/strong><\/span><\/h2>\n<div class=\"x11i5rnm xat24cr x1mh8g0r x1vvkbs xdj266r x126k92a\">\n<h4 dir=\"auto\">MERCI \u00e0 Dessercom &#8211; ambulances qui par l&rsquo;entremise de Mme Karine Gosselin, superviseure chez Dessercom &#8211; ambulances,\u00a0 a remis \u00e0 la PCS &#8211; Zone de Qu\u00e9bec un matelas immobilisateur \u00e0 d\u00e9pression.<\/h4>\n<div dir=\"auto\">Mme Martine V\u00e9zina, agente de formation \u00e0 la PCS &#8211; Zone de Qu\u00e9bec, et M. Andr\u00e9 Mardini, vice-pr\u00e9sident \u00e0 la PCS &#8211; Zone de Qu\u00e9bec, \u00e9taient sur place pour prendre possession de ce cadeau.<\/div>\n<div dir=\"auto\"><\/div>\n<div dir=\"auto\">Lors de cette rencontre il a \u00e9galement \u00e9t\u00e9 possible de partager avec Mme Gosselin son point de vue sur la gestion optimale d&rsquo;interventions particuli\u00e8res en milieu nordique ainsi que sur le transfert d&rsquo;un patient d&rsquo;un centre de ski au service ambulancier.<\/div>\n<div dir=\"auto\"><img loading=\"lazy\" decoding=\"async\" class=\"alignnone size-medium wp-image-244\" src=\"https:\/\/cspnational.s3.ca-central-1.amazonaws.com\/wp-content\/uploads\/sites\/52\/2022\/11\/18142405\/Remise-matelas-300x225.jpg\" alt=\"\" width=\"300\" height=\"225\" srcset=\"https:\/\/cspnational.s3.ca-central-1.amazonaws.com\/wp-content\/uploads\/sites\/52\/2022\/11\/18142405\/Remise-matelas-300x225.jpg 300w, https:\/\/cspnational.s3.ca-central-1.amazonaws.com\/wp-content\/uploads\/sites\/52\/2022\/11\/18142405\/Remise-matelas.jpg 640w\" sizes=\"auto, (max-width: 300px) 100vw, 300px\" \/><\/div>\n<\/div>\n<div dir=\"auto\"><\/div>\n<div dir=\"auto\">Depuis ce temps, le matelas re\u00e7u en donation sert \u00e0 la formation des patrouilleurs.<\/div>\n<div dir=\"auto\"><strong>Merci Dessercom<\/strong><\/div>\n<div dir=\"auto\"><\/div>\n","protected":false},"excerpt":{"rendered":"<p>Don d&rsquo;un matelas immobilisateur\u00a0 (3 novembre 2022) MERCI \u00e0 Dessercom &#8211; ambulances qui par l&rsquo;entremise de Mme Karine Gosselin, superviseure chez Dessercom &#8211; ambulances,\u00a0 a remis \u00e0 la PCS &#8211; Zone de Qu\u00e9bec un matelas immobilisateur \u00e0 d\u00e9pression. Mme Martine<\/p>\n","protected":false},"author":9444,"featured_media":0,"parent":0,"menu_order":0,"comment_status":"closed","ping_status":"closed","template":"","meta":{"footnotes":""},"class_list":["post-386","page","type-page","status-publish","hentry"],"_links":{"self":[{"href":"https:\/\/www.skipatrol.ca\/que-zone-dev\/wp-json\/wp\/v2\/pages\/386","targetHints":{"allow":["GET"]}}],"collection":[{"href":"https:\/\/www.skipatrol.ca\/que-zone-dev\/wp-json\/wp\/v2\/pages"}],"about":[{"href":"https:\/\/www.skipatrol.ca\/que-zone-dev\/wp-json\/wp\/v2\/types\/page"}],"author":[{"embeddable":true,"href":"https:\/\/www.skipatrol.ca\/que-zone-dev\/wp-json\/wp\/v2\/users\/9444"}],"replies":[{"embeddable":true,"href":"https:\/\/www.skipatrol.ca\/que-zone-dev\/wp-json\/wp\/v2\/comments?post=386"}],"version-history":[{"count":5,"href":"https:\/\/www.skipatrol.ca\/que-zone-dev\/wp-json\/wp\/v2\/pages\/386\/revisions"}],"predecessor-version":[{"id":393,"href":"https:\/\/www.skipatrol.ca\/que-zone-dev\/wp-json\/wp\/v2\/pages\/386\/revisions\/393"}],"wp:attachment":[{"href":"https:\/\/www.skipatrol.ca\/que-zone-dev\/wp-json\/wp\/v2\/media?parent=386"}],"curies":[{"name":"wp","href":"https:\/\/api.w.org\/{rel}","templated":true}]}}