{"id":606,"date":"2025-01-05T10:36:00","date_gmt":"2025-01-05T15:36:00","guid":{"rendered":"https:\/\/www.skipatrol.ca\/que-zone-dev\/?page_id=606"},"modified":"2025-02-25T21:19:04","modified_gmt":"2025-02-26T02:19:04","slug":"rencontre-annuelle-duchesnay","status":"publish","type":"page","link":"https:\/\/www.skipatrol.ca\/que-zone-dev\/rencontre-annuelle-duchesnay\/","title":{"rendered":"Rencontre annuelle 2025, Duchesnay"},"content":{"rendered":"<p><strong>Invitation:<\/strong> <a href=\"https:\/\/cspnational.s3.ca-central-1.amazonaws.com\/wp-content\/uploads\/sites\/52\/2025\/02\/25211202\/2025-Invitation-et-Formulaires-dinscriptions-Duchesnay-2025-rencontre-annuelle-REV2.pdf\">Invitation et Formulaires d&rsquo;inscriptions, Duchesnay 2025, rencontre annuelle REV2<\/a><\/p>\n<p><strong>Inscription participant(e)s:<\/strong> <a href=\"https:\/\/docs.google.com\/forms\/d\/e\/1FAIpQLScXPU53cVkcY3LnmJCQ-dwS8u_GBzxHPUbpUCEzs_bruNBuRQ\/viewform?usp=sf_link\">Formulaire d&rsquo;inscription<\/a><\/p>\n<p><strong>Inscription \u00e9quipes comp\u00e9titives:<\/strong> <a href=\"https:\/\/docs.google.com\/forms\/d\/e\/1FAIpQLSdqmi1LEAxzY2gR-jkFBGStA5uhBtM0SPd-F2yef5jAL4PAZg\/viewform?usp=sf_link\">Formulaire d&rsquo;inscription<\/a><\/p>\n<p><strong>Vid\u00e9o Promotionnelle:<\/strong>\u00a0<a href=\"https:\/\/www.youtube.com\/watch?v=SFMs-fRxh-s\"> Stations de ski de la r\u00e9gion de Qu\u00e9bec<\/a><\/p>\n","protected":false},"excerpt":{"rendered":"<p>Invitation: Invitation et Formulaires d&rsquo;inscriptions, Duchesnay 2025, rencontre annuelle REV2 Inscription participant(e)s: Formulaire d&rsquo;inscription Inscription \u00e9quipes comp\u00e9titives: Formulaire d&rsquo;inscription Vid\u00e9o Promotionnelle:\u00a0 Stations de ski de la r\u00e9gion de Qu\u00e9bec<\/p>\n","protected":false},"author":9444,"featured_media":0,"parent":0,"menu_order":0,"comment_status":"closed","ping_status":"closed","template":"","meta":{"footnotes":""},"class_list":["post-606","page","type-page","status-publish","hentry"],"_links":{"self":[{"href":"https:\/\/www.skipatrol.ca\/que-zone-dev\/wp-json\/wp\/v2\/pages\/606","targetHints":{"allow":["GET"]}}],"collection":[{"href":"https:\/\/www.skipatrol.ca\/que-zone-dev\/wp-json\/wp\/v2\/pages"}],"about":[{"href":"https:\/\/www.skipatrol.ca\/que-zone-dev\/wp-json\/wp\/v2\/types\/page"}],"author":[{"embeddable":true,"href":"https:\/\/www.skipatrol.ca\/que-zone-dev\/wp-json\/wp\/v2\/users\/9444"}],"replies":[{"embeddable":true,"href":"https:\/\/www.skipatrol.ca\/que-zone-dev\/wp-json\/wp\/v2\/comments?post=606"}],"version-history":[{"count":3,"href":"https:\/\/www.skipatrol.ca\/que-zone-dev\/wp-json\/wp\/v2\/pages\/606\/revisions"}],"predecessor-version":[{"id":699,"href":"https:\/\/www.skipatrol.ca\/que-zone-dev\/wp-json\/wp\/v2\/pages\/606\/revisions\/699"}],"wp:attachment":[{"href":"https:\/\/www.skipatrol.ca\/que-zone-dev\/wp-json\/wp\/v2\/media?parent=606"}],"curies":[{"name":"wp","href":"https:\/\/api.w.org\/{rel}","templated":true}]}}