{"id":664,"date":"2025-01-17T20:33:22","date_gmt":"2025-01-18T01:33:22","guid":{"rendered":"https:\/\/www.skipatrol.ca\/que-zone-dev\/?page_id=664"},"modified":"2025-01-18T10:50:28","modified_gmt":"2025-01-18T15:50:28","slug":"merite-de-division","status":"publish","type":"page","link":"https:\/\/www.skipatrol.ca\/que-zone-dev\/merite-de-division\/","title":{"rendered":"M\u00e9rite de division"},"content":{"rendered":"<h1 class=\"x_elementToProof\"><span style=\"color: #008000\"><b data-olk-copy-source=\"MessageBody\">\u00c0\u00a0tous les patrouilleurs alpins et nordiques<\/b><\/span><\/h1>\n<h2 class=\"x_elementToProof\"><span style=\"color: #0000ff\"><b>C&rsquo;est le temps de soumettre le nom de vos coll\u00e8gues pour un m\u00e9rite au niveau de la division<\/b>.<\/span><\/h2>\n<div>\n<div class=\"x_elementToProof\"><span style=\"color: #ff0000\"><b>C&rsquo;est facile et c&rsquo;est simple.<\/b><\/span><\/div>\n<div class=\"x_elementToProof\"><span style=\"color: #ff0000\"><b>La Zone de Qu\u00e9bec et ses patrouilleurs m\u00e9ritent d&rsquo;\u00eatre reconnus aupr\u00e8s de la division du Qu\u00e9bec<\/b>.<\/span><\/div>\n<div class=\"x_elementToProof\">Et comme le Banquet se tiendra \u00e0 Duchesnay, dans notre zone,\u00a0<b>quoi de plus important que nos patrouilleurs soient honor\u00e9s<\/b>.<\/div>\n<\/div>\n<div class=\"x_elementToProof\">Les prix seront remis lors du Banquet de la rencontre annuelle, soit le samedi 15 mars.<\/div>\n<div><\/div>\n<div class=\"x_elementToProof\"><b>Vous avez jusqu&rsquo;au 9 f\u00e9vrier<\/b>\u00a0pour soumettre votre proposition et vous n&rsquo;avez qu&rsquo;\u00e0\u00a0<b>cliquer sur le lien plus bas.<\/b><\/div>\n<div class=\"x_elementToProof\">\n<div class=\"x_elementToProof\">On vous demandera votre adresse courriel et votre mot de passe, <b>(adresse et mot de passe que vous utilisez pour avoir acc\u00e8s \u00e0 votre tableau de bord)<\/b>.\u00a0 Par la suite, vous n&rsquo;aurez qu&rsquo;\u00e0 choisir le m\u00e9rite et inscrire le nom de votre patrouilleur \u00e9m\u00e9rite avec \u00e9videmment une justification du pourquoi vous estimer que cette personne s&rsquo;est distingu\u00e9e au cours de la derni\u00e8re ann\u00e9e.<\/div>\n<\/div>\n<div class=\"x_elementToProof\">Si vous ne voyez que l&rsquo;anglais, n&rsquo;h\u00e9sitez pas \u00e0 cliquer en haut \u00e0 droite de la page pour demander la version francophone.<\/div>\n<div><\/div>\n<h2 class=\"x_elementToProof\"><strong><span style=\"color: #0000ff\"><a id=\"LPlnk\" class=\"x_OWAAutoLink\" style=\"color: #0000ff\" title=\"https:\/\/awards.skipatrol.ca\" href=\"https:\/\/awards.skipatrol.ca\/\" target=\"_blank\" rel=\"noopener noreferrer\" data-auth=\"NotApplicable\" data-linkindex=\"0\">https:\/\/awards.skipatrol.ca<\/a><\/span><\/strong><\/h2>\n<div class=\"x__Entity x__EType_OWALinkPreview x__EId_OWALinkPreview x__EReadonly_1\"><\/div>\n","protected":false},"excerpt":{"rendered":"<p>\u00c0\u00a0tous les patrouilleurs alpins et nordiques C&rsquo;est le temps de soumettre le nom de vos coll\u00e8gues pour un m\u00e9rite au niveau de la division. C&rsquo;est facile et c&rsquo;est simple. La Zone de Qu\u00e9bec et ses patrouilleurs m\u00e9ritent d&rsquo;\u00eatre reconnus aupr\u00e8s<\/p>\n","protected":false},"author":9444,"featured_media":0,"parent":0,"menu_order":0,"comment_status":"closed","ping_status":"closed","template":"","meta":{"footnotes":""},"class_list":["post-664","page","type-page","status-publish","hentry"],"_links":{"self":[{"href":"https:\/\/www.skipatrol.ca\/que-zone-dev\/wp-json\/wp\/v2\/pages\/664","targetHints":{"allow":["GET"]}}],"collection":[{"href":"https:\/\/www.skipatrol.ca\/que-zone-dev\/wp-json\/wp\/v2\/pages"}],"about":[{"href":"https:\/\/www.skipatrol.ca\/que-zone-dev\/wp-json\/wp\/v2\/types\/page"}],"author":[{"embeddable":true,"href":"https:\/\/www.skipatrol.ca\/que-zone-dev\/wp-json\/wp\/v2\/users\/9444"}],"replies":[{"embeddable":true,"href":"https:\/\/www.skipatrol.ca\/que-zone-dev\/wp-json\/wp\/v2\/comments?post=664"}],"version-history":[{"count":4,"href":"https:\/\/www.skipatrol.ca\/que-zone-dev\/wp-json\/wp\/v2\/pages\/664\/revisions"}],"predecessor-version":[{"id":676,"href":"https:\/\/www.skipatrol.ca\/que-zone-dev\/wp-json\/wp\/v2\/pages\/664\/revisions\/676"}],"wp:attachment":[{"href":"https:\/\/www.skipatrol.ca\/que-zone-dev\/wp-json\/wp\/v2\/media?parent=664"}],"curies":[{"name":"wp","href":"https:\/\/api.w.org\/{rel}","templated":true}]}}