{"id":77,"date":"2021-06-22T14:26:09","date_gmt":"2021-06-22T18:26:09","guid":{"rendered":"https:\/\/www.skipatrol.ca\/que-zone-dev\/?page_id=77"},"modified":"2025-01-07T15:52:38","modified_gmt":"2025-01-07T20:52:38","slug":"recrutement","status":"publish","type":"page","link":"https:\/\/www.skipatrol.ca\/que-zone-dev\/recrutement\/","title":{"rendered":"Recrutement"},"content":{"rendered":"<h4><strong><span style=\"color: #000000\"><span style=\"vertical-align: inherit\"><span style=\"vertical-align: inherit\">Pourquoi devenir patrouilleur?<\/span><\/span><\/span><\/strong><\/h4>\n<p><span style=\"vertical-align: inherit\"><span style=\"vertical-align: inherit\">\u2013 vous aimez aider les autres ; <\/span><\/span><br \/>\n<span style=\"vertical-align: inherit\"><span style=\"vertical-align: inherit\">\u2013 vous aimez skier dans toutes les conditions ; <\/span><\/span><br \/>\n<span style=\"vertical-align: inherit\"><span style=\"vertical-align: inherit\">\u2013 vous \u00eates \u00e0 la recherche d&rsquo;un nouveau d\u00e9fi ; <\/span><\/span><br \/>\n<span style=\"vertical-align: inherit\"><span style=\"vertical-align: inherit\">\u2013 vous souhaitez recevoir une formation avanc\u00e9e en secourisme.<\/span><\/span><\/p>\n<hr \/>\n<h4><strong><span style=\"vertical-align: inherit\"><span style=\"vertical-align: inherit\">Pour qui?<\/span><\/span><\/strong><\/h4>\n<p><span style=\"vertical-align: inherit\"><span style=\"vertical-align: inherit\">Les candidats doivent : <\/span><\/span><br \/>\n<span style=\"vertical-align: inherit\"><span style=\"vertical-align: inherit\">\u2013 avoir 18 ans ou plus (16 ans ou plus sous certaines conditions) au moment de la formation annuelle;<\/span><\/span><br \/>\n<span style=\"vertical-align: inherit\"><span style=\"vertical-align: inherit\">\u2013 \u00eatre un un skieur nordique, ou un skieur (planchiste) alpin;<\/span><\/span><br \/>\n<span style=\"vertical-align: inherit\"><span style=\"vertical-align: inherit\">\u2013 \u00eatre pr\u00eat \u00e0 recevoir une formation de 60h en soins avanc\u00e9e en secourisme;<\/span><\/span><br \/>\n<span style=\"vertical-align: inherit\"><span style=\"vertical-align: inherit\">\u2013 \u00eatre disponible pour patrouiller durant la saison de ski.<\/span><\/span><\/p>\n<hr \/>\n<h4><span style=\"color: #993300\"><span style=\"color: #339966\"><span style=\"vertical-align: inherit\"><span style=\"vertical-align: inherit\"><strong><span style=\"color: #008000\">Pour infos ou pour signifier votre int\u00e9r\u00eat<\/span><\/strong><\/span><\/span><\/span><\/span><\/h4>\n<p><span style=\"color: #993300\"><span style=\"color: #339966\"><span style=\"vertical-align: inherit\"><span style=\"vertical-align: inherit\"><strong><span style=\"color: #000000\">\u00a0Andr\u00e9 Mardini \u00e0:<\/span> \u00a0<\/strong><\/span><\/span><\/span><span style=\"color: #000000\"><strong><a href=\"andre.mardini@skipatrol.ca\">andre.mardini@skipatrol.ca<\/a> <\/strong><\/span><\/span><\/p>\n","protected":false},"excerpt":{"rendered":"<p>Pourquoi devenir patrouilleur? \u2013 vous aimez aider les autres ; \u2013 vous aimez skier dans toutes les conditions ; \u2013 vous \u00eates \u00e0 la recherche d&rsquo;un nouveau d\u00e9fi ; \u2013 vous souhaitez recevoir une formation avanc\u00e9e en secourisme. Pour qui?<\/p>\n","protected":false},"author":2515,"featured_media":11,"parent":0,"menu_order":0,"comment_status":"closed","ping_status":"closed","template":"page-templates\/contact.php","meta":{"footnotes":""},"class_list":["post-77","page","type-page","status-publish","has-post-thumbnail","hentry"],"_links":{"self":[{"href":"https:\/\/www.skipatrol.ca\/que-zone-dev\/wp-json\/wp\/v2\/pages\/77","targetHints":{"allow":["GET"]}}],"collection":[{"href":"https:\/\/www.skipatrol.ca\/que-zone-dev\/wp-json\/wp\/v2\/pages"}],"about":[{"href":"https:\/\/www.skipatrol.ca\/que-zone-dev\/wp-json\/wp\/v2\/types\/page"}],"author":[{"embeddable":true,"href":"https:\/\/www.skipatrol.ca\/que-zone-dev\/wp-json\/wp\/v2\/users\/2515"}],"replies":[{"embeddable":true,"href":"https:\/\/www.skipatrol.ca\/que-zone-dev\/wp-json\/wp\/v2\/comments?post=77"}],"version-history":[{"count":5,"href":"https:\/\/www.skipatrol.ca\/que-zone-dev\/wp-json\/wp\/v2\/pages\/77\/revisions"}],"predecessor-version":[{"id":661,"href":"https:\/\/www.skipatrol.ca\/que-zone-dev\/wp-json\/wp\/v2\/pages\/77\/revisions\/661"}],"wp:featuredmedia":[{"embeddable":true,"href":"https:\/\/www.skipatrol.ca\/que-zone-dev\/wp-json\/wp\/v2\/media\/11"}],"wp:attachment":[{"href":"https:\/\/www.skipatrol.ca\/que-zone-dev\/wp-json\/wp\/v2\/media?parent=77"}],"curies":[{"name":"wp","href":"https:\/\/api.w.org\/{rel}","templated":true}]}}