{"id":1563,"date":"2020-02-04T18:54:56","date_gmt":"2020-02-04T18:54:56","guid":{"rendered":"https:\/\/www.skipatrol.ca\/quebec-division-dev\/?page_id=1563"},"modified":"2025-02-26T01:04:25","modified_gmt":"2025-02-26T01:04:25","slug":"nous-contacter","status":"publish","type":"page","link":"https:\/\/www.skipatrol.ca\/quebec\/nous-contacter\/","title":{"rendered":"Nous contacter"},"content":{"rendered":"<p>Patrouille canadienne de ski, Quebec Division (PCSQ)<\/p>\n<p>1575 rue Duclos<\/p>\n<p>Baie-Comeau (Qu\u00e9bec)<\/p>\n<p>G5C3H<br \/>\n514-704-6064<\/p>\n<p><strong>Acc\u00e9der \u00e0 notre politique de confidentialit\u00e9 et aux coordonn\u00e9es<\/strong> : Pour en savoir plus sur notre politique de confidentialit\u00e9 et pour contacter notre responsable de la protection des renseignements personnels, veuillez<a href=\"http:\/\/skipatrol.ca\/quebec\/vie-privee\"> <button type=\"button\">cliquer ici<\/button><\/a><\/p>\n<hr \/>\n<div class=\"frm_forms  with_frm_style frm_style_formidable-style\" id=\"frm_form_1_container\" >\n<form enctype=\"multipart\/form-data\" method=\"post\" class=\"frm-show-form  frm_pro_form \" id=\"form_contact-us\" >\n<div class=\"frm_form_fields \">\n<fieldset>\n<legend class=\"frm_screen_reader\">Contact Us<\/legend>\r\n\r\n<div class=\"frm_fields_container\">\n<input type=\"hidden\" name=\"frm_action\" value=\"create\" \/>\n<input type=\"hidden\" name=\"form_id\" value=\"1\" \/>\n<input type=\"hidden\" name=\"frm_hide_fields_1\" id=\"frm_hide_fields_1\" value=\"\" \/>\n<input type=\"hidden\" name=\"form_key\" value=\"contact-us\" \/>\n<input type=\"hidden\" name=\"item_meta[0]\" value=\"\" \/>\n<input type=\"hidden\" id=\"frm_submit_entry_1\" name=\"frm_submit_entry_1\" value=\"2e47a50e78\" \/><input type=\"hidden\" name=\"_wp_http_referer\" value=\"\/quebec\/wp-json\/wp\/v2\/pages\/1563\" \/><div id=\"frm_field_1_container\" class=\"frm_form_field form-field  frm_required_field frm_top_container frm_first frm_half\">\r\n    <label for=\"field_qh4icy2\" id=\"field_qh4icy2_label\" class=\"frm_primary_label\">Nom \/ Name\r\n        <span class=\"frm_required\">*<\/span>\r\n    <\/label>\r\n    <input  type=\"text\" id=\"field_qh4icy2\" name=\"item_meta[1]\" value=\"\"  data-reqmsg=\"Nom \/ Name cannot be blank.\" aria-required=\"true\" data-invmsg=\"Name is invalid\" aria-invalid=\"false\"   \/>\r\n    \r\n    \r\n<\/div>\n<div id=\"frm_field_3_container\" class=\"frm_form_field form-field  frm_required_field frm_top_container frm_full\">\r\n    <label for=\"field_29yf4d2\" id=\"field_29yf4d2_label\" class=\"frm_primary_label\">Courriel \/ Email\r\n        <span class=\"frm_required\">*<\/span>\r\n    <\/label>\r\n    <input type=\"email\" id=\"field_29yf4d2\" name=\"item_meta[3]\" value=\"\"  data-reqmsg=\"Courriel \/ Email cannot be blank.\" aria-required=\"true\" data-invmsg=\"Please enter a valid email address\" aria-invalid=\"false\"  \/>\r\n    \r\n    \r\n<\/div>\n<div id=\"frm_field_7_container\" class=\"frm_form_field form-field  frm_required_field frm_top_container\">\r\n    <label for=\"field_xaypp\" id=\"field_xaypp_label\" class=\"frm_primary_label\">T\u00e9l\u00e9phone \/ Phone\r\n        <span class=\"frm_required\">*<\/span>\r\n    <\/label>\r\n    <input type=\"tel\" id=\"field_xaypp\" name=\"item_meta[7]\" value=\"\"  data-reqmsg=\"Ce champ ne peut pas \u00eatre vide\" aria-required=\"true\" data-invmsg=\"T\u00e9l\u00e9phone est non valide\" aria-invalid=\"false\" pattern=\"((\\+\\d{1,3}(-|.| )?\\(?\\d\\)?(-| |.)?\\d{1,5})|(\\(?\\d{2,6}\\)?))(-|.| )?(\\d{3,4})(-|.| )?(\\d{4})(( x| ext)\\d{1,5}){0,1}$\"  \/>\r\n    \r\n    \r\n<\/div>\n<div id=\"frm_field_6_container\" class=\"frm_form_field form-field  frm_required_field frm_top_container frm_other_container\">\r\n    <label for=\"field_bpa9r\" id=\"field_bpa9r_label\" class=\"frm_primary_label\">R\u00e9gion \/ Regon\r\n        <span class=\"frm_required\">*<\/span>\r\n    <\/label>\r\n    \t\t<select name=\"item_meta[6]\" id=\"field_bpa9r\"  data-reqmsg=\"Ce champ ne peut pas \u00eatre vide\" aria-required=\"true\" data-invmsg=\"R\u00e9gion \/ Regon is invalid\" aria-invalid=\"false\"  >\n\t\t<option  value=\"Autre \/ Other\" class=\"frm_other_trigger\">Autre \/ Other<\/option><option  value=\"Abitibi\">Abitibi<\/option><option  value=\"Baie-Comeau\">Baie-Comeau<\/option><option  value=\"Bois-Francs\">Bois-Francs<\/option><option  value=\"Cantons de l&#039;Est\">Cantons de l&#039;Est<\/option><option  value=\"Est du Qu\u00e9bec\">Est du Qu\u00e9bec<\/option><option  value=\"Gasp\u00e9\">Gasp\u00e9<\/option><option  value=\"Gatineau\">Gatineau<\/option><option  value=\"Lanaudi\u00e8re\">Lanaudi\u00e8re<\/option><option  value=\"Laurentienne\">Laurentienne<\/option><option  value=\"Mauricie\">Mauricie<\/option><option  value=\"Qu\u00e9bec\">Qu\u00e9bec<\/option><option  value=\"Saguenay-Lac-St-Jean\">Saguenay-Lac-St-Jean<\/option><option  value=\"Sept-Iles\">Sept-Iles<\/option>\t<\/select>\n\t<label for=\"field_bpa9r-otext\" class=\"frm_screen_reader frm_hidden\">R\u00e9gion \/ Regon<\/label><input type=\"text\" id=\"field_bpa9r-otext\" class=\"frm_other_input frm_pos_none\"  name=\"item_meta[other][6]\" value=\"\" \/>\r\n    \r\n    \r\n<\/div>\n<div id=\"frm_field_4_container\" class=\"frm_form_field form-field  frm_required_field frm_top_container frm_full\">\r\n    <label for=\"field_e6lis62\" id=\"field_e6lis62_label\" class=\"frm_primary_label\">Sujet \/ Subject\r\n        <span class=\"frm_required\">*<\/span>\r\n    <\/label>\r\n    <input  type=\"text\" id=\"field_e6lis62\" name=\"item_meta[4]\" value=\"\"  data-reqmsg=\"Sujet \/ Subject cannot be blank.\" aria-required=\"true\" data-invmsg=\"Subject is invalid\" aria-invalid=\"false\"   \/>\r\n    \r\n    \r\n<\/div>\n<div id=\"frm_field_5_container\" class=\"frm_form_field form-field  frm_required_field frm_top_container frm_full\">\r\n    <label for=\"field_9jv0r12\" id=\"field_9jv0r12_label\" class=\"frm_primary_label\">Message\r\n        <span class=\"frm_required\">*<\/span>\r\n    <\/label>\r\n    <textarea name=\"item_meta[5]\" id=\"field_9jv0r12\" rows=\"5\"  data-reqmsg=\"Ce champ ne peut pas \u00eatre vide\" aria-required=\"true\" data-invmsg=\"Message is invalid\" aria-invalid=\"false\"  ><\/textarea>\r\n    \r\n    \r\n<\/div>\n\t<input type=\"hidden\" name=\"item_key\" value=\"\" \/>\n\t\t\t<div id=\"frm_field_8_container\">\n\t\t\t<label for=\"field_z7ka2\" >\n\t\t\t\tIf you are human, leave this field blank.\t\t\t<\/label>\n\t\t\t<input  id=\"field_z7ka2\" type=\"text\" class=\"frm_form_field form-field frm_verify\" name=\"item_meta[8]\" value=\"\"  \/>\n\t\t<\/div>\n\t\t<input name=\"frm_state\" type=\"hidden\" value=\"7BDlkZBob9mMU3THgSpilvpfyK\/+p0E4wda4vAuRwvuCf2fnxO\/1wXWPTvR+iAA2\" \/><div class=\"frm_submit\">\r\n\r\n<button class=\"frm_button_submit frm_final_submit\" type=\"submit\"  formnovalidate=\"formnovalidate\">Submit<\/button>\r\n\r\n<\/div><\/div>\n<\/fieldset>\n<\/div>\n\n<\/form>\n<\/div>\n\n","protected":false},"excerpt":{"rendered":"<p>Patrouille canadienne de ski, Quebec Division (PCSQ) 1575 rue Duclos Baie-Comeau (Qu\u00e9bec) G5C3H 514-704-6064 Acc\u00e9der \u00e0 notre politique de confidentialit\u00e9<\/p>\n","protected":false},"author":3206,"featured_media":0,"parent":0,"menu_order":0,"comment_status":"closed","ping_status":"closed","template":"","meta":{"footnotes":""},"class_list":["post-1563","page","type-page","status-publish","hentry"],"_links":{"self":[{"href":"https:\/\/www.skipatrol.ca\/quebec\/wp-json\/wp\/v2\/pages\/1563","targetHints":{"allow":["GET"]}}],"collection":[{"href":"https:\/\/www.skipatrol.ca\/quebec\/wp-json\/wp\/v2\/pages"}],"about":[{"href":"https:\/\/www.skipatrol.ca\/quebec\/wp-json\/wp\/v2\/types\/page"}],"author":[{"embeddable":true,"href":"https:\/\/www.skipatrol.ca\/quebec\/wp-json\/wp\/v2\/users\/3206"}],"replies":[{"embeddable":true,"href":"https:\/\/www.skipatrol.ca\/quebec\/wp-json\/wp\/v2\/comments?post=1563"}],"version-history":[{"count":3,"href":"https:\/\/www.skipatrol.ca\/quebec\/wp-json\/wp\/v2\/pages\/1563\/revisions"}],"predecessor-version":[{"id":2070,"href":"https:\/\/www.skipatrol.ca\/quebec\/wp-json\/wp\/v2\/pages\/1563\/revisions\/2070"}],"wp:attachment":[{"href":"https:\/\/www.skipatrol.ca\/quebec\/wp-json\/wp\/v2\/media?parent=1563"}],"curies":[{"name":"wp","href":"https:\/\/api.w.org\/{rel}","templated":true}]}}