{"id":2076,"date":"2025-02-26T01:37:46","date_gmt":"2025-02-26T01:37:46","guid":{"rendered":"https:\/\/www.skipatrol.ca\/quebec\/?page_id=2076"},"modified":"2025-02-26T01:37:46","modified_gmt":"2025-02-26T01:37:46","slug":"vie-privee","status":"publish","type":"page","link":"https:\/\/www.skipatrol.ca\/quebec\/vie-privee\/","title":{"rendered":"Vie Priv\u00e9e"},"content":{"rendered":"\n<p>    <title>Informations de Contact et Politique de Confidentialit\u00e9<\/title><\/p>\n<section>\n<h3>Responsable de la protection des renseignements personnels<\/h3>\n<p>Nom de l&rsquo;entreprise : Patrouille canadienne de ski au Qu\u00e9bec<\/p>\n<p>Adresse : 1575 rue Duclos, Baie-Comeau (Qu\u00e9bec),G5C3H<\/p>\n<p>Email : <a href=\"mailto:vieprive.div-quebec@skipatrol.ca\">vieprive.div-quebec@skipatrol.ca<\/a><\/p>\n<\/section>\n<section>\n<h3>Politique de Confidentialit\u00e9<\/h3>\n<p>Pour consulter notre politique de confidentialit\u00e9, veuillez cliquer sur le lien suivant : <a href=\"https:\/\/cspnational.s3.ca-central-1.amazonaws.com\/wp-content\/uploads\/sites\/22\/2025\/02\/26011701\/Politiques-et-pratiques-pour-protection-rens-perso_PCS_20250127_VF-divison.pdf\" target=\"_blank\">Politique de Confidentialit\u00e9<\/a><\/p>\n<\/section>\n<footer>\n<p>\u00a9 2025 Division Qu\u00e9bec &#8211; Patrouille canadienne de ski. Tous droits r\u00e9serv\u00e9s.<\/p>\n<\/footer>\n","protected":false},"excerpt":{"rendered":"<p>Informations de Contact et Politique de Confidentialit\u00e9 Responsable de la protection des renseignements personnels Nom de l&rsquo;entreprise : Patrouille canadienne<\/p>\n","protected":false},"author":40,"featured_media":0,"parent":0,"menu_order":0,"comment_status":"closed","ping_status":"closed","template":"","meta":{"footnotes":""},"class_list":["post-2076","page","type-page","status-publish","hentry"],"_links":{"self":[{"href":"https:\/\/www.skipatrol.ca\/quebec\/wp-json\/wp\/v2\/pages\/2076","targetHints":{"allow":["GET"]}}],"collection":[{"href":"https:\/\/www.skipatrol.ca\/quebec\/wp-json\/wp\/v2\/pages"}],"about":[{"href":"https:\/\/www.skipatrol.ca\/quebec\/wp-json\/wp\/v2\/types\/page"}],"author":[{"embeddable":true,"href":"https:\/\/www.skipatrol.ca\/quebec\/wp-json\/wp\/v2\/users\/40"}],"replies":[{"embeddable":true,"href":"https:\/\/www.skipatrol.ca\/quebec\/wp-json\/wp\/v2\/comments?post=2076"}],"version-history":[{"count":3,"href":"https:\/\/www.skipatrol.ca\/quebec\/wp-json\/wp\/v2\/pages\/2076\/revisions"}],"predecessor-version":[{"id":2086,"href":"https:\/\/www.skipatrol.ca\/quebec\/wp-json\/wp\/v2\/pages\/2076\/revisions\/2086"}],"wp:attachment":[{"href":"https:\/\/www.skipatrol.ca\/quebec\/wp-json\/wp\/v2\/media?parent=2076"}],"curies":[{"name":"wp","href":"https:\/\/api.w.org\/{rel}","templated":true}]}}